{"id":68266607,"date":"2022-04-30T14:48:02","date_gmt":"2022-04-30T12:48:02","guid":{"rendered":"https:\/\/kraftwerk-shop.cc\/?post_type=product&#038;p=68266607"},"modified":"2026-02-15T00:00:43","modified_gmt":"2026-02-14T23:00:43","slug":"eje-de-transmision-bucle-de-seguridad-eje-de-transmision-hellcat","status":"publish","type":"product","link":"https:\/\/kraftwerk-shop.cc\/es\/produkt\/driveshaft-safety-loop-antriebswelle-hellcat\/","title":{"rendered":"BMR Driveshaft Safety Loop Dodge Hellcat &amp; Demon"},"content":{"rendered":"<h1>Lazo de seguridad del eje de transmisi\u00f3n BMR para Dodge Hellcat y Demon<\/h1>\n<p>&nbsp;<\/p>\n<p>Proteja su Dodge Charger \/ Challenger Hellcat o Demon con transmisi\u00f3n autom\u00e1tica y cumpla con las normas de seguridad de la NHRA al mismo tiempo - con un Lazo de Seguridad para el Eje de Transmisi\u00f3n de BMR Suspension.<\/p>\n<p>Si usted est\u00e1 arrastrando racing su Charger \/ Challenger, es probable que necesite un dispositivo de seguridad del eje de transmisi\u00f3n para cumplir con las regulaciones de la NHRA.<br \/>\nHecho de 1\/4-pulgada de corte por l\u00e1ser, chapa de acero CNC-formado, el bucle de seguridad del eje de transmisi\u00f3n DSL111 de BMR se conecta a trav\u00e9s de los agujeros de montaje del equipo original del travesa\u00f1o de transmisi\u00f3n de f\u00e1brica. Este dise\u00f1o le proporciona un bucle s\u00f3lido que se mantendr\u00e1 en su lugar en caso de da\u00f1os en el eje de transmisi\u00f3n o la transmisi\u00f3n.<\/p>\n<p>BMR Suspension ha dise\u00f1ado el bucle de seguridad del \u00e1rbol de transmisi\u00f3n para atrapar un \u00e1rbol de transmisi\u00f3n y evitar que penetre en el suelo o se clave en la calzada en caso de aver\u00eda.<br \/>\nSimplemente se fija al travesa\u00f1o de la caja de cambios de f\u00e1brica utilizando el material de fijaci\u00f3n de grado 8 suministrado.<br \/>\nLos bucles de eje de transmisi\u00f3n de otros fabricantes est\u00e1n fijados a la caja de cambios y no pueden sujetar el eje de transmisi\u00f3n en caso de da\u00f1os en la caja de cambios.<br \/>\nBMR ha desarrollado el DSL111 para aplicaciones de calle, drag race y alta velocidad.<br \/>\nUn lazo de seguridad del eje de transmisi\u00f3n es una p\u00f3liza de seguro barata que protege su inversi\u00f3n y le da tranquilidad, tanto si est\u00e1 en la pista como en la carretera. Cuando el rendimiento es una necesidad, \u00a1conf\u00ede en BMR Suspension!<\/p>\n<p>El bucle de seguridad DSL111 para el eje de transmisi\u00f3n del BMR Suspension est\u00e1 disponible en acabado martillo negro y tiene buen aspecto durante mucho tiempo.<br \/>\nLa instalaci\u00f3n dura aproximadamente 1 hora.<\/p>\n<p>&nbsp;<\/p>\n<p><strong>Propiedades:<\/strong><\/p>\n<ul>\n<li>Dise\u00f1o personalizado<\/li>\n<li>No requiere tratamiento<\/li>\n<li>Cumple las normas de la NHRA<\/li>\n<li>Obligatorio para veh\u00edculos que superen los 13,99 en el cuarto de milla con neum\u00e1ticos de tracci\u00f3n.<\/li>\n<li>Obligatorio para veh\u00edculos que superen los 11,49 en el cuarto de milla con neum\u00e1ticos est\u00e1ndar<\/li>\n<li>Chapa de acero de 1\/4 de pulgada cortada con l\u00e1ser<\/li>\n<li>Incluye todos los materiales de fijaci\u00f3n necesarios de grado 8<\/li>\n<li>Acabado martillo negro<\/li>\n<\/ul>\n<p>&nbsp;<\/p>\n<p><strong>Adecuado para:<\/strong><\/p>\n<table width=\"754\">\n<tbody>\n<tr>\n<td width=\"173\"><strong>A\u00f1o de construcci\u00f3n<\/strong><\/td>\n<td width=\"219\"><strong>Marca<\/strong><\/td>\n<td width=\"117\"><strong>Modelo<\/strong><\/td>\n<td width=\"167\"><strong>Variante<\/strong><\/td>\n<td width=\"78\"><strong>Transmisi\u00f3n<\/strong><\/td>\n<\/tr>\n<tr>\n<td width=\"173\">2015-2023<\/td>\n<td width=\"219\">Dodge<\/td>\n<td width=\"117\">Charger<\/td>\n<td width=\"167\">Hellcat<\/td>\n<td width=\"78\">Autom\u00e1tico<\/td>\n<\/tr>\n<tr>\n<td width=\"173\">2015-2023<\/td>\n<td width=\"219\">Dodge<\/td>\n<td width=\"117\">Challenger<\/td>\n<td width=\"167\">Hellcat<\/td>\n<td width=\"78\">Autom\u00e1tico<\/td>\n<\/tr>\n<tr>\n<td>2018<\/td>\n<td>Dodge<\/td>\n<td width=\"117\">Challenger<\/td>\n<td width=\"167\">Demonio<\/td>\n<td width=\"78\">Autom\u00e1tico<\/td>\n<\/tr>\n<\/tbody>\n<\/table>","protected":false},"excerpt":{"rendered":"<p>BMR Driveshaft Safety Loop f\u00fcr Dodge Hellcat und Demon &nbsp; Sch\u00fctzen Sie Ihren Dodge Charger \/ Challenger Hellcat oder Demon<\/p>","protected":false},"featured_media":68266611,"comment_status":"open","ping_status":"closed","template":"","meta":{"_acf_changed":false},"product_brand":[],"product_cat":[1694,1629],"product_tag":[3761,3756,3760,54,53,152,49,3853,3854,3759,3758,100,3757,3755,151,3754,3753],"class_list":{"0":"post-68266607","1":"product","2":"type-product","3":"status-publish","4":"has-post-thumbnail","6":"product_cat-challenger-hellcat-getriebe","7":"product_cat-charger-hellcat-getriebe","8":"product_tag-antriebswelle","9":"product_tag-auffangband","10":"product_tag-bmr","11":"product_tag-challenger","12":"product_tag-charger","13":"product_tag-demon","14":"product_tag-dodge","15":"product_tag-dodge-challenger","16":"product_tag-dodge-charger","17":"product_tag-dsl111","18":"product_tag-fangschlinge","19":"product_tag-hellcat","20":"product_tag-kardanwelle","21":"product_tag-loop","22":"product_tag-redeye","23":"product_tag-safety","24":"product_tag-safety-loop","26":"first","27":"instock","28":"taxable","29":"shipping-taxable","30":"purchasable","31":"product-type-simple"},"bundled_by":[],"bundle_stock_status":"instock","bundle_stock_quantity":1,"bundle_virtual":false,"bundle_layout":"","bundle_add_to_cart_form_location":"","bundle_editable_in_cart":false,"bundle_sold_individually_context":"","bundle_item_grouping":"","bundle_min_size":"","bundle_max_size":"","bundle_price":[],"bundled_items":[],"bundle_sell_ids":[],"exclude_global_add_ons":[],"addons":[],"acf":[],"_links":{"self":[{"href":"https:\/\/kraftwerk-shop.cc\/es\/wp-json\/wp\/v2\/product\/68266607","targetHints":{"allow":["GET"]}}],"collection":[{"href":"https:\/\/kraftwerk-shop.cc\/es\/wp-json\/wp\/v2\/product"}],"about":[{"href":"https:\/\/kraftwerk-shop.cc\/es\/wp-json\/wp\/v2\/types\/product"}],"replies":[{"embeddable":true,"href":"https:\/\/kraftwerk-shop.cc\/es\/wp-json\/wp\/v2\/comments?post=68266607"}],"version-history":[{"count":0,"href":"https:\/\/kraftwerk-shop.cc\/es\/wp-json\/wp\/v2\/product\/68266607\/revisions"}],"wp:featuredmedia":[{"embeddable":true,"href":"https:\/\/kraftwerk-shop.cc\/es\/wp-json\/wp\/v2\/media\/68266611"}],"wp:attachment":[{"href":"https:\/\/kraftwerk-shop.cc\/es\/wp-json\/wp\/v2\/media?parent=68266607"}],"wp:term":[{"taxonomy":"product_brand","embeddable":true,"href":"https:\/\/kraftwerk-shop.cc\/es\/wp-json\/wp\/v2\/product_brand?post=68266607"},{"taxonomy":"product_cat","embeddable":true,"href":"https:\/\/kraftwerk-shop.cc\/es\/wp-json\/wp\/v2\/product_cat?post=68266607"},{"taxonomy":"product_tag","embeddable":true,"href":"https:\/\/kraftwerk-shop.cc\/es\/wp-json\/wp\/v2\/product_tag?post=68266607"}],"curies":[{"name":"wp","href":"https:\/\/api.w.org\/{rel}","templated":true}]}}