{"id":68266759,"date":"2022-05-08T16:20:02","date_gmt":"2022-05-08T14:20:02","guid":{"rendered":"https:\/\/kraftwerk-shop.cc\/?post_type=product&#038;p=68266759"},"modified":"2026-02-15T00:49:28","modified_gmt":"2026-02-14T23:49:28","slug":"426-hemi-stroker-kit-64-srt-aumento-de-cilindrada-7-litros-alta-compresion","status":"publish","type":"product","link":"https:\/\/kraftwerk-shop.cc\/es\/produkt\/426-hemi-stroker-kit-64-srt-hubraumerweiterung-7-liter-hohe-verdichtung\/","title":{"rendered":"Kit 426 Hemi stroker para 6.4 SRT - aumento de cilindrada a 7 litros con alta relaci\u00f3n de compresi\u00f3n"},"content":{"rendered":"<h1>Kit 426 Hemi stroker para 6.4 SRT - aumento de cilindrada a 7 litros con alta relaci\u00f3n de compresi\u00f3n<\/h1>\n<p>&nbsp;<\/p>\n<p>Kit de conversi\u00f3n para aumentar la cilindrada del motor 6.4 SRT.<br \/>\nLa cilindrada aumenta a 7 litros (426 pulgadas c\u00fabicas), alta compresi\u00f3n para motores atmosf\u00e9ricos.<\/p>\n<p>&nbsp;<\/p>\n<ul>\n<li>Cig\u00fce\u00f1al forjado de Molnar, carrera 4.050<\/li>\n<li>Bielas forjadas 6.125 de Molnar Technologies<\/li>\n<li>Rodamientos premium recubiertos opcionales<\/li>\n<li>Pist\u00f3n forjado Mahle M142\n<ul>\n<li>Tama\u00f1o de cabina 4.090 (sobremedida opcional 4.095 o 4.100)<\/li>\n<li>Barras anulares recubiertas<\/li>\n<li>Camisas de pist\u00f3n recubiertas<\/li>\n<li>Pasador del pist\u00f3n de acero para herramientas H13<\/li>\n<li>Anillo superior desplazado hacia abajo para mayor resistencia<\/li>\n<li>Secci\u00f3n transversal adicional en el alma del anillo entre el primer y el segundo anillo de compresi\u00f3n para una mayor resistencia.<\/li>\n<li>Mayor volumen de la ranura de almacenamiento entre el primer y el segundo anillo para aumentar la resistencia (reduce los picos de presi\u00f3n que provocan fracturas en la banda).<\/li>\n<li>Huecos de v\u00e1lvula adicionales para la adaptaci\u00f3n a perfiles de leva m\u00e1s grandes<\/li>\n<li>Segmentos de pist\u00f3n premium (debe ajustarse la holgura de impacto)<\/li>\n<li>Compartimentos para hasta 2.200 v\u00e1lvulas de entrada y 1.650 v\u00e1lvulas de salida<\/li>\n<\/ul>\n<\/li>\n<\/ul>\n<p>Compactaci\u00f3n:<\/p>\n<p>11,3:1 con culatas y juntas de culata originales<br \/>\n11,0:1 con juntas de culata de 0,040 Cometic<br \/>\n10,8:1 con juntas de culata de 0,054 Cometic<\/p>\n<p>&nbsp;<\/p>\n<p><strong>Adecuado para:<\/strong><\/p>\n<table width=\"437\">\n<tbody>\n<tr>\n<td width=\"122\"><strong>Marca<\/strong><\/td>\n<td width=\"136\"><strong>Modelo<\/strong><\/td>\n<td width=\"96\"><strong>Motor<\/strong><\/td>\n<td width=\"83\"><strong>A\u00f1o de construcci\u00f3n<\/strong><\/td>\n<\/tr>\n<tr>\n<td width=\"122\">Chrysler<\/td>\n<td width=\"136\">300C<\/td>\n<td>6.4<\/td>\n<td width=\"83\">2012-2023<\/td>\n<\/tr>\n<tr>\n<td width=\"122\">Dodge<\/td>\n<td width=\"136\">Challenger<\/td>\n<td>6.4<\/td>\n<td width=\"83\">2011-2023<\/td>\n<\/tr>\n<tr>\n<td width=\"122\">Dodge<\/td>\n<td width=\"136\">Charger<\/td>\n<td>6.4<\/td>\n<td width=\"83\">2011-2023<\/td>\n<\/tr>\n<tr>\n<td>Dodge<\/td>\n<td>Durango<\/td>\n<td>6.4<\/td>\n<td>2018-2024<\/td>\n<\/tr>\n<tr>\n<td>Jeep<\/td>\n<td>Grand Cherokee<\/td>\n<td>6.4<\/td>\n<td>2011-2021<\/td>\n<\/tr>\n<tr>\n<td>Jeep<\/td>\n<td>Wrangler<\/td>\n<td>6.4<\/td>\n<td>2021-2025<\/td>\n<\/tr>\n<\/tbody>\n<\/table>","protected":false},"excerpt":{"rendered":"<p>Kit 426 Hemi stroker para 6.4 SRT - aumento de cilindrada a 7 litros con alta relaci\u00f3n de compresi\u00f3n Kit de conversi\u00f3n para aumentar la cilindrada para<\/p>","protected":false},"featured_media":68266752,"comment_status":"open","ping_status":"closed","template":"","meta":{"_acf_changed":false},"product_brand":[],"product_cat":[6490,6484,6495,6500,6505,6510,3024,17619],"product_tag":[52,217,322,93,285,54,53,48,536,49,3853,3854,95,3777,56,3782,3783,2380,321,50,4425,222,409,2476,323,3426,411,2455,412,410,3429,3778,3784,407,3780,3774,3775,180,818,3781,3773,3779],"class_list":{"0":"post-68266759","1":"product","2":"type-product","3":"status-publish","4":"has-post-thumbnail","6":"product_cat-300c-64-kurbelwelle-kolben","7":"product_cat-challenger-64-kurbelwelle-kolben","8":"product_cat-charger-64-kurbelwelle-kolben","9":"product_cat-durango-64-kurbelwelle-kolben","10":"product_cat-grand-cherokee-64-kurbelwelle-kolben","11":"product_cat-wrangler-64-kurbelwelle-kolben","12":"product_cat-nicht-nach-eu","13":"product_cat-stroker-kit","14":"product_tag-300c","15":"product_tag-217","16":"product_tag-322","17":"product_tag-6-4","18":"product_tag-7-0","19":"product_tag-challenger","20":"product_tag-charger","21":"product_tag-chrysler","22":"product_tag-chrysler-300c","23":"product_tag-dodge","24":"product_tag-dodge-challenger","25":"product_tag-dodge-charger","26":"product_tag-durango","27":"product_tag-geschmiedet","28":"product_tag-grand-cherokee","29":"product_tag-hoch","30":"product_tag-hohe","31":"product_tag-hubraum","32":"product_tag-hubraumerweiterung","33":"product_tag-jeep","34":"product_tag-jeep-grand-cherokee","35":"product_tag-kit","36":"product_tag-kolben","37":"product_tag-komplett","38":"product_tag-kurbelwelle","39":"product_tag-lager","40":"product_tag-mahle","41":"product_tag-mm5","42":"product_tag-molnar","43":"product_tag-pleuel","44":"product_tag-pleuellager","45":"product_tag-pleuelstangen","46":"product_tag-saugmotor","47":"product_tag-schmiedekolben","48":"product_tag-schwallblech","49":"product_tag-stroker","50":"product_tag-stroker-kit","51":"product_tag-umbau","52":"product_tag-umbausatz","53":"product_tag-verdichtung","54":"product_tag-vergroessern","55":"product_tag-windage-tray","56":"product_shipping_class-spedition-1","58":"first","59":"onbackorder","60":"taxable","61":"shipping-taxable","62":"purchasable","63":"product-type-simple"},"bundled_by":[],"bundle_stock_status":"onbackorder","bundle_stock_quantity":0,"bundle_virtual":false,"bundle_layout":"","bundle_add_to_cart_form_location":"","bundle_editable_in_cart":false,"bundle_sold_individually_context":"","bundle_item_grouping":"","bundle_min_size":"","bundle_max_size":"","bundle_price":[],"bundled_items":[],"bundle_sell_ids":[],"exclude_global_add_ons":false,"addons":[{"name":"Dimensi\u00f3n del pist\u00f3n","type":"multiple_choice","position":0,"required":true,"title_format":"heading","default":"","description_enable":false,"description":"","placeholder_enable":false,"placeholder":"","display":"select","restrictions_type":"any_text","adjust_price":false,"price":"","price_type":"flat_fee","restrictions":false,"min":"0","max":"0","options":[{"label":"Standard","price":"","price_type":"flat_fee","image":0,"visibility":true},{"label":"+ 0,005\" \u00dcberma\u00df","price":"99","price_type":"flat_fee","image":0,"visibility":true},{"label":"+ 0,010\" \u00dcberma\u00df","price":"99","price_type":"flat_fee","image":0,"visibility":true}],"id":1715359218},{"name":"Almac\u00e9n","type":"multiple_choice","position":1,"required":true,"title_format":"heading","default":"","description_enable":false,"description":"","placeholder_enable":false,"placeholder":"","display":"select","restrictions_type":"any_text","adjust_price":false,"price":"","price_type":"flat_fee","restrictions":false,"min":"0","max":"0","options":[{"label":"Standard Pleuellager","price":"149","price_type":"flat_fee","image":0,"visibility":true},{"label":"Beschichtete Pleuellager","price":"289","price_type":"flat_fee","image":0,"visibility":true},{"label":"Beschichtete Pleuellager + Premium Hauptlager","price":"399","price_type":"flat_fee","image":0,"visibility":true}],"id":1715359219},{"name":"Placa deflectora","type":"multiple_choice","position":2,"required":true,"title_format":"heading","default":"","description_enable":false,"description":"","placeholder_enable":false,"placeholder":"","display":"select","restrictions_type":"any_text","adjust_price":false,"price":"","price_type":"flat_fee","restrictions":false,"min":"0","max":"0","options":[{"label":"ohne Stroker Schwallblech","price":"","price_type":"flat_fee","image":0,"visibility":true},{"label":"mit Stroker Schwallblech","price":"159","price_type":"flat_fee","image":0,"visibility":true}],"id":1723842490}],"acf":[],"_links":{"self":[{"href":"https:\/\/kraftwerk-shop.cc\/es\/wp-json\/wp\/v2\/product\/68266759","targetHints":{"allow":["GET"]}}],"collection":[{"href":"https:\/\/kraftwerk-shop.cc\/es\/wp-json\/wp\/v2\/product"}],"about":[{"href":"https:\/\/kraftwerk-shop.cc\/es\/wp-json\/wp\/v2\/types\/product"}],"replies":[{"embeddable":true,"href":"https:\/\/kraftwerk-shop.cc\/es\/wp-json\/wp\/v2\/comments?post=68266759"}],"version-history":[{"count":0,"href":"https:\/\/kraftwerk-shop.cc\/es\/wp-json\/wp\/v2\/product\/68266759\/revisions"}],"wp:featuredmedia":[{"embeddable":true,"href":"https:\/\/kraftwerk-shop.cc\/es\/wp-json\/wp\/v2\/media\/68266752"}],"wp:attachment":[{"href":"https:\/\/kraftwerk-shop.cc\/es\/wp-json\/wp\/v2\/media?parent=68266759"}],"wp:term":[{"taxonomy":"product_brand","embeddable":true,"href":"https:\/\/kraftwerk-shop.cc\/es\/wp-json\/wp\/v2\/product_brand?post=68266759"},{"taxonomy":"product_cat","embeddable":true,"href":"https:\/\/kraftwerk-shop.cc\/es\/wp-json\/wp\/v2\/product_cat?post=68266759"},{"taxonomy":"product_tag","embeddable":true,"href":"https:\/\/kraftwerk-shop.cc\/es\/wp-json\/wp\/v2\/product_tag?post=68266759"}],"curies":[{"name":"wp","href":"https:\/\/api.w.org\/{rel}","templated":true}]}}