{"id":68266766,"date":"2022-05-08T18:52:39","date_gmt":"2022-05-08T16:52:39","guid":{"rendered":"https:\/\/kraftwerk-shop.cc\/?post_type=product&#038;p=68266766"},"modified":"2026-02-15T00:03:55","modified_gmt":"2026-02-14T23:03:55","slug":"411-hellcat-stroker-kit-aumento-cilindrada-6-5-litros-hellcat-trackhawk-trx","status":"publish","type":"product","link":"https:\/\/kraftwerk-shop.cc\/es\/produkt\/411-hellcat-stroker-kit-hubraumerweiterung-6-5-liter-hellcat-trackhawk-trx\/","title":{"rendered":"411 Hellcat Stroker Kit - Aumento de cilindrada a 6,5 litros"},"content":{"rendered":"<h1>411 Hellcat Stroker Kit - Aumento de cilindrada a 6,5 litros<\/h1>\n<p>&nbsp;<\/p>\n<p>Kit de conversi\u00f3n para aumentar la cilindrada del motor Hellcat de 6,2 litros en Dodge Challenger, Charger y Durago Hellcat as\u00ed como Jeep Trackhawk y RAM TRX.<br \/>\nLa cilindrada aumenta a 6,7 litros (411 pulgadas c\u00fabicas).<\/p>\n<p>&nbsp;<\/p>\n<ul>\n<li>Cig\u00fce\u00f1al forjado de Molnar Technologies, carrera 3.900<\/li>\n<li>Bielas forjadas 6.250 de Molnar Technologies<\/li>\n<li>Rodamientos premium recubiertos opcionales<\/li>\n<li>Pist\u00f3n forjado Mahle 2618\n<ul>\n<li>Tama\u00f1o de cabina 4.090 (sobremedida opcional 4.095 o 4.100)<\/li>\n<li>Barras anulares recubiertas<\/li>\n<li>Camisas de pist\u00f3n recubiertas<\/li>\n<li>Pasador del pist\u00f3n de acero para herramientas H13, con recubrimiento de diamante)<\/li>\n<li>Anillo superior desplazado hacia abajo para mayor resistencia<\/li>\n<li>Secci\u00f3n transversal adicional en el alma del anillo entre el primer y el segundo anillo de compresi\u00f3n para una mayor resistencia.<\/li>\n<li>Mayor volumen de la ranura de almacenamiento entre el primer y el segundo anillo para aumentar la resistencia (reduce los picos de presi\u00f3n que provocan fracturas en la banda).<\/li>\n<li>Huecos de v\u00e1lvula adicionales para la adaptaci\u00f3n a perfiles de leva m\u00e1s grandes<\/li>\n<li>Segmentos de pist\u00f3n premium (debe ajustarse la holgura de impacto)<\/li>\n<\/ul>\n<\/li>\n<\/ul>\n<p>&nbsp;<\/p>\n<p><strong>Adecuado para:<\/strong><\/p>\n<table width=\"449\">\n<tbody>\n<tr>\n<td width=\"115\"><strong>Marca<\/strong><\/td>\n<td width=\"145\"><strong>Modelo<\/strong><\/td>\n<td width=\"106\"><strong>Motor<\/strong><\/td>\n<td width=\"83\"><strong>A\u00f1o de construcci\u00f3n<\/strong><\/td>\n<\/tr>\n<tr>\n<td width=\"115\">Dodge<\/td>\n<td width=\"145\">Charger<\/td>\n<td width=\"106\">6.2 Hellcat<\/td>\n<td width=\"83\">2015-2023<\/td>\n<\/tr>\n<tr>\n<td width=\"115\">Dodge<\/td>\n<td width=\"145\">Challenger<\/td>\n<td width=\"106\">6.2 Hellcat<\/td>\n<td width=\"83\">2015-2023<\/td>\n<\/tr>\n<tr>\n<td width=\"115\">Dodge<\/td>\n<td width=\"145\">Durango<\/td>\n<td width=\"106\">6.2 Hellcat<\/td>\n<td width=\"83\">2021-2025<\/td>\n<\/tr>\n<tr>\n<td width=\"115\">Jeep<\/td>\n<td width=\"145\">Grand Cherokee<\/td>\n<td width=\"106\">6,2 Trackhawk<\/td>\n<td width=\"83\">2018-2021<\/td>\n<\/tr>\n<tr>\n<td width=\"115\">RAM<\/td>\n<td width=\"145\">1500<\/td>\n<td width=\"106\">TRX<\/td>\n<td width=\"83\">2021-2024<\/td>\n<\/tr>\n<\/tbody>\n<\/table>\n<p>&nbsp;<\/p>\n<p><strong>\u00a0<\/strong><\/p>","protected":false},"excerpt":{"rendered":"<p>411 Hellcat Stroker Kit &#8211; Hubraumerweiterung auf 6.5 Liter &nbsp; Umbaukit zur Hubraumerweiterung f\u00fcr den 6.2 Liter Hellcat Motor in<\/p>","protected":false},"featured_media":68266769,"comment_status":"open","ping_status":"closed","template":"","meta":{"_acf_changed":false},"product_brand":[],"product_cat":[6659,6664,6669,6674,3024,6679,17619],"product_tag":[3785,101,3786,54,53,49,3853,3854,95,3777,56,100,3782,3783,2380,321,50,4425,4427,4426,222,409,2476,323,3426,411,2455,412,410,3429,3778,3784,407,3780,3774,3775,102,2353,180,818,3781,3773,3779],"class_list":{"0":"post-68266766","1":"product","2":"type-product","3":"status-publish","4":"has-post-thumbnail","6":"product_cat-challenger-hellcat-kurbelwelle-kolben","7":"product_cat-charger-hellcat-kurbelwelle-kolben","8":"product_cat-durango-hellcat-kurbelwelle-kolben","9":"product_cat-trackhawk-kurbelwelle-kolben","10":"product_cat-nicht-nach-eu","11":"product_cat-trx-kurbelwelle-kolben","12":"product_cat-stroker-kit","13":"product_tag-3785","14":"product_tag-6-2","15":"product_tag-6-5","16":"product_tag-challenger","17":"product_tag-charger","18":"product_tag-dodge","19":"product_tag-dodge-challenger","20":"product_tag-dodge-charger","21":"product_tag-durango","22":"product_tag-geschmiedet","23":"product_tag-grand-cherokee","24":"product_tag-hellcat","25":"product_tag-hoch","26":"product_tag-hohe","27":"product_tag-hubraum","28":"product_tag-hubraumerweiterung","29":"product_tag-jeep","30":"product_tag-jeep-grand-cherokee","31":"product_tag-jeep-grand-cherokee-trackhawk","32":"product_tag-jeep-trackhawk","33":"product_tag-kit","34":"product_tag-kolben","35":"product_tag-komplett","36":"product_tag-kurbelwelle","37":"product_tag-lager","38":"product_tag-mahle","39":"product_tag-mm5","40":"product_tag-molnar","41":"product_tag-pleuel","42":"product_tag-pleuellager","43":"product_tag-pleuelstangen","44":"product_tag-saugmotor","45":"product_tag-schmiedekolben","46":"product_tag-schwallblech","47":"product_tag-stroker","48":"product_tag-stroker-kit","49":"product_tag-trackhawk","50":"product_tag-trx","51":"product_tag-umbau","52":"product_tag-umbausatz","53":"product_tag-verdichtung","54":"product_tag-vergroessern","55":"product_tag-windage-tray","56":"product_shipping_class-spedition-1","58":"first","59":"onbackorder","60":"taxable","61":"shipping-taxable","62":"purchasable","63":"product-type-simple"},"bundled_by":[],"bundle_stock_status":"onbackorder","bundle_stock_quantity":0,"bundle_virtual":false,"bundle_layout":"","bundle_add_to_cart_form_location":"","bundle_editable_in_cart":false,"bundle_sold_individually_context":"","bundle_item_grouping":"","bundle_min_size":"","bundle_max_size":"","bundle_price":[],"bundled_items":[],"bundle_sell_ids":[],"exclude_global_add_ons":false,"addons":[{"name":"Dimensi\u00f3n del pist\u00f3n","type":"multiple_choice","position":0,"required":true,"title_format":"heading","default":"","description_enable":false,"description":"","placeholder_enable":false,"placeholder":"","display":"select","restrictions_type":"any_text","adjust_price":false,"price":"","price_type":"flat_fee","restrictions":false,"min":"0","max":"0","options":[{"label":"Standard","price":"","price_type":"flat_fee","image":0,"visibility":true},{"label":"+ 0,005\" \u00dcberma\u00df","price":"99","price_type":"flat_fee","image":0,"visibility":true},{"label":"+ 0,010\" \u00dcberma\u00df","price":"99","price_type":"flat_fee","image":0,"visibility":true}],"id":1715359218},{"name":"Almac\u00e9n","type":"multiple_choice","position":1,"required":true,"title_format":"heading","default":"","description_enable":false,"description":"","placeholder_enable":false,"placeholder":"","display":"select","restrictions_type":"any_text","adjust_price":false,"price":"","price_type":"flat_fee","restrictions":false,"min":"0","max":"0","options":[{"label":"Standard Pleuellager","price":"149","price_type":"flat_fee","image":0,"visibility":true},{"label":"Beschichtete Pleuellager","price":"289","price_type":"flat_fee","image":0,"visibility":true},{"label":"Beschichtete Pleuellager + Premium Hauptlager","price":"399","price_type":"flat_fee","image":0,"visibility":true}],"id":1715359219},{"name":"Placa deflectora","type":"multiple_choice","position":2,"required":true,"title_format":"heading","default":"","description_enable":false,"description":"","placeholder_enable":false,"placeholder":"","display":"select","restrictions_type":"any_text","adjust_price":false,"price":"","price_type":"flat_fee","restrictions":false,"min":"0","max":"0","options":[{"label":"ohne Stroker Schwallblech","price":"","price_type":"flat_fee","image":0,"visibility":true},{"label":"mit Stroker Schwallblech","price":"159","price_type":"flat_fee","image":0,"visibility":true}],"id":1723842490}],"acf":[],"_links":{"self":[{"href":"https:\/\/kraftwerk-shop.cc\/es\/wp-json\/wp\/v2\/product\/68266766","targetHints":{"allow":["GET"]}}],"collection":[{"href":"https:\/\/kraftwerk-shop.cc\/es\/wp-json\/wp\/v2\/product"}],"about":[{"href":"https:\/\/kraftwerk-shop.cc\/es\/wp-json\/wp\/v2\/types\/product"}],"replies":[{"embeddable":true,"href":"https:\/\/kraftwerk-shop.cc\/es\/wp-json\/wp\/v2\/comments?post=68266766"}],"version-history":[{"count":0,"href":"https:\/\/kraftwerk-shop.cc\/es\/wp-json\/wp\/v2\/product\/68266766\/revisions"}],"wp:featuredmedia":[{"embeddable":true,"href":"https:\/\/kraftwerk-shop.cc\/es\/wp-json\/wp\/v2\/media\/68266769"}],"wp:attachment":[{"href":"https:\/\/kraftwerk-shop.cc\/es\/wp-json\/wp\/v2\/media?parent=68266766"}],"wp:term":[{"taxonomy":"product_brand","embeddable":true,"href":"https:\/\/kraftwerk-shop.cc\/es\/wp-json\/wp\/v2\/product_brand?post=68266766"},{"taxonomy":"product_cat","embeddable":true,"href":"https:\/\/kraftwerk-shop.cc\/es\/wp-json\/wp\/v2\/product_cat?post=68266766"},{"taxonomy":"product_tag","embeddable":true,"href":"https:\/\/kraftwerk-shop.cc\/es\/wp-json\/wp\/v2\/product_tag?post=68266766"}],"curies":[{"name":"wp","href":"https:\/\/api.w.org\/{rel}","templated":true}]}}