{"id":68267207,"date":"2022-05-21T19:24:52","date_gmt":"2022-05-21T17:24:52","guid":{"rendered":"https:\/\/kraftwerk-shop.cc\/?post_type=product&#038;p=68267207"},"modified":"2026-04-08T11:47:43","modified_gmt":"2026-04-08T09:47:43","slug":"dirs-r-300c-challenger-charger","status":"publish","type":"product","link":"https:\/\/kraftwerk-shop.cc\/es\/produkt\/dirs-r-300c-challenger-charger\/","title":{"rendered":"Amplificaci\u00f3n diferencial \u201cDIRS-R\u201d Chrysler 300C, Dodge Challenger y Charger 5,7, 6,4 y Hellcat"},"content":{"rendered":"<h1>Amplificaci\u00f3n diferencial \u201cDIRS-R\u201d para Chrysler 300C, Dodge Challenger y Charger 5,7, 6,4 y Hellcat<\/h1>\n<p>&nbsp;<\/p>\n<p>Desarrollo de Per4mance <strong>D<\/strong>ifferencial <strong>I<\/strong>ntegraci\u00f3n y <strong>R<\/strong>aplicaci\u00f3n <strong>S<\/strong>ystem (DIRS) - refuerce el alojamiento de su diferencial y mejore tanto el funcionamiento de la suspensi\u00f3n trasera independiente como la tracci\u00f3n de su Chrysler 300C, Dodge Challenger o Charger 5.7, 6.4 o Hellcat.<\/p>\n<p>Este sistema ofrece una mejora significativa de la estabilidad y durabilidad del diferencial, especialmente en veh\u00edculos de altas prestaciones.<\/p>\n<p>Al reforzar y optimizar el diferencial, DIRS ayuda a reducir el desgaste y la tensi\u00f3n en condiciones de conducci\u00f3n intensiva. Esto garantiza una mayor vida \u00fatil de los componentes y aumenta la fiabilidad de su veh\u00edculo, incluso en condiciones extremas.<\/p>\n<p>El sistema DIRS est\u00e1 fabricado con materiales duraderos de alta calidad y est\u00e1 personalizado para un ajuste preciso, lo que garantiza una instalaci\u00f3n sencilla y una integraci\u00f3n perfecta en su veh\u00edculo. Es la opci\u00f3n ideal para los entusiastas que buscan maximizar el rendimiento de su veh\u00edculo a la vez que mejoran la protecci\u00f3n de los componentes cr\u00edticos de la transmisi\u00f3n.<\/p>\n<p>La pieza 1 fija el diferencial con los dos tornillos inferiores de la carcasa principal y los tres tornillos inferiores de la carcasa para reforzar el diferencial.<br \/>\nLa parte 2 se fija al travesa\u00f1o trasero y lleva un casquillo de diferencial OEM (igual que los dos del travesa\u00f1o trasero) para a\u00f1adir un tercer punto de integraci\u00f3n para fijar al diferencial reforzado.<\/p>\n<p>&nbsp;<\/p>\n<p><strong>Propiedades:<\/strong><\/p>\n<ul>\n<li>Aluminio billet T-6061 mecanizado por CNC y fabricado en EE.UU.<\/li>\n<li>Casquillo diferencial OEM<\/li>\n<li>Material de fijaci\u00f3n ARP (o equivalente) de grado 10.9<\/li>\n<li>Insertos sin herramientas P4D para la fijaci\u00f3n de travesa\u00f1os<\/li>\n<li>Recubrimiento anodizado duro en negro<\/li>\n<li>Acceso a los tapones de llenado y vaciado<\/li>\n<li>Adecuado hasta 1000 CV de potencia de rueda<\/li>\n<li>Sin ruidos ni vibraciones adicionales<\/li>\n<li>Se adapta al sistema est\u00e1ndar y a la mayor\u00eda de los sistemas de accesorios, incluido Borla<\/li>\n<li>No se adapta a los sistemas de escape aFe<\/li>\n<\/ul>\n<p>&nbsp;<\/p>\n<p><strong>Adecuado para:<\/strong><\/p>\n<table width=\"529\">\n<tbody>\n<tr>\n<td width=\"115\"><strong>Marca<\/strong><\/td>\n<td width=\"145\"><strong>Modelo\u00a0<\/strong><\/td>\n<td width=\"106\"><strong>Motor<\/strong><\/td>\n<td width=\"163\"><strong>A\u00f1o de construcci\u00f3n<\/strong><\/td>\n<\/tr>\n<tr>\n<td>Chrysler<\/td>\n<td>300C<\/td>\n<td>5.7<\/td>\n<td>2015-2023<\/td>\n<\/tr>\n<tr>\n<td width=\"115\">Chrysler<\/td>\n<td width=\"145\">300C<\/td>\n<td>6.4<\/td>\n<td>2015-2023<\/td>\n<\/tr>\n<tr>\n<td>Dodge<\/td>\n<td>Challenger<\/td>\n<td>5.7<\/td>\n<td>2015-2023<\/td>\n<\/tr>\n<tr>\n<td width=\"115\">Dodge<\/td>\n<td width=\"145\">Challenger<\/td>\n<td>6.2 Hellcat<\/td>\n<td>2015-2023<\/td>\n<\/tr>\n<tr>\n<td>Dodge<\/td>\n<td>Challenger<\/td>\n<td>Demonio 170<\/td>\n<td>2023<\/td>\n<\/tr>\n<tr>\n<td width=\"115\">Dodge<\/td>\n<td width=\"145\">Challenger<\/td>\n<td>6.4<\/td>\n<td>2015-2023<\/td>\n<\/tr>\n<tr>\n<td>Dodge<\/td>\n<td>Charger<\/td>\n<td>5.7<\/td>\n<td>2015-2023<\/td>\n<\/tr>\n<tr>\n<td width=\"115\">Dodge<\/td>\n<td width=\"145\">Charger<\/td>\n<td>6.2 Hellcat<\/td>\n<td>2015-2023<\/td>\n<\/tr>\n<tr>\n<td width=\"115\">Dodge<\/td>\n<td width=\"145\">Charger<\/td>\n<td>6.4<\/td>\n<td>2015-2023<\/td>\n<\/tr>\n<\/tbody>\n<\/table>\n<p>&nbsp;<\/p>","protected":false},"excerpt":{"rendered":"<p>2015-2023<\/p>","protected":false},"featured_media":68306824,"comment_status":"open","ping_status":"closed","template":"","meta":{"_acf_changed":false},"product_brand":[21031],"product_cat":[4978,1589,1678,1694,1702,5157,1629,1637],"product_tag":[1132,52,217,91,101,93,668,54,53,48,536,152,665,3856,3843,667,3855,21034,49,3853,3854,3844,115,100,126,36,3846,21033,3847,3842,186,783,151,787,96,666,3848,3849,233,216,2334,236,3850],"class_list":{"0":"post-68267207","1":"product","2":"type-product","3":"status-publish","4":"has-post-thumbnail","6":"product_brand-per4mance-development","7":"product_cat-300c-57-2011-2023-getriebe","8":"product_cat-300c-64-getriebe","9":"product_cat-challenger-57-getriebe","10":"product_cat-challenger-hellcat-getriebe","11":"product_cat-challenger-64-getriebe","12":"product_cat-charger-57-2011-2023-getriebe","13":"product_cat-charger-hellcat-getriebe","14":"product_cat-charger-64-getriebe","15":"product_tag-1132","16":"product_tag-300c","17":"product_tag-217","18":"product_tag-5-7","19":"product_tag-6-2","20":"product_tag-6-4","21":"product_tag-antrieb","22":"product_tag-challenger","23":"product_tag-charger","24":"product_tag-chrysler","25":"product_tag-chrysler-300c","26":"product_tag-demon","27":"product_tag-differential","28":"product_tag-differential-integration-and-reinforcement-system","29":"product_tag-differentialkorb","30":"product_tag-differentialstrebe","31":"product_tag-dirs","32":"product_tag-dirs-r","33":"product_tag-dodge","34":"product_tag-dodge-challenger","35":"product_tag-dodge-charger","36":"product_tag-getper4mance","37":"product_tag-getriebe","38":"product_tag-hellcat","39":"product_tag-hemi","40":"product_tag-kraftwerk","41":"product_tag-optimierung","42":"product_tag-p4d-dirs-r","43":"product_tag-per4mance","44":"product_tag-per4mance-development","45":"product_tag-performance","46":"product_tag-r-t","47":"product_tag-redeye","48":"product_tag-rt","49":"product_tag-srt","50":"product_tag-strebe","51":"product_tag-torsion","52":"product_tag-traktion","53":"product_tag-tuning","54":"product_tag-upgrade","55":"product_tag-verbesserung","56":"product_tag-verstaerkung","57":"product_tag-versteifung","59":"first","60":"onbackorder","61":"taxable","62":"shipping-taxable","63":"purchasable","64":"product-type-simple"},"bundled_by":[],"bundle_stock_status":"onbackorder","bundle_stock_quantity":0,"bundle_virtual":false,"bundle_layout":"","bundle_add_to_cart_form_location":"","bundle_editable_in_cart":false,"bundle_sold_individually_context":"","bundle_item_grouping":"","bundle_min_size":"","bundle_max_size":"","bundle_price":[],"bundled_items":[],"bundle_sell_ids":[],"exclude_global_add_ons":[],"addons":[],"acf":[],"_links":{"self":[{"href":"https:\/\/kraftwerk-shop.cc\/es\/wp-json\/wp\/v2\/product\/68267207","targetHints":{"allow":["GET"]}}],"collection":[{"href":"https:\/\/kraftwerk-shop.cc\/es\/wp-json\/wp\/v2\/product"}],"about":[{"href":"https:\/\/kraftwerk-shop.cc\/es\/wp-json\/wp\/v2\/types\/product"}],"replies":[{"embeddable":true,"href":"https:\/\/kraftwerk-shop.cc\/es\/wp-json\/wp\/v2\/comments?post=68267207"}],"version-history":[{"count":0,"href":"https:\/\/kraftwerk-shop.cc\/es\/wp-json\/wp\/v2\/product\/68267207\/revisions"}],"wp:featuredmedia":[{"embeddable":true,"href":"https:\/\/kraftwerk-shop.cc\/es\/wp-json\/wp\/v2\/media\/68306824"}],"wp:attachment":[{"href":"https:\/\/kraftwerk-shop.cc\/es\/wp-json\/wp\/v2\/media?parent=68267207"}],"wp:term":[{"taxonomy":"product_brand","embeddable":true,"href":"https:\/\/kraftwerk-shop.cc\/es\/wp-json\/wp\/v2\/product_brand?post=68267207"},{"taxonomy":"product_cat","embeddable":true,"href":"https:\/\/kraftwerk-shop.cc\/es\/wp-json\/wp\/v2\/product_cat?post=68267207"},{"taxonomy":"product_tag","embeddable":true,"href":"https:\/\/kraftwerk-shop.cc\/es\/wp-json\/wp\/v2\/product_tag?post=68267207"}],"curies":[{"name":"wp","href":"https:\/\/api.w.org\/{rel}","templated":true}]}}