{"id":68268332,"date":"2022-07-02T22:30:35","date_gmt":"2022-07-02T20:30:35","guid":{"rendered":"https:\/\/kraftwerk-shop.cc\/?post_type=product&#038;p=68268332"},"modified":"2026-02-15T00:08:01","modified_gmt":"2026-02-14T23:08:01","slug":"cubiertas-del-radiador-corvette-c8","status":"publish","type":"product","link":"https:\/\/kraftwerk-shop.cc\/es\/produkt\/kuehlerabdeckungen-corvette-c8\/","title":{"rendered":"Tapas de radiador Corvette C8"},"content":{"rendered":"<h1>Tapas de radiador para Chevrolet Corvette C8<\/h1>\n<p>&nbsp;<\/p>\n<p>Las rejillas delanteras 2020-2023 Corvette C8 han sido desarrolladas para proteger tu radiador de las piedras y la suciedad mientras viajas por carretera o en circuito.<br \/>\nUtilizando un dise\u00f1o \u00fanico de nido de abeja, fabricado en acero inoxidable delgado, este producto no alterar\u00e1 el aspecto o la apariencia del veh\u00edculo. No hay pl\u00e1stico antiest\u00e9tico para afectar el flujo de aire y la refrigeraci\u00f3n general y sin montaje en la parrilla real.<br \/>\nEste producto se monta directamente delante del radiador que requiere protecci\u00f3n.<br \/>\nF\u00e1cil de instalar, pero hay que desmontar el fald\u00f3n delantero.<\/p>\n<p>&nbsp;<\/p>\n<p><strong>Adecuado para:<\/strong><\/p>\n<p>Corvette Modelos Stingray y Z51 de 2020 a 2023<\/p>\n<p>&nbsp;<\/p>\n<p><strong>Volumen de suministro:<\/strong><\/p>\n<ul>\n<li>2 rejillas de radiador premontadas de acero inoxidable con recubrimiento en polvo negro y marco de ABS negro<\/li>\n<li>Material de montaje<\/li>\n<\/ul>\n<p>&nbsp;<\/p>\n<p><iframe loading=\"lazy\" title=\"Cubre radiador \/ rejilla de protecci\u00f3n Corvette C8\" width=\"500\" height=\"281\" src=\"https:\/\/www.youtube.com\/embed\/T4xDTXSyhB8?feature=oembed\" frameborder=\"0\" allow=\"accelerometer; autoplay; clipboard-write; encrypted-media; gyroscope; picture-in-picture; web-share\" referrerpolicy=\"strict-origin-when-cross-origin\" allowfullscreen><\/iframe><\/p>","protected":false},"excerpt":{"rendered":"<p>K\u00fchlerabdeckungen f\u00fcr Chevrolet Corvette C8 &nbsp; Die 2020-2023 Corvette C8 Frontschutzgitter wurden entwickelt, um Ihren K\u00fchler vor Steinen und Schmutz<\/p>","protected":false},"featured_media":68268335,"comment_status":"open","ping_status":"closed","template":"","meta":{"_acf_changed":false},"product_brand":[],"product_cat":[4006],"product_tag":[864,3285,281,3999,4003,4001,405,4000,4004,3583,4002,4005],"class_list":{"0":"post-68268332","1":"product","2":"type-product","3":"status-publish","4":"has-post-thumbnail","6":"product_cat-corvette-c8-kuehlung","7":"product_tag-abdeckung","8":"product_tag-c8","9":"product_tag-corvette","10":"product_tag-corvette-c8","11":"product_tag-front","12":"product_tag-gitter","13":"product_tag-kuehler","14":"product_tag-kuehlergitterschutz","15":"product_tag-schutzgitter","16":"product_tag-stingray","17":"product_tag-waben","18":"product_tag-z51","20":"first","21":"outofstock","22":"taxable","23":"shipping-taxable","24":"purchasable","25":"product-type-simple"},"bundled_by":[],"bundle_stock_status":"outofstock","bundle_stock_quantity":0,"bundle_virtual":false,"bundle_layout":"","bundle_add_to_cart_form_location":"","bundle_editable_in_cart":false,"bundle_sold_individually_context":"","bundle_item_grouping":"","bundle_min_size":"","bundle_max_size":"","bundle_price":[],"bundled_items":[],"bundle_sell_ids":[],"exclude_global_add_ons":[],"addons":[],"acf":[],"_links":{"self":[{"href":"https:\/\/kraftwerk-shop.cc\/es\/wp-json\/wp\/v2\/product\/68268332","targetHints":{"allow":["GET"]}}],"collection":[{"href":"https:\/\/kraftwerk-shop.cc\/es\/wp-json\/wp\/v2\/product"}],"about":[{"href":"https:\/\/kraftwerk-shop.cc\/es\/wp-json\/wp\/v2\/types\/product"}],"replies":[{"embeddable":true,"href":"https:\/\/kraftwerk-shop.cc\/es\/wp-json\/wp\/v2\/comments?post=68268332"}],"version-history":[{"count":0,"href":"https:\/\/kraftwerk-shop.cc\/es\/wp-json\/wp\/v2\/product\/68268332\/revisions"}],"wp:featuredmedia":[{"embeddable":true,"href":"https:\/\/kraftwerk-shop.cc\/es\/wp-json\/wp\/v2\/media\/68268335"}],"wp:attachment":[{"href":"https:\/\/kraftwerk-shop.cc\/es\/wp-json\/wp\/v2\/media?parent=68268332"}],"wp:term":[{"taxonomy":"product_brand","embeddable":true,"href":"https:\/\/kraftwerk-shop.cc\/es\/wp-json\/wp\/v2\/product_brand?post=68268332"},{"taxonomy":"product_cat","embeddable":true,"href":"https:\/\/kraftwerk-shop.cc\/es\/wp-json\/wp\/v2\/product_cat?post=68268332"},{"taxonomy":"product_tag","embeddable":true,"href":"https:\/\/kraftwerk-shop.cc\/es\/wp-json\/wp\/v2\/product_tag?post=68268332"}],"curies":[{"name":"wp","href":"https:\/\/api.w.org\/{rel}","templated":true}]}}