{"id":68268355,"date":"2022-07-03T16:28:46","date_gmt":"2022-07-03T14:28:46","guid":{"rendered":"https:\/\/kraftwerk-shop.cc\/?post_type=product&#038;p=68268355"},"modified":"2026-02-15T00:53:37","modified_gmt":"2026-02-14T23:53:37","slug":"black-out-proteccion-termica-corvette-c8","status":"publish","type":"product","link":"https:\/\/kraftwerk-shop.cc\/es\/produkt\/black-out-schwarz-hitzeschutz-corvette-c8\/","title":{"rendered":"Protecci\u00f3n t\u00e9rmica Black Out Corvette C8"},"content":{"rendered":"<h1>Protecci\u00f3n t\u00e9rmica Black Out para Chevrolet Corvette C8<\/h1>\n<p>&nbsp;<\/p>\n<p>El dise\u00f1o del C8 es una obra de arte con impresionantes l\u00edneas de carrocer\u00eda y prestaciones de superdeportivo.<br \/>\nNo obstante, hay aspectos en los que la est\u00e9tica a\u00fan puede mejorar.<br \/>\nSe han instalado protectores t\u00e9rmicos en todo el vano motor y el sistema de escape del C8 para proteger el veh\u00edculo del excesivo calor generado por el motor V8. Detr\u00e1s de las ruedas traseras, GM ha utilizado material termorreflectante para reducir la acumulaci\u00f3n de calor, que contrasta con las bellas l\u00edneas del fald\u00f3n trasero del C8.<br \/>\nEl escudo t\u00e9rmico Black Out sustituye la pel\u00edcula reflectante del escudo t\u00e9rmico de GM por una capa adicional de escudo t\u00e9rmico negro que elimina el punto de atracci\u00f3n detr\u00e1s del recorte del escape del C8.<\/p>\n<ul>\n<li>Instalaci\u00f3n en 10 minutos mediante despegado y pegado.<\/li>\n<li>Especialmente desarrollado para el C8, soporta hasta 1750F (955 grados Celsius)<\/li>\n<\/ul>\n<p>&nbsp;<\/p>\n<p><strong>Adecuado para:<\/strong><\/p>\n<table width=\"696\">\n<tbody>\n<tr>\n<td width=\"178\">2020-2023<\/td>\n<td width=\"226\">Chevrolet<\/td>\n<td width=\"120\">Corvette<\/td>\n<td width=\"172\">C8<\/td>\n<\/tr>\n<\/tbody>\n<\/table>\n<p>&nbsp;<\/p>\n<p><strong>Volumen de suministro:<\/strong><\/p>\n<p>2 protectores t\u00e9rmicos Black Out (1 por lado)<\/p>","protected":false},"excerpt":{"rendered":"<p>Black Out Hitzeschutz f\u00fcr Chevrolet Corvette C8 &nbsp; Das Design der C8 ist ein Kunstwerk mit atemberaubenden Karosserielinien und einer<\/p>","protected":false},"featured_media":68268359,"comment_status":"open","ping_status":"closed","template":"","meta":{"_acf_changed":false},"product_brand":[],"product_cat":[3136],"product_tag":[1035,4018,546,2245,3285,189,3586,281,1039,4016,1318,4015,4017,4019,148,547],"class_list":{"0":"post-68268355","1":"product","2":"type-product","3":"status-publish","4":"has-post-thumbnail","6":"product_cat-corvette-c8-abgasanlage","7":"product_tag-abgasanlage","8":"product_tag-ac010","9":"product_tag-auspuff","10":"product_tag-auspuffanlage","11":"product_tag-c8","12":"product_tag-chevrolet","13":"product_tag-corsa","14":"product_tag-corvette","15":"product_tag-endschalldaempfer","16":"product_tag-geklebt","17":"product_tag-gm","18":"product_tag-hitzeschutz","19":"product_tag-kleben","20":"product_tag-optik","21":"product_tag-schwarz","22":"product_tag-sportauspuff","23":"product_shipping_class-deutschlandohne","25":"first","26":"onbackorder","27":"taxable","28":"shipping-taxable","29":"purchasable","30":"product-type-simple"},"bundled_by":[],"bundle_stock_status":"onbackorder","bundle_stock_quantity":0,"bundle_virtual":false,"bundle_layout":"","bundle_add_to_cart_form_location":"","bundle_editable_in_cart":false,"bundle_sold_individually_context":"","bundle_item_grouping":"","bundle_min_size":"","bundle_max_size":"","bundle_price":[],"bundled_items":[],"bundle_sell_ids":[],"exclude_global_add_ons":[],"addons":[],"acf":[],"_links":{"self":[{"href":"https:\/\/kraftwerk-shop.cc\/es\/wp-json\/wp\/v2\/product\/68268355","targetHints":{"allow":["GET"]}}],"collection":[{"href":"https:\/\/kraftwerk-shop.cc\/es\/wp-json\/wp\/v2\/product"}],"about":[{"href":"https:\/\/kraftwerk-shop.cc\/es\/wp-json\/wp\/v2\/types\/product"}],"replies":[{"embeddable":true,"href":"https:\/\/kraftwerk-shop.cc\/es\/wp-json\/wp\/v2\/comments?post=68268355"}],"version-history":[{"count":0,"href":"https:\/\/kraftwerk-shop.cc\/es\/wp-json\/wp\/v2\/product\/68268355\/revisions"}],"wp:featuredmedia":[{"embeddable":true,"href":"https:\/\/kraftwerk-shop.cc\/es\/wp-json\/wp\/v2\/media\/68268359"}],"wp:attachment":[{"href":"https:\/\/kraftwerk-shop.cc\/es\/wp-json\/wp\/v2\/media?parent=68268355"}],"wp:term":[{"taxonomy":"product_brand","embeddable":true,"href":"https:\/\/kraftwerk-shop.cc\/es\/wp-json\/wp\/v2\/product_brand?post=68268355"},{"taxonomy":"product_cat","embeddable":true,"href":"https:\/\/kraftwerk-shop.cc\/es\/wp-json\/wp\/v2\/product_cat?post=68268355"},{"taxonomy":"product_tag","embeddable":true,"href":"https:\/\/kraftwerk-shop.cc\/es\/wp-json\/wp\/v2\/product_tag?post=68268355"}],"curies":[{"name":"wp","href":"https:\/\/api.w.org\/{rel}","templated":true}]}}