{"id":68268389,"date":"2022-07-07T11:09:04","date_gmt":"2022-07-07T09:09:04","guid":{"rendered":"https:\/\/kraftwerk-shop.cc\/?post_type=product&#038;p=68268389"},"modified":"2026-02-15T00:47:54","modified_gmt":"2026-02-14T23:47:54","slug":"mbrp-race-s7275blk-ford-mustang_ecoboost","status":"publish","type":"product","link":"https:\/\/kraftwerk-shop.cc\/es\/produkt\/mbrp-race-s7275blk-ford-mustang_ecoboost\/","title":{"rendered":"MBRP Dual Cat-Back Race Profile Ford Mustang EcoBoost 2.3"},"content":{"rendered":"<h1><strong>MBRP Dual Cat-Back Race sistema de escape para Ford Mustang EcoBoost 2.3<\/strong><\/h1>\n<p>&nbsp;<\/p>\n<p>El sistema de escape cat-back MBRP S7275BLK ha sido especialmente desarrollado para el EcoBoost 2.3 Ford Mustang (2015-2024). Maximiza la potencia y el par motor y proporciona al veh\u00edculo un sonido potente y agresivo. Fabricado en acero aluminizado de alta resistencia, el sistema ofrece un caudal de gases de escape mejorado gracias a las secciones de tubo curvadas uniformemente y a una contrapresi\u00f3n minimizada. La instalaci\u00f3n es sencilla y no requiere soldadura, ya que utiliza los puntos de fijaci\u00f3n existentes.<\/p>\n<p>&nbsp;<\/p>\n<p>&nbsp;<\/p>\n<p>El sistema de escape MBRP S7275BLK Race Profile 3\u2033 Cat-Back se adapta a los siguientes modelos:<\/p>\n<table width=\"449\">\n<tbody>\n<tr>\n<td width=\"115\"><strong>Marca<\/strong><\/td>\n<td width=\"145\"><strong>Modelo<\/strong><\/td>\n<td width=\"106\"><strong>Motor<\/strong><\/td>\n<td width=\"83\"><strong>A\u00f1o de construcci\u00f3n<\/strong><\/td>\n<\/tr>\n<tr>\n<td>Ford<\/td>\n<td>Mustang<\/td>\n<td>2.3 EcoBoost Premium (no para descapotable, para veh\u00edculos sin sistema de escape activo)<\/td>\n<td>2015 - 2026<\/td>\n<\/tr>\n<tr>\n<td>Ford<\/td>\n<td>Mustang<\/td>\n<td>2.3 EcoBoost (no para descapotable, para veh\u00edculos sin sistema de escape activo)<\/td>\n<td>2015 - 2026<\/td>\n<\/tr>\n<\/tbody>\n<\/table>\n<p>&nbsp;<\/p>\n<p><iframe loading=\"lazy\" title=\"Ford Mustang Escape de alto rendimiento MBRP S7275 Ecoboost 2.3\" src=\"https:\/\/www.youtube.com\/embed\/jS5i3BkHFDQ\" width=\"882\" height=\"496\" frameborder=\"0\" allowfullscreen=\"allowfullscreen\"><\/iframe><\/p>\n<p>&nbsp;<\/p>\n<p>&nbsp;<\/p>","protected":false},"excerpt":{"rendered":"<p>2015 - 2026<\/p>","protected":false},"featured_media":68268392,"comment_status":"open","ping_status":"closed","template":"","meta":{"_acf_changed":false},"product_brand":[17169],"product_cat":[3024,4031],"product_tag":[4020,249,250,251,252,419,420,2066,2373,4024,4023,1046,1035,1036,546,1037,1047,2210,3873,662,1039,1042,2786,917,2934,532,529,20273,2211,2931,6924,1044,3872,1181,4021,4022,1045,1041,547,1034,1038,233,2137],"class_list":{"0":"post-68268389","1":"product","2":"type-product","3":"status-publish","4":"has-post-thumbnail","6":"product_brand-mbrp","7":"product_cat-nicht-nach-eu","8":"product_cat-mustang-23-ecoboost-abgasanlage","9":"product_tag-2-3","10":"product_tag-249","11":"product_tag-250","12":"product_tag-251","13":"product_tag-252","14":"product_tag-419","15":"product_tag-420","16":"product_tag-2066","17":"product_tag-2373","18":"product_tag-3zoll","19":"product_tag-4023","20":"product_tag-abe","21":"product_tag-abgasanlage","22":"product_tag-abgassystem","23":"product_tag-auspuff","24":"product_tag-auspuffsystem","25":"product_tag-cat-back","26":"product_tag-catback","27":"product_tag-ecoboost","28":"product_tag-edelstahl","29":"product_tag-endschalldaempfer","30":"product_tag-endtopf","31":"product_tag-exhaust","32":"product_tag-ford","33":"product_tag-harder","34":"product_tag-kat","35":"product_tag-katalysator","36":"product_tag-keintuev","37":"product_tag-klang","38":"product_tag-mbrp","39":"product_tag-mbrp10","40":"product_tag-mittelschalldaempfer","41":"product_tag-mustang","42":"product_tag-race","43":"product_tag-s7275","44":"product_tag-s7275blk","45":"product_tag-sound","46":"product_tag-sport","47":"product_tag-sportauspuff","48":"product_tag-sportauspuffanlage","49":"product_tag-sportendschalldaempfer","50":"product_tag-tuning","51":"product_tag-zulassung","52":"product_shipping_class-paket-xl","54":"first","55":"onbackorder","56":"taxable","57":"shipping-taxable","58":"purchasable","59":"product-type-simple"},"bundled_by":[],"bundle_stock_status":"onbackorder","bundle_stock_quantity":0,"bundle_virtual":false,"bundle_layout":"","bundle_add_to_cart_form_location":"","bundle_editable_in_cart":false,"bundle_sold_individually_context":"","bundle_item_grouping":"","bundle_min_size":"","bundle_max_size":"","bundle_price":[],"bundled_items":[],"bundle_sell_ids":[],"exclude_global_add_ons":[],"addons":[],"acf":[],"_links":{"self":[{"href":"https:\/\/kraftwerk-shop.cc\/es\/wp-json\/wp\/v2\/product\/68268389","targetHints":{"allow":["GET"]}}],"collection":[{"href":"https:\/\/kraftwerk-shop.cc\/es\/wp-json\/wp\/v2\/product"}],"about":[{"href":"https:\/\/kraftwerk-shop.cc\/es\/wp-json\/wp\/v2\/types\/product"}],"replies":[{"embeddable":true,"href":"https:\/\/kraftwerk-shop.cc\/es\/wp-json\/wp\/v2\/comments?post=68268389"}],"version-history":[{"count":0,"href":"https:\/\/kraftwerk-shop.cc\/es\/wp-json\/wp\/v2\/product\/68268389\/revisions"}],"wp:featuredmedia":[{"embeddable":true,"href":"https:\/\/kraftwerk-shop.cc\/es\/wp-json\/wp\/v2\/media\/68268392"}],"wp:attachment":[{"href":"https:\/\/kraftwerk-shop.cc\/es\/wp-json\/wp\/v2\/media?parent=68268389"}],"wp:term":[{"taxonomy":"product_brand","embeddable":true,"href":"https:\/\/kraftwerk-shop.cc\/es\/wp-json\/wp\/v2\/product_brand?post=68268389"},{"taxonomy":"product_cat","embeddable":true,"href":"https:\/\/kraftwerk-shop.cc\/es\/wp-json\/wp\/v2\/product_cat?post=68268389"},{"taxonomy":"product_tag","embeddable":true,"href":"https:\/\/kraftwerk-shop.cc\/es\/wp-json\/wp\/v2\/product_tag?post=68268389"}],"curies":[{"name":"wp","href":"https:\/\/api.w.org\/{rel}","templated":true}]}}