{"id":68268441,"date":"2022-07-08T11:31:52","date_gmt":"2022-07-08T09:31:52","guid":{"rendered":"https:\/\/kraftwerk-shop.cc\/?post_type=product&#038;p=68268441"},"modified":"2026-02-15T00:04:08","modified_gmt":"2026-02-14T23:04:08","slug":"mbrp-s7227al-ford-mustang-v6","status":"publish","type":"product","link":"https:\/\/kraftwerk-shop.cc\/es\/produkt\/mbrp-s7227al-ford-mustang-v6\/","title":{"rendered":"MBRP silenciador trasero para Ford Mustang V6 3.7"},"content":{"rendered":"<h1>MBRP silenciador trasero para Ford Mustang V6 3.7<\/h1>\n<p>&nbsp;<\/p>\n<p>El sistema de escape MBRP S7227AL Axle-Back de la serie Armor Lite proporciona a su Ford Mustang 3.7L V6 un sonido potente pero agradable. Con un di\u00e1metro de tubo de 3 pulgadas y dos tubos de escape de doble pared de 4 pulgadas hechos de acero inoxidable T304 altamente pulido, este sistema no s\u00f3lo ofrece un aspecto impresionante, sino tambi\u00e9n un notable aumento en el rendimiento.<\/p>\n<p>Fabricado en acero aluminizado resistente a la corrosi\u00f3n, este sistema de escape es especialmente duradero e ideal para climas templados. Los tubos curvados con mandril garantizan un flujo optimizado de los gases de escape, lo que mejora el rendimiento y la eficiencia del motor. El sistema est\u00e1 dise\u00f1ado para reemplazar la secci\u00f3n del eje trasero, creando una nota de escape profunda y rica que suena agresiva a altas revoluciones, pero no distrae en viajes largos.<\/p>\n<p>&nbsp;<\/p>\n<p><strong>Datos t\u00e9cnicos<\/strong><\/p>\n<ul>\n<li>Di\u00e1metro del tubo: 3 pulgadasTailpipes: 4 pulgadas de doble pared, biselados, muy pulidos<\/li>\n<li>Material: Acero aluminizado (tubos), acero inoxidable T304 (tubos de escape)<\/li>\n<li>Perfil de escape: Street Profile - deportivo, pero adecuado para largas distancias<\/li>\n<li>Montaje: Atornillado<\/li>\n<\/ul>\n<p>&nbsp;<\/p>\n<p>&nbsp;<\/p>\n<p>El silenciador trasero MBRP S7227AL es adecuado para los siguientes modelos:<\/p>\n<table width=\"449\">\n<tbody>\n<tr>\n<td width=\"115\"><strong>Marca<\/strong><\/td>\n<td width=\"145\"><strong>Modelo<\/strong><\/td>\n<td width=\"106\"><strong>Motor<\/strong><\/td>\n<td width=\"83\"><strong>A\u00f1o de construcci\u00f3n<\/strong><\/td>\n<\/tr>\n<tr>\n<td>Ford<\/td>\n<td>Mustang<\/td>\n<td>3.7 V6<\/td>\n<td>2011-2014<\/td>\n<\/tr>\n<\/tbody>\n<\/table>\n<p>&nbsp;<\/p>\n<p>&nbsp;<\/p>\n<h3>Acerca del fabricante MBRP<\/h3>\n<p>MBRP Inc. es un fabricante l\u00edder de sistemas de escape de alto rendimiento y accesorios para coches, camiones, veh\u00edculos todoterreno y motocicletas. Fundada hace m\u00e1s de 20 a\u00f1os, la compa\u00f1\u00eda se ha hecho un nombre por s\u00ed misma a trav\u00e9s de dise\u00f1os innovadores, materiales de calidad y excelente mano de obra. Los productos MBRP son conocidos por su facilidad de instalaci\u00f3n, durabilidad y la mejora del sonido y el rendimiento que aportan a los veh\u00edculos. La empresa ofrece una amplia gama de productos dise\u00f1ados espec\u00edficamente para satisfacer las necesidades de entusiastas y profesionales.<\/p>\n<p>&nbsp;<\/p>","protected":false},"excerpt":{"rendered":"<p>Acero aluminizado<\/p>\n<p>2011-2014<\/p>","protected":false},"featured_media":68268445,"comment_status":"open","ping_status":"closed","template":"","meta":{"_acf_changed":false},"product_brand":[17169],"product_cat":[3024,4032],"product_tag":[17282,176,177,165,248,7055,17293,17294,17295,17296,17284,17288,17325,17326,17327,17316,17318,17312,17314,17317,17315,17313,17286,17333,2934,20273,17338,17339,17340,17335,17336,17345,17344,17337,3872,17289,17290,17291,17292,17283,17322,17319,17321,17320,17287,17328,17323,17324,17301,17297,17302,17308,17299,17304,17305,17306,17300,4787,17303,17310,17307,17309,17298,17285,17329,17331,17334,17332,17330,17311,7196,17343,17342,17341],"class_list":{"0":"post-68268441","1":"product","2":"type-product","3":"status-publish","4":"has-post-thumbnail","6":"product_brand-mbrp","7":"product_cat-nicht-nach-eu","8":"product_cat-mustang-37-abgasanlage","9":"product_tag-0s7227al","10":"product_tag-176","11":"product_tag-177","12":"product_tag-165","13":"product_tag-248","14":"product_tag-ford-mustang","15":"product_tag-ford-mustang-2011","16":"product_tag-ford-mustang-2012","17":"product_tag-ford-mustang-2013","18":"product_tag-ford-mustang-2014","19":"product_tag-ford-mustang-3-7","20":"product_tag-ford-mustang-3-7-v6","21":"product_tag-ford-mustang-3-7-v6-auspuffanlage","22":"product_tag-ford-mustang-3-7-v6-endschalldaempfer","23":"product_tag-ford-mustang-3-7-v6-sportauspuff","24":"product_tag-ford-mustang-abgasanlage","25":"product_tag-ford-mustang-auspuff-tuning","26":"product_tag-ford-mustang-auspuffanlage","27":"product_tag-ford-mustang-axle-back","28":"product_tag-ford-mustang-endschalldaempfer","29":"product_tag-ford-mustang-exhaust-system","30":"product_tag-ford-mustang-sportauspuff","31":"product_tag-ford-mustang-v6","32":"product_tag-ford-mustang-v6-nachruest-abgasanlage","33":"product_tag-harder","34":"product_tag-keintuev","35":"product_tag-mbrp-axle-back-mustang","36":"product_tag-mbrp-axle-back-3-7-v6","37":"product_tag-mbrp-ford-mustang-3-7-v6","38":"product_tag-mbrp-mustang-auspuff","39":"product_tag-mbrp-mustang-exhaust","40":"product_tag-mbrp-s7227al-axle-back-kit","41":"product_tag-mbrp-s7227al-exhaust","42":"product_tag-mbrp-s7227al-mustang","43":"product_tag-mustang","44":"product_tag-mustang-2011","45":"product_tag-mustang-2012","46":"product_tag-mustang-2013","47":"product_tag-mustang-2014","48":"product_tag-mustang-3-7","49":"product_tag-mustang-3-7-abgasanlage","50":"product_tag-mustang-3-7-auspuff","51":"product_tag-mustang-3-7-axle-back","52":"product_tag-mustang-3-7-sportauspuff","53":"product_tag-mustang-3-7-v6","54":"product_tag-mustang-3-7-v6-abgasanlage","55":"product_tag-mustang-3-7-v6-auspuff","56":"product_tag-mustang-3-7-v6-exhaust","57":"product_tag-mustang-abgasanlage","58":"product_tag-mustang-auspuff","59":"product_tag-mustang-auspuff-tuning","60":"product_tag-mustang-auspuff-upgrade","61":"product_tag-mustang-auspuffanlage","62":"product_tag-mustang-axle-back","63":"product_tag-mustang-axle-back-exhaust","64":"product_tag-mustang-axle-back-auspuff","65":"product_tag-mustang-endschalldaempfer","66":"product_tag-mustang-exhaust","67":"product_tag-mustang-exhaust-system","68":"product_tag-mustang-nachruestauspuff","69":"product_tag-mustang-sound-upgrade","70":"product_tag-mustang-sportabgasanlage","71":"product_tag-mustang-sportauspuff","72":"product_tag-mustang-v6","73":"product_tag-mustang-v6-auspuffanlage","74":"product_tag-mustang-v6-axle-back","75":"product_tag-mustang-v6-doppelrohr-auspuff","76":"product_tag-mustang-v6-nachruestauspuff","77":"product_tag-mustang-v6-sportauspuff","78":"product_tag-mustang-zubehoer-auspuff","79":"product_tag-s7227al","80":"product_tag-s7227al-auspuffanlage","81":"product_tag-s7227al-exhaust-system","82":"product_tag-s7227al-mustang-3-7","83":"product_shipping_class-paket-xl","85":"first","86":"onbackorder","87":"taxable","88":"shipping-taxable","89":"purchasable","90":"product-type-simple"},"bundled_by":[],"bundle_stock_status":"onbackorder","bundle_stock_quantity":0,"bundle_virtual":false,"bundle_layout":"","bundle_add_to_cart_form_location":"","bundle_editable_in_cart":false,"bundle_sold_individually_context":"","bundle_item_grouping":"","bundle_min_size":"","bundle_max_size":"","bundle_price":[],"bundled_items":[],"bundle_sell_ids":[],"exclude_global_add_ons":[],"addons":[],"acf":[],"_links":{"self":[{"href":"https:\/\/kraftwerk-shop.cc\/es\/wp-json\/wp\/v2\/product\/68268441","targetHints":{"allow":["GET"]}}],"collection":[{"href":"https:\/\/kraftwerk-shop.cc\/es\/wp-json\/wp\/v2\/product"}],"about":[{"href":"https:\/\/kraftwerk-shop.cc\/es\/wp-json\/wp\/v2\/types\/product"}],"replies":[{"embeddable":true,"href":"https:\/\/kraftwerk-shop.cc\/es\/wp-json\/wp\/v2\/comments?post=68268441"}],"version-history":[{"count":0,"href":"https:\/\/kraftwerk-shop.cc\/es\/wp-json\/wp\/v2\/product\/68268441\/revisions"}],"wp:featuredmedia":[{"embeddable":true,"href":"https:\/\/kraftwerk-shop.cc\/es\/wp-json\/wp\/v2\/media\/68268445"}],"wp:attachment":[{"href":"https:\/\/kraftwerk-shop.cc\/es\/wp-json\/wp\/v2\/media?parent=68268441"}],"wp:term":[{"taxonomy":"product_brand","embeddable":true,"href":"https:\/\/kraftwerk-shop.cc\/es\/wp-json\/wp\/v2\/product_brand?post=68268441"},{"taxonomy":"product_cat","embeddable":true,"href":"https:\/\/kraftwerk-shop.cc\/es\/wp-json\/wp\/v2\/product_cat?post=68268441"},{"taxonomy":"product_tag","embeddable":true,"href":"https:\/\/kraftwerk-shop.cc\/es\/wp-json\/wp\/v2\/product_tag?post=68268441"}],"curies":[{"name":"wp","href":"https:\/\/api.w.org\/{rel}","templated":true}]}}