{"id":68268490,"date":"2022-07-12T14:20:26","date_gmt":"2022-07-12T12:20:26","guid":{"rendered":"https:\/\/kraftwerk-shop.cc\/?post_type=product&#038;p=68268490"},"modified":"2026-02-15T00:51:37","modified_gmt":"2026-02-14T23:51:37","slug":"jlt-cai-75-5143-ford-mustang-ecoboost","status":"publish","type":"product","link":"https:\/\/kraftwerk-shop.cc\/es\/produkt\/jlt-cai-75-5143-ford-mustang-ecoboost\/","title":{"rendered":"JLT Admisi\u00f3n de aire fr\u00edo Ford Mustang EcoBoost 2.3"},"content":{"rendered":"<h1>JLT CAI-75-5143 Admisi\u00f3n de aire fr\u00edo \/ filtro de aire deportivo para Ford Mustang EcoBoost 2.3<\/h1>\n<p>&nbsp;<\/p>\n<p><strong>Filtro de aire grande<\/strong><br \/>\nEl filtro de aire de generosas dimensiones permite un mayor flujo de aire que el filtro est\u00e1ndar.<br \/>\nEl elemento filtrante del aire est\u00e1 compuesto por material filtrante de algod\u00f3n, que se humedece con un aceite filtrante especial y puede lavarse. Esto maximiza la capacidad y el rendimiento del filtro.<\/p>\n<p><strong>Colector de admisi\u00f3n<\/strong><br \/>\nEl tubo de admisi\u00f3n est\u00e1 hecho de pl\u00e1stico rotomoldeado con una enorme abertura de filtro de 5\u2033 para un flujo de aire superior y SIN acumulaci\u00f3n de calor como con los tubos de metal.<\/p>\n<p><strong>Carcasa del filtro de aire<\/strong><br \/>\nIncluye nuestra gran carcasa de pl\u00e1stico ABS para aislar el aire de admisi\u00f3n del calor del motor al ralent\u00ed y a baja velocidad.<br \/>\nUtiliza una gran superficie para garantizar que el filtro reciba abundante aire fr\u00edo y aprovecha la entrada de aire fresco de f\u00e1brica del parachoques para mantener las temperaturas lo m\u00e1s bajas posible.<\/p>\n<p><strong>detalles<\/strong><\/p>\n<ul>\n<li>Aumento de potencia de hasta 15 CV (especificaci\u00f3n del fabricante)<\/li>\n<li>Carcasa del filtro de aire con soportes para montaje directo<\/li>\n<li>- Filtro de aire Pro 10R preengrasado, lavable y reutilizable para un rendimiento m\u00e1ximo<\/li>\n<\/ul>\n<p><strong>Nota:<\/strong> Este kit no requiere ning\u00fan ajuste espec\u00edfico.<\/p>\n<p>&nbsp;<\/p>\n<p><strong>Adecuado para:<br \/>\n<\/strong><\/p>\n<table width=\"498\">\n<tbody>\n<tr>\n<td width=\"94\">Ford<\/td>\n<td width=\"158\">Mustang<\/td>\n<td width=\"134\">EcoBoost 2.3<\/td>\n<td width=\"112\">2015 - 2022<\/td>\n<\/tr>\n<\/tbody>\n<\/table>\n<p>&nbsp;<\/p>","protected":false},"excerpt":{"rendered":"<p>2015 - 2022<\/p>","protected":false},"featured_media":68268493,"comment_status":"open","ping_status":"closed","template":"","meta":{"_acf_changed":false},"product_brand":[17168],"product_cat":[4041],"product_tag":[4020,4040,826,4039,3587,2739,825,3873,917,2934,903,1093,2444,20273,36,57,3872,186,1045,500],"class_list":{"0":"post-68268490","1":"product","2":"type-product","3":"status-publish","4":"has-post-thumbnail","6":"product_brand-jlt","7":"product_cat-mustang-23-ecoboost-ansaugung","8":"product_tag-2-3","9":"product_tag-75-5143","10":"product_tag-ansaugung","11":"product_tag-cai-75-5143","12":"product_tag-cold","13":"product_tag-cold-air","14":"product_tag-cold-air-intake","15":"product_tag-ecoboost","16":"product_tag-ford","17":"product_tag-harder","18":"product_tag-jl","19":"product_tag-jlt","20":"product_tag-jlt-performance","21":"product_tag-keintuev","22":"product_tag-kraftwerk","23":"product_tag-luftfilter","24":"product_tag-mustang","25":"product_tag-performance","26":"product_tag-sound","27":"product_tag-sportluftfilter","28":"product_shipping_class-deutschlandohne","30":"first","31":"onbackorder","32":"taxable","33":"shipping-taxable","34":"purchasable","35":"product-type-simple"},"bundled_by":[],"bundle_stock_status":"onbackorder","bundle_stock_quantity":0,"bundle_virtual":false,"bundle_layout":"","bundle_add_to_cart_form_location":"","bundle_editable_in_cart":false,"bundle_sold_individually_context":"","bundle_item_grouping":"","bundle_min_size":"","bundle_max_size":"","bundle_price":[],"bundled_items":[],"bundle_sell_ids":[],"exclude_global_add_ons":[],"addons":[],"acf":[],"_links":{"self":[{"href":"https:\/\/kraftwerk-shop.cc\/es\/wp-json\/wp\/v2\/product\/68268490","targetHints":{"allow":["GET"]}}],"collection":[{"href":"https:\/\/kraftwerk-shop.cc\/es\/wp-json\/wp\/v2\/product"}],"about":[{"href":"https:\/\/kraftwerk-shop.cc\/es\/wp-json\/wp\/v2\/types\/product"}],"replies":[{"embeddable":true,"href":"https:\/\/kraftwerk-shop.cc\/es\/wp-json\/wp\/v2\/comments?post=68268490"}],"version-history":[{"count":0,"href":"https:\/\/kraftwerk-shop.cc\/es\/wp-json\/wp\/v2\/product\/68268490\/revisions"}],"wp:featuredmedia":[{"embeddable":true,"href":"https:\/\/kraftwerk-shop.cc\/es\/wp-json\/wp\/v2\/media\/68268493"}],"wp:attachment":[{"href":"https:\/\/kraftwerk-shop.cc\/es\/wp-json\/wp\/v2\/media?parent=68268490"}],"wp:term":[{"taxonomy":"product_brand","embeddable":true,"href":"https:\/\/kraftwerk-shop.cc\/es\/wp-json\/wp\/v2\/product_brand?post=68268490"},{"taxonomy":"product_cat","embeddable":true,"href":"https:\/\/kraftwerk-shop.cc\/es\/wp-json\/wp\/v2\/product_cat?post=68268490"},{"taxonomy":"product_tag","embeddable":true,"href":"https:\/\/kraftwerk-shop.cc\/es\/wp-json\/wp\/v2\/product_tag?post=68268490"}],"curies":[{"name":"wp","href":"https:\/\/api.w.org\/{rel}","templated":true}]}}