{"id":68271038,"date":"2022-08-27T16:09:27","date_gmt":"2022-08-27T14:09:27","guid":{"rendered":"https:\/\/kraftwerk-shop.cc\/?post_type=product&#038;p=68271038"},"modified":"2026-02-15T00:46:31","modified_gmt":"2026-02-14T23:46:31","slug":"stainless-works-178-colectores-ram-57","status":"publish","type":"product","link":"https:\/\/kraftwerk-shop.cc\/es\/produkt\/stainless-works-1-7-8-faecherkruemmer-high-flow-katalysatoren-ram-5-7\/","title":{"rendered":"Stainless Works 1 7\/8\u2033 Colector + catalizadores de alto caudal RAM 5.7"},"content":{"rendered":"<h1>Stainless Works Colector de 1 7\/8\u2033 y catalizadores de alto flujo para RAM TRX<\/h1>\n<p>&nbsp;<\/p>\n<p>Mejora el sonido y el rendimiento de tu RAM 5.7 2019+ con los colectores de ventilador premium de Stainless Works.<br \/>\nLos tubos primarios de 1-7\/8\" optimizan el flujo de gases de escape y consiguen un mayor rendimiento.<br \/>\nEstos colectores vienen con colectores de 3 \"slip-fit, as\u00ed como convertidores catal\u00edticos de alto flujo que se enrutan en tubos de 3 \"que la transici\u00f3n en una Y-tubo o X-tubo para permitir una f\u00e1cil conexi\u00f3n a su sistema de escape de valores o un escape Stainless Works.<br \/>\nIncluye catalizadores de alto caudal para la conexi\u00f3n al sistema de escape de serie o a los sistemas de escape a partir de Stainless Works.<br \/>\nEl sistema de colectores se suministra listo para su instalaci\u00f3n con todas las abrazaderas necesarias, extensiones para las sondas Lambda, tornillos, etc.<\/p>\n<p>Los kits de colectores Stainless Works est\u00e1n fabricados en acero inoxidable 304 resistente a la corrosi\u00f3n.<br \/>\nLos colectores se sueldan con TIG en la moderna planta de Streetsboro, Ohio, para garantizar su calidad y durabilidad.<\/p>\n<p>&nbsp;<\/p>\n<p>&nbsp;<\/p>\n<p><strong>Adecuado para:<\/strong><\/p>\n<table width=\"437\">\n<tbody>\n<tr>\n<td width=\"83\"><strong>Marca<\/strong><\/td>\n<td width=\"122\"><strong>Modelo<\/strong><\/td>\n<td width=\"136\"><strong>Motor<\/strong><\/td>\n<td width=\"96\"><strong>A\u00f1o de construcci\u00f3n<\/strong><\/td>\n<\/tr>\n<tr>\n<td>RAM<\/td>\n<td>1500<\/td>\n<td>5.7<\/td>\n<td>2019-2024<\/td>\n<\/tr>\n<\/tbody>\n<\/table>\n<p><strong><br \/>\nNota:<\/strong> No se ajusta a RAM Classic<\/p>\n<p>&nbsp;<\/p>\n<p><strong>Volumen de suministro:<\/strong><\/p>\n<ul>\n<li>Colector Longtube de 1 7\/8<\/li>\n<li>Catalizadores de alto caudal (s\u00f3lo para uso en carretera, no para deportes de motor)<\/li>\n<li>Material de instalaci\u00f3n<\/li>\n<\/ul>\n<p>&nbsp;<\/p>","protected":false},"excerpt":{"rendered":"<p>2019-2024<\/p>","protected":false},"featured_media":68277380,"comment_status":"open","ping_status":"closed","template":"","meta":{"_acf_changed":false},"product_brand":[17173],"product_cat":[3024,6624],"product_tag":[419,420,2066,2373,91,1035,546,49,476,662,543,126,586,532,529,20273,550,545,55,583,86,4081,3055,547,553,96,1056,4079,3026,1303],"class_list":{"0":"post-68271038","1":"product","2":"type-product","3":"status-publish","4":"has-post-thumbnail","6":"product_brand-stainless-works","7":"product_cat-nicht-nach-eu","8":"product_cat-1500-57-dt-abgaskruemmer-katalysatoren","9":"product_tag-419","10":"product_tag-420","11":"product_tag-2066","12":"product_tag-2373","13":"product_tag-5-7","14":"product_tag-abgasanlage","15":"product_tag-auspuff","16":"product_tag-dodge","17":"product_tag-dt","18":"product_tag-edelstahl","19":"product_tag-faecherkruemmer","20":"product_tag-hemi","21":"product_tag-high-flow","22":"product_tag-kat","23":"product_tag-katalysator","24":"product_tag-keintuev","25":"product_tag-kruemmer","26":"product_tag-longtube","27":"product_tag-magnum","28":"product_tag-metallkat","29":"product_tag-ram","30":"product_tag-ram19hcat","31":"product_tag-sportabgasanlage","32":"product_tag-sportauspuff","33":"product_tag-sportkatalysator","34":"product_tag-srt","35":"product_tag-srt-8","36":"product_tag-stainless","37":"product_tag-stainlessworks","38":"product_tag-works","39":"product_shipping_class-speditionsversand-1","41":"first","42":"onbackorder","43":"taxable","44":"shipping-taxable","45":"purchasable","46":"product-type-simple"},"bundled_by":[],"bundle_stock_status":"onbackorder","bundle_stock_quantity":0,"bundle_virtual":false,"bundle_layout":"","bundle_add_to_cart_form_location":"","bundle_editable_in_cart":false,"bundle_sold_individually_context":"","bundle_item_grouping":"","bundle_min_size":"","bundle_max_size":"","bundle_price":[],"bundled_items":[],"bundle_sell_ids":[],"exclude_global_add_ons":[],"addons":[],"acf":[],"_links":{"self":[{"href":"https:\/\/kraftwerk-shop.cc\/es\/wp-json\/wp\/v2\/product\/68271038","targetHints":{"allow":["GET"]}}],"collection":[{"href":"https:\/\/kraftwerk-shop.cc\/es\/wp-json\/wp\/v2\/product"}],"about":[{"href":"https:\/\/kraftwerk-shop.cc\/es\/wp-json\/wp\/v2\/types\/product"}],"replies":[{"embeddable":true,"href":"https:\/\/kraftwerk-shop.cc\/es\/wp-json\/wp\/v2\/comments?post=68271038"}],"version-history":[{"count":0,"href":"https:\/\/kraftwerk-shop.cc\/es\/wp-json\/wp\/v2\/product\/68271038\/revisions"}],"wp:featuredmedia":[{"embeddable":true,"href":"https:\/\/kraftwerk-shop.cc\/es\/wp-json\/wp\/v2\/media\/68277380"}],"wp:attachment":[{"href":"https:\/\/kraftwerk-shop.cc\/es\/wp-json\/wp\/v2\/media?parent=68271038"}],"wp:term":[{"taxonomy":"product_brand","embeddable":true,"href":"https:\/\/kraftwerk-shop.cc\/es\/wp-json\/wp\/v2\/product_brand?post=68271038"},{"taxonomy":"product_cat","embeddable":true,"href":"https:\/\/kraftwerk-shop.cc\/es\/wp-json\/wp\/v2\/product_cat?post=68271038"},{"taxonomy":"product_tag","embeddable":true,"href":"https:\/\/kraftwerk-shop.cc\/es\/wp-json\/wp\/v2\/product_tag?post=68271038"}],"curies":[{"name":"wp","href":"https:\/\/api.w.org\/{rel}","templated":true}]}}