{"id":68271082,"date":"2022-08-28T02:02:18","date_gmt":"2022-08-28T00:02:18","guid":{"rendered":"https:\/\/kraftwerk-shop.cc\/?post_type=product&#038;p=68271082"},"modified":"2026-03-30T02:24:25","modified_gmt":"2026-03-30T00:24:25","slug":"stainless-works-sistema-de-escape-ram-57-ds","status":"publish","type":"product","link":"https:\/\/kraftwerk-shop.cc\/es\/produkt\/stainless-works-abgasanlage-ram-57-ds\/","title":{"rendered":"Stainless Works Sistema de escape RAM 5.7"},"content":{"rendered":"<h1>Stainless Works Sistema de escape para RAM 5.7<\/h1>\n<p>&nbsp;<\/p>\n<p>Mejora el sonido y el rendimiento de tu RAM 1500 5.7 Hemi de 2009 a 2018 y RAM Classic 2019 - 2024 con este sistema de escape catback de Stainless Works.<br \/>\nStainless Works ha desarrollado un silenciador agresivo y sin rebufos especialmente dise\u00f1ado para el motor de 5,7 litros.<br \/>\nEl sistema est\u00e1 dise\u00f1ado para adaptarse a los puntos de conexi\u00f3n de f\u00e1brica. Los tubos de escape de 3\u2033 terminan por debajo del parachoques.<\/p>\n<p>&nbsp;<\/p>\n<h3 style=\"text-align: center;\"><strong>El inconfundible sonido del Stainless Works<\/strong><\/h3>\n<p>Stainless Works es el \u00fanico fabricante que fabrica sus silenciadores \u00edntegramente en acero inoxidable. Los silenciadores nunca se \"quemar\u00e1n\", \"reventar\u00e1n\" o cambiar\u00e1n su sonido. Los silenciadores est\u00e1n hechos de alta calidad TIG soldada de acero inoxidable 304 con relleno de lana de acero inoxidable.<\/p>\n<p>&nbsp;<\/p>\n<p><img decoding=\"async\" class=\"aligncenter wp-image-68271102 size-full\" src=\"https:\/\/kraftwerk-shop.cc\/wp-content\/uploads\/2022\/08\/mufflers-types.png\" alt=\"\" width=\"700\" height=\"469\" srcset=\"https:\/\/kraftwerk-shop.cc\/wp-content\/uploads\/2022\/08\/mufflers-types.png 700w, https:\/\/kraftwerk-shop.cc\/wp-content\/uploads\/2022\/08\/mufflers-types-500x335.png 500w, https:\/\/kraftwerk-shop.cc\/wp-content\/uploads\/2022\/08\/mufflers-types-150x101.png 150w, https:\/\/kraftwerk-shop.cc\/wp-content\/uploads\/2022\/08\/mufflers-types-600x402.png 600w\" sizes=\"(max-width: 700px) 100vw, 700px\" \/><\/p>\n<h3 style=\"text-align: center;\"><strong>Turbo Chambered (ruidoso)<\/strong><\/h3>\n<p>El dise\u00f1o de c\u00e1mara de este silenciador proporciona un profundo y civilizado estruendo de muscle car al ralent\u00ed y a velocidades de crucero, pero realmente cobran vida cuando se pisa el acelerador. Estos silenciadores son ideales para un conductor diario, pero son lo suficientemente agresivos para su corredor de fin de semana para el flujo m\u00e1ximo y un sonido muy agresivo.<\/p>\n<h3 style=\"text-align: center;\"><strong>Ronda con c\u00e1mara (m\u00e1s fuerte)<\/strong><\/h3>\n<p>Tambi\u00e9n conocido como \"Retro Chambered\", el exclusivo n\u00facleo aleteado de este silenciador consigue un dulce y profundo tono \"street rod\" que no es excesivamente agresivo. Los silenciadores tienen un tama\u00f1o que permite invertirlos para conseguir un sonido a\u00fan m\u00e1s agresivo. Se pueden soldar o sujetar. \u00a1Los mejores silenciadores tubulares del mercado!<\/p>\n<h3 style=\"text-align: center;\"><strong>Turbo S-Tube (el m\u00e1s ruidoso)<\/strong><\/h3>\n<p>El dise\u00f1o turbo recto de este silenciador proporciona el m\u00e1ximo flujo con un sonido profundo de muscle car al ralent\u00ed y a velocidades de crucero y un sonido muy agresivo cuando se pisa el acelerador. Estos silenciadores se pueden utilizar para el uso diario, pero algunos los consideran demasiado agresivos. Para un silenciador m\u00e1s civilizado para el uso diario, es mejor seguir con el Chambered Turbo descrito anteriormente.<\/p>\n<p><center><\/center>&nbsp;<\/p>\n<p><strong>Caracter\u00edsticas:<\/strong><\/p>\n<ul>\n<li>Silenciador con Chambered o S-Tube<\/li>\n<li>Conexiones Factroy Connect o Performance Connect<\/li>\n<li>Las curvas suaves del tubo optimizan el flujo de gases de escape<\/li>\n<li>Totalmente soldado con TIG para mayor estabilidad y apariencia.<\/li>\n<\/ul>\n<p>&nbsp;<\/p>\n<p><strong>Adecuado para:<\/strong><\/p>\n<table width=\"437\">\n<tbody>\n<tr>\n<td width=\"122\"><strong>Marca<\/strong><\/td>\n<td width=\"136\"><strong>Modelo<\/strong><\/td>\n<td width=\"96\"><strong>Motor<\/strong><\/td>\n<td width=\"83\"><strong>A\u00f1o de construcci\u00f3n<\/strong><\/td>\n<\/tr>\n<tr>\n<td>RAM<\/td>\n<td>1500<\/td>\n<td>5.7<\/td>\n<td>2009-2018<\/td>\n<\/tr>\n<tr>\n<td>RAM<\/td>\n<td>1500 Classic<\/td>\n<td>5.7<\/td>\n<td>2019-2024<\/td>\n<\/tr>\n<\/tbody>\n<\/table>\n<p>&nbsp;<\/p>","protected":false},"excerpt":{"rendered":"<p>2009 - 2018 &amp; Cl\u00e1sico 2019 - 2024<\/p>","protected":false},"featured_media":68271108,"comment_status":"open","ping_status":"closed","template":"","meta":{"_acf_changed":false},"product_brand":[17173],"product_cat":[3024,6620],"product_tag":[475,91,1035,546,1047,2210,476,662,126,586,50,20273,36,1040,86,4083,3055,547,3025,3026],"class_list":{"0":"post-68271082","1":"product","2":"type-product","3":"status-publish","4":"has-post-thumbnail","6":"product_brand-stainless-works","7":"product_cat-nicht-nach-eu","8":"product_cat-1500-57-2009-2018-classic-abgasanlage-catback","9":"product_tag-475","10":"product_tag-5-7","11":"product_tag-abgasanlage","12":"product_tag-auspuff","13":"product_tag-cat-back","14":"product_tag-catback","15":"product_tag-dt","16":"product_tag-edelstahl","17":"product_tag-hemi","18":"product_tag-high-flow","19":"product_tag-jeep","20":"product_tag-keintuev","21":"product_tag-kraftwerk","22":"product_tag-laut","23":"product_tag-ram","24":"product_tag-ram09cb","25":"product_tag-sportabgasanlage","26":"product_tag-sportauspuff","27":"product_tag-stainless-works","28":"product_tag-stainlessworks","29":"product_shipping_class-spedition-1","31":"first","32":"onbackorder","33":"taxable","34":"shipping-taxable","35":"purchasable","36":"product-type-variable"},"bundled_by":[],"bundle_stock_status":"onbackorder","bundle_stock_quantity":0,"bundle_virtual":false,"bundle_layout":"","bundle_add_to_cart_form_location":"","bundle_editable_in_cart":false,"bundle_sold_individually_context":"","bundle_item_grouping":"","bundle_min_size":"","bundle_max_size":"","bundle_price":[],"bundled_items":[],"bundle_sell_ids":[],"exclude_global_add_ons":[],"addons":[],"acf":[],"_links":{"self":[{"href":"https:\/\/kraftwerk-shop.cc\/es\/wp-json\/wp\/v2\/product\/68271082","targetHints":{"allow":["GET"]}}],"collection":[{"href":"https:\/\/kraftwerk-shop.cc\/es\/wp-json\/wp\/v2\/product"}],"about":[{"href":"https:\/\/kraftwerk-shop.cc\/es\/wp-json\/wp\/v2\/types\/product"}],"replies":[{"embeddable":true,"href":"https:\/\/kraftwerk-shop.cc\/es\/wp-json\/wp\/v2\/comments?post=68271082"}],"version-history":[{"count":0,"href":"https:\/\/kraftwerk-shop.cc\/es\/wp-json\/wp\/v2\/product\/68271082\/revisions"}],"wp:featuredmedia":[{"embeddable":true,"href":"https:\/\/kraftwerk-shop.cc\/es\/wp-json\/wp\/v2\/media\/68271108"}],"wp:attachment":[{"href":"https:\/\/kraftwerk-shop.cc\/es\/wp-json\/wp\/v2\/media?parent=68271082"}],"wp:term":[{"taxonomy":"product_brand","embeddable":true,"href":"https:\/\/kraftwerk-shop.cc\/es\/wp-json\/wp\/v2\/product_brand?post=68271082"},{"taxonomy":"product_cat","embeddable":true,"href":"https:\/\/kraftwerk-shop.cc\/es\/wp-json\/wp\/v2\/product_cat?post=68271082"},{"taxonomy":"product_tag","embeddable":true,"href":"https:\/\/kraftwerk-shop.cc\/es\/wp-json\/wp\/v2\/product_tag?post=68271082"}],"curies":[{"name":"wp","href":"https:\/\/api.w.org\/{rel}","templated":true}]}}