{"id":68271726,"date":"2022-09-17T15:31:32","date_gmt":"2022-09-17T13:31:32","guid":{"rendered":"https:\/\/kraftwerk-shop.cc\/?post_type=product&#038;p=68271726"},"modified":"2026-04-16T11:28:06","modified_gmt":"2026-04-16T09:28:06","slug":"mopar-aceite-motor-maxpro-5w-20","status":"publish","type":"product","link":"https:\/\/kraftwerk-shop.cc\/es\/produkt\/mopar-motoroel-maxpro-5w-20\/","title":{"rendered":"Aceite de motor Mopar MaxPro 5W-20"},"content":{"rendered":"<h1>Aceite de motor original Mopar MaxPro 5W-20<\/h1>\n<p>&nbsp;<\/p>\n<p>El aceite de motor Mopar MaxPro 5W-20 est\u00e1 dise\u00f1ado para proporcionar una mayor eficiencia de combustible, limpieza del motor y compatibilidad con etanol para su Chrysler, Dodge, Jeep o RAM.<\/p>\n<p>El aceite de motor cumple la norma de rendimiento ILSAC GF-5. Sustituye a todas las normas ILSAC anteriores.<\/p>\n<p>Homologado para la norma de materiales Chrysler MS-6395.<br \/>\nChrysler s\u00f3lo recomienda para sus veh\u00edculos aceites con certificaci\u00f3n API y que cumplan la norma MS-6395.<\/p>\n<p>&nbsp;<\/p>\n<p><strong>N\u00fameros de comparaci\u00f3n Mopar:<\/strong> 68218890AA, 68218890AB, 68218890AC, 68218890CA, 68079549MA, 4761872MB, 68218891AA, 68218891AB, 68218891AC, 68218891CA, 68218891CB, 68218892CA, 05166240CA, 68224343CA, 68146832CA, 68218897CA, 68250743CA, 68518203AA, 68518203CA, 68518202AA, 68518202CA<\/p>\n<p>&nbsp;<\/p>\n<p>&nbsp;<\/p>\n<p><strong>Cantidades de llenado de aceite:<\/strong><\/p>\n<table width=\"539\">\n<tbody>\n<tr>\n<td width=\"123\"><strong>Marca<\/strong><\/td>\n<td width=\"173\"><strong>Modelo<\/strong><\/td>\n<td width=\"78\"><strong>Motor<\/strong><\/td>\n<td width=\"82\"><strong>Cantidad de llenado<\/strong><\/td>\n<td width=\"83\"><strong>corresponde a<\/strong><\/td>\n<\/tr>\n<tr>\n<td width=\"123\">Chrysler<\/td>\n<td width=\"173\">300C<\/td>\n<td width=\"78\">3.6<\/td>\n<td width=\"82\">6 cuartos<\/td>\n<td width=\"83\">5,6 l<\/td>\n<\/tr>\n<tr>\n<td width=\"123\">Chrysler<\/td>\n<td width=\"173\">300C<\/td>\n<td width=\"78\">5.7<\/td>\n<td width=\"82\">7 cuartos<\/td>\n<td width=\"83\">6,6 l<\/td>\n<\/tr>\n<tr>\n<td width=\"123\">Dodge<\/td>\n<td width=\"173\">Challenger<\/td>\n<td width=\"78\">3.6<\/td>\n<td width=\"82\">6 cuartos<\/td>\n<td width=\"83\">5,6 l<\/td>\n<\/tr>\n<tr>\n<td width=\"123\">Dodge<\/td>\n<td width=\"173\">Challenger<\/td>\n<td width=\"78\">5.7<\/td>\n<td width=\"82\">7 cuartos<\/td>\n<td width=\"83\">6,6 l<\/td>\n<\/tr>\n<tr>\n<td width=\"123\">Dodge<\/td>\n<td width=\"173\">Charger<\/td>\n<td width=\"78\">3.6<\/td>\n<td width=\"82\">6 cuartos<\/td>\n<td width=\"83\">5,6 l<\/td>\n<\/tr>\n<tr>\n<td width=\"123\">Dodge<\/td>\n<td width=\"173\">Charger<\/td>\n<td width=\"78\">5.7<\/td>\n<td width=\"82\">7 cuartos<\/td>\n<td width=\"83\">6,6 l<\/td>\n<\/tr>\n<tr>\n<td width=\"123\">Dodge<\/td>\n<td width=\"173\">Durango<\/td>\n<td width=\"78\">3.6<\/td>\n<td width=\"82\">6 cuartos<\/td>\n<td width=\"83\">5,6 l<\/td>\n<\/tr>\n<tr>\n<td width=\"123\">Dodge<\/td>\n<td width=\"173\">Durango<\/td>\n<td width=\"78\">5.7<\/td>\n<td width=\"82\">7 cuartos<\/td>\n<td width=\"83\">6,6 l<\/td>\n<\/tr>\n<tr>\n<td width=\"123\">Jeep<\/td>\n<td width=\"173\">Grand Cherokee<\/td>\n<td width=\"78\">3.6<\/td>\n<td width=\"82\">6 cuartos<\/td>\n<td width=\"83\">5,6 l<\/td>\n<\/tr>\n<tr>\n<td width=\"123\">Jeep<\/td>\n<td width=\"173\">Grand Cherokee<\/td>\n<td width=\"78\">5.7<\/td>\n<td width=\"82\">7 cuartos<\/td>\n<td width=\"83\">6,6 l<\/td>\n<\/tr>\n<tr>\n<td width=\"123\">Jeep<\/td>\n<td width=\"173\">Wrangler<\/td>\n<td width=\"78\">3.6<\/td>\n<td width=\"82\">6 cuartos<\/td>\n<td width=\"83\">5,6 l<\/td>\n<\/tr>\n<tr>\n<td width=\"123\">RAM<\/td>\n<td width=\"173\">1500<\/td>\n<td width=\"78\">3.6<\/td>\n<td width=\"82\">6 cuartos<\/td>\n<td width=\"83\">5,6 l<\/td>\n<\/tr>\n<tr>\n<td width=\"123\">RAM<\/td>\n<td width=\"173\">1500 \/ 2500 \/ 3500<\/td>\n<td width=\"78\">5.7<\/td>\n<td width=\"82\">7 cuartos<\/td>\n<td width=\"83\">6,6 l<\/td>\n<\/tr>\n<\/tbody>\n<\/table>\n<p>&nbsp;<\/p>\n<h4><strong>\u00bfPor qu\u00e9 es tan importante elegir el aceite de motor adecuado?<\/strong><\/h4>\n<p>B\u00e1sicamente, el aceite mantiene el motor en funcionamiento. Tambi\u00e9n cumple otras funciones que contribuyen a prolongar la vida \u00fatil de su veh\u00edculo:<\/p>\n<ul>\n<li><strong>Reducci\u00f3n de la fricci\u00f3n<\/strong><br \/>\nEl aceite de motor lubrica su motor y garantiza que todos sus componentes funcionen sin problemas y que s\u00f3lo se pierda poca energ\u00eda por fricci\u00f3n en el motor. Esto reduce el desgaste de las piezas del motor y prolonga su vida \u00fatil.<\/li>\n<li><strong>Limpieza del motor<\/strong><br \/>\nLas part\u00edculas pueden acumularse en el motor durante el uso normal. A medida que el aceite del motor circula, recoge polvo y dep\u00f3sitos y los pasa al filtro de aceite del motor, que los mantiene alejados de los componentes del motor.<\/li>\n<li><strong>Protecci\u00f3n contra el \u00f3xido y la corrosi\u00f3n<\/strong><br \/>\nLa mayor\u00eda de los aceites de motor contienen aditivos que evitan la formaci\u00f3n de \u00f3xido y corrosi\u00f3n en el motor. La oxidaci\u00f3n debilita las piezas del motor y puede hacer que se desgasten m\u00e1s r\u00e1pidamente. Evitar la oxidaci\u00f3n ayuda a mantener el motor en funcionamiento durante m\u00e1s tiempo.<\/li>\n<li><strong>Reducci\u00f3n del calor<\/strong><br \/>\nSu motor puede calentarse bastante, y si se calienta demasiado, puede funcionar mal. El aceite de motor circula por todo el motor y se encarga de que el calor se disipe hacia partes m\u00e1s fr\u00edas del motor.<\/li>\n<li><strong>Tolerancia clim\u00e1tica<\/strong><br \/>\nAlgunos aceites est\u00e1n optimizados para funcionar en condiciones clim\u00e1ticas extremas. Garantizan el arranque del motor incluso en fr\u00edo y limitan la p\u00e9rdida de volumen por quemado en caliente.<\/li>\n<li><strong>Mejora del rendimiento<\/strong><br \/>\nCuando su motor funciona con suavidad, requiere menos energ\u00eda para funcionar y, por lo tanto, ahorra combustible. La reducci\u00f3n de la resistencia del motor tambi\u00e9n puede conducir a una mejor transferencia de energ\u00eda en el motor, d\u00e1ndole m\u00e1s potencia para sus necesidades.<\/li>\n<\/ul>\n<p>&nbsp;<\/p>","protected":false},"excerpt":{"rendered":"<p>Aceite original aprobado por Mopar \/ FCA \/ Stellantis<\/p>","protected":false},"featured_media":68272098,"comment_status":"open","ping_status":"closed","template":"","meta":{"_acf_changed":false},"product_brand":[16270],"product_cat":[1566,1574,4985,1671,1679,1606,1614,5163,1647,1655,1719,2716,3015,1743,4810,1751,2952,4761,19691,1521,5021,9954],"product_tag":[4135,475,52,4128,4115,4116,4127,4137,4123,4124,4125,4126,4129,4130,4131,4132,4133,4134,4138,4136,4139,4260,4261,4257,4258,54,53,48,536,94,49,3853,3854,95,4119,1030,3108,56,50,4425,4439,55,4118,4117,31,8813,9424,16271,16273,16275,16272,16274,404,6994,4120,406,655,34,86,175],"class_list":{"0":"post-68271726","1":"product","2":"type-product","3":"status-publish","4":"has-post-thumbnail","6":"product_brand-mopar","7":"product_cat-300c-36-wartung","8":"product_cat-300c-57-2005-2010-wartung","9":"product_cat-300c-57-2011-2023-wartung","10":"product_cat-challenger-36-wartung","11":"product_cat-challenger-57-wartung","12":"product_cat-charger-36-wartung","13":"product_cat-charger-57-wartung","14":"product_cat-dodge-charger-57-2011-2023-wartung","15":"product_cat-durango-36-wartung","16":"product_cat-durango-57-wartung","17":"product_cat-magnum-57-wartung","18":"product_cat-commander-wartung","19":"product_cat-gladiator-36-wartung","20":"product_cat-grand-cherokee-36-wartung","21":"product_cat-grand-cherokee-57-2005-2010-wartung","22":"product_cat-grand-cherokee-57-2011-2021-wartung","23":"product_cat-wrangler-36-wartung","24":"product_cat-1500-36-wartung","25":"product_cat-1500-36-dt-wartung","26":"product_cat-1500-57-2009-2018-classic-wartung","27":"product_cat-1500-57-dt-wartung","28":"product_cat-2500-3500-57-wartung","29":"product_tag-05166240ca","30":"product_tag-475","31":"product_tag-300c","32":"product_tag-4761872mb","33":"product_tag-5w-20","34":"product_tag-5w20","35":"product_tag-68079549ma","36":"product_tag-68146832ca","37":"product_tag-68218890aa","38":"product_tag-68218890ab","39":"product_tag-68218890ac","40":"product_tag-68218890ca","41":"product_tag-68218891aa","42":"product_tag-68218891ab","43":"product_tag-68218891ac","44":"product_tag-68218891ca","45":"product_tag-68218891cb","46":"product_tag-68218892ca","47":"product_tag-68218897ca","48":"product_tag-68224343ca","49":"product_tag-68250743ca","50":"product_tag-68518202aa","51":"product_tag-68518202ca","52":"product_tag-68518203aa","53":"product_tag-68518203ca","54":"product_tag-challenger","55":"product_tag-charger","56":"product_tag-chrysler","57":"product_tag-chrysler-300c","58":"product_tag-commander","59":"product_tag-dodge","60":"product_tag-dodge-challenger","61":"product_tag-dodge-charger","62":"product_tag-durango","63":"product_tag-freigabe","64":"product_tag-garantie","65":"product_tag-gewaehrleistung","66":"product_tag-grand-cherokee","67":"product_tag-jeep","68":"product_tag-jeep-grand-cherokee","69":"product_tag-jeep-wrangler","70":"product_tag-magnum","71":"product_tag-max-pro","72":"product_tag-maxpro","73":"product_tag-mopar","74":"product_tag-mopar-autoteile","75":"product_tag-mopar-ersatzteile","76":"product_tag-mopar-ersatzteile-kaufen","77":"product_tag-mopar-performance-teile","78":"product_tag-mopar-teile-katalog","79":"product_tag-mopar-teile-online","80":"product_tag-mopar-tuningteile","81":"product_tag-motoroel","82":"product_tag-motoroel5","83":"product_tag-ms-6395","84":"product_tag-oel","85":"product_tag-oelwechsel","86":"product_tag-original","87":"product_tag-ram","88":"product_tag-wrangler","90":"first","91":"instock","92":"taxable","93":"shipping-taxable","94":"purchasable","95":"product-type-variable","96":"has-default-attributes"},"bundled_by":[],"bundle_stock_status":"instock","bundle_stock_quantity":218,"bundle_virtual":false,"bundle_layout":"","bundle_add_to_cart_form_location":"","bundle_editable_in_cart":false,"bundle_sold_individually_context":"","bundle_item_grouping":"","bundle_min_size":"","bundle_max_size":"","bundle_price":[],"bundled_items":[],"bundle_sell_ids":[],"exclude_global_add_ons":[],"addons":[],"acf":[],"_links":{"self":[{"href":"https:\/\/kraftwerk-shop.cc\/es\/wp-json\/wp\/v2\/product\/68271726","targetHints":{"allow":["GET"]}}],"collection":[{"href":"https:\/\/kraftwerk-shop.cc\/es\/wp-json\/wp\/v2\/product"}],"about":[{"href":"https:\/\/kraftwerk-shop.cc\/es\/wp-json\/wp\/v2\/types\/product"}],"replies":[{"embeddable":true,"href":"https:\/\/kraftwerk-shop.cc\/es\/wp-json\/wp\/v2\/comments?post=68271726"}],"version-history":[{"count":0,"href":"https:\/\/kraftwerk-shop.cc\/es\/wp-json\/wp\/v2\/product\/68271726\/revisions"}],"wp:featuredmedia":[{"embeddable":true,"href":"https:\/\/kraftwerk-shop.cc\/es\/wp-json\/wp\/v2\/media\/68272098"}],"wp:attachment":[{"href":"https:\/\/kraftwerk-shop.cc\/es\/wp-json\/wp\/v2\/media?parent=68271726"}],"wp:term":[{"taxonomy":"product_brand","embeddable":true,"href":"https:\/\/kraftwerk-shop.cc\/es\/wp-json\/wp\/v2\/product_brand?post=68271726"},{"taxonomy":"product_cat","embeddable":true,"href":"https:\/\/kraftwerk-shop.cc\/es\/wp-json\/wp\/v2\/product_cat?post=68271726"},{"taxonomy":"product_tag","embeddable":true,"href":"https:\/\/kraftwerk-shop.cc\/es\/wp-json\/wp\/v2\/product_tag?post=68271726"}],"curies":[{"name":"wp","href":"https:\/\/api.w.org\/{rel}","templated":true}]}}