{"id":68271755,"date":"2022-09-18T00:59:58","date_gmt":"2022-09-17T22:59:58","guid":{"rendered":"https:\/\/kraftwerk-shop.cc\/?post_type=product&#038;p=68271755"},"modified":"2026-02-15T01:00:13","modified_gmt":"2026-02-15T00:00:13","slug":"mopar-aceite-de-motor-maxpro-plus-10w-30","status":"publish","type":"product","link":"https:\/\/kraftwerk-shop.cc\/es\/produkt\/mopar-motoroel-maxpro-plus-10w-30\/","title":{"rendered":"Aceite de motor Mopar MaxPro Plus 10W-30"},"content":{"rendered":"<h1>Aceite de motor original Mopar MaxPro Plus 10W-30<\/h1>\n<p>&nbsp;<\/p>\n<p>El aceite de motor Mopar MaxPro Plus 10W-30 est\u00e1 dise\u00f1ado para proporcionar una mayor eficiencia de combustible, limpieza del motor y compatibilidad con etanol para su Chrysler, Dodge, Jeep o RAM.<\/p>\n<p>El aceite de motor cumple las normas de rendimiento API SN e ILSAC GF-4.<\/p>\n<p>Homologado para la norma de materiales Chrysler MS-6395.<br \/>\nChrysler s\u00f3lo recomienda para sus veh\u00edculos aceites con certificaci\u00f3n API y que cumplan la norma MS-6395.<\/p>\n<p>&nbsp;<\/p>\n<p><strong>N\u00fameros de comparaci\u00f3n Mopar:<\/strong> 68218930AA, 68218930AB, 68218930AA, 68218930AB, 68218930AC, 68218931AA, 68218931AB, 68218931AC, 4761839MA, 04761839MB, 05166242CA, 5166242CA, 68224345CA, 68218930CA, 68218931CA, 68218932CA, 68524000AA, 68524000CA, 68854005AA, 68854005CA<\/p>\n<p>&nbsp;<\/p>\n<p><strong>Cantidades de llenado de aceite:<\/strong><\/p>\n<table style=\"border-collapse: collapse; width: 310pt;\" border=\"0\" width=\"415\" cellspacing=\"0\" cellpadding=\"0\">\n<tbody>\n<tr style=\"height: 14.4pt;\">\n<td class=\"xl66\" style=\"height: 14.4pt; width: 62pt;\" width=\"83\" height=\"19\"><strong>Marca<\/strong><\/td>\n<td class=\"xl66\" style=\"width: 62pt;\" width=\"83\"><strong>Modelo<\/strong><\/td>\n<td class=\"xl66\" style=\"width: 62pt;\" width=\"83\"><strong>Motor<\/strong><\/td>\n<td class=\"xl66\" style=\"width: 62pt;\" width=\"83\"><strong>Cantidad de llenado<\/strong><\/td>\n<td class=\"xl66\" style=\"width: 62pt;\" width=\"83\"><strong>corresponde a<\/strong><\/td>\n<\/tr>\n<tr style=\"height: 14.4pt;\">\n<td class=\"xl65\" style=\"height: 14.4pt;\" height=\"19\">Chrysler<\/td>\n<td class=\"xl65\">300C<\/td>\n<td class=\"xl65\">3.5<\/td>\n<td class=\"xl65\">6 cuartos<\/td>\n<td class=\"xl65\">5,6 l<\/td>\n<\/tr>\n<tr style=\"height: 14.4pt;\">\n<td class=\"xl65\" style=\"height: 14.4pt;\" height=\"19\">Dodge<\/td>\n<td class=\"xl65\">Challenger<\/td>\n<td class=\"xl65\">3.5<\/td>\n<td class=\"xl65\">6 cuartos<\/td>\n<td class=\"xl65\">5,6 l<\/td>\n<\/tr>\n<tr style=\"height: 14.4pt;\">\n<td class=\"xl65\" style=\"height: 14.4pt;\" height=\"19\">Dodge<\/td>\n<td class=\"xl65\">Charger<\/td>\n<td class=\"xl65\">3.5<\/td>\n<td class=\"xl65\">6 cuartos<\/td>\n<td class=\"xl65\">5,6 l<\/td>\n<\/tr>\n<tr style=\"height: 14.4pt;\">\n<td class=\"xl65\" style=\"height: 14.4pt;\" height=\"19\">Dodge<\/td>\n<td class=\"xl65\">Magnum<\/td>\n<td class=\"xl65\">3.5<\/td>\n<td class=\"xl65\">6 cuartos<\/td>\n<td class=\"xl65\">5,6 l<\/td>\n<\/tr>\n<\/tbody>\n<\/table>\n<h4><\/h4>\n<p>&nbsp;<\/p>\n<h4><strong>\u00bfPor qu\u00e9 es tan importante elegir el aceite de motor adecuado?<\/strong><\/h4>\n<p>B\u00e1sicamente, el aceite mantiene el motor en funcionamiento. Tambi\u00e9n cumple otras funciones que contribuyen a prolongar la vida \u00fatil de su veh\u00edculo:<\/p>\n<ul>\n<li><strong>Reducci\u00f3n de la fricci\u00f3n<\/strong><br \/>\nEl aceite de motor lubrica su motor y garantiza que todos sus componentes funcionen sin problemas y que s\u00f3lo se pierda poca energ\u00eda por fricci\u00f3n en el motor. Esto reduce el desgaste de las piezas del motor y prolonga su vida \u00fatil.<\/li>\n<li><strong>Limpieza del motor<\/strong><br \/>\nLas part\u00edculas pueden acumularse en el motor durante el uso normal. A medida que el aceite del motor circula, recoge polvo y dep\u00f3sitos y los pasa al filtro de aceite del motor, que los mantiene alejados de los componentes del motor.<\/li>\n<li><strong>Protecci\u00f3n contra el \u00f3xido y la corrosi\u00f3n<\/strong><br \/>\nLa mayor\u00eda de los aceites de motor contienen aditivos que evitan la formaci\u00f3n de \u00f3xido y corrosi\u00f3n en el motor. La oxidaci\u00f3n debilita las piezas del motor y puede hacer que se desgasten m\u00e1s r\u00e1pidamente. Evitar la oxidaci\u00f3n ayuda a mantener el motor en funcionamiento durante m\u00e1s tiempo.<\/li>\n<li><strong>Reducci\u00f3n del calor<\/strong><br \/>\nSu motor puede calentarse bastante, y si se calienta demasiado, puede funcionar mal. El aceite de motor circula por todo el motor y se encarga de que el calor se disipe hacia partes m\u00e1s fr\u00edas del motor.<\/li>\n<li><strong>Tolerancia clim\u00e1tica<\/strong><br \/>\nAlgunos aceites est\u00e1n optimizados para funcionar en condiciones clim\u00e1ticas extremas. Garantizan el arranque del motor incluso en fr\u00edo y limitan la p\u00e9rdida de volumen por quemado en caliente.<\/li>\n<li><strong>Mejora del rendimiento<\/strong><br \/>\nCuando su motor funciona con suavidad, requiere menos energ\u00eda para funcionar y, por lo tanto, ahorra combustible. La reducci\u00f3n de la resistencia del motor tambi\u00e9n puede conducir a una mejor transferencia de energ\u00eda en el motor, d\u00e1ndole m\u00e1s potencia para sus necesidades.<\/li>\n<\/ul>\n<p>&nbsp;<\/p>","protected":false},"excerpt":{"rendered":"<p>Aceite original aprobado por Mopar \/ FCA \/ Stellantis<\/p>","protected":false},"featured_media":68272469,"comment_status":"open","ping_status":"closed","template":"","meta":{"_acf_changed":false},"product_brand":[16270],"product_cat":[1558,2575,1598,1711],"product_tag":[4188,4189,4180,4179,88,52,4187,4190,4181,4182,4183,4192,4184,4185,4186,4193,4194,4191,4277,4278,4279,4280,4195,54,53,48,536,49,3853,3854,4119,1030,3108,4196,55,4118,4117,31,8813,9424,16271,16273,16275,16272,16274,404,6994,4120,406,655,34,86],"class_list":{"0":"post-68271755","1":"product","2":"type-product","3":"status-publish","4":"has-post-thumbnail","6":"product_brand-mopar","7":"product_cat-300c-35-wartung","8":"product_cat-challenger-35-wartung","9":"product_cat-charger-35-wartung","10":"product_cat-magnum-35-wartung","11":"product_tag-04761839mb","12":"product_tag-05166242ca","13":"product_tag-10w-30","14":"product_tag-10w30","15":"product_tag-3-5","16":"product_tag-300c","17":"product_tag-4761839ma","18":"product_tag-5166242ca","19":"product_tag-68218930aa","20":"product_tag-68218930ab","21":"product_tag-68218930ac","22":"product_tag-68218930ca","23":"product_tag-68218931aa","24":"product_tag-68218931ab","25":"product_tag-68218931ac","26":"product_tag-68218931ca","27":"product_tag-68218932ca","28":"product_tag-68224345ca","29":"product_tag-68524000aa","30":"product_tag-68524000ca","31":"product_tag-68854005aa","32":"product_tag-68854005ca","33":"product_tag-api-sn","34":"product_tag-challenger","35":"product_tag-charger","36":"product_tag-chrysler","37":"product_tag-chrysler-300c","38":"product_tag-dodge","39":"product_tag-dodge-challenger","40":"product_tag-dodge-charger","41":"product_tag-freigabe","42":"product_tag-garantie","43":"product_tag-gewaehrleistung","44":"product_tag-ilsac-gf-4","45":"product_tag-magnum","46":"product_tag-max-pro","47":"product_tag-maxpro","48":"product_tag-mopar","49":"product_tag-mopar-autoteile","50":"product_tag-mopar-ersatzteile","51":"product_tag-mopar-ersatzteile-kaufen","52":"product_tag-mopar-performance-teile","53":"product_tag-mopar-teile-katalog","54":"product_tag-mopar-teile-online","55":"product_tag-mopar-tuningteile","56":"product_tag-motoroel","57":"product_tag-motoroel5","58":"product_tag-ms-6395","59":"product_tag-oel","60":"product_tag-oelwechsel","61":"product_tag-original","62":"product_tag-ram","64":"first","65":"instock","66":"taxable","67":"shipping-taxable","68":"purchasable","69":"product-type-variable"},"bundled_by":[],"bundle_stock_status":"instock","bundle_stock_quantity":36,"bundle_virtual":false,"bundle_layout":"","bundle_add_to_cart_form_location":"","bundle_editable_in_cart":false,"bundle_sold_individually_context":"","bundle_item_grouping":"","bundle_min_size":"","bundle_max_size":"","bundle_price":[],"bundled_items":[],"bundle_sell_ids":[],"exclude_global_add_ons":[],"addons":[],"acf":[],"_links":{"self":[{"href":"https:\/\/kraftwerk-shop.cc\/es\/wp-json\/wp\/v2\/product\/68271755","targetHints":{"allow":["GET"]}}],"collection":[{"href":"https:\/\/kraftwerk-shop.cc\/es\/wp-json\/wp\/v2\/product"}],"about":[{"href":"https:\/\/kraftwerk-shop.cc\/es\/wp-json\/wp\/v2\/types\/product"}],"replies":[{"embeddable":true,"href":"https:\/\/kraftwerk-shop.cc\/es\/wp-json\/wp\/v2\/comments?post=68271755"}],"version-history":[{"count":0,"href":"https:\/\/kraftwerk-shop.cc\/es\/wp-json\/wp\/v2\/product\/68271755\/revisions"}],"wp:featuredmedia":[{"embeddable":true,"href":"https:\/\/kraftwerk-shop.cc\/es\/wp-json\/wp\/v2\/media\/68272469"}],"wp:attachment":[{"href":"https:\/\/kraftwerk-shop.cc\/es\/wp-json\/wp\/v2\/media?parent=68271755"}],"wp:term":[{"taxonomy":"product_brand","embeddable":true,"href":"https:\/\/kraftwerk-shop.cc\/es\/wp-json\/wp\/v2\/product_brand?post=68271755"},{"taxonomy":"product_cat","embeddable":true,"href":"https:\/\/kraftwerk-shop.cc\/es\/wp-json\/wp\/v2\/product_cat?post=68271755"},{"taxonomy":"product_tag","embeddable":true,"href":"https:\/\/kraftwerk-shop.cc\/es\/wp-json\/wp\/v2\/product_tag?post=68271755"}],"curies":[{"name":"wp","href":"https:\/\/api.w.org\/{rel}","templated":true}]}}