{"id":68271982,"date":"2022-09-25T11:25:26","date_gmt":"2022-09-25T09:25:26","guid":{"rendered":"https:\/\/kraftwerk-shop.cc\/?post_type=product&#038;p=68271982"},"modified":"2026-02-15T00:48:10","modified_gmt":"2026-02-14T23:48:10","slug":"gibson-colector-de-escape-ram-5-7-hemi","status":"publish","type":"product","link":"https:\/\/kraftwerk-shop.cc\/es\/produkt\/gibson-shorty-kruemmer-ram-5-7-hemi\/","title":{"rendered":"Colector Gibson Shorty RAM 5.7 Hemi"},"content":{"rendered":"<h3><strong>Colector Gibson Shorty GP311S-C para RAM 5.7 Hemi<\/strong><\/h3>\n<p>Cada colector Gibson Performance est\u00e1 ajustado en banco de potencia y dise\u00f1ado para ofrecer m\u00e1s potencia y par motor utilizables a reg\u00edmenes bajos y medios en autopista.<br \/>\nMejora la capacidad de respiraci\u00f3n del motor y garantiza una temperatura de funcionamiento del motor m\u00e1s fr\u00eda.<br \/>\nDesarrollado como un reemplazo directo para el colector de f\u00e1brica utilizando el tubo de cruce est\u00e1ndar.<br \/>\nLos colectores Gibson son adecuados para veh\u00edculos rebajados y elevados, tanto en carretera como fuera de ella.<br \/>\nLegal en las calles de 50 estados. Cumple con los requisitos de la EPA y CARB. No afecta a la garant\u00eda de f\u00e1brica.<\/p>\n<p>&nbsp;<\/p>\n<ul>\n<li>No requiere soldadura<\/li>\n<li>Utiliza conectores de tipo OEM<\/li>\n<li>Bridas de conexi\u00f3n de 3\/8\u2033 de alto rendimiento cortadas con l\u00e1ser.<\/li>\n<li>Sin alabeos ni fugas<\/li>\n<li>Juntas y material de fijaci\u00f3n de alta calidad incluidos en el suministro<\/li>\n<\/ul>\n<p>&nbsp;<\/p>\n<p>&nbsp;<\/p>\n<p><strong>Adecuado para:<\/strong><\/p>\n<table width=\"637\">\n<tbody>\n<tr>\n<td width=\"115\"><strong>Marca<\/strong><\/td>\n<td width=\"145\"><strong>Modelo<\/strong><\/td>\n<td width=\"214\"><strong>Motor<\/strong><\/td>\n<td width=\"163\"><strong>A\u00f1o de construcci\u00f3n<\/strong><\/td>\n<\/tr>\n<tr>\n<td>RAM<\/td>\n<td>1500<\/td>\n<td>5.7 Hemi<\/td>\n<td>2003-2008<\/td>\n<\/tr>\n<\/tbody>\n<\/table>\n<p>No apto para HD.<\/p>","protected":false},"excerpt":{"rendered":"<p>2003-2008<\/p>","protected":false},"featured_media":68271986,"comment_status":"open","ping_status":"closed","template":"","meta":{"_acf_changed":false},"product_brand":[],"product_cat":[3024,7748],"product_tag":[475,91,1035,546,49,4251,692,543,2428,4252,549,126,532,20273,550,34,186,86,3369,3368,3340,3055,547],"class_list":{"0":"post-68271982","1":"product","2":"type-product","3":"status-publish","4":"has-post-thumbnail","6":"product_cat-nicht-nach-eu","7":"product_cat-1500-57-2003-2008-abgaskruemmer-katalysatoren","8":"product_tag-475","9":"product_tag-5-7","10":"product_tag-abgasanlage","11":"product_tag-auspuff","12":"product_tag-dodge","13":"product_tag-dr","14":"product_tag-ersatzteil","15":"product_tag-faecherkruemmer","16":"product_tag-gibson","17":"product_tag-gp311s-c","18":"product_tag-header","19":"product_tag-hemi","20":"product_tag-kat","21":"product_tag-keintuev","22":"product_tag-kruemmer","23":"product_tag-original","24":"product_tag-performance","25":"product_tag-ram","26":"product_tag-short-tube","27":"product_tag-shorties","28":"product_tag-shorty","29":"product_tag-sportabgasanlage","30":"product_tag-sportauspuff","31":"product_shipping_class-paket-l","33":"first","34":"onbackorder","35":"taxable","36":"shipping-taxable","37":"purchasable","38":"product-type-simple"},"bundled_by":[],"bundle_stock_status":"onbackorder","bundle_stock_quantity":0,"bundle_virtual":false,"bundle_layout":"","bundle_add_to_cart_form_location":"","bundle_editable_in_cart":false,"bundle_sold_individually_context":"","bundle_item_grouping":"","bundle_min_size":"","bundle_max_size":"","bundle_price":[],"bundled_items":[],"bundle_sell_ids":[],"exclude_global_add_ons":[],"addons":[],"acf":[],"_links":{"self":[{"href":"https:\/\/kraftwerk-shop.cc\/es\/wp-json\/wp\/v2\/product\/68271982","targetHints":{"allow":["GET"]}}],"collection":[{"href":"https:\/\/kraftwerk-shop.cc\/es\/wp-json\/wp\/v2\/product"}],"about":[{"href":"https:\/\/kraftwerk-shop.cc\/es\/wp-json\/wp\/v2\/types\/product"}],"replies":[{"embeddable":true,"href":"https:\/\/kraftwerk-shop.cc\/es\/wp-json\/wp\/v2\/comments?post=68271982"}],"version-history":[{"count":0,"href":"https:\/\/kraftwerk-shop.cc\/es\/wp-json\/wp\/v2\/product\/68271982\/revisions"}],"wp:featuredmedia":[{"embeddable":true,"href":"https:\/\/kraftwerk-shop.cc\/es\/wp-json\/wp\/v2\/media\/68271986"}],"wp:attachment":[{"href":"https:\/\/kraftwerk-shop.cc\/es\/wp-json\/wp\/v2\/media?parent=68271982"}],"wp:term":[{"taxonomy":"product_brand","embeddable":true,"href":"https:\/\/kraftwerk-shop.cc\/es\/wp-json\/wp\/v2\/product_brand?post=68271982"},{"taxonomy":"product_cat","embeddable":true,"href":"https:\/\/kraftwerk-shop.cc\/es\/wp-json\/wp\/v2\/product_cat?post=68271982"},{"taxonomy":"product_tag","embeddable":true,"href":"https:\/\/kraftwerk-shop.cc\/es\/wp-json\/wp\/v2\/product_tag?post=68271982"}],"curies":[{"name":"wp","href":"https:\/\/api.w.org\/{rel}","templated":true}]}}