{"id":68272136,"date":"2022-10-01T14:40:33","date_gmt":"2022-10-01T12:40:33","guid":{"rendered":"https:\/\/kraftwerk-shop.cc\/?post_type=product&#038;p=68272136"},"modified":"2026-04-08T15:56:41","modified_gmt":"2026-04-08T13:56:41","slug":"disco-de-freno-dba-performance-grand-cherokee-trackhawk-durango-hellcat","status":"publish","type":"product","link":"https:\/\/kraftwerk-shop.cc\/es\/produkt\/dba-performance-bremsscheibe-grand-cherokee-trackhawk-durango-hellcat\/","title":{"rendered":"Disco de freno DBA Performance Grand Cherokee Trackhawk &amp; Durango Hellcat"},"content":{"rendered":"<h1>Disco de freno DBA T3 Serie 5000, 2 piezas, dise\u00f1o ranurado para Jeep Grand Cherokee Trackhawk y Dodge Durango Hellcat (eje delantero)<\/h1>\n<p>&nbsp;<\/p>\n<p>Hay 3 marcas de color en el disco que sirven como indicador de la temperatura m\u00e1s alta alcanzada.<br \/>\nSe trata de un disco de freno de 2 piezas.<\/p>\n<p>&nbsp;<\/p>\n<p><strong>N\u00fameros de comparaci\u00f3n Mopar<\/strong>: 68305562AA, 68305562AB<\/p>\n<p>&nbsp;<\/p>\n<p><strong>Adecuado para:<\/strong><\/p>\n<table width=\"437\">\n<tbody>\n<tr>\n<td width=\"83\"><strong>Marca<\/strong><\/td>\n<td width=\"122\"><strong>Modelo<\/strong><\/td>\n<td width=\"136\"><strong>Motor<\/strong><\/td>\n<td width=\"96\"><strong>A\u00f1o de construcci\u00f3n<\/strong><\/td>\n<\/tr>\n<tr>\n<td width=\"83\">Jeep<\/td>\n<td width=\"122\">Grand Cherokee<\/td>\n<td width=\"136\">6,2 Trackhawk<\/td>\n<td width=\"96\">2018-2021<\/td>\n<\/tr>\n<tr>\n<td width=\"83\">Dodge<\/td>\n<td width=\"122\">Durango<\/td>\n<td width=\"136\">6.2 Hellcat<\/td>\n<td>2021-2026<\/td>\n<\/tr>\n<\/tbody>\n<\/table>\n<p>&nbsp;<\/p>\n<p>&nbsp;<\/p>\n<p><strong>Datos:<\/strong><\/p>\n<table border=\"0\" width=\"487\" cellspacing=\"0\" cellpadding=\"0\">\n<colgroup>\n<col \/>\n<col \/> <\/colgroup>\n<tbody>\n<tr>\n<td style=\"height: 19px; width: 248px;\" height=\"19\">\n<div data-v-369d9bee=\"\" data-v-7bd94b2e=\"\">\n<div data-v-369d9bee=\"\">Di\u00e1metro (mm)<\/div>\n<\/div>\n<\/td>\n<td style=\"width: 239px;\">400<\/td>\n<\/tr>\n<tr>\n<td style=\"height: 19px;\" height=\"19\">\n<div data-v-369d9bee=\"\">Ventilaci\u00f3n<\/div>\n<\/td>\n<td>Pata de canguro<\/td>\n<\/tr>\n<tr>\n<td style=\"height: 19px;\" height=\"19\">\n<div data-v-369d9bee=\"\">N\u00famero de agujeros<\/div>\n<\/td>\n<td>5<\/td>\n<\/tr>\n<tr>\n<td style=\"height: 19px;\" height=\"19\">\n<div data-v-369d9bee=\"\">Di\u00e1metro interior (mm)<\/div>\n<\/td>\n<td>\u2014<\/td>\n<\/tr>\n<tr>\n<td style=\"height: 19px;\" height=\"19\">\n<div data-v-369d9bee=\"\">Espesor (mm)<\/div>\n<\/td>\n<td>36<\/td>\n<\/tr>\n<tr>\n<td style=\"height: 19px;\" height=\"19\">\n<div data-v-369d9bee=\"\">Espesor m\u00ednimo (mm)<\/div>\n<\/td>\n<td>\u2014<\/td>\n<\/tr>\n<tr>\n<td style=\"height: 19px;\" height=\"19\">Peso (KG)<\/td>\n<td>19<\/td>\n<\/tr>\n<\/tbody>\n<\/table>\n<p>&nbsp;<\/p>\n<table id=\"xoverview\" class=\"table\">\n<tbody>\n<tr>\n<td><strong>Funci\u00f3n<\/strong><\/td>\n<td><b>Descripci\u00f3n de la<\/b><\/td>\n<td><b>Ventaja<\/b><\/td>\n<\/tr>\n<tr>\n<td rowspan=\"3\"><img decoding=\"async\" class=\"icon\" title=\"T3\" src=\"https:\/\/3cerp.eu\/api\/file\/DBA_T3.png\" alt=\"T3\" width=\"79\" height=\"55\" \/><\/p>\n<p><strong>Ranura T3 48 ranuras de precisi\u00f3n fresadas con CNC<\/strong><\/td>\n<td>Las ranuras trisim\u00e9tricas amortiguan las vibraciones y el ruido<\/td>\n<td>Un tacto del pedal de freno m\u00e1s suave y con mayor capacidad de respuesta<\/td>\n<\/tr>\n<tr>\n<td>Mayor n\u00famero de puntos de salida para los gases de fricci\u00f3n de las pastillas de freno que escapan a trav\u00e9s del dise\u00f1o de ranura universal<\/td>\n<td>Aumenta la uniformidad y eficacia de cada frenada<\/td>\n<\/tr>\n<tr>\n<td><\/td>\n<td>No se necesitan discos de freno diferentes a izquierda y derecha<\/td>\n<\/tr>\n<tr>\n<td rowspan=\"2\"><img decoding=\"async\" class=\"icon\" title=\"KANGAROO_PAW\" src=\"https:\/\/3cerp.eu\/api\/file\/KANGAROO_PAW.jpg\" alt=\"KANGAROO_PAW\" width=\"80\" height=\"79\" \/><b><\/b><\/p>\n<p><b>Kangaroo Paw - Sistema de ventilaci\u00f3n de columna 144 Diamond y Tear Drop<br \/>\n<\/b><\/td>\n<td>La mayor superficie permite una mejor disipaci\u00f3n del calor.<\/td>\n<td>Minimiza el debilitamiento de los frenos y aumenta el efecto de frenado<\/td>\n<\/tr>\n<tr>\n<td>La mayor superficie permite una mejor disipaci\u00f3n del calor.<\/td>\n<td>Prolonga la vida \u00fatil de las pastillas y los discos de freno. Reduce los da\u00f1os mec\u00e1nicos y los costes asociados.<\/td>\n<\/tr>\n<tr>\n<td><img decoding=\"async\" class=\"icon\" title=\"DBA_XG150\" src=\"https:\/\/3cerp.eu\/api\/file\/DBA_XG150.png\" alt=\"DBA_XG150\" width=\"80\" height=\"45\" \/><b><\/b><\/p>\n<p><b>XG150 Hierro aleado con alto contenido en carbono<br \/>\n<\/b><\/td>\n<td>La mayor capacidad t\u00e9rmica permite al disco de freno soportar el calor extremo durante m\u00e1s tiempo<\/td>\n<td>Minimiza la deformaci\u00f3n y el agrietamiento y prolonga la vida \u00fatil del disco de freno<\/td>\n<\/tr>\n<tr>\n<td><img decoding=\"async\" class=\"icon\" title=\"DBA_TSP\" src=\"https:\/\/3cerp.eu\/api\/file\/DBA_TSP.png\" alt=\"DBA_TSP\" width=\"80\" height=\"35\" \/><b><\/b><\/p>\n<p><strong>Perfil de estabilidad t\u00e9rmica<\/strong><\/td>\n<td>Desarrollo especial adaptado al proceso DBA TSP<\/td>\n<td>Minimiza la deformaci\u00f3n y el agrietamiento y prolonga la vida \u00fatil del disco de freno<\/td>\n<\/tr>\n<tr>\n<td rowspan=\"2\"><strong><img decoding=\"async\" class=\"icon\" title=\"DBA_TTM\" src=\"https:\/\/3cerp.eu\/api\/file\/DBA_TTM.png\" alt=\"DBA_TTM\" width=\"80\" height=\"60\" \/><\/strong><\/p>\n<p><strong>Control termogr\u00e1fico de la temperatura<\/strong><\/td>\n<td>Las marcas t\u00e9rmicas cambian de color a determinados umbrales de temperatura<\/td>\n<td>Proporciona al conductor una visualizaci\u00f3n clara de las temperaturas m\u00e1ximas de frenado<\/td>\n<\/tr>\n<tr>\n<td>Si se superan los umbrales de temperatura, las marcas de color cambian de color permanentemente<\/td>\n<td>Permite al conductor controlar la fatiga de los discos de freno y decidir si sustituirlos, y ayuda a los concesionarios con las reclamaciones de garant\u00eda.<\/td>\n<\/tr>\n<tr>\n<td rowspan=\"2\"><strong><img decoding=\"async\" class=\"icon\" title=\"DBA_Pain_Protection\" src=\"https:\/\/3cerp.eu\/api\/file\/DBA_Pain_Protection.png\" alt=\"DBA_Pain_Protection\" width=\"80\" height=\"85\" \/><\/strong><\/p>\n<p><strong>Protecci\u00f3n de la pintura en superficies sin fricci\u00f3n<\/strong><\/td>\n<td>Reduce la corrosi\u00f3n<\/td>\n<td>Evita la antiest\u00e9tica formaci\u00f3n de \u00f3xido<\/td>\n<\/tr>\n<tr>\n<td>Mejora el aspecto<\/td>\n<td>Aumenta el valor del producto<\/td>\n<\/tr>\n<\/tbody>\n<\/table>\n<p>&nbsp;<\/p>\n<p>El precio se refiere a un disco.<\/p>\n<p>&nbsp;<\/p>\n<p><strong>Calidad, rendimiento y seguridad<\/strong><\/p>\n<p>DBA se centra sin concesiones en la calidad, el rendimiento y la seguridad. En opini\u00f3n de DBA, no puede haber atajos ni compromisos de calidad en la fabricaci\u00f3n y distribuci\u00f3n de componentes cr\u00edticos para la seguridad. La gama de discos y pastillas de freno de sustituci\u00f3n directa cuenta con una serie de innovaciones t\u00e9cnicas y patentes, y marca la pauta en t\u00e9rminos de calidad, tolerancias y metales de alta calidad que garantizan la m\u00e1xima calidad.<\/p>\n<p>Los conductores de todo el mundo valoran los productos DBA por su rendimiento constante, fiable y superior. DBA asegura esto mediante el desarrollo y la fabricaci\u00f3n de productos que son muy superiores a las piezas originales y falsificaciones en el mercado de accesorios.<\/p>","protected":false},"excerpt":{"rendered":"<p>Disco de freno de 2 piezas<\/p>","protected":false},"featured_media":68272145,"comment_status":"open","ping_status":"closed","template":"","meta":{"_acf_changed":false},"product_brand":[18922],"product_cat":[17930,17963],"product_tag":[2330,4262,2757,2756,795,796,10807,789,49,95,692,56,100,50,4425,4427,4426,31,186,797,96,2424,102,673],"class_list":{"0":"post-68272136","1":"product","2":"type-product","3":"status-publish","4":"has-post-thumbnail","6":"product_brand-dba","7":"product_cat-durango-hellcat-bremsscheiben-vorne","8":"product_cat-trackhawk-bremsscheiben-vorne","9":"product_tag-2-teilig","10":"product_tag-53919blks","11":"product_tag-68305562aa","12":"product_tag-68305562ab","13":"product_tag-bremse","14":"product_tag-bremsscheibe","15":"product_tag-bremsscheiben-fuer-jeep-trackhawk","16":"product_tag-dba","17":"product_tag-dodge","18":"product_tag-durango","19":"product_tag-ersatzteil","20":"product_tag-grand-cherokee","21":"product_tag-hellcat","22":"product_tag-jeep","23":"product_tag-jeep-grand-cherokee","24":"product_tag-jeep-grand-cherokee-trackhawk","25":"product_tag-jeep-trackhawk","26":"product_tag-mopar","27":"product_tag-performance","28":"product_tag-sportbremsscheibe","29":"product_tag-srt","30":"product_tag-t5000","31":"product_tag-trackhawk","32":"product_tag-zubehoer","34":"first","35":"instock","36":"taxable","37":"shipping-taxable","38":"purchasable","39":"product-type-simple"},"bundled_by":[],"bundle_stock_status":"instock","bundle_stock_quantity":4,"bundle_virtual":false,"bundle_layout":"","bundle_add_to_cart_form_location":"","bundle_editable_in_cart":false,"bundle_sold_individually_context":"","bundle_item_grouping":"","bundle_min_size":"","bundle_max_size":"","bundle_price":[],"bundled_items":[],"bundle_sell_ids":[],"exclude_global_add_ons":[],"addons":[],"acf":[],"_links":{"self":[{"href":"https:\/\/kraftwerk-shop.cc\/es\/wp-json\/wp\/v2\/product\/68272136","targetHints":{"allow":["GET"]}}],"collection":[{"href":"https:\/\/kraftwerk-shop.cc\/es\/wp-json\/wp\/v2\/product"}],"about":[{"href":"https:\/\/kraftwerk-shop.cc\/es\/wp-json\/wp\/v2\/types\/product"}],"replies":[{"embeddable":true,"href":"https:\/\/kraftwerk-shop.cc\/es\/wp-json\/wp\/v2\/comments?post=68272136"}],"version-history":[{"count":0,"href":"https:\/\/kraftwerk-shop.cc\/es\/wp-json\/wp\/v2\/product\/68272136\/revisions"}],"wp:featuredmedia":[{"embeddable":true,"href":"https:\/\/kraftwerk-shop.cc\/es\/wp-json\/wp\/v2\/media\/68272145"}],"wp:attachment":[{"href":"https:\/\/kraftwerk-shop.cc\/es\/wp-json\/wp\/v2\/media?parent=68272136"}],"wp:term":[{"taxonomy":"product_brand","embeddable":true,"href":"https:\/\/kraftwerk-shop.cc\/es\/wp-json\/wp\/v2\/product_brand?post=68272136"},{"taxonomy":"product_cat","embeddable":true,"href":"https:\/\/kraftwerk-shop.cc\/es\/wp-json\/wp\/v2\/product_cat?post=68272136"},{"taxonomy":"product_tag","embeddable":true,"href":"https:\/\/kraftwerk-shop.cc\/es\/wp-json\/wp\/v2\/product_tag?post=68272136"}],"curies":[{"name":"wp","href":"https:\/\/api.w.org\/{rel}","templated":true}]}}