{"id":68272359,"date":"2022-10-07T13:19:46","date_gmt":"2022-10-07T11:19:46","guid":{"rendered":"https:\/\/kraftwerk-shop.cc\/?post_type=product&#038;p=68272359"},"modified":"2026-02-15T00:43:55","modified_gmt":"2026-02-14T23:43:55","slug":"borla-touring-1014046bc-ford-mustang","status":"publish","type":"product","link":"https:\/\/kraftwerk-shop.cc\/es\/produkt\/borla-touring-1014046bc-ford-mustang\/","title":{"rendered":"Sistema de escape BORLA Touring para Ford Mustang GT 5.0"},"content":{"rendered":"<h1>Sistema de escape BORLA Touring High Performance para Ford Mustang GT 5.0 modelo 2018 - 2020<\/h1>\n<p>&nbsp;<\/p>\n<p>El sonido profundo y gutural es apenas m\u00e1s alto que el de serie y acent\u00faa el car\u00e1cter del motor sin el molesto zumbido que se produce con muchos sistemas posventa. Ideal para el uso diario, incluso los pasajeros m\u00e1s sensibles apreciar\u00e1n el sonido.<\/p>\n<p><strong>Desarrollado especialmente para el exigente motorista de largas distancias, el Touring es el m\u00e1s silencioso de las tres variantes de sonido Borla.<\/strong><\/p>\n<p>Durante el desarrollo de este sistema de escape, el dise\u00f1o aerodin\u00e1mico y gasodin\u00e1mico fue la primera prioridad, seguido de la ingenier\u00eda de sonido.<br \/>\nEste elaborado enfoque, que rara vez se practica en la industria, significa que la potencia y el par motor no se sacrifican por el sonido, sino que se armonizan entre s\u00ed.<\/p>\n<p>Este es el logro especial de Borla. No siempre es reconocible a primera vista, pero eso es lo que marca la gran diferencia entre la mediocridad y la brillantez t\u00e9cnica.<\/p>\n<p>En muchos otros sistemas de escape, los costes de desarrollo se mantienen bajos y s\u00f3lo se presta atenci\u00f3n al sonido. Como resultado, estos sistemas a menudo suenan bien, pero provocan una p\u00e9rdida de potencia y, por tanto, no merecen realmente el calificativo de \"escape deportivo\".<\/p>\n<p>Debe ser consciente de ello. Con este conocimiento, usted puede tomar una decisi\u00f3n informada a favor o en contra de un sistema de escape deportivo en particular.<\/p>\n<p>Los sistemas de escape deportivos Borla se fabrican con acero inoxidable de alta aleaci\u00f3n de la serie T304 de acuerdo con la norma americana AISI.<\/p>\n<p>Este sistema de escape Borla es un sistema homologado por la CE\/CEPE que cumple la normativa de la UE\/CEPE para veh\u00edculos de motor, sistemas y componentes de veh\u00edculos.<\/p>\n<p>Borla 1014046BC Cat-Back sistema de escape se ajusta a los siguientes modelos:<\/p>\n<table width=\"449\">\n<tbody>\n<tr>\n<td width=\"115\"><strong>Marca<\/strong><\/td>\n<td width=\"145\"><strong>Modelo<\/strong><\/td>\n<td width=\"106\">Motor<\/td>\n<td width=\"83\"><strong>A\u00f1o de construcci\u00f3n<\/strong><\/td>\n<\/tr>\n<tr>\n<td>Ford<\/td>\n<td>Mustang<\/td>\n<td>GT 5.0 (no para descapotable)<\/td>\n<td>2018-2020<\/td>\n<\/tr>\n<\/tbody>\n<\/table>","protected":false},"excerpt":{"rendered":"<p>2018-2020<\/p>","protected":false},"featured_media":68272371,"comment_status":"open","ping_status":"closed","template":"","meta":{"_acf_changed":false},"product_brand":[17170],"product_cat":[3024,4033],"product_tag":[4275,252,419,420,4024,4023,4030,1035,1036,546,1037,1032,2443,1047,2210,662,1039,1042,2786,917,784,3962,4029,2934,532,529,20273,2211,1044,3872,1181,1045,1041,547,1034,1038,1057],"class_list":{"0":"post-68272359","1":"product","2":"type-product","3":"status-publish","4":"has-post-thumbnail","6":"product_brand-borla","7":"product_cat-nicht-nach-eu","8":"product_cat-mustang-50-gt-abgasanlage","9":"product_tag-1014046bc","10":"product_tag-252","11":"product_tag-419","12":"product_tag-420","13":"product_tag-3zoll","14":"product_tag-4023","15":"product_tag-5-0","16":"product_tag-abgasanlage","17":"product_tag-abgassystem","18":"product_tag-auspuff","19":"product_tag-auspuffsystem","20":"product_tag-borla","21":"product_tag-borla-exhaust","22":"product_tag-cat-back","23":"product_tag-catback","24":"product_tag-edelstahl","25":"product_tag-endschalldaempfer","26":"product_tag-endtopf","27":"product_tag-exhaust","28":"product_tag-ford","29":"product_tag-gt","30":"product_tag-gt-5-0","31":"product_tag-gt5-0","32":"product_tag-harder","33":"product_tag-kat","34":"product_tag-katalysator","35":"product_tag-keintuev","36":"product_tag-klang","37":"product_tag-mittelschalldaempfer","38":"product_tag-mustang","39":"product_tag-race","40":"product_tag-sound","41":"product_tag-sport","42":"product_tag-sportauspuff","43":"product_tag-sportauspuffanlage","44":"product_tag-sportendschalldaempfer","45":"product_tag-touring","46":"product_shipping_class-spedition-1","48":"first","49":"onbackorder","50":"taxable","51":"shipping-taxable","52":"purchasable","53":"product-type-simple"},"bundled_by":[],"bundle_stock_status":"onbackorder","bundle_stock_quantity":0,"bundle_virtual":false,"bundle_layout":"","bundle_add_to_cart_form_location":"","bundle_editable_in_cart":false,"bundle_sold_individually_context":"","bundle_item_grouping":"","bundle_min_size":"","bundle_max_size":"","bundle_price":[],"bundled_items":[],"bundle_sell_ids":[],"exclude_global_add_ons":[],"addons":[],"acf":[],"_links":{"self":[{"href":"https:\/\/kraftwerk-shop.cc\/es\/wp-json\/wp\/v2\/product\/68272359","targetHints":{"allow":["GET"]}}],"collection":[{"href":"https:\/\/kraftwerk-shop.cc\/es\/wp-json\/wp\/v2\/product"}],"about":[{"href":"https:\/\/kraftwerk-shop.cc\/es\/wp-json\/wp\/v2\/types\/product"}],"replies":[{"embeddable":true,"href":"https:\/\/kraftwerk-shop.cc\/es\/wp-json\/wp\/v2\/comments?post=68272359"}],"version-history":[{"count":0,"href":"https:\/\/kraftwerk-shop.cc\/es\/wp-json\/wp\/v2\/product\/68272359\/revisions"}],"wp:featuredmedia":[{"embeddable":true,"href":"https:\/\/kraftwerk-shop.cc\/es\/wp-json\/wp\/v2\/media\/68272371"}],"wp:attachment":[{"href":"https:\/\/kraftwerk-shop.cc\/es\/wp-json\/wp\/v2\/media?parent=68272359"}],"wp:term":[{"taxonomy":"product_brand","embeddable":true,"href":"https:\/\/kraftwerk-shop.cc\/es\/wp-json\/wp\/v2\/product_brand?post=68272359"},{"taxonomy":"product_cat","embeddable":true,"href":"https:\/\/kraftwerk-shop.cc\/es\/wp-json\/wp\/v2\/product_cat?post=68272359"},{"taxonomy":"product_tag","embeddable":true,"href":"https:\/\/kraftwerk-shop.cc\/es\/wp-json\/wp\/v2\/product_tag?post=68272359"}],"curies":[{"name":"wp","href":"https:\/\/api.w.org\/{rel}","templated":true}]}}