{"id":68272498,"date":"2022-10-15T13:03:23","date_gmt":"2022-10-15T11:03:23","guid":{"rendered":"https:\/\/kraftwerk-shop.cc\/?post_type=product&#038;p=68272498"},"modified":"2026-04-20T23:44:54","modified_gmt":"2026-04-20T21:44:54","slug":"aditivo-de-deslizamiento-limitado-mopar","status":"publish","type":"product","link":"https:\/\/kraftwerk-shop.cc\/es\/produkt\/mopar-limited-slip-additiv\/","title":{"rendered":"Mopar Limited Aditivo antideslizante"},"content":{"rendered":"<h1>Aditivo antideslizante original Mopar Limited<\/h1>\n<p>&nbsp;<\/p>\n<p>Homologado para la norma de materiales Chrysler MS-10111.<\/p>\n<p>El aditivo antideslizante Mopar Limited es un optimizador de la fricci\u00f3n que debe a\u00f1adirse al aceite lubricante est\u00e1ndar utilizado durante el mantenimiento. A\u00f1ada 1 botella de Mopar Limited Slip Additive al aceite.<br \/>\nSe desarroll\u00f3 para mejorar la adherencia entre los discos de embrague del diferencial.<\/p>\n<p>Reduce el desgaste, el ruido y las vibraciones en los diferenciales de deslizamiento limitado (Sure-Grip, Trak-Lok, Power-Lok). Debe a\u00f1adirse siempre que se cambie el aceite de la transmisi\u00f3n o se detecte un funcionamiento incorrecto del diferencial de deslizamiento limitado.<\/p>\n<p><strong>N\u00fameros de comparaci\u00f3n Mopar:<\/strong> 04318060AD, 04057100, 04318060, 04318060AB, 04318060AC, 05103522EA<\/p>\n<h5><\/h5>\n<p><strong>Volumen de suministro:<\/strong> 120 ml<\/p>\n<p>&nbsp;<\/p>\n<p><strong>Nota:<\/strong> Cuando se rellena un eje con un diferencial de deslizamiento limitado (para el que se requiere un aditivo de diferencial de deslizamiento limitado), el aditivo de diferencial de deslizamiento limitado debe a\u00f1adirse antes de a\u00f1adir el lubricante de engranajes para garantizar un llenado correcto del aditivo.<\/p>","protected":false},"excerpt":{"rendered":"<p>Original Mopar Limited Slip Additiv &nbsp; Freigegeben f\u00fcr den Chrysler Material Standard MS-10111. Das Mopar Limited Slip Additive ist ein<\/p>","protected":false},"featured_media":68272502,"comment_status":"open","ping_status":"closed","template":"","meta":{"_acf_changed":false},"product_brand":[16270],"product_cat":[1550,1558,1566,1574,4985,1582,1590,2575,1671,1679,1687,1695,1703,1598,1606,1614,5163,1622,1630,1638,1647,1655,2710,1663,1711,1719,1727,8048,8049,2716,3015,1735,1743,4810,1751,1759,1767,1775,17019,6793,2942,2952,2963,19391,4242,4761,7771,1521,5021,9954,2922,2927,2706],"product_tag":[4290,4291,4292,4293,4289,4294,4206,4207,1002,665,4204,3355,4205,115,663,799,4208,4286,4288,4299,31,8813,9424,16271,16273,16275,16272,16274,4300,406,4285,4298,4287,3360,4295,4296,4297,842,4209,1003],"class_list":{"0":"post-68272498","1":"product","2":"type-product","3":"status-publish","4":"has-post-thumbnail","6":"product_brand-mopar","7":"product_cat-300c-30-diesel-wartung","8":"product_cat-300c-35-wartung","9":"product_cat-300c-36-wartung","10":"product_cat-300c-57-2005-2010-wartung","11":"product_cat-300c-57-2011-2023-wartung","12":"product_cat-300c-61-wartung","13":"product_cat-300c-64-wartung","14":"product_cat-challenger-35-wartung","15":"product_cat-challenger-36-wartung","16":"product_cat-challenger-57-wartung","17":"product_cat-challenger-61-wartung","18":"product_cat-challenger-hellcat-wartung","19":"product_cat-challenger-64-wartung","20":"product_cat-charger-35-wartung","21":"product_cat-charger-36-wartung","22":"product_cat-charger-57-wartung","23":"product_cat-dodge-charger-57-2011-2023-wartung","24":"product_cat-charger-61-wartung","25":"product_cat-charger-hellcat-wartung","26":"product_cat-charger-64-wartung","27":"product_cat-durango-36-wartung","28":"product_cat-durango-57-wartung","29":"product_cat-durango-hellcat-wartung","30":"product_cat-durango-64-wartung","31":"product_cat-magnum-35-wartung","32":"product_cat-magnum-57-wartung","33":"product_cat-magnum-61-wartung","34":"product_cat-viper-83-wartung","35":"product_cat-viper-84-wartung","36":"product_cat-commander-wartung","37":"product_cat-gladiator-36-wartung","38":"product_cat-grand-cherokee-30-diesel-wartung","39":"product_cat-grand-cherokee-36-wartung","40":"product_cat-grand-cherokee-57-2005-2010-wartung","41":"product_cat-grand-cherokee-57-2011-2021-wartung","42":"product_cat-grand-cherokee-61-wartung","43":"product_cat-trackhawk-wartung","44":"product_cat-grand-cherokee-64-wartung","45":"product_cat-wagoneer-30-wartung","46":"product_cat-wagoneer-64-wartung","47":"product_cat-wrangler-20-turbo-wartung","48":"product_cat-wrangler-36-wartung","49":"product_cat-wrangler-64-wartung","50":"product_cat-1500-30-wartung","51":"product_cat-1500-ecodiesel-wartung","52":"product_cat-1500-36-wartung","53":"product_cat-1500-57-2003-2008-wartung","54":"product_cat-1500-57-2009-2018-classic-wartung","55":"product_cat-1500-57-dt-wartung","56":"product_cat-2500-3500-57-wartung","57":"product_cat-2500-3500-64-wartung","58":"product_cat-67-cummins-wartung","59":"product_cat-trx-wartung","60":"product_tag-4290","61":"product_tag-4291","62":"product_tag-04318060ab","63":"product_tag-04318060ac","64":"product_tag-04318060ad","65":"product_tag-05103522ea","66":"product_tag-achse","67":"product_tag-achsoel","68":"product_tag-additiv","69":"product_tag-differential","70":"product_tag-differentialoel","71":"product_tag-differenzial","72":"product_tag-differenzialoel","73":"product_tag-getriebe","74":"product_tag-getriebeoel","75":"product_tag-hinterachse","76":"product_tag-hinterachsoel","77":"product_tag-limited-slip","78":"product_tag-limited-slip-additive","79":"product_tag-lsd","80":"product_tag-mopar","81":"product_tag-mopar-autoteile","82":"product_tag-mopar-ersatzteile","83":"product_tag-mopar-ersatzteile-kaufen","84":"product_tag-mopar-performance-teile","85":"product_tag-mopar-teile-katalog","86":"product_tag-mopar-teile-online","87":"product_tag-mopar-tuningteile","88":"product_tag-ms-10111","89":"product_tag-oel","90":"product_tag-oelzusatz","91":"product_tag-power-lok","92":"product_tag-reibung","93":"product_tag-sperrdifferential","94":"product_tag-sperrdifferenzial","95":"product_tag-sure-grip","96":"product_tag-trak-lok","97":"product_tag-vorderachse","98":"product_tag-vorderachsoel","99":"product_tag-zusatz","100":"product_shipping_class-deutschlandohne","102":"first","103":"instock","104":"taxable","105":"shipping-taxable","106":"purchasable","107":"product-type-simple"},"bundled_by":[],"bundle_stock_status":"instock","bundle_stock_quantity":74,"bundle_virtual":false,"bundle_layout":"","bundle_add_to_cart_form_location":"","bundle_editable_in_cart":false,"bundle_sold_individually_context":"","bundle_item_grouping":"","bundle_min_size":"","bundle_max_size":"","bundle_price":[],"bundled_items":[],"bundle_sell_ids":[],"exclude_global_add_ons":[],"addons":[],"acf":[],"_links":{"self":[{"href":"https:\/\/kraftwerk-shop.cc\/es\/wp-json\/wp\/v2\/product\/68272498","targetHints":{"allow":["GET"]}}],"collection":[{"href":"https:\/\/kraftwerk-shop.cc\/es\/wp-json\/wp\/v2\/product"}],"about":[{"href":"https:\/\/kraftwerk-shop.cc\/es\/wp-json\/wp\/v2\/types\/product"}],"replies":[{"embeddable":true,"href":"https:\/\/kraftwerk-shop.cc\/es\/wp-json\/wp\/v2\/comments?post=68272498"}],"version-history":[{"count":0,"href":"https:\/\/kraftwerk-shop.cc\/es\/wp-json\/wp\/v2\/product\/68272498\/revisions"}],"wp:featuredmedia":[{"embeddable":true,"href":"https:\/\/kraftwerk-shop.cc\/es\/wp-json\/wp\/v2\/media\/68272502"}],"wp:attachment":[{"href":"https:\/\/kraftwerk-shop.cc\/es\/wp-json\/wp\/v2\/media?parent=68272498"}],"wp:term":[{"taxonomy":"product_brand","embeddable":true,"href":"https:\/\/kraftwerk-shop.cc\/es\/wp-json\/wp\/v2\/product_brand?post=68272498"},{"taxonomy":"product_cat","embeddable":true,"href":"https:\/\/kraftwerk-shop.cc\/es\/wp-json\/wp\/v2\/product_cat?post=68272498"},{"taxonomy":"product_tag","embeddable":true,"href":"https:\/\/kraftwerk-shop.cc\/es\/wp-json\/wp\/v2\/product_tag?post=68272498"}],"curies":[{"name":"wp","href":"https:\/\/api.w.org\/{rel}","templated":true}]}}