{"id":68272538,"date":"2022-10-15T17:18:23","date_gmt":"2022-10-15T15:18:23","guid":{"rendered":"https:\/\/kraftwerk-shop.cc\/?post_type=product&#038;p=68272538"},"modified":"2026-03-10T11:32:11","modified_gmt":"2026-03-10T10:32:11","slug":"arbol-de-levas-mopar-5038419ab","status":"publish","type":"product","link":"https:\/\/kraftwerk-shop.cc\/es\/produkt\/mopar-nockenwelle-5038419ab\/","title":{"rendered":"\u00c1rbol de levas Mopar para 6.4 SRT, pieza original (5038419AB)"},"content":{"rendered":"<h1>\u00c1rbol de levas original Mopar para motores 6.4 SRT (392) con MDS (desactivaci\u00f3n de cilindros)<\/h1>\n<p>&nbsp;<\/p>\n<p>Se trata de un recambio original, no de un \u00e1rbol de levas para aumentar las prestaciones.<\/p>\n<p><strong>N\u00famero de pieza Mopar:<\/strong> 5038419AB<\/p>\n<p>&nbsp;<\/p>\n<p><strong>Adecuado para:<\/strong><\/p>\n<table width=\"437\">\n<tbody>\n<tr>\n<td width=\"83\"><strong>Marca<\/strong><\/td>\n<td width=\"122\"><strong>Modelo<\/strong><\/td>\n<td width=\"136\"><strong>Motor<\/strong><\/td>\n<td width=\"96\"><strong>A\u00f1o de construcci\u00f3n<\/strong><\/td>\n<\/tr>\n<tr>\n<td width=\"83\">Chrysler<\/td>\n<td width=\"122\">300C<\/td>\n<td>6.4<\/td>\n<td width=\"96\">2012-2023<\/td>\n<\/tr>\n<tr>\n<td width=\"83\">Dodge<\/td>\n<td width=\"122\">Challenger<\/td>\n<td>6.4<\/td>\n<td width=\"96\">2011-2023<\/td>\n<\/tr>\n<tr>\n<td width=\"83\">Dodge<\/td>\n<td width=\"122\">Charger<\/td>\n<td>6.4<\/td>\n<td width=\"96\">2011-2023<\/td>\n<\/tr>\n<tr>\n<td>Dodge<\/td>\n<td>Durango<\/td>\n<td>6.4<\/td>\n<td>2018-2024<\/td>\n<\/tr>\n<tr>\n<td>Jeep<\/td>\n<td>Grand Cherokee<\/td>\n<td>6.4<\/td>\n<td>2011-2021<\/td>\n<\/tr>\n<tr>\n<td>Jeep<\/td>\n<td>Wrangler<\/td>\n<td>6.4<\/td>\n<td>2021-2025<\/td>\n<\/tr>\n<\/tbody>\n<\/table>\n<p>&nbsp;<\/p>","protected":false},"excerpt":{"rendered":"<p>Originale Mopar Nockenwelle f\u00fcr 6.4 SRT (392) Motoren mit MDS (Zylinderabschaltung) &nbsp; Es handelt sich um ein Originalersatzteil, keine Nockenwelle<\/p>","protected":false},"featured_media":68272540,"comment_status":"open","ping_status":"closed","template":"","meta":{"_acf_changed":false},"product_brand":[16270],"product_cat":[6488,6483,6493,6498,6503,6508],"product_tag":[18284,52,217,4340,93,365,340,54,53,48,536,49,3853,3854,95,56,50,4425,36,328,8813,9424,16271,16273,16275,16272,16274,7221,336,2425,96,1056,164,175,329],"class_list":{"0":"post-68272538","1":"product","2":"type-product","3":"status-publish","4":"has-post-thumbnail","6":"product_brand-mopar","7":"product_cat-300c-64-nockenwelle-ventiltrieb","8":"product_cat-challenger-64-nockenwelle-ventiltrieb","9":"product_cat-charger-64-nockenwelle-ventiltrieb","10":"product_cat-durango-64-nockenwelle-ventiltrieb","11":"product_cat-grand-cherokee-64-nockenwelle-ventiltrieb","12":"product_cat-wrangler-64-nockenwelle-ventiltrieb","13":"product_tag-05038419ab","14":"product_tag-300c","15":"product_tag-217","16":"product_tag-5038419ab","17":"product_tag-6-4","18":"product_tag-cam","19":"product_tag-cams","20":"product_tag-challenger","21":"product_tag-charger","22":"product_tag-chrysler","23":"product_tag-chrysler-300c","24":"product_tag-dodge","25":"product_tag-dodge-challenger","26":"product_tag-dodge-charger","27":"product_tag-durango","28":"product_tag-grand-cherokee","29":"product_tag-jeep","30":"product_tag-jeep-grand-cherokee","31":"product_tag-kraftwerk","32":"product_tag-mds","33":"product_tag-mopar-autoteile","34":"product_tag-mopar-ersatzteile","35":"product_tag-mopar-ersatzteile-kaufen","36":"product_tag-mopar-performance-teile","37":"product_tag-mopar-teile-katalog","38":"product_tag-mopar-teile-online","39":"product_tag-mopar-tuningteile","40":"product_tag-mopar10","41":"product_tag-nockenwelle","42":"product_tag-originalteil","43":"product_tag-srt","44":"product_tag-srt-8","45":"product_tag-srt8","46":"product_tag-wrangler","47":"product_tag-zylinderabschaltung","49":"first","50":"instock","51":"taxable","52":"shipping-taxable","53":"purchasable","54":"product-type-simple"},"bundled_by":[],"bundle_stock_status":"instock","bundle_stock_quantity":3,"bundle_virtual":false,"bundle_layout":"","bundle_add_to_cart_form_location":"","bundle_editable_in_cart":false,"bundle_sold_individually_context":"","bundle_item_grouping":"","bundle_min_size":"","bundle_max_size":"","bundle_price":[],"bundled_items":[],"bundle_sell_ids":[],"exclude_global_add_ons":[],"addons":[],"acf":[],"_links":{"self":[{"href":"https:\/\/kraftwerk-shop.cc\/es\/wp-json\/wp\/v2\/product\/68272538","targetHints":{"allow":["GET"]}}],"collection":[{"href":"https:\/\/kraftwerk-shop.cc\/es\/wp-json\/wp\/v2\/product"}],"about":[{"href":"https:\/\/kraftwerk-shop.cc\/es\/wp-json\/wp\/v2\/types\/product"}],"replies":[{"embeddable":true,"href":"https:\/\/kraftwerk-shop.cc\/es\/wp-json\/wp\/v2\/comments?post=68272538"}],"version-history":[{"count":0,"href":"https:\/\/kraftwerk-shop.cc\/es\/wp-json\/wp\/v2\/product\/68272538\/revisions"}],"wp:featuredmedia":[{"embeddable":true,"href":"https:\/\/kraftwerk-shop.cc\/es\/wp-json\/wp\/v2\/media\/68272540"}],"wp:attachment":[{"href":"https:\/\/kraftwerk-shop.cc\/es\/wp-json\/wp\/v2\/media?parent=68272538"}],"wp:term":[{"taxonomy":"product_brand","embeddable":true,"href":"https:\/\/kraftwerk-shop.cc\/es\/wp-json\/wp\/v2\/product_brand?post=68272538"},{"taxonomy":"product_cat","embeddable":true,"href":"https:\/\/kraftwerk-shop.cc\/es\/wp-json\/wp\/v2\/product_cat?post=68272538"},{"taxonomy":"product_tag","embeddable":true,"href":"https:\/\/kraftwerk-shop.cc\/es\/wp-json\/wp\/v2\/product_tag?post=68272538"}],"curies":[{"name":"wp","href":"https:\/\/api.w.org\/{rel}","templated":true}]}}