{"id":68272629,"date":"2022-10-23T00:47:15","date_gmt":"2022-10-22T22:47:15","guid":{"rendered":"https:\/\/kraftwerk-performance.de\/?post_type=product&#038;p=68272629"},"modified":"2026-02-15T01:01:06","modified_gmt":"2026-02-15T00:01:06","slug":"awe-sistema-de-escape-dodge-challenger-57","status":"publish","type":"product","link":"https:\/\/kraftwerk-shop.cc\/es\/produkt\/awe-abgasanlage-dodge-challenger-57\/","title":{"rendered":"AWE sistema de escape para Dodge Challenger 5.7"},"content":{"rendered":"<h1>AWE sistema de escape \/ escape deportivo para Dodge Challenger 5.7<\/h1>\n<p>&nbsp;<\/p>\n<ul>\n<li>Disponible como sofisticada Touring Edition y desenfrenada Track Edition para el Dodge Challenger 5.7<\/li>\n<li>Tubo B fabricado con precisi\u00f3n en todas las versiones para un sonido profundo y rico<\/li>\n<li>Dise\u00f1ado, dise\u00f1ado y fabricado por AWE en los EE.UU.<\/li>\n<li>Aumento m\u00e1ximo de 13 NM de par y 8 CV en las ruedas<\/li>\n<li>El Touring Edition incorpora la tecnolog\u00eda patentada Drone-Cancelling 180 Technology\u00ae, desarrollada especialmente para el motor HEMI V8 de 5,7 litros.<\/li>\n<li>Hecho a mano de 3\u2033 CNC doblado, 0,065\u2033 de espesor de acero inoxidable T304L fabricado en los EE.UU.<\/li>\n<li>Menos es m\u00e1s: dise\u00f1o limpio y sencillo para el m\u00e1ximo rendimiento<\/li>\n<li>F\u00e1cil de instalar<\/li>\n<li>Ajuste perfecto<\/li>\n<li>Se puede elegir entre tubos de escape dobles con un di\u00e1metro de 4\u2033 en cromo plateado o negro diamante<\/li>\n<\/ul>\n<p>&nbsp;<\/p>\n<h3><strong>\u00a0<\/strong><\/h3>\n<p><strong>Sistema de escape Touring Edition<\/strong><\/p>\n<p>El Touring Edition es un sistema de escape completo de acero inoxidable de 3 pulgadas que ofrece un rendimiento \u00f3ptimo sin zumbidos en toda la gama de revoluciones. Con un tubo en H dise\u00f1ado con precisi\u00f3n y la soluci\u00f3n de cancelaci\u00f3n de zumbidos patentada por AWE, 180 Technology\u00ae, el sistema de escape Touring Edition ofrece un sonido de motor profundo y rico.<\/p>\n<p>Sonido perfecto, gracias a AWE 180 Technology\u00ae.<\/p>\n<p>Cuando los gases de escape salen del motor HEMI y fluyen hacia un resonador equipado con AWE 180 Technology\u00ae, se canalizan a trav\u00e9s de aberturas estrat\u00e9gicamente situadas hacia c\u00e1maras de reflexi\u00f3n. Las ondas sonoras transportadas por los gases de escape rebotan en las paredes de las c\u00e1maras de reflexi\u00f3n. Al controlar el tama\u00f1o y la posici\u00f3n de las aberturas y las c\u00e1maras, tambi\u00e9n controlamos el momento en que las ondas sonoras salen de las c\u00e1maras. El momento espec\u00edfico en el que las ondas sonoras reflejadas vuelven a entrar en la corriente principal de escape crea una onda sonora que est\u00e1 ciento ochenta grados desfasada, anulando las frecuencias problem\u00e1ticas. Puede obtener m\u00e1s informaci\u00f3n sobre AWE 180 Technology\u00ae en la p\u00e1gina anterior.<\/p>\n<p>&nbsp;<\/p>\n<p><strong>Sistema de escape Track Edition<\/strong><\/p>\n<p>Para aquellos a los que les gusta lo rudo y robusto, la Track Edition es justo lo que necesitan. La Track Edition tiene el mismo tubo de escape en H integrado y la misma tecnolog\u00eda de precisi\u00f3n que la Touring Edition, pero sin la tecnolog\u00eda 180 Technology\u00ae patentada por AWE para la supresi\u00f3n de zumbidos.<\/p>\n<p>Los resonadores 180 Technology\u00ae de la parte trasera se sustituyen por las secciones rectas de la Track Edition. Como resultado, esta versi\u00f3n es conocida por volverse (realmente) agresiva al acelerar y desacelerar en el rango medio y puede ser demasiado ruidosa para muchos. Est\u00e1s avisado.<\/p>\n<p>&nbsp;<\/p>\n<p><strong>Kits de conversi\u00f3n<\/strong><\/p>\n<p>Hemos facilitado la conversi\u00f3n entre las ediciones Track y Touring por si decides cambiar de volumen m\u00e1s adelante.<br \/>\nPara ello, p\u00f3ngase directamente en contacto con nosotros.<\/p>\n<p>&nbsp;<\/p>\n<p><strong>Opciones del tubo de escape<\/strong><\/p>\n<p>Los sistemas de escape Touring Edition y Track Edition para el Dodge Challenger 5.7 est\u00e1n disponibles con tubos de escape dobles de 4 pulgadas en negro diamante o plata cromada.<\/p>\n<p>&nbsp;<\/p>\n<p><strong>\u00bfQu\u00e9 incluye el volumen de suministro?<\/strong><\/p>\n<p>Sistema de escape Touring o Track Edition completo y todas las piezas necesarias para su instalaci\u00f3n.<\/p>\n<p>&nbsp;<\/p>\n<p>&nbsp;<\/p>\n<p><strong>Adecuado para:<\/strong><\/p>\n<table width=\"776\">\n<tbody>\n<tr>\n<td width=\"178\"><strong>A\u00f1o de construcci\u00f3n<\/strong><\/td>\n<td width=\"226\"><strong>Marca<\/strong><\/td>\n<td width=\"120\">Mo<strong>d<\/strong>ell<\/td>\n<td width=\"172\"><strong>Variante<\/strong><\/td>\n<td width=\"80\"><strong>Motor<\/strong><\/td>\n<\/tr>\n<tr>\n<td width=\"178\">2017-2023<\/td>\n<td width=\"226\">Dodge<\/td>\n<td width=\"120\">Challenger<\/td>\n<td width=\"172\">5.7 Hemi<\/td>\n<td>V8 5.7 L<\/td>\n<\/tr>\n<\/tbody>\n<\/table>\n<p>&nbsp;<\/p>\n<p><iframe loading=\"lazy\" title=\"Escape AWE Non Res Touring Edition para Dodge 2017+ Challenger, 2017+ Charger 5 7L\" width=\"500\" height=\"281\" src=\"https:\/\/www.youtube.com\/embed\/sJy9Uefw7XE?feature=oembed\" frameborder=\"0\" allow=\"accelerometer; autoplay; clipboard-write; encrypted-media; gyroscope; picture-in-picture; web-share\" referrerpolicy=\"strict-origin-when-cross-origin\" allowfullscreen><\/iframe><\/p>\n<p><iframe loading=\"lazy\" title=\"Escape AWE Track Edition para Dodge 15+ Challenger, 17+ Charger 5 7L\" width=\"500\" height=\"281\" src=\"https:\/\/www.youtube.com\/embed\/5bx_4DLkFyw?feature=oembed\" frameborder=\"0\" allow=\"accelerometer; autoplay; clipboard-write; encrypted-media; gyroscope; picture-in-picture; web-share\" referrerpolicy=\"strict-origin-when-cross-origin\" allowfullscreen><\/iframe><\/p>","protected":false},"excerpt":{"rendered":"<p>2017-2023<\/p>","protected":false},"featured_media":68272646,"comment_status":"open","ping_status":"closed","template":"","meta":{"_acf_changed":false},"product_brand":[],"product_cat":[3024,6602],"product_tag":[251,252,419,420,2066,2373,4350,4351,4352,4353,4346,4348,4347,4349,91,1035,1036,546,2909,3971,1047,2210,54,1052,49,3853,2976,2342,204,126,20273,1040,2435,787,782,2899,547,1034,1038,1057,2439],"class_list":{"0":"post-68272629","1":"product","2":"type-product","3":"status-publish","4":"has-post-thumbnail","6":"product_cat-nicht-nach-eu","7":"product_cat-challenger-57-abgasanlage-catback","8":"product_tag-251","9":"product_tag-252","10":"product_tag-419","11":"product_tag-420","12":"product_tag-2066","13":"product_tag-2373","14":"product_tag-3015-42144","15":"product_tag-3015-43152","16":"product_tag-3020-42076","17":"product_tag-3020-43084","18":"product_tag-3815-11050","19":"product_tag-3815-41016","20":"product_tag-3820-11042","21":"product_tag-3820-41018","22":"product_tag-5-7","23":"product_tag-abgasanlage","24":"product_tag-abgassystem","25":"product_tag-auspuff","26":"product_tag-awe","27":"product_tag-awe-exhaust","28":"product_tag-cat-back","29":"product_tag-catback","30":"product_tag-challenger","31":"product_tag-delete","32":"product_tag-dodge","33":"product_tag-dodge-challenger","34":"product_tag-edition","35":"product_tag-entfernung","36":"product_tag-ersatz","37":"product_tag-hemi","38":"product_tag-keintuev","39":"product_tag-laut","40":"product_tag-rohr","41":"product_tag-rt","42":"product_tag-scat-pack","43":"product_tag-schalldaempfer","44":"product_tag-sportauspuff","45":"product_tag-sportauspuffanlage","46":"product_tag-sportendschalldaempfer","47":"product_tag-touring","48":"product_tag-track","49":"product_shipping_class-spedition-1","51":"first","52":"onbackorder","53":"taxable","54":"shipping-taxable","55":"purchasable","56":"product-type-variable"},"bundled_by":[],"bundle_stock_status":"onbackorder","bundle_stock_quantity":0,"bundle_virtual":false,"bundle_layout":"","bundle_add_to_cart_form_location":"","bundle_editable_in_cart":false,"bundle_sold_individually_context":"","bundle_item_grouping":"","bundle_min_size":"","bundle_max_size":"","bundle_price":[],"bundled_items":[],"bundle_sell_ids":[],"exclude_global_add_ons":[],"addons":[],"acf":[],"_links":{"self":[{"href":"https:\/\/kraftwerk-shop.cc\/es\/wp-json\/wp\/v2\/product\/68272629","targetHints":{"allow":["GET"]}}],"collection":[{"href":"https:\/\/kraftwerk-shop.cc\/es\/wp-json\/wp\/v2\/product"}],"about":[{"href":"https:\/\/kraftwerk-shop.cc\/es\/wp-json\/wp\/v2\/types\/product"}],"replies":[{"embeddable":true,"href":"https:\/\/kraftwerk-shop.cc\/es\/wp-json\/wp\/v2\/comments?post=68272629"}],"version-history":[{"count":0,"href":"https:\/\/kraftwerk-shop.cc\/es\/wp-json\/wp\/v2\/product\/68272629\/revisions"}],"wp:featuredmedia":[{"embeddable":true,"href":"https:\/\/kraftwerk-shop.cc\/es\/wp-json\/wp\/v2\/media\/68272646"}],"wp:attachment":[{"href":"https:\/\/kraftwerk-shop.cc\/es\/wp-json\/wp\/v2\/media?parent=68272629"}],"wp:term":[{"taxonomy":"product_brand","embeddable":true,"href":"https:\/\/kraftwerk-shop.cc\/es\/wp-json\/wp\/v2\/product_brand?post=68272629"},{"taxonomy":"product_cat","embeddable":true,"href":"https:\/\/kraftwerk-shop.cc\/es\/wp-json\/wp\/v2\/product_cat?post=68272629"},{"taxonomy":"product_tag","embeddable":true,"href":"https:\/\/kraftwerk-shop.cc\/es\/wp-json\/wp\/v2\/product_tag?post=68272629"}],"curies":[{"name":"wp","href":"https:\/\/api.w.org\/{rel}","templated":true}]}}