{"id":68278808,"date":"2022-12-27T18:26:59","date_gmt":"2022-12-27T17:26:59","guid":{"rendered":"https:\/\/kraftwerk-shop.cc\/?post_type=product&#038;p=68278808"},"modified":"2026-02-15T00:48:00","modified_gmt":"2026-02-14T23:48:00","slug":"afe-magnum-force-stage-2-54-13020c-sistema-de-admision-tapa-ram-57","status":"publish","type":"product","link":"https:\/\/kraftwerk-shop.cc\/es\/produkt\/afe-magnum-force-stage-2-54-13020c-intake-system-abdeckung-ram-57\/","title":{"rendered":"aFe Magnum Tapa del sistema de admisi\u00f3n FORCE Stage-2 RAM 5.7"},"content":{"rendered":"<h1>aFe POWER 54-13020C Magnum FORCE Stage-2 Tapa del sistema de admisi\u00f3n de aire fr\u00edo<\/h1>\n<p>Para todos aquellos que tienen un sistema de admisi\u00f3n aFe Power 54-13020R Stage-2, aFe Power ofrece ahora una cubierta para reducir el ruido de admisi\u00f3n.<br \/>\nEsta cubierta est\u00e1 fabricada en pl\u00e1stico ABS moldeado al vac\u00edo y se fija a la caja del filtro de aire mediante imanes.<br \/>\nLa cubierta proporciona un estilo discreto pero agresivo sin comprometer el rendimiento de la admisi\u00f3n.<\/p>\n<p>&nbsp;<\/p>\n<p><strong>Cubierta de pl\u00e1stico ligero:<\/strong><br \/>\nHace que el sistema de filtro de aire Stage 2 parezca menos llamativo <a href=\"https:\/\/kraftwerk-shop.cc\/es\/producto\/afe-power-54-13020r-magnum-force-stage-2-filtro-de-aire-deportivo-ram-dt\/\" target=\"_blank\" rel=\"noopener\">54-13020R<\/a>\u00a0 y aislamiento ac\u00fastico sin p\u00e9rdida de rendimiento.<\/p>\n<p><strong>Instalaci\u00f3n sencilla:<\/strong><br \/>\nSe acopla directamente a la carcasa de la admisi\u00f3n aFe Power Stage-2 <a href=\"https:\/\/kraftwerk-shop.cc\/es\/producto\/afe-power-54-13020r-magnum-force-stage-2-filtro-de-aire-deportivo-ram-dt\/\" target=\"_blank\" rel=\"noopener\">54-13020R<\/a>.<\/p>\n<p>&nbsp;<\/p>\n<p>&nbsp;<\/p>\n<p>&nbsp;<\/p>\n<p>&nbsp;<\/p>","protected":false},"excerpt":{"rendered":"<p>2019-2024<\/p>","protected":false},"featured_media":68278810,"comment_status":"open","ping_status":"closed","template":"","meta":{"_acf_changed":false},"product_brand":[16879],"product_cat":[5009],"product_tag":[475,419,420,2066,2373,4526,91,4531,884,864,16880,498,2441,826,824,825,863,49,126,20273,57,859,828,86,500,230],"class_list":{"0":"post-68278808","1":"product","2":"type-product","3":"status-publish","4":"has-post-thumbnail","6":"product_brand-afe-power","7":"product_cat-1500-57-dt-ansaugung","8":"product_tag-475","9":"product_tag-419","10":"product_tag-420","11":"product_tag-2066","12":"product_tag-2373","13":"product_tag-4526","14":"product_tag-5-7","15":"product_tag-54-13020c","16":"product_tag-54-13020r","17":"product_tag-abdeckung","18":"product_tag-advanced-flow-engineering","19":"product_tag-afe","20":"product_tag-afe-power","21":"product_tag-ansaugung","22":"product_tag-cai","23":"product_tag-cold-air-intake","24":"product_tag-cover","25":"product_tag-dodge","26":"product_tag-hemi","27":"product_tag-keintuev","28":"product_tag-luftfilter","29":"product_tag-magnum-force","30":"product_tag-pickup","31":"product_tag-ram","32":"product_tag-sportluftfilter","33":"product_tag-stage-2","35":"first","36":"instock","37":"taxable","38":"shipping-taxable","39":"purchasable","40":"product-type-simple"},"bundled_by":[],"bundle_stock_status":"instock","bundle_stock_quantity":3,"bundle_virtual":false,"bundle_layout":"","bundle_add_to_cart_form_location":"","bundle_editable_in_cart":false,"bundle_sold_individually_context":"","bundle_item_grouping":"","bundle_min_size":"","bundle_max_size":"","bundle_price":[],"bundled_items":[],"bundle_sell_ids":[],"exclude_global_add_ons":[],"addons":[],"acf":[],"_links":{"self":[{"href":"https:\/\/kraftwerk-shop.cc\/es\/wp-json\/wp\/v2\/product\/68278808","targetHints":{"allow":["GET"]}}],"collection":[{"href":"https:\/\/kraftwerk-shop.cc\/es\/wp-json\/wp\/v2\/product"}],"about":[{"href":"https:\/\/kraftwerk-shop.cc\/es\/wp-json\/wp\/v2\/types\/product"}],"replies":[{"embeddable":true,"href":"https:\/\/kraftwerk-shop.cc\/es\/wp-json\/wp\/v2\/comments?post=68278808"}],"version-history":[{"count":0,"href":"https:\/\/kraftwerk-shop.cc\/es\/wp-json\/wp\/v2\/product\/68278808\/revisions"}],"wp:featuredmedia":[{"embeddable":true,"href":"https:\/\/kraftwerk-shop.cc\/es\/wp-json\/wp\/v2\/media\/68278810"}],"wp:attachment":[{"href":"https:\/\/kraftwerk-shop.cc\/es\/wp-json\/wp\/v2\/media?parent=68278808"}],"wp:term":[{"taxonomy":"product_brand","embeddable":true,"href":"https:\/\/kraftwerk-shop.cc\/es\/wp-json\/wp\/v2\/product_brand?post=68278808"},{"taxonomy":"product_cat","embeddable":true,"href":"https:\/\/kraftwerk-shop.cc\/es\/wp-json\/wp\/v2\/product_cat?post=68278808"},{"taxonomy":"product_tag","embeddable":true,"href":"https:\/\/kraftwerk-shop.cc\/es\/wp-json\/wp\/v2\/product_tag?post=68278808"}],"curies":[{"name":"wp","href":"https:\/\/api.w.org\/{rel}","templated":true}]}}