{"id":68278864,"date":"2022-12-30T14:12:05","date_gmt":"2022-12-30T13:12:05","guid":{"rendered":"https:\/\/kraftwerk-shop.cc\/?post_type=product&#038;p=68278864"},"modified":"2026-03-16T17:45:46","modified_gmt":"2026-03-16T16:45:46","slug":"mishimoto-enfriador-de-aluminio-srt-scat-pack-hellcat","status":"publish","type":"product","link":"https:\/\/kraftwerk-shop.cc\/es\/produkt\/mishimoto-aluminiumkuehler-srt-scat-pack-hellcat\/","title":{"rendered":"Radiador de aluminio Mishimoto 6.1 \/ 6.4 SRT \/ Scat Pack y 6.2 Hellcat"},"content":{"rendered":"<h1>Radiador de aluminio Mishimoto para Chrysler 300C, Dodge Challenger, Charger y Magnum 6.1 \/ 6.4 SRT \/ Scat Pack y 6.2 Hellcat<\/h1>\n<p>&nbsp;<\/p>\n<p>El radiador de aluminio Mishimoto para los chasis Dodge\/Chrysler LX est\u00e1 dise\u00f1ado para superar al radiador de f\u00e1brica y durar toda la vida del coche a pleno gas y en conducci\u00f3n diaria.<br \/>\nConvierta su Charger, Challenger, Magnum o 300C de sus fr\u00e1giles dep\u00f3sitos finales de radiador de pl\u00e1stico a un robusto dise\u00f1o de aluminio totalmente soldado.<br \/>\nNo vuelva a preocuparse por pl\u00e1sticos agrietados o fugas en los latiguillos que le dejen tirado al borde de la carretera o pongan fin a su jornada en pista antes de tiempo.<br \/>\nEl radiador Mishimoto est\u00e1 fabricado \u00edntegramente en aluminio y tiene una superficie aumentada en 50 % y una capacidad de refrigerante aumentada en 72,5% litros.<br \/>\nEst\u00e1 dise\u00f1ado para soportar incluso las condiciones m\u00e1s duras.<br \/>\nLas entradas y salidas mecanizadas mediante CNC garantizan una sujeci\u00f3n segura de las mangueras sin fugas.<br \/>\nComo cada radiador Mishimoto, este radiador es una soluci\u00f3n directa, por lo que la instalaci\u00f3n es tan f\u00e1cil como quitar la pieza de f\u00e1brica e instalar su nuevo radiador de aluminio Mishimoto.<\/p>\n<p>&nbsp;<\/p>\n<p><strong>Propiedades:<\/strong><\/p>\n<ul>\n<li>Directamente adecuado para Chrysler 300C, Dodge Challenger, Charger y Magnum 6.1 \/ 6.4 SRT \/ Scat Pack y 6.2 Hellcat<\/li>\n<li>Construcci\u00f3n totalmente de aluminio con duraderas cajas de refrigerante soldadas con TIG<\/li>\n<li>N\u00facleo de aluminio soldado de doble fila y 2\u2033 de grosor que garantiza temperaturas ideales del refrigerante en carretera y en circuito<\/li>\n<li>1,8 litros de capacidad adicional de l\u00edquido<\/li>\n<li>Aumenta el grosor del n\u00facleo en 50 % para una mayor eficiencia de refrigeraci\u00f3n<\/li>\n<li>Incluye tap\u00f3n de drenaje magn\u00e9tico para recoger las impurezas\/fragmentos met\u00e1licos del sistema de refrigeraci\u00f3n<\/li>\n<\/ul>\n<p>&nbsp;<\/p>\n<p><strong>Adecuado para:<\/strong><\/p>\n<table width=\"558\">\n<tbody>\n<tr>\n<td width=\"83\"><strong>Marca<\/strong><\/td>\n<td width=\"96\"><strong>Modelo<\/strong><\/td>\n<td width=\"73\"><strong>Motor<\/strong><\/td>\n<td width=\"306\"><strong>A\u00f1o de construcci\u00f3n<\/strong><\/td>\n<\/tr>\n<tr>\n<td>Chrysler<\/td>\n<td>300C<\/td>\n<td>6.1<\/td>\n<td>2005-2010<\/td>\n<\/tr>\n<tr>\n<td width=\"83\">Chrysler<\/td>\n<td width=\"96\">300C<\/td>\n<td>6.4<\/td>\n<td width=\"306\">2011-2023<\/td>\n<\/tr>\n<tr>\n<td>Dodge<\/td>\n<td>Charger<\/td>\n<td>6.1<\/td>\n<td>2005-2010<\/td>\n<\/tr>\n<tr>\n<td width=\"83\">Dodge<\/td>\n<td width=\"96\">Charger<\/td>\n<td>6.2 Hellcat<\/td>\n<td>2015-2023<\/td>\n<\/tr>\n<tr>\n<td width=\"83\">Dodge<\/td>\n<td width=\"96\">Charger<\/td>\n<td>6.4<\/td>\n<td>2011-2023<\/td>\n<\/tr>\n<tr>\n<td width=\"83\">Dodge<\/td>\n<td width=\"96\">Challenger<\/td>\n<td>6.1<\/td>\n<td>2008-2010<\/td>\n<\/tr>\n<tr>\n<td width=\"83\">Dodge<\/td>\n<td width=\"96\">Challenger<\/td>\n<td>6.2 Hellcat<\/td>\n<td>2015-2023<\/td>\n<\/tr>\n<tr>\n<td width=\"83\">Dodge<\/td>\n<td width=\"96\">Challenger<\/td>\n<td>6.4<\/td>\n<td>2011-2023<\/td>\n<\/tr>\n<tr>\n<td>Dodge<\/td>\n<td>Magnum<\/td>\n<td>6.1<\/td>\n<td>2006-2008<\/td>\n<\/tr>\n<\/tbody>\n<\/table>\n<p>&nbsp;<\/p>\n<p><iframe loading=\"lazy\" title=\"Radiador de aluminio Mishimoto 6.1 \/ 6.4 SRT \/ Scat Pack y 6.2 Hellcat\" width=\"500\" height=\"281\" src=\"https:\/\/www.youtube.com\/embed\/zaBPuwrA5xw?feature=oembed\" frameborder=\"0\" allow=\"accelerometer; autoplay; clipboard-write; encrypted-media; gyroscope; picture-in-picture; web-share\" referrerpolicy=\"strict-origin-when-cross-origin\" allowfullscreen><\/iframe><\/p>","protected":false},"excerpt":{"rendered":"<p>Radiador de aluminio Mishimoto para Chrysler 300C, Dodge Challenger, Charger y Magnum 6.1 \/ 6.4 SRT \/ Scat Pack y 6.2 Hellcat<\/p>","protected":false},"featured_media":68278869,"comment_status":"open","ping_status":"closed","template":"","meta":{"_acf_changed":false},"product_brand":[18924],"product_cat":[2545,2546,2548,2550,2547,2536,2535,2534,2543],"product_tag":[52,92,101,93,4533,54,2398,53,3851,48,536,49,3853,3854,4535,4438,204,100,405,269,55,274,4532,4534,782,96,216],"class_list":{"0":"post-68278864","1":"product","2":"type-product","3":"status-publish","4":"has-post-thumbnail","6":"product_brand-mishimoto","7":"product_cat-300c-61-kuehlung","8":"product_cat-300c-64-kuehlung","9":"product_cat-challenger-61-kuehlung","10":"product_cat-challenger-hellcat-kuehlung","11":"product_cat-challenger-64-kuehlung","12":"product_cat-charger-61-kuehlung","13":"product_cat-charger-hellcat-kuehlung","14":"product_cat-charger-64-kuehlung","15":"product_cat-magnum-61-kuehlung","16":"product_tag-300c","17":"product_tag-6-1","18":"product_tag-6-2","19":"product_tag-6-4","20":"product_tag-aluminiumkuehler","21":"product_tag-challenger","22":"product_tag-challenger-hellcat","23":"product_tag-charger","24":"product_tag-charger-hellcat","25":"product_tag-chrysler","26":"product_tag-chrysler-300c","27":"product_tag-dodge","28":"product_tag-dodge-challenger","29":"product_tag-dodge-charger","30":"product_tag-dodge-hellcat","31":"product_tag-dodge-magnum","32":"product_tag-ersatz","33":"product_tag-hellcat","34":"product_tag-kuehler","35":"product_tag-kuehlwasser","36":"product_tag-magnum","37":"product_tag-mishimoto","38":"product_tag-mmrad-srt-15","39":"product_tag-motorkuehler","40":"product_tag-scat-pack","41":"product_tag-srt","42":"product_tag-upgrade","43":"product_shipping_class-paket-l","45":"first","46":"instock","47":"taxable","48":"shipping-taxable","49":"purchasable","50":"product-type-simple"},"bundled_by":[],"bundle_stock_status":"instock","bundle_stock_quantity":1,"bundle_virtual":false,"bundle_layout":"","bundle_add_to_cart_form_location":"","bundle_editable_in_cart":false,"bundle_sold_individually_context":"","bundle_item_grouping":"","bundle_min_size":"","bundle_max_size":"","bundle_price":[],"bundled_items":[],"bundle_sell_ids":[],"exclude_global_add_ons":[],"addons":[],"acf":[],"_links":{"self":[{"href":"https:\/\/kraftwerk-shop.cc\/es\/wp-json\/wp\/v2\/product\/68278864","targetHints":{"allow":["GET"]}}],"collection":[{"href":"https:\/\/kraftwerk-shop.cc\/es\/wp-json\/wp\/v2\/product"}],"about":[{"href":"https:\/\/kraftwerk-shop.cc\/es\/wp-json\/wp\/v2\/types\/product"}],"replies":[{"embeddable":true,"href":"https:\/\/kraftwerk-shop.cc\/es\/wp-json\/wp\/v2\/comments?post=68278864"}],"version-history":[{"count":0,"href":"https:\/\/kraftwerk-shop.cc\/es\/wp-json\/wp\/v2\/product\/68278864\/revisions"}],"wp:featuredmedia":[{"embeddable":true,"href":"https:\/\/kraftwerk-shop.cc\/es\/wp-json\/wp\/v2\/media\/68278869"}],"wp:attachment":[{"href":"https:\/\/kraftwerk-shop.cc\/es\/wp-json\/wp\/v2\/media?parent=68278864"}],"wp:term":[{"taxonomy":"product_brand","embeddable":true,"href":"https:\/\/kraftwerk-shop.cc\/es\/wp-json\/wp\/v2\/product_brand?post=68278864"},{"taxonomy":"product_cat","embeddable":true,"href":"https:\/\/kraftwerk-shop.cc\/es\/wp-json\/wp\/v2\/product_cat?post=68278864"},{"taxonomy":"product_tag","embeddable":true,"href":"https:\/\/kraftwerk-shop.cc\/es\/wp-json\/wp\/v2\/product_tag?post=68278864"}],"curies":[{"name":"wp","href":"https:\/\/api.w.org\/{rel}","templated":true}]}}