{"id":68279145,"date":"2023-01-11T13:44:41","date_gmt":"2023-01-11T12:44:41","guid":{"rendered":"https:\/\/kraftwerk-shop.cc\/?post_type=product&#038;p=68279145"},"modified":"2026-02-15T00:49:36","modified_gmt":"2026-02-14T23:49:36","slug":"dba-42637s-disco-de-freno-grand-cherokee-durango","status":"publish","type":"product","link":"https:\/\/kraftwerk-shop.cc\/es\/produkt\/dba-42637s-bremsscheibe-grand-cherokee-durango\/","title":{"rendered":"Disco de freno DBA Performance 42637S Grand Cherokee &amp; Durango"},"content":{"rendered":"<h1>Disco de freno DBA T3 Serie 4000 42637S, versi\u00f3n ranurada para Jeep Grand Cherokee y Dodge Durango (eje trasero)<\/h1>\n<p>&nbsp;<\/p>\n<p>Hay 3 marcas de color en el disco que sirven como indicador de la temperatura m\u00e1s alta alcanzada.<\/p>\n<p>&nbsp;<\/p>\n<p><strong>N\u00fameros de comparaci\u00f3n Mopar<\/strong>68035022AA, 68035022AB, 68035022AC, 68035022AD, 68035022AE<\/p>\n<p>&nbsp;<\/p>\n<p><strong>Adecuado para:<\/strong><\/p>\n<table width=\"695\">\n<tbody>\n<tr>\n<td width=\"178\">Dodge<\/td>\n<td width=\"225\">Durango<\/td>\n<td width=\"120\">3.6<\/td>\n<td width=\"172\">2011-2025<\/td>\n<\/tr>\n<tr>\n<td width=\"178\">Dodge<\/td>\n<td width=\"225\">Durango<\/td>\n<td width=\"120\">5.7<\/td>\n<td width=\"172\">2011-2025<\/td>\n<\/tr>\n<tr>\n<td width=\"178\">Jeep<\/td>\n<td width=\"225\">Grand Cherokee<\/td>\n<td width=\"120\">3.0 MultiJet<\/td>\n<td width=\"172\">2011-2021<\/td>\n<\/tr>\n<tr>\n<td width=\"178\">Jeep<\/td>\n<td width=\"225\">Grand Cherokee<\/td>\n<td width=\"120\">3.6<\/td>\n<td width=\"172\">2011-2021<\/td>\n<\/tr>\n<tr>\n<td width=\"178\">Jeep<\/td>\n<td width=\"225\">Grand Cherokee<\/td>\n<td width=\"120\">5.7<\/td>\n<td width=\"172\">2011-2021<\/td>\n<\/tr>\n<\/tbody>\n<\/table>\n<p>&nbsp;<\/p>\n<p><strong>Datos:<\/strong><\/p>\n<table width=\"374\">\n<tbody>\n<tr>\n<td width=\"209\">\n<p data-v-369d9bee=\"\">Di\u00e1metro (mm)<\/p>\n<\/td>\n<td width=\"165\">330<\/td>\n<\/tr>\n<tr>\n<td width=\"209\">\n<p data-v-369d9bee=\"\">Ventilaci\u00f3n<\/p>\n<\/td>\n<td width=\"165\">Pata de canguro<\/td>\n<\/tr>\n<tr>\n<td width=\"209\">\n<p data-v-369d9bee=\"\">N\u00famero de agujeros<\/p>\n<\/td>\n<td width=\"165\">5<\/td>\n<\/tr>\n<tr>\n<td width=\"209\">\n<p data-v-369d9bee=\"\">Di\u00e1metro interior (mm)<\/p>\n<\/td>\n<td width=\"165\">74<\/td>\n<\/tr>\n<tr>\n<td width=\"209\">\n<p data-v-369d9bee=\"\">Espesor (mm)<\/p>\n<\/td>\n<td width=\"165\">22<\/td>\n<\/tr>\n<tr>\n<td width=\"209\">\n<p data-v-369d9bee=\"\">Espesor m\u00ednimo (mm)<\/p>\n<\/td>\n<td width=\"165\">20<\/td>\n<\/tr>\n<tr>\n<td width=\"209\">Peso (KG)<\/td>\n<td width=\"165\">9.75<\/td>\n<\/tr>\n<tr>\n<td>Autorizaci\u00f3n<\/td>\n<td>ECE R90<\/td>\n<\/tr>\n<\/tbody>\n<\/table>\n<p>&nbsp;<\/p>\n<p>&nbsp;<\/p>\n<table id=\"xoverview\" class=\"table\">\n<tbody>\n<tr>\n<td><strong>Funci\u00f3n<\/strong><\/td>\n<td><b>Descripci\u00f3n de la<\/b><\/td>\n<td><b>Ventaja<\/b><\/td>\n<\/tr>\n<tr>\n<td rowspan=\"3\"><img decoding=\"async\" class=\"icon\" title=\"T3\" src=\"https:\/\/3cerp.eu\/api\/file\/DBA_T3.png\" alt=\"T3\" width=\"79\" height=\"55\" \/><\/p>\n<p><strong>Ranura T3 48 ranuras de precisi\u00f3n fresadas con CNC<\/strong><\/td>\n<td>Las ranuras trisim\u00e9tricas amortiguan las vibraciones y el ruido<\/td>\n<td>Un tacto del pedal de freno m\u00e1s suave y con mayor capacidad de respuesta<\/td>\n<\/tr>\n<tr>\n<td>Mayor n\u00famero de puntos de salida para los gases de fricci\u00f3n de las pastillas de freno que escapan a trav\u00e9s del dise\u00f1o de ranura universal<\/td>\n<td>Aumenta la uniformidad y eficacia de cada frenada<\/td>\n<\/tr>\n<tr>\n<td><\/td>\n<td>No se necesitan discos de freno diferentes a izquierda y derecha<\/td>\n<\/tr>\n<tr>\n<td rowspan=\"2\"><img decoding=\"async\" class=\"icon\" title=\"KANGAROO_PAW\" src=\"https:\/\/3cerp.eu\/api\/file\/KANGAROO_PAW.jpg\" alt=\"KANGAROO_PAW\" width=\"80\" height=\"79\" \/><b><\/b><\/p>\n<p><b>Kangaroo Paw - Sistema de ventilaci\u00f3n de columna 144 Diamond y Tear Drop<br \/>\n<\/b><\/td>\n<td>La mayor superficie permite una mejor disipaci\u00f3n del calor.<\/td>\n<td>Minimiza el debilitamiento de los frenos y aumenta el efecto de frenado<\/td>\n<\/tr>\n<tr>\n<td>La mayor superficie permite una mejor disipaci\u00f3n del calor.<\/td>\n<td>Prolonga la vida \u00fatil de las pastillas y los discos de freno. Reduce los da\u00f1os mec\u00e1nicos y los costes asociados.<\/td>\n<\/tr>\n<tr>\n<td><img decoding=\"async\" class=\"icon\" title=\"DBA_XG150\" src=\"https:\/\/3cerp.eu\/api\/file\/DBA_XG150.png\" alt=\"DBA_XG150\" width=\"80\" height=\"45\" \/><b><\/b><\/p>\n<p><b>XG150 Hierro aleado con alto contenido en carbono<br \/>\n<\/b><\/td>\n<td>La mayor capacidad t\u00e9rmica permite al disco de freno soportar el calor extremo durante m\u00e1s tiempo<\/td>\n<td>Minimiza la deformaci\u00f3n y el agrietamiento y prolonga la vida \u00fatil del disco de freno<\/td>\n<\/tr>\n<tr>\n<td><img decoding=\"async\" class=\"icon\" title=\"DBA_TSP\" src=\"https:\/\/3cerp.eu\/api\/file\/DBA_TSP.png\" alt=\"DBA_TSP\" width=\"80\" height=\"35\" \/><b><\/b><\/p>\n<p><strong>Perfil de estabilidad t\u00e9rmica<\/strong><\/td>\n<td>Desarrollo especial adaptado al proceso DBA TSP<\/td>\n<td>Minimiza la deformaci\u00f3n y el agrietamiento y prolonga la vida \u00fatil del disco de freno<\/td>\n<\/tr>\n<tr>\n<td rowspan=\"2\"><strong><img decoding=\"async\" class=\"icon\" title=\"DBA_TTM\" src=\"https:\/\/3cerp.eu\/api\/file\/DBA_TTM.png\" alt=\"DBA_TTM\" width=\"80\" height=\"60\" \/><\/strong><\/p>\n<p><strong>Control termogr\u00e1fico de la temperatura<\/strong><\/td>\n<td>Las marcas t\u00e9rmicas cambian de color a determinados umbrales de temperatura<\/td>\n<td>Proporciona al conductor una visualizaci\u00f3n clara de las temperaturas m\u00e1ximas de frenado<\/td>\n<\/tr>\n<tr>\n<td>Si se superan los umbrales de temperatura, las marcas de color cambian de color permanentemente<\/td>\n<td>Permite al conductor controlar la fatiga de los discos de freno y decidir si sustituirlos, y ayuda a los concesionarios con las reclamaciones de garant\u00eda.<\/td>\n<\/tr>\n<tr>\n<td rowspan=\"2\"><strong><img decoding=\"async\" class=\"icon\" title=\"DBA_Pain_Protection\" src=\"https:\/\/3cerp.eu\/api\/file\/DBA_Pain_Protection.png\" alt=\"DBA_Pain_Protection\" width=\"80\" height=\"85\" \/><\/strong><\/p>\n<p><strong>Protecci\u00f3n de la pintura en superficies sin fricci\u00f3n<\/strong><\/td>\n<td>Reduce la corrosi\u00f3n<\/td>\n<td>Evita la antiest\u00e9tica formaci\u00f3n de \u00f3xido<\/td>\n<\/tr>\n<tr>\n<td>Mejora el aspecto<\/td>\n<td>Aumenta el valor del producto<\/td>\n<\/tr>\n<\/tbody>\n<\/table>\n<p>&nbsp;<\/p>\n<p>El precio se refiere a un disco de freno.<\/p>","protected":false},"excerpt":{"rendered":"<p>2011-2023<\/p>","protected":false},"featured_media":68279147,"comment_status":"open","ping_status":"closed","template":"","meta":{"_acf_changed":false},"product_brand":[18922],"product_cat":[17919,17923,17939,17944,17954],"product_tag":[4090,2098,2099,2100,2101,2102,795,796,789,49,95,692,56,50,4425,31,186,797,96,4089,4552,102,673],"class_list":{"0":"post-68279145","1":"product","2":"type-product","3":"status-publish","4":"has-post-thumbnail","6":"product_brand-dba","7":"product_cat-durango-36-bremsscheiben-hinten","8":"product_cat-durango-57-bremsscheiben-hinten","9":"product_cat-grand-cherokee-30-diesel-bremsscheiben-hinten","10":"product_cat-grand-cherokee-36-bremsscheiben-hinten","11":"product_cat-grand-cherokee-57-2011-2021-bremsscheiben-hinten","12":"product_tag-4090","13":"product_tag-68035022aa","14":"product_tag-68035022ab","15":"product_tag-68035022ac","16":"product_tag-68035022ad","17":"product_tag-68035022ae","18":"product_tag-bremse","19":"product_tag-bremsscheibe","20":"product_tag-dba","21":"product_tag-dodge","22":"product_tag-durango","23":"product_tag-ersatzteil","24":"product_tag-grand-cherokee","25":"product_tag-jeep","26":"product_tag-jeep-grand-cherokee","27":"product_tag-mopar","28":"product_tag-performance","29":"product_tag-sportbremsscheibe","30":"product_tag-srt","31":"product_tag-t3","32":"product_tag-t3-4000","33":"product_tag-trackhawk","34":"product_tag-zubehoer","35":"product_shipping_class-deutschlandohne","37":"first","38":"instock","39":"taxable","40":"shipping-taxable","41":"purchasable","42":"product-type-simple"},"bundled_by":[],"bundle_stock_status":"instock","bundle_stock_quantity":8,"bundle_virtual":false,"bundle_layout":"","bundle_add_to_cart_form_location":"","bundle_editable_in_cart":false,"bundle_sold_individually_context":"","bundle_item_grouping":"","bundle_min_size":"","bundle_max_size":"","bundle_price":[],"bundled_items":[],"bundle_sell_ids":[],"exclude_global_add_ons":[],"addons":[],"acf":[],"_links":{"self":[{"href":"https:\/\/kraftwerk-shop.cc\/es\/wp-json\/wp\/v2\/product\/68279145","targetHints":{"allow":["GET"]}}],"collection":[{"href":"https:\/\/kraftwerk-shop.cc\/es\/wp-json\/wp\/v2\/product"}],"about":[{"href":"https:\/\/kraftwerk-shop.cc\/es\/wp-json\/wp\/v2\/types\/product"}],"replies":[{"embeddable":true,"href":"https:\/\/kraftwerk-shop.cc\/es\/wp-json\/wp\/v2\/comments?post=68279145"}],"version-history":[{"count":0,"href":"https:\/\/kraftwerk-shop.cc\/es\/wp-json\/wp\/v2\/product\/68279145\/revisions"}],"wp:featuredmedia":[{"embeddable":true,"href":"https:\/\/kraftwerk-shop.cc\/es\/wp-json\/wp\/v2\/media\/68279147"}],"wp:attachment":[{"href":"https:\/\/kraftwerk-shop.cc\/es\/wp-json\/wp\/v2\/media?parent=68279145"}],"wp:term":[{"taxonomy":"product_brand","embeddable":true,"href":"https:\/\/kraftwerk-shop.cc\/es\/wp-json\/wp\/v2\/product_brand?post=68279145"},{"taxonomy":"product_cat","embeddable":true,"href":"https:\/\/kraftwerk-shop.cc\/es\/wp-json\/wp\/v2\/product_cat?post=68279145"},{"taxonomy":"product_tag","embeddable":true,"href":"https:\/\/kraftwerk-shop.cc\/es\/wp-json\/wp\/v2\/product_tag?post=68279145"}],"curies":[{"name":"wp","href":"https:\/\/api.w.org\/{rel}","templated":true}]}}