{"id":68284149,"date":"2023-01-27T15:33:52","date_gmt":"2023-01-27T14:33:52","guid":{"rendered":"https:\/\/kraftwerk-shop.cc\/?post_type=product&#038;p=68284149"},"modified":"2026-02-15T00:51:28","modified_gmt":"2026-02-14T23:51:28","slug":"correa-trapezoidal-mopar-4593684aa","status":"publish","type":"product","link":"https:\/\/kraftwerk-shop.cc\/es\/produkt\/mopar-keilriemen-4593684aa\/","title":{"rendered":"Correa trapezoidal Mopar 3.5 y 5.7 (4593684AA)"},"content":{"rendered":"<h1>Correas trapezoidales originales Mopar para 300C, Challenger, Charger, Magnum y Grand Cherokee y Commander 3.5 y 5.7<\/h1>\n<p>&nbsp;<\/p>\n<p><strong>N\u00famero de pieza Mopar:<\/strong> <span class=\"list-value sku-display\">4593684AA<\/span><br \/>\n<strong>Reemplazado:<\/strong>\u00a0\u00a0<span class=\"list-value\">4861322AC, 4892840AA, 68060352AA<\/span><\/p>\n<p><strong><br \/>\nAdecuado para:<\/strong><\/p>\n<table width=\"1055\">\n<tbody>\n<tr>\n<td width=\"83\"><strong>A\u00f1o de construcci\u00f3n<\/strong><\/td>\n<td width=\"83\">Marca<\/td>\n<td width=\"192\"><strong>Modelo<\/strong><\/td>\n<td width=\"470\"><strong>Versi\u00f3n<\/strong><\/td>\n<td width=\"227\"><strong>Motor<\/strong><\/td>\n<\/tr>\n<tr>\n<td width=\"83\">2011<\/td>\n<td width=\"83\">Chrysler<\/td>\n<td width=\"192\">300<\/td>\n<td width=\"470\">C<\/td>\n<td width=\"227\">5.7L<\/td>\n<\/tr>\n<tr>\n<td width=\"83\">2011<\/td>\n<td width=\"83\">Dodge<\/td>\n<td width=\"192\">Challenger<\/td>\n<td width=\"470\">R\/T<\/td>\n<td width=\"227\">5.7L<\/td>\n<\/tr>\n<tr>\n<td width=\"83\">2011<\/td>\n<td width=\"83\">Dodge<\/td>\n<td width=\"192\">Charger<\/td>\n<td width=\"470\">Pursuit, R\/T, SE<\/td>\n<td width=\"227\">5.7L<\/td>\n<\/tr>\n<tr>\n<td width=\"83\">2011<\/td>\n<td width=\"83\">Jeep<\/td>\n<td width=\"192\">Wrangler<\/td>\n<td width=\"470\">70th Anniversary, Rubicon, Sahara, Sport, Unlimited 70th Anniversary, Unlimited Rubicon, Unlimited Sahara, Unlimited Sport<\/td>\n<td width=\"227\">3.8L<\/td>\n<\/tr>\n<tr>\n<td width=\"83\">2010<\/td>\n<td width=\"83\">Chrysler<\/td>\n<td width=\"192\">300<\/td>\n<td width=\"470\">C, Limited, S, Touring<\/td>\n<td width=\"227\">3.5L , 5.7L<\/td>\n<\/tr>\n<tr>\n<td width=\"83\">2010<\/td>\n<td width=\"83\">Dodge<\/td>\n<td width=\"192\">Challenger<\/td>\n<td width=\"470\">R\/T, SE<\/td>\n<td width=\"227\">3.5L , 5.7L<\/td>\n<\/tr>\n<tr>\n<td width=\"83\">2010<\/td>\n<td width=\"83\">Dodge<\/td>\n<td width=\"192\">Charger<\/td>\n<td width=\"470\">Pursuit, R\/T, SE, SXT<\/td>\n<td width=\"227\">3.5L , 5.7L<\/td>\n<\/tr>\n<tr>\n<td width=\"83\">2010<\/td>\n<td width=\"83\">Jeep<\/td>\n<td width=\"192\">Grand Cherokee<\/td>\n<td width=\"470\">Laredo, Limited<\/td>\n<td width=\"227\">5.7L<\/td>\n<\/tr>\n<tr>\n<td width=\"83\">2010<\/td>\n<td width=\"83\">Jeep<\/td>\n<td width=\"192\">Wrangler<\/td>\n<td width=\"470\">Rubicon, Sahara, Sport, Unlimited Rubicon, Unlimited Sahara, Unlimited Sport<\/td>\n<td width=\"227\">3.8L<\/td>\n<\/tr>\n<tr>\n<td width=\"83\">2009<\/td>\n<td width=\"83\">Chrysler<\/td>\n<td width=\"192\">300<\/td>\n<td width=\"470\">C, Limited, Serie Signature, Touring<\/td>\n<td width=\"227\">3.5L , 5.7L<\/td>\n<\/tr>\n<tr>\n<td width=\"83\">2009<\/td>\n<td width=\"83\">Dodge<\/td>\n<td width=\"192\">Challenger<\/td>\n<td width=\"470\">R\/T, SE<\/td>\n<td width=\"227\">3.5L , 5.7L<\/td>\n<\/tr>\n<tr>\n<td width=\"83\">2009<\/td>\n<td width=\"83\">Dodge<\/td>\n<td width=\"192\">Charger<\/td>\n<td width=\"470\">Pursuit, R\/T, SE, SXT<\/td>\n<td width=\"227\">3.5L , 5.7L<\/td>\n<\/tr>\n<tr>\n<td width=\"83\">2009<\/td>\n<td width=\"83\">Jeep<\/td>\n<td width=\"192\">Commander<\/td>\n<td width=\"470\">Limited, Overland<\/td>\n<td width=\"227\">5.7L<\/td>\n<\/tr>\n<tr>\n<td width=\"83\">2009<\/td>\n<td width=\"83\">Jeep<\/td>\n<td width=\"192\">Grand Cherokee<\/td>\n<td width=\"470\">Limited, Overland<\/td>\n<td width=\"227\">5.7L<\/td>\n<\/tr>\n<tr>\n<td width=\"83\">2009<\/td>\n<td width=\"83\">Jeep<\/td>\n<td width=\"192\">Wrangler<\/td>\n<td width=\"470\">Rubicon, Sahara, Unlimited Rubicon, Unlimited Sahara, Unlimited X, X<\/td>\n<td width=\"227\">3.8L<\/td>\n<\/tr>\n<tr>\n<td width=\"83\">2008<\/td>\n<td width=\"83\">Chrysler<\/td>\n<td width=\"192\">300<\/td>\n<td width=\"470\">C, C SRT8, LX, Limited, Touring<\/td>\n<td width=\"227\">2.7L , 3.5L , 5.7L<\/td>\n<\/tr>\n<tr>\n<td width=\"83\">2008<\/td>\n<td width=\"83\">Dodge<\/td>\n<td width=\"192\">Charger<\/td>\n<td width=\"470\">Pursuit, R\/T, SE, SRT8, SXT<\/td>\n<td width=\"227\">2.7L , 3.5L , 5.7L<\/td>\n<\/tr>\n<tr>\n<td width=\"83\">2008<\/td>\n<td width=\"83\">Dodge<\/td>\n<td width=\"192\">Magnum<\/td>\n<td width=\"470\">R\/T, SE, SRT8, SXT<\/td>\n<td width=\"227\">2.7L , 3.5L , 5.7L<\/td>\n<\/tr>\n<tr>\n<td width=\"83\">2008<\/td>\n<td width=\"83\">Jeep<\/td>\n<td width=\"192\">Wrangler<\/td>\n<td width=\"470\">Rubicon, Sahara, X<\/td>\n<td width=\"227\">3.8L<\/td>\n<\/tr>\n<tr>\n<td width=\"83\">2007<\/td>\n<td width=\"83\">Chrysler<\/td>\n<td width=\"192\">300<\/td>\n<td width=\"470\">Base, C, Limited, Touring<\/td>\n<td width=\"227\">2.7L , 3.5L , 5.7L<\/td>\n<\/tr>\n<tr>\n<td width=\"83\">2007<\/td>\n<td width=\"83\">Chrysler<\/td>\n<td width=\"192\">Town &amp; Country<\/td>\n<td width=\"470\">Base, LX, Limited, Touring<\/td>\n<td width=\"227\">3.3L , 3.8L<\/td>\n<\/tr>\n<tr>\n<td width=\"83\">2007<\/td>\n<td width=\"83\">Dodge<\/td>\n<td width=\"192\">Caravana<\/td>\n<td width=\"470\">C\/V, SE, SXT<\/td>\n<td width=\"227\">3.3L V6 - Flex, 3.3L<\/td>\n<\/tr>\n<tr>\n<td width=\"83\">2007<\/td>\n<td width=\"83\">Dodge<\/td>\n<td width=\"192\">Charger<\/td>\n<td width=\"470\">Pursuit, R\/T, SE, SXT<\/td>\n<td width=\"227\">2.7L , 3.5L , 5.7L<\/td>\n<\/tr>\n<tr>\n<td width=\"83\">2007<\/td>\n<td width=\"83\">Dodge<\/td>\n<td width=\"192\">Gran Caravana<\/td>\n<td width=\"470\">Base, SE, SXT<\/td>\n<td width=\"227\">3.3L V6 - Flex, 3.3L , 3.8L<\/td>\n<\/tr>\n<tr>\n<td width=\"83\">2007<\/td>\n<td width=\"83\">Dodge<\/td>\n<td width=\"192\">Magnum<\/td>\n<td width=\"470\">R\/T, SE, SXT<\/td>\n<td width=\"227\">2.7L , 3.5L , 5.7L<\/td>\n<\/tr>\n<tr>\n<td width=\"83\">2007<\/td>\n<td width=\"83\">Jeep<\/td>\n<td width=\"192\">Wrangler<\/td>\n<td width=\"470\">Rubicon, Sahara, X<\/td>\n<td width=\"227\">3.8L<\/td>\n<\/tr>\n<tr>\n<td width=\"83\">2006<\/td>\n<td width=\"83\">Chrysler<\/td>\n<td width=\"192\">300<\/td>\n<td width=\"470\">C, Turismo<\/td>\n<td width=\"227\">3.5L , 5.7L<\/td>\n<\/tr>\n<tr>\n<td width=\"83\">2006<\/td>\n<td width=\"83\">Chrysler<\/td>\n<td width=\"192\">Town &amp; Country<\/td>\n<td width=\"470\">Base, LX, Limited, Touring<\/td>\n<td width=\"227\">3.3L , 3.8L<\/td>\n<\/tr>\n<tr>\n<td width=\"83\">2006<\/td>\n<td width=\"83\">Dodge<\/td>\n<td width=\"192\">Caravana<\/td>\n<td width=\"470\">C\/V, SE, SXT<\/td>\n<td width=\"227\">3.3L V6 - Flex, 3.3L<\/td>\n<\/tr>\n<tr>\n<td width=\"83\">2006<\/td>\n<td width=\"83\">Dodge<\/td>\n<td width=\"192\">Charger<\/td>\n<td width=\"470\">R\/T, SE<\/td>\n<td width=\"227\">3.5L , 5.7L<\/td>\n<\/tr>\n<tr>\n<td width=\"83\">2006<\/td>\n<td width=\"83\">Dodge<\/td>\n<td width=\"192\">Gran Caravana<\/td>\n<td width=\"470\">SE, SXT<\/td>\n<td width=\"227\">3.3L V6 - Flex, 3.3L , 3.8L<\/td>\n<\/tr>\n<tr>\n<td width=\"83\">2006<\/td>\n<td width=\"83\">Dodge<\/td>\n<td width=\"192\">Magnum<\/td>\n<td width=\"470\">R\/T, SXT<\/td>\n<td width=\"227\">3.5L , 5.7L<\/td>\n<\/tr>\n<tr>\n<td width=\"83\">2005<\/td>\n<td width=\"83\">Chrysler<\/td>\n<td width=\"192\">300<\/td>\n<td width=\"470\">C, Turismo<\/td>\n<td width=\"227\">3.5L , 5.7L<\/td>\n<\/tr>\n<tr>\n<td width=\"83\">2005<\/td>\n<td width=\"83\">Chrysler<\/td>\n<td width=\"192\">Town &amp; Country<\/td>\n<td width=\"470\">Base, LX, Limited, Touring<\/td>\n<td width=\"227\">3.3L , 3.8L<\/td>\n<\/tr>\n<tr>\n<td width=\"83\">2005<\/td>\n<td width=\"83\">Dodge<\/td>\n<td width=\"192\">Caravana<\/td>\n<td width=\"470\">C\/V, SE, SXT<\/td>\n<td width=\"227\">3.3L V6 - Flex, 3.3L<\/td>\n<\/tr>\n<tr>\n<td width=\"83\">2005<\/td>\n<td width=\"83\">Dodge<\/td>\n<td width=\"192\">Gran Caravana<\/td>\n<td width=\"470\">C\/V, SE, SXT<\/td>\n<td width=\"227\">3.3L V6 - Flex, 3.3L , 3.8L<\/td>\n<\/tr>\n<tr>\n<td width=\"83\">2005<\/td>\n<td width=\"83\">Dodge<\/td>\n<td width=\"192\">Magnum<\/td>\n<td width=\"470\">R\/T, SXT<\/td>\n<td width=\"227\">3.5L , 5.7L<\/td>\n<\/tr>\n<tr>\n<td width=\"83\">2004<\/td>\n<td width=\"83\">Chrysler<\/td>\n<td width=\"192\">Town &amp; Country<\/td>\n<td width=\"470\">Base, LX, Limited, Touring<\/td>\n<td width=\"227\">3.3L , 3.8L<\/td>\n<\/tr>\n<tr>\n<td width=\"83\">2004<\/td>\n<td width=\"83\">Dodge<\/td>\n<td width=\"192\">Caravana<\/td>\n<td width=\"470\">C\/V, SE, SXT<\/td>\n<td width=\"227\">3.3L V6 - Flex, 3.3L<\/td>\n<\/tr>\n<tr>\n<td width=\"83\">2004<\/td>\n<td width=\"83\">Dodge<\/td>\n<td width=\"192\">Gran Caravana<\/td>\n<td width=\"470\">C\/V, EX, SE, SXT<\/td>\n<td width=\"227\">3.3L , 3.8L<\/td>\n<\/tr>\n<\/tbody>\n<\/table>\n<p>&nbsp;<\/p>\n<p>La correa trapezoidal es una larga correa de goma que corre a lo largo del motor de su veh\u00edculo y acciona muchos componentes importantes como el alternador, la bomba de la direcci\u00f3n asistida, el sistema de aire acondicionado y la bomba de agua.<\/p>\n<p>Para la mayor\u00eda de los veh\u00edculos, se recomienda hacer revisar la correa trapezoidal en cuanto el veh\u00edculo haya alcanzado los 60.000 kil\u00f3metros.<br \/>\nTambi\u00e9n es importante realizar inspecciones visuales y ac\u00fasticas de desgaste antes de alcanzar este kilometraje.<\/p>\n<p>En la mayor\u00eda de los veh\u00edculos, se recomienda sustituir la correa trapezoidal a los 90 kil\u00f3metros (independientemente de su aspecto) para reducir el riesgo de desgarro. Una correa trapezoidal rota puede ser peligrosa durante la conducci\u00f3n y causar graves da\u00f1os al motor.<\/p>\n<p>&nbsp;<\/p>\n<p><strong>S\u00edntomas de una correa trapezoidal defectuosa<\/strong><\/p>\n<ul>\n<li>Desprendimiento de costillas (una o m\u00e1s costillas se han desprendido del cuerpo del cintur\u00f3n).<\/li>\n<li>Desgaste de costillas o correas<\/li>\n<li>Grietas en la direcci\u00f3n longitudinal de la correa (grietas entre dos costillas)<\/li>\n<li>Correderas<\/li>\n<li>\"Salto de ranura\" (la correa no mantiene la posici\u00f3n correcta en la polea)<\/li>\n<li>Rotura de la correa (nota: identifique y rectifique el problema antes de instalar una correa nueva).<\/li>\n<li>Ruidos (se puede o\u00edr o sentir un chirrido, chirrido o estruendo desagradable mientras la correa de transmisi\u00f3n est\u00e1 en funcionamiento).<\/li>\n<\/ul>\n<p>Si se aprecia suciedad de aceite o refrigerante en la correa trapezoidal, \u00e9sta tambi\u00e9n debe sustituirse y deben eliminarse las fugas.<\/p>\n<p>&nbsp;<\/p>\n<p>&nbsp;<\/p>","protected":false},"excerpt":{"rendered":"<p>Pieza original Mopar<\/p>","protected":false},"featured_media":68284152,"comment_status":"open","ping_status":"closed","template":"","meta":{"_acf_changed":false},"product_brand":[16270],"product_cat":[1554,7499,7500,2725,7503,1594,7506,1707,7515,19345,7517],"product_tag":[18285,18286,18287,87,4594,88,976,52,4593,4590,4591,91,4592,4595,54,53,48,536,94,49,3853,3854,4438,1320,56,50,4425,736,7613,55,31,7221,164,4421,175],"class_list":{"0":"post-68284149","1":"product","2":"type-product","3":"status-publish","4":"has-post-thumbnail","6":"product_brand-mopar","7":"product_cat-300c-35-motor","8":"product_cat-300c-57-2005-2010-riemenantrieb","9":"product_cat-300c-57-2011-2023-riemenantrieb","10":"product_cat-challenger-35-motor","11":"product_cat-challenger-57-riemenantrieb","12":"product_cat-charger-35-motor","13":"product_cat-charger-57-riemenantrieb","14":"product_cat-magnum-35-motor","15":"product_cat-magnum-57-riemenantrieb","16":"product_cat-commander-57-riemenantrieb","17":"product_cat-grand-cherokee-57-2011-2021-riemenantrieb","18":"product_tag-04593684aa","19":"product_tag-04861322ac","20":"product_tag-04892840aa","21":"product_tag-2-7","22":"product_tag-3-3","23":"product_tag-3-5","24":"product_tag-3-8","25":"product_tag-300c","26":"product_tag-4593684aa","27":"product_tag-4861322ac","28":"product_tag-4892840aa","29":"product_tag-5-7","30":"product_tag-68060352aa","31":"product_tag-caravan","32":"product_tag-challenger","33":"product_tag-charger","34":"product_tag-chrysler","35":"product_tag-chrysler-300c","36":"product_tag-commander","37":"product_tag-dodge","38":"product_tag-dodge-challenger","39":"product_tag-dodge-charger","40":"product_tag-dodge-magnum","41":"product_tag-grand-caravan","42":"product_tag-grand-cherokee","43":"product_tag-jeep","44":"product_tag-jeep-grand-cherokee","45":"product_tag-keilriemen","46":"product_tag-keilrippenriemen","47":"product_tag-magnum","48":"product_tag-mopar","49":"product_tag-mopar10","50":"product_tag-srt8","51":"product_tag-town-country","52":"product_tag-wrangler","54":"first","55":"instock","56":"taxable","57":"shipping-taxable","58":"purchasable","59":"product-type-simple"},"bundled_by":[],"bundle_stock_status":"instock","bundle_stock_quantity":1,"bundle_virtual":false,"bundle_layout":"","bundle_add_to_cart_form_location":"","bundle_editable_in_cart":false,"bundle_sold_individually_context":"","bundle_item_grouping":"","bundle_min_size":"","bundle_max_size":"","bundle_price":[],"bundled_items":[],"bundle_sell_ids":[],"exclude_global_add_ons":[],"addons":[],"acf":[],"_links":{"self":[{"href":"https:\/\/kraftwerk-shop.cc\/es\/wp-json\/wp\/v2\/product\/68284149","targetHints":{"allow":["GET"]}}],"collection":[{"href":"https:\/\/kraftwerk-shop.cc\/es\/wp-json\/wp\/v2\/product"}],"about":[{"href":"https:\/\/kraftwerk-shop.cc\/es\/wp-json\/wp\/v2\/types\/product"}],"replies":[{"embeddable":true,"href":"https:\/\/kraftwerk-shop.cc\/es\/wp-json\/wp\/v2\/comments?post=68284149"}],"version-history":[{"count":0,"href":"https:\/\/kraftwerk-shop.cc\/es\/wp-json\/wp\/v2\/product\/68284149\/revisions"}],"wp:featuredmedia":[{"embeddable":true,"href":"https:\/\/kraftwerk-shop.cc\/es\/wp-json\/wp\/v2\/media\/68284152"}],"wp:attachment":[{"href":"https:\/\/kraftwerk-shop.cc\/es\/wp-json\/wp\/v2\/media?parent=68284149"}],"wp:term":[{"taxonomy":"product_brand","embeddable":true,"href":"https:\/\/kraftwerk-shop.cc\/es\/wp-json\/wp\/v2\/product_brand?post=68284149"},{"taxonomy":"product_cat","embeddable":true,"href":"https:\/\/kraftwerk-shop.cc\/es\/wp-json\/wp\/v2\/product_cat?post=68284149"},{"taxonomy":"product_tag","embeddable":true,"href":"https:\/\/kraftwerk-shop.cc\/es\/wp-json\/wp\/v2\/product_tag?post=68284149"}],"curies":[{"name":"wp","href":"https:\/\/api.w.org\/{rel}","templated":true}]}}