{"id":68284241,"date":"2023-01-31T14:14:07","date_gmt":"2023-01-31T13:14:07","guid":{"rendered":"https:\/\/kraftwerk-shop.cc\/?post_type=product&#038;p=68284241"},"modified":"2026-02-15T00:43:10","modified_gmt":"2026-02-14T23:43:10","slug":"jlt-cai-gt500-20-ford-mustang-gt500","status":"publish","type":"product","link":"https:\/\/kraftwerk-shop.cc\/es\/produkt\/jlt-cai-gt500-20-ford-mustang-gt500\/","title":{"rendered":"JLT Admisi\u00f3n de aire fr\u00edo Ford Mustang GT500"},"content":{"rendered":"<h1>JLT CAI-GT500-20 Sistema de admisi\u00f3n de aire fr\u00edo \/ filtro de aire deportivo para Ford Mustang GT500<\/h1>\n<p><strong>Filtro de aire grande<\/strong><br \/>\nEl filtro de aire de generosas dimensiones permite un mayor flujo de aire que el filtro est\u00e1ndar.<br \/>\nEl elemento filtrante del aire est\u00e1 compuesto por material filtrante de algod\u00f3n, que se humedece con un aceite filtrante especial y puede lavarse. Esto maximiza la capacidad y el rendimiento del filtro.<\/p>\n<p><strong>Colector de admisi\u00f3n<\/strong><br \/>\nEl tubo de admisi\u00f3n est\u00e1 hecho de pl\u00e1stico rotomoldeado con una enorme abertura de filtro de 5\u2033 para un flujo de aire superior y SIN acumulaci\u00f3n de calor como con los tubos de metal.<\/p>\n<p><strong>Carcasa del filtro de aire<\/strong><br \/>\nIncluye nuestro gran escudo t\u00e9rmico de pl\u00e1stico ABS para aislar el aire de admisi\u00f3n del calor del motor al ralent\u00ed y a bajas revoluciones.<br \/>\nUtiliza una gran superficie para garantizar que el filtro reciba abundante aire fr\u00edo y aprovecha la entrada de aire fresco de f\u00e1brica del parachoques para mantener las temperaturas lo m\u00e1s bajas posible.<\/p>\n<p>&nbsp;<\/p>\n<p><strong>Material de instalaci\u00f3n de alta calidad<\/strong><\/p>\n<ul>\n<li>Colector de admisi\u00f3n de pl\u00e1stico JLT<\/li>\n<li>Reductor de silicona<\/li>\n<li>6\u00d79 S&amp;B Filtro de Aire Aceite Rojo<\/li>\n<li>Escudo t\u00e9rmico<\/li>\n<li>Abrazaderas HD, todas las piezas necesarias<\/li>\n<\/ul>\n<p><strong>detalles<\/strong><\/p>\n<p>- + 25 - 30 CV, + 30 NM de aumento m\u00e1ximo de potencia (especificaci\u00f3n del fabricante)<br \/>\n- Carcasa del filtro de aire con soportes para montaje directo<br \/>\n- Filtro de aire Pro 10R preengrasado, lavable y reutilizable para un rendimiento m\u00e1ximo<\/p>\n<p><strong>Adecuado para:<\/strong><\/p>\n<table width=\"749\">\n<tbody>\n<tr>\n<td width=\"262\"><strong>A\u00f1o de construcci\u00f3n<\/strong><\/td>\n<td width=\"158\"><strong>Marca<\/strong><\/td>\n<td width=\"134\"><strong>Modelo<\/strong><\/td>\n<td width=\"112\"><strong>Variante<\/strong><\/td>\n<td width=\"83\"><strong>Motor<\/strong><\/td>\n<\/tr>\n<tr>\n<td width=\"262\">2020-2022<\/td>\n<td width=\"158\">Ford<\/td>\n<td width=\"134\">Mustang<\/td>\n<td width=\"112\">GT500<\/td>\n<td width=\"83\">V8 5.2 L<\/td>\n<\/tr>\n<\/tbody>\n<\/table>","protected":false},"excerpt":{"rendered":"<p>2020-2022<\/p>","protected":false},"featured_media":68284250,"comment_status":"open","ping_status":"closed","template":"","meta":{"_acf_changed":false},"product_brand":[17168],"product_cat":[4045],"product_tag":[420,2066,2373,4606,826,824,4604,191,825,917,784,2934,1094,1093,4605,2444,20273,57,3872,4587,186,3958,4255,500,194],"class_list":{"0":"post-68284241","1":"product","2":"type-product","3":"status-publish","4":"has-post-thumbnail","6":"product_brand-jlt","7":"product_cat-shelby-gt500-ansaugung","8":"product_tag-420","9":"product_tag-2066","10":"product_tag-2373","11":"product_tag-5-2","12":"product_tag-ansaugung","13":"product_tag-cai","14":"product_tag-cai-gt500-20","15":"product_tag-camaro","16":"product_tag-cold-air-intake","17":"product_tag-ford","18":"product_tag-gt","19":"product_tag-harder","20":"product_tag-intake","21":"product_tag-jlt","22":"product_tag-jlt-cai-gt500-20","23":"product_tag-jlt-performance","24":"product_tag-keintuev","25":"product_tag-luftfilter","26":"product_tag-mustang","27":"product_tag-mustang-gt","28":"product_tag-performance","29":"product_tag-shelby","30":"product_tag-shelbygt500","31":"product_tag-sportluftfilter","32":"product_tag-v8","34":"first","35":"onbackorder","36":"taxable","37":"shipping-taxable","38":"purchasable","39":"product-type-simple"},"bundled_by":[],"bundle_stock_status":"onbackorder","bundle_stock_quantity":0,"bundle_virtual":false,"bundle_layout":"","bundle_add_to_cart_form_location":"","bundle_editable_in_cart":false,"bundle_sold_individually_context":"","bundle_item_grouping":"","bundle_min_size":"","bundle_max_size":"","bundle_price":[],"bundled_items":[],"bundle_sell_ids":[],"exclude_global_add_ons":[],"addons":[],"acf":[],"_links":{"self":[{"href":"https:\/\/kraftwerk-shop.cc\/es\/wp-json\/wp\/v2\/product\/68284241","targetHints":{"allow":["GET"]}}],"collection":[{"href":"https:\/\/kraftwerk-shop.cc\/es\/wp-json\/wp\/v2\/product"}],"about":[{"href":"https:\/\/kraftwerk-shop.cc\/es\/wp-json\/wp\/v2\/types\/product"}],"replies":[{"embeddable":true,"href":"https:\/\/kraftwerk-shop.cc\/es\/wp-json\/wp\/v2\/comments?post=68284241"}],"version-history":[{"count":0,"href":"https:\/\/kraftwerk-shop.cc\/es\/wp-json\/wp\/v2\/product\/68284241\/revisions"}],"wp:featuredmedia":[{"embeddable":true,"href":"https:\/\/kraftwerk-shop.cc\/es\/wp-json\/wp\/v2\/media\/68284250"}],"wp:attachment":[{"href":"https:\/\/kraftwerk-shop.cc\/es\/wp-json\/wp\/v2\/media?parent=68284241"}],"wp:term":[{"taxonomy":"product_brand","embeddable":true,"href":"https:\/\/kraftwerk-shop.cc\/es\/wp-json\/wp\/v2\/product_brand?post=68284241"},{"taxonomy":"product_cat","embeddable":true,"href":"https:\/\/kraftwerk-shop.cc\/es\/wp-json\/wp\/v2\/product_cat?post=68284241"},{"taxonomy":"product_tag","embeddable":true,"href":"https:\/\/kraftwerk-shop.cc\/es\/wp-json\/wp\/v2\/product_tag?post=68284241"}],"curies":[{"name":"wp","href":"https:\/\/api.w.org\/{rel}","templated":true}]}}