{"id":68284350,"date":"2023-02-03T11:43:59","date_gmt":"2023-02-03T10:43:59","guid":{"rendered":"https:\/\/kraftwerk-shop.cc\/?post_type=product&#038;p=68284350"},"modified":"2026-03-13T12:03:13","modified_gmt":"2026-03-13T11:03:13","slug":"ford-performance-separador-de-aceite-mustang","status":"publish","type":"product","link":"https:\/\/kraftwerk-shop.cc\/es\/produkt\/ford-performance-oelabscheider-mustang\/","title":{"rendered":"Ford Separador de aceite de alto rendimiento Mustang GT \/ Bullitt \/ Mach I"},"content":{"rendered":"<h1>Ford Performance M-6766-A50A Separador de aceite para Ford Mustang GT \/ Bullitt \/ Mach I - lado del pasajero<\/h1>\n<p>Este separador de aceite es imprescindible para cualquiera que quiera mantener limpio su motor.<br \/>\nEste Oil Catch Can se instala en el lado del pasajero del motor.<br \/>\nEspecialmente desarrollado y dise\u00f1ado para su instalaci\u00f3n en motores de la familia Ford 5.0L.<br \/>\nTodas las mangueras y conexiones se utilizan con calidad OEM para garantizar una instalaci\u00f3n sencilla y un funcionamiento perfecto.<br \/>\nEl dep\u00f3sito separador de aceite debe vaciarse a intervalos regulares.<\/p>\n<p>&nbsp;<\/p>\n<p><strong>\u00bfC\u00f3mo funciona el sistema?<\/strong><\/p>\n<p>Cuando la presi\u00f3n del c\u00e1rter se ventila a trav\u00e9s del conducto de admisi\u00f3n, grandes cantidades de aceite en forma de vapores se introducen en el colector de admisi\u00f3n y en los colectores de admisi\u00f3n e incluso diluyen la gasolina, haciendo que baje el octanaje.<br \/>\nEsto ocurre en todos los motores y es a\u00fan m\u00e1s pronunciado en los veh\u00edculos con carga forzada (sobrealimentadores y turbocompresores), ya que aumenta la presi\u00f3n del c\u00e1rter.<br \/>\nPara contrarrestarlo, se desarroll\u00f3 un separador de aceite.<\/p>\n<p><strong>Adecuado para:<br \/>\n<\/strong><\/p>\n<table width=\"498\">\n<tbody>\n<tr>\n<td width=\"94\">Ford<\/td>\n<td width=\"158\">Mustang<\/td>\n<td width=\"134\">GT<\/td>\n<td width=\"112\">2018 - 2022<\/td>\n<\/tr>\n<tr>\n<td width=\"94\">Ford<\/td>\n<td width=\"158\">Mustang<\/td>\n<td width=\"134\">Bullitt<\/td>\n<td width=\"112\">2019-2020<\/td>\n<\/tr>\n<tr>\n<td width=\"94\">Ford<\/td>\n<td width=\"158\">Mustang<\/td>\n<td width=\"134\">Mach I<\/td>\n<td width=\"112\">2021 - 2022<\/td>\n<\/tr>\n<\/tbody>\n<\/table>\n<p>&nbsp;<\/p>\n<p><strong>Volumen de suministro:<\/strong><\/p>\n<ul>\n<li>Separador de aceite para el lado del pasajero<\/li>\n<li>Soporte<\/li>\n<li>Mangueras<\/li>\n<li>Conexiones<\/li>\n<\/ul>","protected":false},"excerpt":{"rendered":"<p>Ford Performance M-6766-A50A \u00d6labscheider f\u00fcr Ford Mustang GT \/ Bullitt \/ Mach I\u00a0 &#8211; Beifahrerseite Dieser \u00d6labscheider ist ein Muss<\/p>","protected":false},"featured_media":68284830,"comment_status":"open","ping_status":"closed","template":"","meta":{"_acf_changed":false},"product_brand":[],"product_cat":[3951],"product_tag":[3954,4626,917,4625,784,3962,4619,2934,36,84,4633,3955,4584,3872,4587,82,85,3243,406,83,3244],"class_list":{"0":"post-68284350","1":"product","2":"type-product","3":"status-publish","4":"has-post-thumbnail","6":"product_cat-mustang-50-gt-oil-catch-can","7":"product_tag-bullitt","8":"product_tag-catch-can","9":"product_tag-ford","10":"product_tag-ford-performance","11":"product_tag-gt","12":"product_tag-gt-5-0","13":"product_tag-gt50","14":"product_tag-harder","15":"product_tag-kraftwerk","16":"product_tag-kurbelgehaeuseentlueftung","17":"product_tag-m-6766-a50a","18":"product_tag-mach","19":"product_tag-mach-1","20":"product_tag-mustang","21":"product_tag-mustang-gt","22":"product_tag-oil-catch-can","23":"product_tag-oil-catch-tank","24":"product_tag-oil-separator","25":"product_tag-oel","26":"product_tag-oelabscheider","27":"product_tag-separator","29":"first","30":"instock","31":"taxable","32":"shipping-taxable","33":"purchasable","34":"product-type-simple"},"bundled_by":[],"bundle_stock_status":"instock","bundle_stock_quantity":1,"bundle_virtual":false,"bundle_layout":"","bundle_add_to_cart_form_location":"","bundle_editable_in_cart":false,"bundle_sold_individually_context":"","bundle_item_grouping":"","bundle_min_size":"","bundle_max_size":"","bundle_price":[],"bundled_items":[],"bundle_sell_ids":[],"exclude_global_add_ons":[],"addons":[],"acf":[],"_links":{"self":[{"href":"https:\/\/kraftwerk-shop.cc\/es\/wp-json\/wp\/v2\/product\/68284350","targetHints":{"allow":["GET"]}}],"collection":[{"href":"https:\/\/kraftwerk-shop.cc\/es\/wp-json\/wp\/v2\/product"}],"about":[{"href":"https:\/\/kraftwerk-shop.cc\/es\/wp-json\/wp\/v2\/types\/product"}],"replies":[{"embeddable":true,"href":"https:\/\/kraftwerk-shop.cc\/es\/wp-json\/wp\/v2\/comments?post=68284350"}],"version-history":[{"count":0,"href":"https:\/\/kraftwerk-shop.cc\/es\/wp-json\/wp\/v2\/product\/68284350\/revisions"}],"wp:featuredmedia":[{"embeddable":true,"href":"https:\/\/kraftwerk-shop.cc\/es\/wp-json\/wp\/v2\/media\/68284830"}],"wp:attachment":[{"href":"https:\/\/kraftwerk-shop.cc\/es\/wp-json\/wp\/v2\/media?parent=68284350"}],"wp:term":[{"taxonomy":"product_brand","embeddable":true,"href":"https:\/\/kraftwerk-shop.cc\/es\/wp-json\/wp\/v2\/product_brand?post=68284350"},{"taxonomy":"product_cat","embeddable":true,"href":"https:\/\/kraftwerk-shop.cc\/es\/wp-json\/wp\/v2\/product_cat?post=68284350"},{"taxonomy":"product_tag","embeddable":true,"href":"https:\/\/kraftwerk-shop.cc\/es\/wp-json\/wp\/v2\/product_tag?post=68284350"}],"curies":[{"name":"wp","href":"https:\/\/api.w.org\/{rel}","templated":true}]}}