{"id":68284537,"date":"2023-02-10T16:37:05","date_gmt":"2023-02-10T15:37:05","guid":{"rendered":"https:\/\/kraftwerk-shop.cc\/?post_type=product&#038;p=68284537"},"modified":"2026-03-30T11:17:09","modified_gmt":"2026-03-30T09:17:09","slug":"tazer-jl-mini-wrangler-gladiator","status":"publish","type":"product","link":"https:\/\/kraftwerk-shop.cc\/es\/produkt\/tazer-jl-mini-wrangler-gladiator\/","title":{"rendered":"Tazer JL Mini programador Wrangler &amp; Gladiator"},"content":{"rendered":"<h1 class=\"product-title product_title entry-title\">Tazer JL Mini programador para Jeep Wrangler &amp; Gladiator<\/h1>\n<p>&nbsp;<\/p>\n<p>El Tazer JL Mini es un dispositivo de programaci\u00f3n \/ codificaci\u00f3n indispensable para los propietarios del 2018+ Wrangler JL y Jeep Gladiator.<br \/>\nSe admiten todas las variantes de motor y transmisi\u00f3n, incluidos los modelos de exportaci\u00f3n.<\/p>\n<p>Simplemente retire el m\u00f3dulo SGW e inserte el Tazer JL Mini en su lugar. Se encuentra encima del conector de diagn\u00f3stico OBD2. Tambi\u00e9n puede instalar el cable de extensi\u00f3n SGW para facilitar la extracci\u00f3n y reinstalaci\u00f3n cuando visite el concesionario.<\/p>\n<p>Se accede a todas las funciones a trav\u00e9s del cuadro de instrumentos y los botones del volante para navegar por los men\u00fas.<\/p>\n<p>&nbsp;<\/p>\n<p><strong>Las funciones del Tazer JL Mini pueden dividirse en tres categor\u00edas:<\/strong><\/p>\n<ul>\n<li>En el <strong>Ajustes del veh\u00edculo<\/strong> se accede cuando el motor est\u00e1 apagado y el contacto en posici\u00f3n \"RUN\". Se trata de cambios que se realizan en el Jeep, como el tama\u00f1o de los neum\u00e1ticos, la relaci\u00f3n de transmisi\u00f3n o ajustes que tienen en cuenta otras mejoras. Estos cambios se conservan aunque el Tazer JL Mini se desconecte del coche.<\/li>\n<li>En el <strong>Funciones en directo<\/strong> se accede cuando se enciende el motor. Son procesos que el Tazer JL Mini realiza en tiempo real, solo mientras est\u00e1 conectado f\u00edsicamente al veh\u00edculo.<\/li>\n<li><strong>\"Funciones en directo \"sin men\u00fa<\/strong> no se encuentran en un men\u00fa. Se activan autom\u00e1ticamente o con una combinaci\u00f3n de botones del volante. Son procesos que el Tazer JL Mini solo realiza en directo cuando est\u00e1 conectado f\u00edsicamente.<\/li>\n<\/ul>\n<p>&nbsp;<\/p>\n<p><strong>Lista de ajustes del veh\u00edculo:<\/strong><\/p>\n<ul>\n<li>Espect\u00e1culo de luz\n<ul>\n<li>6 espect\u00e1culos de luces predefinidos y 3 personalizados que hacen parpadear todas las luces exteriores<\/li>\n<li>Perfecto para exhibiciones de coches\/primeros auxilios\/visibilidad todoterreno: se controla mediante la llave del veh\u00edculo o los botones del volante<\/li>\n<li>puede activarse durante la conducci\u00f3n para su uso en desfiles, fuera de la carretera y para aplicaciones policiales o de rescate legales<\/li>\n<\/ul>\n<\/li>\n<li>Lectura y visualizaci\u00f3n de c\u00f3digos de error en todo el sistema o en m\u00f3dulos espec\u00edficos<\/li>\n<li>Cambiar el tama\u00f1o de los neum\u00e1ticos (ajuste del veloc\u00edmetro)<\/li>\n<li>Cambio de la relaci\u00f3n de transmisi\u00f3n (m\u00e1x. 4,50 para 4XE)<\/li>\n<li>Cambiar la relaci\u00f3n LOW de la caja de transferencia<\/li>\n<li>Sistema de control de la presi\u00f3n de los neum\u00e1ticos (TPMS) Activar\/desactivar el sistema<\/li>\n<li>Ajuste del l\u00edmite de advertencia de presi\u00f3n del TPMS, delantero y trasero, entre 25psi y 85psi<\/li>\n<li>Activar\/desactivar la c\u00e1mara de marcha atr\u00e1s<\/li>\n<li>Activar\/desactivar la entrada de la c\u00e1mara de carga (s\u00f3lo UConnect 8.4)<\/li>\n<li>Activar\/desactivar entrada CD (audio por cable)<\/li>\n<li>Activar\/desactivar TravelLink\/XM tr\u00e1fico y tiempo<\/li>\n<li>Activar p\u00e1ginas todoterreno tras actualizar a radio de 8,4\u2033.<\/li>\n<li>Cambio de regi\u00f3n para las luces de circulaci\u00f3n diurna (CA\/USA)<\/li>\n<li>Cambiar la posici\u00f3n de las luces de circulaci\u00f3n diurna<\/li>\n<li>Activaci\u00f3n\/desactivaci\u00f3n de la funci\u00f3n de apagado de la luz de conducci\u00f3n diurna<\/li>\n<li>Activaci\u00f3n\/desactivaci\u00f3n de los faros antiniebla de f\u00e1brica<\/li>\n<li>Activaci\u00f3n\/desactivaci\u00f3n de la desconexi\u00f3n de las luces antiniebla (si las luces antiniebla se apagan al encender las luces largas).<\/li>\n<li>Activar\/desactivar el cambio de pista con una pulsaci\u00f3n<\/li>\n<li>Activar \/ desactivar los faros halo de f\u00e1brica (incluyendo la salida BCM para a\u00f1adir halos)<\/li>\n<li>Cambiar el tipo de faro (Std\/LED)<\/li>\n<li>Cambiar el tipo de luz antiniebla (Std\/LED)<\/li>\n<li>Cambio del tipo de luz trasera (Std\/LED)\/eliminaci\u00f3n del circuito sensor para el funcionamiento de las luces posventa.<\/li>\n<li>Cambiar tipo de intermitentes delanteros (Std\/LED)\/eliminar circuito sensor para faros retrofit.<\/li>\n<li>Activar\/desactivar la luz de carretera autom\u00e1tica<\/li>\n<li>Activar\/desactivar remolque<\/li>\n<li>Desactivar el estabilizador electr\u00f3nico (si se ha desmontado del veh\u00edculo)<\/li>\n<li>Desactivaci\u00f3n de la bomba de direcci\u00f3n electr\u00f3nica para conversiones de direcci\u00f3n hidr\u00e1ulica<\/li>\n<li>Activaci\u00f3n de la unidad de control del freno del remolque (principalmente Gladiator)<\/li>\n<li>Desactivaci\u00f3n de los bloqueos delantero y trasero al cambiar de eje<\/li>\n<li>Desactivaci\u00f3n del m\u00f3dulo de desconexi\u00f3n del eje delantero al cambiar de eje<\/li>\n<li>Determinar la presencia de un m\u00f3dulo de control de la transmisi\u00f3n (caja de transferencia Rubicon).<\/li>\n<li>Activar\/desactivar botones auxiliares<\/li>\n<li>Activaci\u00f3n\/desactivaci\u00f3n de la detecci\u00f3n de \u00e1ngulo muerto (al a\u00f1adir o quitar accesorios)<\/li>\n<li>Borrar el tono recordatorio del cintur\u00f3n<\/li>\n<li>Activar\/desactivar\/modificar la configuraci\u00f3n de ParkSense<\/li>\n<li>Cambio de la pantalla de inicio del cuadro de instrumentos - JL: Wrangler\/Sahara\/Rubicon JT: Sport\/SportX\/Rubicon<\/li>\n<li>Activaci\u00f3n del conjunto de conmutadores de doble zona HVAC al actualizar desde una radio de 5 pulgadas<\/li>\n<li>Activar HomeLink si el visor HomeLink y el mazo de cables est\u00e1n instalados.<\/li>\n<li>Activaci\u00f3n\/desactivaci\u00f3n de los retrovisores con oscurecimiento autom\u00e1tico tras la instalaci\u00f3n<\/li>\n<li>Activar la entrada de proximidad si las manillas y los mazos de cables est\u00e1n instalados.<\/li>\n<li>Activar salida de camioneta (Gladiator)<\/li>\n<li>Activaci\u00f3n\/desactivaci\u00f3n de los faros autom\u00e1ticos despu\u00e9s de instalar los sensores<\/li>\n<li>Activar\/desactivar el bot\u00f3n PANIC del mando a distancia<\/li>\n<li>Visualizaci\u00f3n de la versi\u00f3n de firmware del Tazer JL Mini<\/li>\n<li>Visualizaci\u00f3n del n\u00famero de serie del Tazer JL Mini<\/li>\n<li>Visualizaci\u00f3n del n\u00famero actual de Unmarry<\/li>\n<li>Vuelta al estado original con un solo toque: la funci\u00f3n r\u00e1pida \"Unmarry\" restablece todos los ajustes al estado predeterminado.<\/li>\n<\/ul>\n<p>&nbsp;<\/p>\n<p><strong>Lista de funciones en directo:<\/strong><\/p>\n<ul>\n<li>Activar espect\u00e1culo de luces<\/li>\n<li>Detener el frenado en un sem\u00e1foro en rojo (excepto 4XE)<\/li>\n<li>Uso del mando de la puerta del garaje despu\u00e9s de apagar el veh\u00edculo<\/li>\n<li>Activar la entrada de navegaci\u00f3n durante la conducci\u00f3n<\/li>\n<li>TurnCAM: activa la c\u00e1mara de marcha atr\u00e1s cuando se activan los intermitentes (UConnect de 5\u2033, 7\u2033 y 8,4\u2033).<\/li>\n<li>Kill3Honk - desactivar tres tonos de bocina que suenan al salir del veh\u00edculo con la llave<\/li>\n<li>Conexi\u00f3n y desconexi\u00f3n de la alarma del cap\u00f3<\/li>\n<li>Activaci\u00f3n del calefactor del acompa\u00f1ante durante el arranque a distancia<\/li>\n<li>La tercera luz de freno parpadea al frenar<\/li>\n<li>Patr\u00f3n de intermitencia personalizado para la tercera luz de freno<\/li>\n<li>Ajustar la velocidad del modo cabrestante (excepto 4XE)<\/li>\n<li>Luces intermitentes para indicar la presi\u00f3n de los neum\u00e1ticos al repostar<\/li>\n<li>Modo oscuro: apaga todas las luces exteriores y la iluminaci\u00f3n del cuadro de instrumentos, la radio y la palanca de cambios cuando el veh\u00edculo est\u00e1 parado y el motor en marcha.<\/li>\n<li>Activaci\u00f3n y conmutaci\u00f3n de las entradas de la c\u00e1mara<\/li>\n<li>Visualizaci\u00f3n del indicador de vac\u00edo\/presi\u00f3n<\/li>\n<li>0-30 Activar temporizador<\/li>\n<li>Activar temporizador 0-60<\/li>\n<li>Force RWD (s\u00f3lo 392)<\/li>\n<li>Mostrar versi\u00f3n de firmware<\/li>\n<\/ul>\n<p>&nbsp;<\/p>\n<p><strong>Lista de funciones \"no men\u00fa\" en directo<\/strong><\/p>\n<ul>\n<li>Desactivar AutoStopStart - El Tazer JL Mini recuerda autom\u00e1ticamente el \u00faltimo estado del sistema autom\u00e1tico de arranque y parada y lo restablece la pr\u00f3xima vez que se arranca el veh\u00edculo.<\/li>\n<li>AutoTracKill - El Tazer JL Mini memoriza autom\u00e1ticamente el \u00faltimo estado del control de tracci\u00f3n y lo ajusta para usted la pr\u00f3xima vez que arranque el veh\u00edculo.<\/li>\n<li>Desacopla el estabilizador en modo 2WD hasta una velocidad de 50 km\/h o a cualquier velocidad si est\u00e1 asignado a un bot\u00f3n.<\/li>\n<li>Blanqueo de matr\u00edcula (Gladiator) - El Tazer JL Mini apaga autom\u00e1ticamente la iluminaci\u00f3n de la matr\u00edcula al dar marcha atr\u00e1s o utilizar TurnCam para reducir el deslumbramiento.<\/li>\n<li>Activaci\u00f3n de la iluminaci\u00f3n del maletero \/ luces de marcha atr\u00e1s mediante el llavero (Gladiator)<\/li>\n<li>Axle Locker Control (Rubicon, Mojave) - activa los bloqueos en 2WD y 4Hi a petici\u00f3n.<\/li>\n<li>Modo de enfriamiento: enciende los ventiladores del motor cuando es necesario<\/li>\n<li>Modo cabrestante: eleva el r\u00e9gimen de ralent\u00ed a un valor libremente seleccionable entre 1250 y 2000 (excepto 4XE).<\/li>\n<li>Alarma de cap\u00f3: supervisa la actividad del cap\u00f3 cuando se activa el sistema de alarma antirrobo del veh\u00edculo y activa una alarma y un espect\u00e1culo de luces cuando se abre el cap\u00f3.<\/li>\n<li>Bloqueo de l\u00ednea: bloquea los frenos delanteros para facilitar el quemado<\/li>\n<li>Rock Crawl: bloquea los cuatro frenos con una combinaci\u00f3n de botones en el volante para mantener el veh\u00edculo parado, especialmente \u00fatil fuera de carretera (excepto 4XE).<\/li>\n<li>Bloquee los cuatro frenos en posici\u00f3n de estacionamiento para anclar el Jeep (atajo) (excepto 4XE)<\/li>\n<li>TC Kill - desconecta el control de tracci\u00f3n, el control de estabilidad y el ABS (excepto 4XE)<\/li>\n<li>Mostrar c\u00e1mara de marcha atr\u00e1s (acceso directo)<\/li>\n<li>Asistencia al giro: bloquea el neum\u00e1tico trasero interior para tomar curvas m\u00e1s cerradas (s\u00f3lo funci\u00f3n de bot\u00f3n) (excl. 4XE)<\/li>\n<li>Reasignaci\u00f3n de los botones +\/-\/RES para el control de crucero:\n<ul>\n<li>Cada una de las 8 pantallas luminosas<\/li>\n<li>C\u00e1mara de marcha atr\u00e1s<\/li>\n<li>TC Kill (excepto 4XE)<\/li>\n<li>Bloqueo de l\u00ednea (excepto 4XE)<\/li>\n<li>Equipo de enredadera (excepto 4XE)<\/li>\n<li>Asistente de giro (excepto 4XE)<\/li>\n<li>Modo cabrestante (excepto 4XE)<\/li>\n<li>Enfriamiento<\/li>\n<li>Taquillas delanteras\/traseras\/delanteras+traseras<\/li>\n<li>SwayKill<\/li>\n<li>Modo oscuro<\/li>\n<li>Fuerza RWD<\/li>\n<li>Reinicio parcial<\/li>\n<\/ul>\n<\/li>\n<\/ul>\n<p>&nbsp;<\/p>\n<p><strong>Adecuado para:<\/strong><\/p>\n<table width=\"357\">\n<tbody>\n<tr>\n<td width=\"114\"><strong>Marca<\/strong><\/td>\n<td width=\"121\"><strong>Modelo<\/strong><\/td>\n<td width=\"122\"><strong>A\u00f1o de construcci\u00f3n<\/strong><\/td>\n<\/tr>\n<tr>\n<td width=\"114\">Jeep<\/td>\n<td width=\"121\">Gladiator<\/td>\n<td width=\"122\">2020-2026<\/td>\n<\/tr>\n<tr>\n<td width=\"114\">Jeep<\/td>\n<td width=\"121\">Wrangler<\/td>\n<td width=\"122\">2018-2026<\/td>\n<\/tr>\n<\/tbody>\n<\/table>\n<p>&nbsp;<\/p>\n<p>Las JL europeas est\u00e1n equipadas con intermitentes en los espejos laterales, que ocupan el lugar de los Halos en el cableado. Actualmente no se pueden instalar Halos en las JL europeas.<\/p>\n<h3>Somos un distribuidor autorizado de Z-Automotive.<\/h3>","protected":false},"excerpt":{"rendered":"<p>2018-2026<\/p>","protected":false},"featured_media":68284868,"comment_status":"open","ping_status":"closed","template":"","meta":{"_acf_changed":false},"product_brand":[17480],"product_cat":[2951,19705,3014,2945,19767,3362,2959],"product_tag":[3474,455,456,460,452,3475,3476,3471,3470,431,462,4643,3481,429,49,3472,461,447,115,454,2217,453,50,903,441,36,450,451,457,531,445,438,449,448,444,459,3477,517,1154,3473,3479,3480,2980,446,463,443,442,3478,3482,3483,464,175,470,2991,440,458],"class_list":{"0":"post-68284537","1":"product","2":"type-product","3":"status-publish","4":"has-post-thumbnail","6":"product_brand-z-automotive","7":"product_cat-wrangler-36-programmiergeraete","8":"product_cat-gladiator-ecodiesel-programmiergeraete","9":"product_cat-gladiator-36-programmiergeraete","10":"product_cat-wrangler-20-turbo-programmiergeraete","11":"product_cat-wrangler-30-ecodiesel-programmiergeraete","12":"product_cat-wrangler-36-getriebe","13":"product_cat-wrangler-64-programmiergeraete","14":"product_tag-achsuebersetzung","15":"product_tag-adaption","16":"product_tag-adaptionswerte","17":"product_tag-aktivieren","18":"product_tag-allrad","19":"product_tag-anpassen","20":"product_tag-anpassung","21":"product_tag-app","22":"product_tag-blaster","23":"product_tag-burnout","24":"product_tag-codieren","25":"product_tag-codiergeraet","26":"product_tag-codierung","27":"product_tag-deutschland","28":"product_tag-dodge","29":"product_tag-download","30":"product_tag-einschalten","31":"product_tag-evic","32":"product_tag-getriebe","33":"product_tag-getriebesteuerung","34":"product_tag-gladiator","35":"product_tag-heckantrieb","36":"product_tag-jeep","37":"product_tag-jl","38":"product_tag-kaufen","39":"product_tag-kraftwerk","40":"product_tag-lenkradschaltung","41":"product_tag-line-lock","42":"product_tag-loeschen","43":"product_tag-mini","44":"product_tag-nebelleuchten","45":"product_tag-obd","46":"product_tag-paddle-shifter","47":"product_tag-paddles","48":"product_tag-performance-pages","49":"product_tag-programmieren","50":"product_tag-programmierer","51":"product_tag-programmiergeraet","52":"product_tag-programmierung","53":"product_tag-reifenabrollumfang","54":"product_tag-reifendruck","55":"product_tag-reifendrucksensoren","56":"product_tag-rubicon","57":"product_tag-rueckfahrkamera","58":"product_tag-shop","59":"product_tag-sport-modus","60":"product_tag-tazer","61":"product_tag-tpms","62":"product_tag-umcodieren","63":"product_tag-umcodierung","64":"product_tag-webshop","65":"product_tag-wrangler","66":"product_tag-z-auto","67":"product_tag-zauto","68":"product_tag-zautotech","69":"product_tag-zuruecksetzen","71":"first","72":"onbackorder","73":"taxable","74":"shipping-taxable","75":"purchasable","76":"product-type-simple"},"bundled_by":[],"bundle_stock_status":"onbackorder","bundle_stock_quantity":0,"bundle_virtual":false,"bundle_layout":"","bundle_add_to_cart_form_location":"","bundle_editable_in_cart":false,"bundle_sold_individually_context":"","bundle_item_grouping":"","bundle_min_size":"","bundle_max_size":"","bundle_price":[],"bundled_items":[],"bundle_sell_ids":[],"exclude_global_add_ons":[],"addons":[],"acf":[],"_links":{"self":[{"href":"https:\/\/kraftwerk-shop.cc\/es\/wp-json\/wp\/v2\/product\/68284537","targetHints":{"allow":["GET"]}}],"collection":[{"href":"https:\/\/kraftwerk-shop.cc\/es\/wp-json\/wp\/v2\/product"}],"about":[{"href":"https:\/\/kraftwerk-shop.cc\/es\/wp-json\/wp\/v2\/types\/product"}],"replies":[{"embeddable":true,"href":"https:\/\/kraftwerk-shop.cc\/es\/wp-json\/wp\/v2\/comments?post=68284537"}],"version-history":[{"count":0,"href":"https:\/\/kraftwerk-shop.cc\/es\/wp-json\/wp\/v2\/product\/68284537\/revisions"}],"wp:featuredmedia":[{"embeddable":true,"href":"https:\/\/kraftwerk-shop.cc\/es\/wp-json\/wp\/v2\/media\/68284868"}],"wp:attachment":[{"href":"https:\/\/kraftwerk-shop.cc\/es\/wp-json\/wp\/v2\/media?parent=68284537"}],"wp:term":[{"taxonomy":"product_brand","embeddable":true,"href":"https:\/\/kraftwerk-shop.cc\/es\/wp-json\/wp\/v2\/product_brand?post=68284537"},{"taxonomy":"product_cat","embeddable":true,"href":"https:\/\/kraftwerk-shop.cc\/es\/wp-json\/wp\/v2\/product_cat?post=68284537"},{"taxonomy":"product_tag","embeddable":true,"href":"https:\/\/kraftwerk-shop.cc\/es\/wp-json\/wp\/v2\/product_tag?post=68284537"}],"curies":[{"name":"wp","href":"https:\/\/api.w.org\/{rel}","templated":true}]}}