{"id":68284899,"date":"2023-02-16T11:20:53","date_gmt":"2023-02-16T10:20:53","guid":{"rendered":"https:\/\/kraftwerk-shop.cc\/?post_type=product&#038;p=68284899"},"modified":"2026-02-15T00:48:59","modified_gmt":"2026-02-14T23:48:59","slug":"dba-mustang-ecoboost-dba42164s","status":"publish","type":"product","link":"https:\/\/kraftwerk-shop.cc\/es\/produkt\/dba-mustang-ecoboost-dba42164s\/","title":{"rendered":"DBA Disco de freno para Ford Mustang 2.3 EcoBoost DBA42164S T3"},"content":{"rendered":"<h1>DBA Disco de freno para Ford Mustang 2.3 EcoBoost DBA42164S T3 (eje delantero)<\/h1>\n<ul>\n<li>Ideal para conducir r\u00e1pido<\/li>\n<li>Alta calidad, alto rendimiento para sus necesidades<\/li>\n<\/ul>\n<p>Hay 3 marcas de color en el disco que sirven como indicador de la temperatura m\u00e1s alta alcanzada.<\/p>\n<p><strong>Adecuado para:<br \/>\n<\/strong><\/p>\n<table width=\"498\">\n<tbody>\n<tr>\n<td width=\"94\">Ford<\/td>\n<td width=\"158\">Mustang<\/td>\n<td width=\"134\">2.3 EcoBoost<\/td>\n<td width=\"112\">2015 - 2023<\/td>\n<\/tr>\n<\/tbody>\n<\/table>\n<p><strong>\u00a0<\/strong><strong>Datos:<\/strong><\/p>\n<table border=\"0\" width=\"487\" cellspacing=\"0\" cellpadding=\"0\">\n<colgroup>\n<col \/>\n<col \/> <\/colgroup>\n<tbody>\n<tr>\n<td style=\"height: 19px; width: 248px;\" height=\"19\">\n<div data-v-369d9bee=\"\" data-v-7bd94b2e=\"\">\n<div data-v-369d9bee=\"\">Di\u00e1metro (mm)<\/div>\n<\/div>\n<\/td>\n<td style=\"width: 239px;\">352<\/td>\n<\/tr>\n<tr>\n<td style=\"height: 19px;\" height=\"19\">\n<div data-v-369d9bee=\"\">Ventilaci\u00f3n<\/div>\n<\/td>\n<td>Pata de canguro<\/td>\n<\/tr>\n<tr>\n<td style=\"height: 19px;\" height=\"19\">\n<div data-v-369d9bee=\"\">N\u00famero de agujeros<\/div>\n<\/td>\n<td>5<\/td>\n<\/tr>\n<tr>\n<td style=\"height: 19px;\" height=\"19\">\n<div data-v-369d9bee=\"\">Di\u00e1metro interior (mm)<\/div>\n<\/td>\n<td>71<\/td>\n<\/tr>\n<tr>\n<td style=\"height: 19px;\" height=\"19\">\n<div data-v-369d9bee=\"\">Espesor (mm)<\/div>\n<\/td>\n<td>32<\/td>\n<\/tr>\n<tr>\n<td style=\"height: 19px;\" height=\"19\">\n<div data-v-369d9bee=\"\">Altura (mm)<\/div>\n<\/td>\n<td>64<\/td>\n<\/tr>\n<tr>\n<td style=\"height: 19px;\" height=\"19\">\n<div data-v-369d9bee=\"\">Espesor m\u00ednimo (mm)<\/div>\n<\/td>\n<td>30<\/td>\n<\/tr>\n<tr>\n<td style=\"height: 19px;\" height=\"19\">Peso (kg)<\/td>\n<td>11.75<\/td>\n<\/tr>\n<\/tbody>\n<\/table>\n<p>&nbsp;<\/p>\n<p>El precio se refiere a un disco de freno.<\/p>\n<p>&nbsp;<\/p>\n<table id=\"xoverview\" class=\"table\">\n<tbody>\n<tr>\n<td><strong>Funci\u00f3n<\/strong><\/td>\n<td><b>Descripci\u00f3n de la<\/b><\/td>\n<td><b>Ventaja<\/b><\/td>\n<\/tr>\n<tr>\n<td rowspan=\"3\"><img decoding=\"async\" class=\"icon\" title=\"T3\" src=\"https:\/\/3cerp.eu\/api\/file\/DBA_T3.png\" alt=\"T3\" width=\"79\" height=\"55\" \/><\/p>\n<p><strong>Ranura T3 48 ranuras de precisi\u00f3n fresadas con CNC<\/strong><\/td>\n<td>Las ranuras trisim\u00e9tricas amortiguan las vibraciones y el ruido<\/td>\n<td>Un tacto del pedal de freno m\u00e1s suave y con mayor capacidad de respuesta<\/td>\n<\/tr>\n<tr>\n<td>Mayor n\u00famero de puntos de salida para los gases de fricci\u00f3n de las pastillas de freno que escapan a trav\u00e9s del dise\u00f1o de ranura universal<\/td>\n<td>Aumenta la uniformidad y eficacia de cada frenada<\/td>\n<\/tr>\n<tr>\n<td><\/td>\n<td>No se necesitan discos de freno diferentes a izquierda y derecha<\/td>\n<\/tr>\n<tr>\n<td rowspan=\"2\"><img decoding=\"async\" class=\"icon\" title=\"KANGAROO_PAW\" src=\"https:\/\/3cerp.eu\/api\/file\/KANGAROO_PAW.jpg\" alt=\"KANGAROO_PAW\" width=\"80\" height=\"79\" \/><b><\/b><\/p>\n<p><b>Kangaroo Paw - Sistema de ventilaci\u00f3n de columna 144 Diamond y Tear Drop<br \/>\n<\/b><\/td>\n<td>La mayor superficie permite una mejor disipaci\u00f3n del calor.<\/td>\n<td>Minimiza el debilitamiento de los frenos y aumenta el efecto de frenado<\/td>\n<\/tr>\n<tr>\n<td>La mayor superficie permite una mejor disipaci\u00f3n del calor.<\/td>\n<td>Prolonga la vida \u00fatil de las pastillas y los discos de freno. Reduce los da\u00f1os mec\u00e1nicos y los costes asociados.<\/td>\n<\/tr>\n<tr>\n<td><img decoding=\"async\" class=\"icon\" title=\"DBA_XG150\" src=\"https:\/\/3cerp.eu\/api\/file\/DBA_XG150.png\" alt=\"DBA_XG150\" width=\"80\" height=\"45\" \/><b><\/b><\/p>\n<p><b>XG150 Hierro aleado con alto contenido en carbono<br \/>\n<\/b><\/td>\n<td>La mayor capacidad t\u00e9rmica permite al disco de freno soportar el calor extremo durante m\u00e1s tiempo<\/td>\n<td>Minimiza la deformaci\u00f3n y el agrietamiento y prolonga la vida \u00fatil del disco de freno<\/td>\n<\/tr>\n<tr>\n<td><img decoding=\"async\" class=\"icon\" title=\"DBA_TSP\" src=\"https:\/\/3cerp.eu\/api\/file\/DBA_TSP.png\" alt=\"DBA_TSP\" width=\"80\" height=\"35\" \/><b><\/b><\/p>\n<p><strong>Perfil de estabilidad t\u00e9rmica<\/strong><\/td>\n<td>Desarrollo especial adaptado al proceso DBA TSP<\/td>\n<td>Minimiza la deformaci\u00f3n y el agrietamiento y prolonga la vida \u00fatil del disco de freno<\/td>\n<\/tr>\n<tr>\n<td rowspan=\"2\"><strong><img decoding=\"async\" class=\"icon\" title=\"DBA_TTM\" src=\"https:\/\/3cerp.eu\/api\/file\/DBA_TTM.png\" alt=\"DBA_TTM\" width=\"80\" height=\"60\" \/><\/strong><\/p>\n<p><strong>Control termogr\u00e1fico de la temperatura<\/strong><\/td>\n<td>Las marcas t\u00e9rmicas cambian de color a determinados umbrales de temperatura<\/td>\n<td>Proporciona al conductor una visualizaci\u00f3n clara de las temperaturas m\u00e1ximas de frenado<\/td>\n<\/tr>\n<tr>\n<td>Si se superan los umbrales de temperatura, las marcas de color cambian de color permanentemente<\/td>\n<td>Permite al conductor controlar la fatiga de los discos de freno y decidir si sustituirlos, y ayuda a los concesionarios con las reclamaciones de garant\u00eda.<\/td>\n<\/tr>\n<tr>\n<td rowspan=\"2\"><strong><img decoding=\"async\" class=\"icon\" title=\"DBA_Pain_Protection\" src=\"https:\/\/3cerp.eu\/api\/file\/DBA_Pain_Protection.png\" alt=\"DBA_Pain_Protection\" width=\"80\" height=\"85\" \/><\/strong><\/p>\n<p><strong>Protecci\u00f3n de la pintura en superficies sin fricci\u00f3n<\/strong><\/td>\n<td>Reduce la corrosi\u00f3n<\/td>\n<td>Evita la antiest\u00e9tica formaci\u00f3n de \u00f3xido<\/td>\n<\/tr>\n<tr>\n<td>Mejora el aspecto<\/td>\n<td>Aumenta el valor del producto<\/td>\n<\/tr>\n<\/tbody>\n<\/table>\n<p>&nbsp;<\/p>","protected":false},"excerpt":{"rendered":"<p>Disco de freno de 352 mm<\/p>","protected":false},"featured_media":68284902,"comment_status":"open","ping_status":"closed","template":"","meta":{"_acf_changed":false},"product_brand":[18922],"product_cat":[4651],"product_tag":[4020,4090,795,796,789,4688,3873,692,917,2934,3872,186,797,4089,673],"class_list":{"0":"post-68284899","1":"product","2":"type-product","3":"status-publish","4":"has-post-thumbnail","6":"product_brand-dba","7":"product_cat-mustang-23-ecoboost-bremsen-vorne","8":"product_tag-2-3","9":"product_tag-4090","10":"product_tag-bremse","11":"product_tag-bremsscheibe","12":"product_tag-dba","13":"product_tag-dba42164s","14":"product_tag-ecoboost","15":"product_tag-ersatzteil","16":"product_tag-ford","17":"product_tag-harder","18":"product_tag-mustang","19":"product_tag-performance","20":"product_tag-sportbremsscheibe","21":"product_tag-t3","22":"product_tag-zubehoer","24":"first","25":"onbackorder","26":"taxable","27":"shipping-taxable","28":"purchasable","29":"product-type-simple"},"bundled_by":[],"bundle_stock_status":"onbackorder","bundle_stock_quantity":0,"bundle_virtual":false,"bundle_layout":"","bundle_add_to_cart_form_location":"","bundle_editable_in_cart":false,"bundle_sold_individually_context":"","bundle_item_grouping":"","bundle_min_size":"","bundle_max_size":"","bundle_price":[],"bundled_items":[],"bundle_sell_ids":[],"exclude_global_add_ons":[],"addons":[],"acf":[],"_links":{"self":[{"href":"https:\/\/kraftwerk-shop.cc\/es\/wp-json\/wp\/v2\/product\/68284899","targetHints":{"allow":["GET"]}}],"collection":[{"href":"https:\/\/kraftwerk-shop.cc\/es\/wp-json\/wp\/v2\/product"}],"about":[{"href":"https:\/\/kraftwerk-shop.cc\/es\/wp-json\/wp\/v2\/types\/product"}],"replies":[{"embeddable":true,"href":"https:\/\/kraftwerk-shop.cc\/es\/wp-json\/wp\/v2\/comments?post=68284899"}],"version-history":[{"count":0,"href":"https:\/\/kraftwerk-shop.cc\/es\/wp-json\/wp\/v2\/product\/68284899\/revisions"}],"wp:featuredmedia":[{"embeddable":true,"href":"https:\/\/kraftwerk-shop.cc\/es\/wp-json\/wp\/v2\/media\/68284902"}],"wp:attachment":[{"href":"https:\/\/kraftwerk-shop.cc\/es\/wp-json\/wp\/v2\/media?parent=68284899"}],"wp:term":[{"taxonomy":"product_brand","embeddable":true,"href":"https:\/\/kraftwerk-shop.cc\/es\/wp-json\/wp\/v2\/product_brand?post=68284899"},{"taxonomy":"product_cat","embeddable":true,"href":"https:\/\/kraftwerk-shop.cc\/es\/wp-json\/wp\/v2\/product_cat?post=68284899"},{"taxonomy":"product_tag","embeddable":true,"href":"https:\/\/kraftwerk-shop.cc\/es\/wp-json\/wp\/v2\/product_tag?post=68284899"}],"curies":[{"name":"wp","href":"https:\/\/api.w.org\/{rel}","templated":true}]}}