{"id":68285139,"date":"2023-02-18T16:05:40","date_gmt":"2023-02-18T15:05:40","guid":{"rendered":"https:\/\/kraftwerk-shop.cc\/?post_type=product&#038;p=68285139"},"modified":"2026-04-02T15:05:37","modified_gmt":"2026-04-02T13:05:37","slug":"pastillas-de-freno-mopar-68520814ac-ram","status":"publish","type":"product","link":"https:\/\/kraftwerk-shop.cc\/es\/produkt\/mopar-bremsbelaege-68520814ac-ram\/","title":{"rendered":"Mopar pastillas de freno RAM (68520814AC)"},"content":{"rendered":"<h1>Pastillas de freno originales Mopar (eje delantero) para RAM 3.0 EcoDiesel, 3.6, 5.7 y 6.2 TRX<\/h1>\n<p>&nbsp;<\/p>\n<p><strong>N\u00famero de pieza Mopar:<\/strong> 68520814AC<br \/>\n<strong>Reemplazado:<\/strong> 68520814AA, 68520814AB<\/p>\n<p>&nbsp;<\/p>\n<p><strong>Adecuado para:<\/strong><\/p>\n<table width=\"596\">\n<tbody>\n<tr>\n<td width=\"114\"><strong>Marca<\/strong><\/td>\n<td width=\"121\"><strong>Modelo<\/strong><\/td>\n<td width=\"122\"><strong>Motor<\/strong><\/td>\n<td width=\"141\"><strong>A\u00f1o de construcci\u00f3n<\/strong><\/td>\n<td width=\"98\"><strong>C\u00f3digo de freno<\/strong><\/td>\n<\/tr>\n<tr>\n<td width=\"114\">RAM<\/td>\n<td width=\"121\">1500<\/td>\n<td width=\"122\">3.0 EcoDiesel<\/td>\n<td width=\"141\">2021-2023<\/td>\n<td>BNN<\/td>\n<\/tr>\n<tr>\n<td width=\"114\">RAM<\/td>\n<td width=\"121\">1500<\/td>\n<td width=\"122\">3.6<\/td>\n<td width=\"141\">2021-2024<\/td>\n<td>BNN<\/td>\n<\/tr>\n<tr>\n<td width=\"114\">RAM<\/td>\n<td width=\"121\">1500<\/td>\n<td width=\"122\">5.7<\/td>\n<td width=\"141\">2021-2024<\/td>\n<td>BNN<\/td>\n<\/tr>\n<tr>\n<td width=\"114\">RAM<\/td>\n<td width=\"121\">1500<\/td>\n<td width=\"122\">6.2 TRX<\/td>\n<td width=\"141\">2021-2024<\/td>\n<td>BNN<\/td>\n<\/tr>\n<\/tbody>\n<\/table>\n<p>&nbsp;<\/p>\n<p>El precio se refiere a 1 juego para el eje delantero completo.<\/p>\n<p>&nbsp;<\/p>\n<p><strong>Pastillas de freno de disco delanteras semimet\u00e1licas (68520814AC) de Mopar\u00ae.<\/strong><\/p>\n<p>\u00bfDesea que su preciada posesi\u00f3n tenga el aspecto y funcione como fue concebida originalmente? Entonces los recambios y accesorios Mopar de alta calidad son perfectos para usted.<br \/>\nLas piezas Mopar se fabrican utilizando la \u00faltima tecnolog\u00eda de producci\u00f3n y cumplen los m\u00e1s altos est\u00e1ndares de calidad. Ofrecen un rendimiento y una durabilidad extraordinarios. Le proporcionar\u00e1n un servicio fiable durante mucho tiempo y har\u00e1n de cada viaje una experiencia segura y agradable.<\/p>\n<p>Mopar\u00ae es una fuente exclusiva de recambios y accesorios originales para millones de veh\u00edculos Chrysler, Dodge, Jeep, Ram y Fiat. Durante m\u00e1s de 8 d\u00e9cadas, t\u00e9cnicos profesionales, pilotos de carreras y conductores recreativos de todo el mundo han utilizado productos Mopar para reparar y mantener sus veh\u00edculos. Las aut\u00e9nticas piezas de motor, transmisi\u00f3n y componentes del sistema de refrigeraci\u00f3n se pueden encontrar en miles de veh\u00edculos en todo el pa\u00eds y en todo el mundo. Las piezas y accesorios Mopar son todo lo que necesita para mantener su veh\u00edculo en las mejores condiciones.<\/p>","protected":false},"excerpt":{"rendered":"<p>Pieza original Mopar<br \/>\n2021-2024<\/p>","protected":false},"featured_media":68286005,"comment_status":"open","ping_status":"closed","template":"","meta":{"_acf_changed":false},"product_brand":[16270],"product_cat":[19406,19677,5012,4704],"product_tag":[475,4508,169,91,101,4702,2437,838,590,795,839,840,476,692,31,34,794,86,2353,842,841,673],"class_list":{"0":"post-68285139","1":"product","2":"type-product","3":"status-publish","4":"has-post-thumbnail","6":"product_brand-mopar","7":"product_cat-1500-ecodiesel-2020-2023-bremsen-vorne","8":"product_cat-1500-36-dt-bremsen-vorne","9":"product_cat-1500-57-dt-bremsen-vorne","10":"product_cat-trx-bremsen-vorne","11":"product_tag-475","12":"product_tag-3-0-ecodiesel","13":"product_tag-3-6","14":"product_tag-5-7","15":"product_tag-6-2","16":"product_tag-68520814ac","17":"product_tag-bnn","18":"product_tag-bremsbelag","19":"product_tag-bremsbelaege","20":"product_tag-bremse","21":"product_tag-bremsklotz","22":"product_tag-bremskloetze","23":"product_tag-dt","24":"product_tag-ersatzteil","25":"product_tag-mopar","26":"product_tag-original","27":"product_tag-premium","28":"product_tag-ram","29":"product_tag-trx","30":"product_tag-vorderachse","31":"product_tag-vorne","32":"product_tag-zubehoer","33":"product_shipping_class-deutschlandohne","35":"first","36":"instock","37":"taxable","38":"shipping-taxable","39":"purchasable","40":"product-type-simple"},"bundled_by":[],"bundle_stock_status":"instock","bundle_stock_quantity":3,"bundle_virtual":false,"bundle_layout":"","bundle_add_to_cart_form_location":"","bundle_editable_in_cart":false,"bundle_sold_individually_context":"","bundle_item_grouping":"","bundle_min_size":"","bundle_max_size":"","bundle_price":[],"bundled_items":[],"bundle_sell_ids":[],"exclude_global_add_ons":[],"addons":[],"acf":[],"_links":{"self":[{"href":"https:\/\/kraftwerk-shop.cc\/es\/wp-json\/wp\/v2\/product\/68285139","targetHints":{"allow":["GET"]}}],"collection":[{"href":"https:\/\/kraftwerk-shop.cc\/es\/wp-json\/wp\/v2\/product"}],"about":[{"href":"https:\/\/kraftwerk-shop.cc\/es\/wp-json\/wp\/v2\/types\/product"}],"replies":[{"embeddable":true,"href":"https:\/\/kraftwerk-shop.cc\/es\/wp-json\/wp\/v2\/comments?post=68285139"}],"version-history":[{"count":0,"href":"https:\/\/kraftwerk-shop.cc\/es\/wp-json\/wp\/v2\/product\/68285139\/revisions"}],"wp:featuredmedia":[{"embeddable":true,"href":"https:\/\/kraftwerk-shop.cc\/es\/wp-json\/wp\/v2\/media\/68286005"}],"wp:attachment":[{"href":"https:\/\/kraftwerk-shop.cc\/es\/wp-json\/wp\/v2\/media?parent=68285139"}],"wp:term":[{"taxonomy":"product_brand","embeddable":true,"href":"https:\/\/kraftwerk-shop.cc\/es\/wp-json\/wp\/v2\/product_brand?post=68285139"},{"taxonomy":"product_cat","embeddable":true,"href":"https:\/\/kraftwerk-shop.cc\/es\/wp-json\/wp\/v2\/product_cat?post=68285139"},{"taxonomy":"product_tag","embeddable":true,"href":"https:\/\/kraftwerk-shop.cc\/es\/wp-json\/wp\/v2\/product_tag?post=68285139"}],"curies":[{"name":"wp","href":"https:\/\/api.w.org\/{rel}","templated":true}]}}