{"id":68285792,"date":"2023-03-03T12:55:49","date_gmt":"2023-03-03T11:55:49","guid":{"rendered":"https:\/\/kraftwerk-shop.cc\/?post_type=product&#038;p=68285792"},"modified":"2026-02-16T16:09:17","modified_gmt":"2026-02-16T15:09:17","slug":"diablosport-intune-i3-platinum-ford","status":"publish","type":"product","link":"https:\/\/kraftwerk-shop.cc\/es\/produkt\/diablosport-intune-i3-platinum-ford\/","title":{"rendered":"Diablosport inTune i3 Platinum Ford"},"content":{"rendered":"<h1>Diablosport inTune i3 para Ford, Lincoln, Mazda<\/h1>\n<p><span style=\"font-size: 16px;\"><span style=\"font-family: Arial,Verdana,Helvetica; line-height: 15.6px;\"><br \/>\nEl Diablopsport <strong>inTune i3 <\/strong>sustituye al inTune <strong>i2<\/strong>.<\/span><\/span><\/p>\n<p><span style=\"font-size: 16px;\"><span style=\"font-family: Arial,Verdana,Helvetica; line-height: 15.6px;\">Somos <strong><u>m\u00e1s autorizados<\/u> <\/strong>Distribuidor Diablosport.<\/span><\/span><\/p>\n<p>S\u00f3lo suministramos el <strong><em>Platino <\/em><\/strong>que, a diferencia de la versi\u00f3n normal, ofrece m\u00e1s opciones de configuraci\u00f3n y permite utilizar melod\u00edas personalizadas (software creado individualmente por terceros proveedores).<br \/>\n<span style=\"font-size: 16px;\">El Diablosport inTune i3 se puede utilizar para cualquier veh\u00edculo de la lista de veh\u00edculos. *<br \/>\nLas actualizaciones y el software de los nuevos modelos se transfieren al dispositivo a trav\u00e9s del puerto USB.<\/span><\/p>\n<p>Adem\u00e1s de la sintonizaci\u00f3n est\u00e1ndar** incluida en el dispositivo, el inTune i3 tambi\u00e9n puede registrar datos OBD, leer y borrar c\u00f3digos de aver\u00eda y programar \"sintonizaciones personalizadas\", es decir, estados de datos creados individualmente por nosotros, en el veh\u00edculo.<\/p>\n<p><span style=\"font-size: 16px;\">\u00a0 \u00a0\u00a0<\/span><\/p>\n<p><strong><span style=\"font-size: 16px;\">Volumen de suministro:<\/span><\/strong><\/p>\n<ul>\n<li><span style=\"font-size: 16px;\">inTune i3 (8145) para Ford, Lincoln, Mazda y Mercury<br \/>\n<\/span><\/li>\n<li><span style=\"font-size: 16px;\">Cable DAB<\/span><\/li>\n<li><span style=\"font-size: 16px;\">Cable USB<\/span><\/li>\n<li><span style=\"font-size: 16px;\">Instrucciones de uso (ingl\u00e9s)<\/span><\/li>\n<\/ul>\n<p>&nbsp;<\/p>\n<p><span style=\"font-size: 16px;\">Nota: no ofrecemos asistencia ni instrucciones para dispositivos que no nos hayas comprado.<\/span><\/p>\n<p><span style=\"font-size: 16px;\"><br \/>\nActualizamos cada dispositivo con el software m\u00e1s reciente antes de su env\u00edo.<\/span><\/p>\n<p>&nbsp;<\/p>\n<p><span style=\"font-size: 16px;\"><strong>Veh\u00edculos compatibles con inTune i3:<\/strong><\/span><\/p>\n<p><span style=\"font-size: 16px;\"><span style=\"line-height: 1.3;\">* El dispositivo se suministra con una licencia para su uso en un veh\u00edculo. Se pueden adquirir licencias adicionales por separado.<br \/>\n** No aceptamos ninguna garant\u00eda \/ responsabilidad por los datos de sintonizaci\u00f3n contenidos en el dispositivo por el fabricante o por da\u00f1os en el veh\u00edculo.<\/span><\/span><span style=\"font-size: 16px;\">Se venden exclusivamente como art\u00edculos para deportes de motor.<br \/>\nEs necesario saber ingl\u00e9s y leer las instrucciones de uso en ingl\u00e9s antes de utilizar el aparato.<\/span><\/p>\n<p>&nbsp;<\/p>\n<table border=\"0\" width=\"989\" cellspacing=\"0\" cellpadding=\"0\">\n<colgroup>\n<col span=\"2\" \/>\n<col \/>\n<col span=\"2\" \/> <\/colgroup>\n<tbody>\n<tr>\n<th>A\u00f1o del modelo<\/th>\n<th>Fabricante<\/th>\n<th>Modelo<\/th>\n<th>Submodelo<\/th>\n<th>Motor<\/th>\n<\/tr>\n<tr>\n<td>2021<\/td>\n<td>FORD<\/td>\n<td>BRONCO SPORT<\/td>\n<td>BADLANDS, PRIMERA EDICI\u00d3N<\/td>\n<td>2.0L L4 GAS<\/td>\n<\/tr>\n<tr>\n<td>2022<\/td>\n<td>FORD<\/td>\n<td>BRONCO SPORT<\/td>\n<td>BADLANDS<\/td>\n<td>2.0L L4 GAS<\/td>\n<\/tr>\n<tr>\n<td>2005<\/td>\n<td>FORD<\/td>\n<td>CORONA VICTORIA<\/td>\n<td>BASE, LX, LX SPORT, POLICE INTERCEPTOR, S, EDICI\u00d3N ESPECIAL<\/td>\n<td>4.6L V8 GNC, 4.6L V8 GASOLINA<\/td>\n<\/tr>\n<tr>\n<td>2006<\/td>\n<td>FORD<\/td>\n<td>CORONA VICTORIA<\/td>\n<td>BASE, LX, LX SPORT, POLICE INTERCEPTOR<\/td>\n<td>4.6L V8 FLEX, 4.6L V8 GAS<\/td>\n<\/tr>\n<tr>\n<td>2007-2011<\/td>\n<td>FORD<\/td>\n<td>CORONA VICTORIA<\/td>\n<td>BASE, LX, POLICE INTERCEPTOR<\/td>\n<td>4.6L V8 FLEX, 4.6L V8 GAS<\/td>\n<\/tr>\n<tr>\n<td>1999 - 2005<\/td>\n<td>FORD<\/td>\n<td>E-150 ECONOLINE<\/td>\n<td>BASE, XL<\/td>\n<td>4.6L V8 GASOLINA, 5.4L V8 GASOLINA<\/td>\n<\/tr>\n<tr>\n<td>2006-2007<\/td>\n<td>FORD<\/td>\n<td>E-150 ECONOLINE<\/td>\n<td>BASE, Chateau, XL, XLT<\/td>\n<td>4.6L V8 GASOLINA, 5.4L V8 GASOLINA<\/td>\n<\/tr>\n<tr>\n<td>2008<\/td>\n<td>FORD<\/td>\n<td>E-150 ECONOLINE<\/td>\n<td>BASE, XL, XLT<\/td>\n<td>4.6L V8 GASOLINA, 5.4L V8 GASOLINA<\/td>\n<\/tr>\n<tr>\n<td>1999 - 2000<\/td>\n<td>FORD<\/td>\n<td>E-150 ECONOLINE CLUB WAGON<\/td>\n<td>Chateau, CUSTOM, XLT<\/td>\n<td>4.6L V8 GASOLINA, 5.4L V8 GASOLINA<\/td>\n<\/tr>\n<tr>\n<td>2001 - 2005<\/td>\n<td>FORD<\/td>\n<td>E-150 ECONOLINE CLUB WAGON<\/td>\n<td>Chateau, XL, XLT<\/td>\n<td>4.6L V8 GASOLINA, 5.4L V8 GASOLINA<\/td>\n<\/tr>\n<tr>\n<td>1999<\/td>\n<td>FORD<\/td>\n<td>E-250 ECONOLINE<\/td>\n<td>BASE, XL<\/td>\n<td>5.4L V8 BI-FUEL, 5.4L V8 GNC, 5.4L V8 GASOLINA<\/td>\n<\/tr>\n<tr>\n<td>2000<\/td>\n<td>FORD<\/td>\n<td>E-250 ECONOLINE<\/td>\n<td>BASE, XL<\/td>\n<td>5.4L V8 GNC, 5.4L V8 GASOLINA<\/td>\n<\/tr>\n<tr>\n<td>2001 - 2004<\/td>\n<td>FORD<\/td>\n<td>E-250 ECONOLINE<\/td>\n<td>BASE<\/td>\n<td>5.4L V8 GNC, 5.4L V8 GASOLINA<\/td>\n<\/tr>\n<tr>\n<td>2005-2008<\/td>\n<td>FORD<\/td>\n<td>E-250 ECONOLINE<\/td>\n<td>BASE<\/td>\n<td>5.4L V8 GAS<\/td>\n<\/tr>\n<tr>\n<td>1999<\/td>\n<td>FORD<\/td>\n<td>E-350 ECONOLINE CLUB WAGON<\/td>\n<td>Chateau, CUSTOM, XLT<\/td>\n<td>5.4L V8 BI-FUEL, 5.4L V8 CNG, 5.4L V8 GAS, 6.8L V10 GAS, 7.3L V8 Diesel<\/td>\n<\/tr>\n<tr>\n<td>2000<\/td>\n<td>FORD<\/td>\n<td>E-350 ECONOLINE CLUB WAGON<\/td>\n<td>Chateau, CUSTOM, XLT<\/td>\n<td>5.4L V8 GNC, 5.4L V8 GAS, 6.8L V10 GAS, 7.3L V8 Diesel<\/td>\n<\/tr>\n<tr>\n<td>2001 - 2003<\/td>\n<td>FORD<\/td>\n<td>E-350 ECONOLINE CLUB WAGON<\/td>\n<td>Chateau, XL, XLT<\/td>\n<td>5.4L V8 GNC, 5.4L V8 GAS, 6.8L V10 GAS, 7.3L V8 Diesel<\/td>\n<\/tr>\n<tr>\n<td>2004<\/td>\n<td>FORD<\/td>\n<td>E-350 ECONOLINE CLUB WAGON<\/td>\n<td>Chateau, XL, XLT<\/td>\n<td>5.4L V8 GNC, 5.4L V8 GAS, 6.0L V8 Diesel, 6.8L V10 GAS<\/td>\n<\/tr>\n<tr>\n<td>2005<\/td>\n<td>FORD<\/td>\n<td>E-350 ECONOLINE CLUB WAGON<\/td>\n<td>Chateau, XL, XLT<\/td>\n<td>5.4L V8 GAS, 6.0L V8 Diesel, 6.8L V10 GAS<\/td>\n<\/tr>\n<tr>\n<td>1999<\/td>\n<td>FORD<\/td>\n<td>E-350 SUPER DUTY<\/td>\n<td>BASE, XL<\/td>\n<td>5.4L V8 BI-FUEL, 5.4L V8 CNG, 5.4L V8 GAS, 6.8L V10 GAS, 7.3L V8 Diesel<\/td>\n<\/tr>\n<tr>\n<td>2000 - 2003<\/td>\n<td>FORD<\/td>\n<td>E-350 SUPER DUTY<\/td>\n<td>BASE, XL<\/td>\n<td>5.4L V8 GNC, 5.4L V8 GAS, 6.8L V10 GAS, 7.3L V8 Diesel<\/td>\n<\/tr>\n<tr>\n<td>2004<\/td>\n<td>FORD<\/td>\n<td>E-350 SUPER DUTY<\/td>\n<td>BASE, XL<\/td>\n<td>5.4L V8 GNC, 5.4L V8 GAS, 6.0L V8 Diesel, 6.8L V10 GAS<\/td>\n<\/tr>\n<tr>\n<td>2005<\/td>\n<td>FORD<\/td>\n<td>E-350 SUPER DUTY<\/td>\n<td>BASE, XL<\/td>\n<td>5.4L V8 GAS, 6.0L V8 Diesel, 6.8L V10 GAS<\/td>\n<\/tr>\n<tr>\n<td>2006<\/td>\n<td>FORD<\/td>\n<td>E-350 SUPER DUTY<\/td>\n<td>BASE, Chateau, XL, XLT<\/td>\n<td>5.4L V8 GAS, 6.0L V8 Diesel, 6.8L V10 GAS<\/td>\n<\/tr>\n<tr>\n<td>2007-2008<\/td>\n<td>FORD<\/td>\n<td>E-350 SUPER DUTY<\/td>\n<td>BASE, XL, XLT<\/td>\n<td>5.4L V8 GAS, 6.0L V8 Diesel, 6.8L V10 GAS<\/td>\n<\/tr>\n<tr>\n<td>2009<\/td>\n<td>FORD<\/td>\n<td>E-350 SUPER DUTY<\/td>\n<td>BASE, XL, XLT<\/td>\n<td>6.0L V8 Diesel, 6.8L V10 GAS<\/td>\n<\/tr>\n<tr>\n<td>2000 - 2002<\/td>\n<td>FORD<\/td>\n<td>E-450 ECONOLINE SUPER DUTY<\/td>\n<td>A MEDIDA<\/td>\n<td>7.3L V8 diesel<\/td>\n<\/tr>\n<tr>\n<td>2003<\/td>\n<td>FORD<\/td>\n<td>E-450 SUPER DUTY<\/td>\n<td>A MEDIDA<\/td>\n<td>7.3L V8 diesel<\/td>\n<\/tr>\n<tr>\n<td>2004-2009<\/td>\n<td>FORD<\/td>\n<td>E-450 SUPER DUTY<\/td>\n<td>BASE<\/td>\n<td>6.0L V8 diesel<\/td>\n<\/tr>\n<tr>\n<td>2000 - 2002<\/td>\n<td>FORD<\/td>\n<td>EXCURSION<\/td>\n<td>LIMITED, XLT<\/td>\n<td>5.4L V8 GAS, 6.8L V10 GAS, 7.3L V8 Diesel<\/td>\n<\/tr>\n<tr>\n<td>2003<\/td>\n<td>FORD<\/td>\n<td>EXCURSION<\/td>\n<td>EDDIE BAUER, LIMITED, XLT<\/td>\n<td>5.4L V8 GAS, 6.0L V8 Diesel, 6.8L V10 GAS, 7.3L V8 Diesel<\/td>\n<\/tr>\n<tr>\n<td>2004 - 2005<\/td>\n<td>FORD<\/td>\n<td>EXCURSION<\/td>\n<td>EDDIE BAUER, LIMITED, XLS, XLT<\/td>\n<td>5.4L V8 GAS, 6.0L V8 Diesel, 6.8L V10 GAS<\/td>\n<\/tr>\n<tr>\n<td>2005<\/td>\n<td>FORD<\/td>\n<td>EXPLORADOR<\/td>\n<td>EDDIE BAUER, LIMITED, XLT, XLT SPORT<\/td>\n<td>4.6L V8 GAS<\/td>\n<\/tr>\n<tr>\n<td>2006-2010<\/td>\n<td>FORD<\/td>\n<td>EXPLORADOR<\/td>\n<td>EDDIE BAUER, LIMITED, XLT<\/td>\n<td>4.6L V8 GAS<\/td>\n<\/tr>\n<tr>\n<td>2013-2015<\/td>\n<td>FORD<\/td>\n<td>EXPLORADOR<\/td>\n<td>DEPORTE<\/td>\n<td>3.5L V6 GAS<\/td>\n<\/tr>\n<tr>\n<td>2016<\/td>\n<td>FORD<\/td>\n<td>EXPLORADOR<\/td>\n<td>PLATINO, DEPORTE<\/td>\n<td>3.5L V6 GAS<\/td>\n<\/tr>\n<tr>\n<td>2020-2022<\/td>\n<td>FORD<\/td>\n<td>EXPLORADOR<\/td>\n<td>ST<\/td>\n<td>3.0L V6 GAS<\/td>\n<\/tr>\n<tr>\n<td>1999<\/td>\n<td>FORD<\/td>\n<td>F-150<\/td>\n<td>BASE, LARIAT, LIGHTNING, XL, XLT<\/td>\n<td>4.6L V8 GAS, 5.4L V8 BI-FUEL, 5.4L V8 GAS<\/td>\n<\/tr>\n<tr>\n<td>2000<\/td>\n<td>FORD<\/td>\n<td>F-150<\/td>\n<td>BASE, HARLEY-DAVIDSON EDITION, LARIAT, LIGHTNING, XL, XLT<\/td>\n<td>4.6L V8 GAS, 5.4L V8 BI-FUEL, 5.4L V8 GNC, 5.4L V8 GAS<\/td>\n<\/tr>\n<tr>\n<td>2001 - 2003<\/td>\n<td>FORD<\/td>\n<td>F-150<\/td>\n<td>HARLEY-DAVIDSON EDITION, KING RANCH, LARIAT, LIGHTNING, XL, XLT<\/td>\n<td>4.6L V8 GAS, 5.4L V8 BI-FUEL, 5.4L V8 GNC, 5.4L V8 GAS<\/td>\n<\/tr>\n<tr>\n<td>2004<\/td>\n<td>FORD<\/td>\n<td>F-150<\/td>\n<td>FX4, LARIAT, STX, XL, XLT<\/td>\n<td>4.6L V8 GASOLINA, 5.4L V8 GASOLINA<\/td>\n<\/tr>\n<tr>\n<td>2005<\/td>\n<td>FORD<\/td>\n<td>F-150<\/td>\n<td>FX4, KING RANCH, LARIAT, STX, XL, XLT<\/td>\n<td>4.2L V6 GAS, 4.6L V8 GAS, 5.4L V8 GAS<\/td>\n<\/tr>\n<tr>\n<td>2006<\/td>\n<td>FORD<\/td>\n<td>F-150<\/td>\n<td>FX4, HARLEY-DAVIDSON EDITION, KING RANCH, LARIAT, STX, XL, XLT<\/td>\n<td>4.2L V6 GAS, 4.6L V8 GAS, 5.4L V8 FLEX, 5.4L V8 GAS<\/td>\n<\/tr>\n<tr>\n<td>2007<\/td>\n<td>FORD<\/td>\n<td>F-150<\/td>\n<td>FX2, FX4, HARLEY-DAVIDSON EDITION, KING RANCH, LARIAT, STX, XL, XLT<\/td>\n<td>4.2L V6 GAS, 4.6L V8 GAS, 5.4L V8 FLEX, 5.4L V8 GAS<\/td>\n<\/tr>\n<tr>\n<td>2008<\/td>\n<td>FORD<\/td>\n<td>F-150<\/td>\n<td>FX2, FX4, HARLEY-DAVIDSON EDITION, KING RANCH, LARIAT, LIMITED, STX, THE 60TH ANNIVERSARY EDITION, XL, XLT<\/td>\n<td>4.2L V6 GAS, 4.6L V8 GAS, 5.4L V8 FLEX, 5.4L V8 GAS<\/td>\n<\/tr>\n<tr>\n<td>2009-2010<\/td>\n<td>FORD<\/td>\n<td>F-150<\/td>\n<td>FX2, FX4, HARLEY-DAVIDSON EDITION, KING RANCH, LARIAT, PLATINUM, STX, XL, XLT<\/td>\n<td>4.6L V8 GASOLINA, 5.4L V8 FLEX<\/td>\n<\/tr>\n<tr>\n<td>2011<\/td>\n<td>FORD<\/td>\n<td>F-150<\/td>\n<td>FX2, FX4, HARLEY-DAVIDSON EDITION, KING RANCH, LARIAT, LARIAT LIMITED, PLATINUM, STX, SVT RAPTOR, XL, XLT<\/td>\n<td>3.5L V6 GAS, 5.0L V8 FLEX, 6.2L V8 GAS<\/td>\n<\/tr>\n<tr>\n<td>2012<\/td>\n<td>FORD<\/td>\n<td>F-150<\/td>\n<td>FX2, FX4, HARLEY-DAVIDSON EDITION, KING RANCH, LARIAT, PLATINUM, STX, SVT RAPTOR, XL, XLT<\/td>\n<td>3.5L V6 GAS, 5.0L V8 FLEX, 6.2L V8 GAS<\/td>\n<\/tr>\n<tr>\n<td>2013-2014<\/td>\n<td>FORD<\/td>\n<td>F-150<\/td>\n<td>FX2, FX4, KING RANCH, LARIAT, LIMITED, PLATINUM, STX, SVT RAPTOR, XL, XLT<\/td>\n<td>3.5L V6 GAS, 5.0L V8 FLEX, 6.2L V8 GAS<\/td>\n<\/tr>\n<tr>\n<td>2015<\/td>\n<td>FORD<\/td>\n<td>F-150<\/td>\n<td>KING RANCH, LARIAT, PLATINUM, XL, XLT<\/td>\n<td>2.7L V6 GASOLINA, 3.5L V6 FLEX, 3.5L V6 GASOLINA, 5.0L V8 FLEX<\/td>\n<\/tr>\n<tr>\n<td>2016<\/td>\n<td>FORD<\/td>\n<td>F-150<\/td>\n<td>KING RANCH, LARIAT, PLATINUM, SSV, XL, XLT<\/td>\n<td>2.7L V6 GASOLINA, 3.5L V6 FLEX, 3.5L V6 GASOLINA, 5.0L V8 FLEX<\/td>\n<\/tr>\n<tr>\n<td>2017 - 2018<\/td>\n<td>FORD<\/td>\n<td>F-150<\/td>\n<td>RAPTOR<\/td>\n<td>3.5L V6 GAS<\/td>\n<\/tr>\n<tr>\n<td>2019<\/td>\n<td>FORD<\/td>\n<td>F-150<\/td>\n<td>KING RANCH, LARIAT, LIMITED, PLATINUM, POLICE RESPONDER, RAPTOR, SSV, XL, XLT<\/td>\n<td>2.7L V6 GASOLINA, 3.5L V6 GASOLINA, 5.0L V8 FLEX<\/td>\n<\/tr>\n<tr>\n<td>2020<\/td>\n<td>FORD<\/td>\n<td>F-150<\/td>\n<td>KING RANCH, LARIAT, LIMITED, PLATINUM, POLICE RESPONDER, SSV, XL, XLT<\/td>\n<td>2.7L V6 GASOLINA, 3.5L V6 GASOLINA, 5.0L V8 FLEX<\/td>\n<\/tr>\n<tr>\n<td>2004<\/td>\n<td>FORD<\/td>\n<td>F-150 PATRIMONIO<\/td>\n<td>SVT LIGHTNING, XL, XLT<\/td>\n<td>4.2L V6 GAS, 4.6L V8 GAS, 5.4L V8 BI-FUEL, 5.4L V8 GNC, 5.4L V8 GAS<\/td>\n<\/tr>\n<tr>\n<td>1999<\/td>\n<td>FORD<\/td>\n<td>F-250<\/td>\n<td>BASE, LARIAT, XL, XLT<\/td>\n<td>5.4L V8 BI-FUEL, 5.4L V8 GNC, 5.4L V8 GASOLINA<\/td>\n<\/tr>\n<tr>\n<td>1999 - 2002<\/td>\n<td>FORD<\/td>\n<td>F-250 SUPER DUTY<\/td>\n<td>LARIAT, XL, XLT<\/td>\n<td>5.4L V8 GAS, 6.8L V10 GAS, 7.3L V8 Diesel<\/td>\n<\/tr>\n<tr>\n<td>2003<\/td>\n<td>FORD<\/td>\n<td>F-250 SUPER DUTY<\/td>\n<td>LARIAT, XL, XLT<\/td>\n<td>5.4L V8 GAS, 6.0L V8 Diesel, 6.8L V10 GAS<\/td>\n<\/tr>\n<tr>\n<td>2004 - 2007<\/td>\n<td>FORD<\/td>\n<td>F-250 SUPER DUTY<\/td>\n<td>HARLEY-DAVIDSON EDITION, KING RANCH, LARIAT, XL, XLT<\/td>\n<td>5.4L V8 GAS, 6.0L V8 Diesel, 6.8L V10 GAS<\/td>\n<\/tr>\n<tr>\n<td>2008<\/td>\n<td>FORD<\/td>\n<td>F-250 SUPER DUTY<\/td>\n<td>FX4, HARLEY-DAVIDSON EDITION, KING RANCH, LARIAT, XL, XLT<\/td>\n<td>5.4L V8 GAS, 6.4L V8 Diesel, 6.8L V10 GAS<\/td>\n<\/tr>\n<tr>\n<td>2009<\/td>\n<td>FORD<\/td>\n<td>F-250 SUPER DUTY<\/td>\n<td>CABELA'S, FX4, HARLEY-DAVIDSON EDITION, KING RANCH, LARIAT, XL, XLT<\/td>\n<td>5.4L V8 GAS, 6.4L V8 Diesel, 6.8L V10 GAS<\/td>\n<\/tr>\n<tr>\n<td>2010<\/td>\n<td>FORD<\/td>\n<td>F-250 SUPER DUTY<\/td>\n<td>CABELA'S, HARLEY-DAVIDSON EDITION, KING RANCH, LARIAT, XL, XLT<\/td>\n<td>5.4L V8 GAS, 6.4L V8 Diesel, 6.8L V10 GAS<\/td>\n<\/tr>\n<tr>\n<td>2011 - 2012<\/td>\n<td>FORD<\/td>\n<td>F-250 SUPER DUTY<\/td>\n<td>KING RANCH, LARIAT, XL, XLT<\/td>\n<td>6.2L V8 FLEX<\/td>\n<\/tr>\n<tr>\n<td>2013-2014<\/td>\n<td>FORD<\/td>\n<td>F-250 SUPER DUTY<\/td>\n<td>KING RANCH, LARIAT, PLATINUM, XL, XLT<\/td>\n<td>6.2L V8 FLEX<\/td>\n<\/tr>\n<tr>\n<td>1999 - 2002<\/td>\n<td>FORD<\/td>\n<td>F-350 SUPER DUTY<\/td>\n<td>LARIAT, XL, XLT<\/td>\n<td>6.8L V10 GAS, 7.3L V8 Diesel<\/td>\n<\/tr>\n<tr>\n<td>2003<\/td>\n<td>FORD<\/td>\n<td>F-350 SUPER DUTY<\/td>\n<td>KING RANCH, LARIAT, XL, XLT<\/td>\n<td>6.0L V8 Diesel, 6.8L V10 GAS<\/td>\n<\/tr>\n<tr>\n<td>2004 - 2007<\/td>\n<td>FORD<\/td>\n<td>F-350 SUPER DUTY<\/td>\n<td>HARLEY-DAVIDSON EDITION, KING RANCH, LARIAT, XL, XLT<\/td>\n<td>6.0L V8 Diesel, 6.8L V10 GAS<\/td>\n<\/tr>\n<tr>\n<td>2008<\/td>\n<td>FORD<\/td>\n<td>F-350 SUPER DUTY<\/td>\n<td>FX4, HARLEY-DAVIDSON EDITION, KING RANCH, LARIAT, XL, XLT<\/td>\n<td>6.4L V8 Diesel, 6.8L V10 GAS<\/td>\n<\/tr>\n<tr>\n<td>2009<\/td>\n<td>FORD<\/td>\n<td>F-350 SUPER DUTY<\/td>\n<td>CABELA'S, FX4, HARLEY-DAVIDSON EDITION, KING RANCH, LARIAT, XL, XLT<\/td>\n<td>6.4L V8 Diesel, 6.8L V10 GAS<\/td>\n<\/tr>\n<tr>\n<td>2010<\/td>\n<td>FORD<\/td>\n<td>F-350 SUPER DUTY<\/td>\n<td>CABELA'S, HARLEY-DAVIDSON EDITION, KING RANCH, LARIAT, XL, XLT<\/td>\n<td>6.4L V8 Diesel, 6.8L V10 GAS<\/td>\n<\/tr>\n<tr>\n<td>2014-2016<\/td>\n<td>FORD<\/td>\n<td>FIESTA<\/td>\n<td>ST<\/td>\n<td>1.6L L4 GAS<\/td>\n<\/tr>\n<tr>\n<td>2012<\/td>\n<td>FORD<\/td>\n<td>FLEX<\/td>\n<td>LIMITED, SE, SEL, TITANIUM<\/td>\n<td>3.5L V6 GAS<\/td>\n<\/tr>\n<tr>\n<td>2013-2016<\/td>\n<td>FORD<\/td>\n<td>FLEX<\/td>\n<td>LIMITED, SE, SEL<\/td>\n<td>3.5L V6 GAS<\/td>\n<\/tr>\n<tr>\n<td>2013-2016<\/td>\n<td>FORD<\/td>\n<td>ENFOQUE<\/td>\n<td>ST<\/td>\n<td>2.0L L4 GAS<\/td>\n<\/tr>\n<tr>\n<td>2005-2006<\/td>\n<td>FORD<\/td>\n<td>GT<\/td>\n<td>BASE<\/td>\n<td>5.4L V8 GAS<\/td>\n<\/tr>\n<tr>\n<td>1996 - 2000<\/td>\n<td>FORD<\/td>\n<td>MUSTANG<\/td>\n<td>BASE, GT<\/td>\n<td>3.8L V6 GASOLINA, 4.6L V8 GASOLINA<\/td>\n<\/tr>\n<tr>\n<td>2002 - 2003<\/td>\n<td>FORD<\/td>\n<td>MUSTANG<\/td>\n<td>BASE, GT<\/td>\n<td>3.8L V6 GASOLINA, 4.6L V8 GASOLINA<\/td>\n<\/tr>\n<tr>\n<td>2001<\/td>\n<td>FORD<\/td>\n<td>MUSTANG<\/td>\n<td>BASE, GT, GT BULLITT<\/td>\n<td>3.8L V6 GASOLINA, 4.6L V8 GASOLINA<\/td>\n<\/tr>\n<tr>\n<td>2004<\/td>\n<td>FORD<\/td>\n<td>MUSTANG<\/td>\n<td>BASE, GT<\/td>\n<td>3.8L V6 GASOLINA, 3.9L V6 GASOLINA, 4.6L V8 GASOLINA<\/td>\n<\/tr>\n<tr>\n<td>2005<\/td>\n<td>FORD<\/td>\n<td>MUSTANG<\/td>\n<td>BASE, GT, Saleen<\/td>\n<td>4.0L V6 GAS, 4.6L V8 GAS<\/td>\n<\/tr>\n<tr>\n<td>2006<\/td>\n<td>FORD<\/td>\n<td>MUSTANG<\/td>\n<td>BASE, GT<\/td>\n<td>4.0L V6 GAS, 4.6L V8 GAS<\/td>\n<\/tr>\n<tr>\n<td>2007<\/td>\n<td>FORD<\/td>\n<td>MUSTANG<\/td>\n<td>BASE, GT, SHELBY GT, SHELBY GT500<\/td>\n<td>4.0L V6 GAS, 4.6L V8 GAS, 5.4L V8 GAS<\/td>\n<\/tr>\n<tr>\n<td>2008<\/td>\n<td>FORD<\/td>\n<td>MUSTANG<\/td>\n<td>BASE, BULLITT, GT, SHELBY GT, SHELBY GT500, SHELBY GT500KR<\/td>\n<td>4.0L V6 GAS, 4.6L V8 GAS, 5.4L V8 GAS<\/td>\n<\/tr>\n<tr>\n<td>2009<\/td>\n<td>FORD<\/td>\n<td>MUSTANG<\/td>\n<td>BASE, BULLITT, GT, SHELBY GT500, SHELBY GT500KR<\/td>\n<td>4.0L V6 GAS, 4.6L V8 GAS, 5.4L V8 GAS<\/td>\n<\/tr>\n<tr>\n<td>2010<\/td>\n<td>FORD<\/td>\n<td>MUSTANG<\/td>\n<td>BASE, GT, SHELBY GT500<\/td>\n<td>4.0L V6 GAS, 4.6L V8 GAS, 5.4L V8 GAS<\/td>\n<\/tr>\n<tr>\n<td>2011<\/td>\n<td>FORD<\/td>\n<td>MUSTANG<\/td>\n<td>BASE, GT, SHELBY GT500<\/td>\n<td>3.7L V6 GAS, 5.0L V8 GAS, 5.4L V8 GAS<\/td>\n<\/tr>\n<tr>\n<td>2012<\/td>\n<td>FORD<\/td>\n<td>MUSTANG<\/td>\n<td>BASE, BOSS 302, GT, SHELBY GT500<\/td>\n<td>3.7L V6 GAS, 5.0L V8 GAS, 5.4L V8 GAS<\/td>\n<\/tr>\n<tr>\n<td>2013<\/td>\n<td>FORD<\/td>\n<td>MUSTANG<\/td>\n<td>BASE, BOSS 302, GT, SHELBY GT500<\/td>\n<td>3.7L V6 GAS, 5.0L V8 GAS, 5.8L V8 GAS<\/td>\n<\/tr>\n<tr>\n<td>2014<\/td>\n<td>FORD<\/td>\n<td>MUSTANG<\/td>\n<td>BASE, GT, SHELBY GT500<\/td>\n<td>3.7L V6 GAS, 5.0L V8 GAS, 5.8L V8 GAS<\/td>\n<\/tr>\n<tr>\n<td>2015<\/td>\n<td>FORD<\/td>\n<td>MUSTANG<\/td>\n<td>ECOBOOST, ECOBOOST PREMIUM, GT, GT 50 A\u00d1OS EDICI\u00d3N LIMITADA, GT PREMIUM, V6<\/td>\n<td>2.3L L4 GAS, 3.7L V6 GAS, 5.0L V8 GAS<\/td>\n<\/tr>\n<tr>\n<td>2016<\/td>\n<td>FORD<\/td>\n<td>MUSTANG<\/td>\n<td>ECOBOOST, ECOBOOST PREMIUM, GT, GT PREMIUM, V6<\/td>\n<td>2.3L L4 GAS, 3.7L V6 GAS, 5.0L V8 GAS<\/td>\n<\/tr>\n<tr>\n<td>2018<\/td>\n<td>FORD<\/td>\n<td>MUSTANG<\/td>\n<td>ECOBOOST, ECOBOOST PREMIUM, GT, GT PREMIUM<\/td>\n<td>2.3L L4 GAS, 5.0L V8 GAS<\/td>\n<\/tr>\n<tr>\n<td>2019-2020<\/td>\n<td>FORD<\/td>\n<td>MUSTANG<\/td>\n<td>BULLITT, ECOBOOST, ECOBOOST PREMIUM, GT, GT PREMIUM<\/td>\n<td>2.3L L4 GAS, 5.0L V8 GAS<\/td>\n<\/tr>\n<tr>\n<td>2021-2022<\/td>\n<td>FORD<\/td>\n<td>MUSTANG<\/td>\n<td>GT, GT PREMIUM<\/td>\n<td>5.0L V8 GAS<\/td>\n<\/tr>\n<tr>\n<td>2007<\/td>\n<td>FORD<\/td>\n<td>RANGER<\/td>\n<td>FX4, SPORT, STX, XL, XLT<\/td>\n<td>2.3L L4 GAS, 3.0L V6 GAS, 4.0L V6 GAS<\/td>\n<\/tr>\n<tr>\n<td>2008<\/td>\n<td>FORD<\/td>\n<td>RANGER<\/td>\n<td>FX4, SPORT, XL, XLT<\/td>\n<td>2.3L L4 GAS, 3.0L V6 GAS, 4.0L V6 GAS<\/td>\n<\/tr>\n<tr>\n<td>2009<\/td>\n<td>FORD<\/td>\n<td>RANGER<\/td>\n<td>FX4, SPORT, XL, XLT<\/td>\n<td>2.3L L4 GAS, 4.0L V6 GAS<\/td>\n<\/tr>\n<tr>\n<td>2010 - 2011<\/td>\n<td>FORD<\/td>\n<td>RANGER<\/td>\n<td>SPORT, XL, XLT<\/td>\n<td>2.3L L4 GAS, 4.0L V6 GAS<\/td>\n<\/tr>\n<tr>\n<td>2019-2020<\/td>\n<td>FORD<\/td>\n<td>RANGER<\/td>\n<td>LARIAT, XL, XLT<\/td>\n<td>2.3L L4 GAS<\/td>\n<\/tr>\n<tr>\n<td>2013-2016<\/td>\n<td>FORD<\/td>\n<td>TAURO<\/td>\n<td>SHO<\/td>\n<td>3.5L V6 GAS<\/td>\n<\/tr>\n<tr>\n<td>2019<\/td>\n<td>FORD<\/td>\n<td>TAURO<\/td>\n<td>SHO<\/td>\n<td>3.5L V6 GAS<\/td>\n<\/tr>\n<tr>\n<td>2006-2008<\/td>\n<td>LINCOLN<\/td>\n<td>MARK LT<\/td>\n<td>BASE<\/td>\n<td>5.4L V8 GAS<\/td>\n<\/tr>\n<tr>\n<td>2012 - 2016<\/td>\n<td>LINCOLN<\/td>\n<td>MKS<\/td>\n<td>ECOBOOST<\/td>\n<td>3.5L V6 GAS<\/td>\n<\/tr>\n<tr>\n<td>2005<\/td>\n<td>LINCOLN<\/td>\n<td>COCHE DE PASEO<\/td>\n<td>EXECUTIVE, EXECUTIVE L, SIGNATURE, SIGNATURE L, SIGNATURE LIMITED<\/td>\n<td>4.6L V8 GAS<\/td>\n<\/tr>\n<tr>\n<td>2006-2007<\/td>\n<td>LINCOLN<\/td>\n<td>COCHE DE PASEO<\/td>\n<td>SERIE DESIGNER, EXECUTIVE, EXECUTIVE L, SIGNATURE, SIGNATURE L, SIGNATURE LIMITED<\/td>\n<td>4.6L V8 FLEX, 4.6L V8 GAS<\/td>\n<\/tr>\n<tr>\n<td>2008-2010<\/td>\n<td>LINCOLN<\/td>\n<td>COCHE DE PASEO<\/td>\n<td>EXECUTIVE, EXECUTIVE L, SIGNATURE L, SIGNATURE LIMITED<\/td>\n<td>4.6L V8 FLEX, 4.6L V8 GAS<\/td>\n<\/tr>\n<tr>\n<td>2011<\/td>\n<td>LINCOLN<\/td>\n<td>COCHE DE PASEO<\/td>\n<td>EXECUTIVE L, SIGNATURE L, SIGNATURE LIMITED<\/td>\n<td>4.6L V8 FLEX, 4.6L V8 GAS<\/td>\n<\/tr>\n<tr>\n<td>2007-2009<\/td>\n<td>MAZDA<\/td>\n<td>B2300<\/td>\n<td>BASE<\/td>\n<td>2.3L L4 GAS<\/td>\n<\/tr>\n<tr>\n<td>2007<\/td>\n<td>MAZDA<\/td>\n<td>B3000<\/td>\n<td>BASE, DS<\/td>\n<td>3.0L V6 GAS<\/td>\n<\/tr>\n<tr>\n<td>2007-2008<\/td>\n<td>MAZDA<\/td>\n<td>B4000<\/td>\n<td>BASE, SE<\/td>\n<td>4.0L V6 GAS<\/td>\n<\/tr>\n<tr>\n<td>2009<\/td>\n<td>MAZDA<\/td>\n<td>B4000<\/td>\n<td>BASE<\/td>\n<td>4.0L V6 GAS<\/td>\n<\/tr>\n<tr>\n<td>2005<\/td>\n<td>MERCURIO<\/td>\n<td>GRAN MARQU\u00c9S<\/td>\n<td>GS, GSL, EDICI\u00d3N LIMITADA, LS, ULTIMATE EDITION<\/td>\n<td>4.6L V8 GAS<\/td>\n<\/tr>\n<tr>\n<td>2006-2008<\/td>\n<td>MERCURIO<\/td>\n<td>GRAN MARQU\u00c9S<\/td>\n<td>GS, LS<\/td>\n<td>4.6L V8 FLEX, 4.6L V8 GAS<\/td>\n<\/tr>\n<tr>\n<td>2009-2010<\/td>\n<td>MERCURIO<\/td>\n<td>GRAN MARQU\u00c9S<\/td>\n<td>LS<\/td>\n<td>4.6L V8 FLEX, 4.6L V8 GAS<\/td>\n<\/tr>\n<tr>\n<td>2011<\/td>\n<td>MERCURIO<\/td>\n<td>GRAN MARQU\u00c9S<\/td>\n<td>LS<\/td>\n<td>4.6L V8 FLEX<\/td>\n<\/tr>\n<\/tbody>\n<\/table>","protected":false},"excerpt":{"rendered":"<p>Programador para Ford, Lincoln, Mazda y Mercury<\/p>","protected":false},"featured_media":68285909,"comment_status":"open","ping_status":"closed","template":"","meta":{"_acf_changed":false},"product_brand":[],"product_cat":[4745,4744,4746,4748],"product_tag":[4020,4774,4773,4674,3954,515,4778,427,4765,4766,4767,3873,4777,4768,4769,4632,4772,917,1221,1157,784,3962,3874,2934,1224,4780,428,4775,36,3955,4763,4764,3872,438,4776,517,4771,4781,3958,4255,628,233,919,1155,4770,4779],"class_list":{"0":"post-68285792","1":"product","2":"type-product","3":"status-publish","4":"has-post-thumbnail","6":"product_cat-mustang-23-ecoboost-programmiergeraete","7":"product_cat-mustang-37-programmiergeraete","8":"product_cat-mustang-50-gt-programmiergeraete","9":"product_cat-shelby-gt500-programmiergeraete","10":"product_tag-2-3","11":"product_tag-4774","12":"product_tag-badlands","13":"product_tag-bronco","14":"product_tag-bullitt","15":"product_tag-chiptuning","16":"product_tag-crown-victoria","17":"product_tag-diablosport","18":"product_tag-e-150","19":"product_tag-e-350","20":"product_tag-e-450","21":"product_tag-ecoboost","22":"product_tag-econoline","23":"product_tag-excursion","24":"product_tag-explorer","25":"product_tag-f-150","26":"product_tag-fiesta","27":"product_tag-ford","28":"product_tag-g8","29":"product_tag-geschwindigkeitsbegrenzer","30":"product_tag-gt","31":"product_tag-gt-5-0","32":"product_tag-gt500","33":"product_tag-harder","34":"product_tag-i3","35":"product_tag-intercepter","36":"product_tag-intune","37":"product_tag-intune-i3-8145","38":"product_tag-kraftwerk","39":"product_tag-mach","40":"product_tag-mazda","41":"product_tag-mercury","42":"product_tag-mustang","43":"product_tag-obd","44":"product_tag-obd-tuning","45":"product_tag-programmiergeraet","46":"product_tag-ranger","47":"product_tag-raptor","48":"product_tag-shelby","49":"product_tag-shelbygt500","50":"product_tag-trinity","51":"product_tag-tuning","52":"product_tag-tuninggeraet","53":"product_tag-vmax","54":"product_tag-wagon","55":"product_tag-xlt","57":"first","58":"instock","59":"taxable","60":"shipping-taxable","61":"purchasable","62":"product-type-simple"},"bundled_by":[],"bundle_stock_status":"instock","bundle_stock_quantity":2,"bundle_virtual":false,"bundle_layout":"","bundle_add_to_cart_form_location":"","bundle_editable_in_cart":false,"bundle_sold_individually_context":"","bundle_item_grouping":"","bundle_min_size":"","bundle_max_size":"","bundle_price":[],"bundled_items":[],"bundle_sell_ids":[],"exclude_global_add_ons":[],"addons":[],"acf":[],"_links":{"self":[{"href":"https:\/\/kraftwerk-shop.cc\/es\/wp-json\/wp\/v2\/product\/68285792","targetHints":{"allow":["GET"]}}],"collection":[{"href":"https:\/\/kraftwerk-shop.cc\/es\/wp-json\/wp\/v2\/product"}],"about":[{"href":"https:\/\/kraftwerk-shop.cc\/es\/wp-json\/wp\/v2\/types\/product"}],"replies":[{"embeddable":true,"href":"https:\/\/kraftwerk-shop.cc\/es\/wp-json\/wp\/v2\/comments?post=68285792"}],"version-history":[{"count":0,"href":"https:\/\/kraftwerk-shop.cc\/es\/wp-json\/wp\/v2\/product\/68285792\/revisions"}],"wp:featuredmedia":[{"embeddable":true,"href":"https:\/\/kraftwerk-shop.cc\/es\/wp-json\/wp\/v2\/media\/68285909"}],"wp:attachment":[{"href":"https:\/\/kraftwerk-shop.cc\/es\/wp-json\/wp\/v2\/media?parent=68285792"}],"wp:term":[{"taxonomy":"product_brand","embeddable":true,"href":"https:\/\/kraftwerk-shop.cc\/es\/wp-json\/wp\/v2\/product_brand?post=68285792"},{"taxonomy":"product_cat","embeddable":true,"href":"https:\/\/kraftwerk-shop.cc\/es\/wp-json\/wp\/v2\/product_cat?post=68285792"},{"taxonomy":"product_tag","embeddable":true,"href":"https:\/\/kraftwerk-shop.cc\/es\/wp-json\/wp\/v2\/product_tag?post=68285792"}],"curies":[{"name":"wp","href":"https:\/\/api.w.org\/{rel}","templated":true}]}}