{"id":68286072,"date":"2023-03-19T22:51:50","date_gmt":"2023-03-19T21:51:50","guid":{"rendered":"https:\/\/kraftwerk-shop.cc\/?post_type=product&#038;p=68286072"},"modified":"2025-12-06T22:03:39","modified_gmt":"2025-12-06T21:03:39","slug":"ram-estabilizador-progress-technology","status":"publish","type":"product","link":"https:\/\/kraftwerk-shop.cc\/es\/produkt\/progress-technology-stabilisator-ram\/","title":{"rendered":"Progress Technology Estabilizador RAM 5,7"},"content":{"rendered":"<h1>Progress Technology Estabilizador de rendimiento (eje trasero) para RAM 3.0 EcoDiesel, 3.6 y 5.7<\/h1>\n<p>&nbsp;<\/p>\n<p>Los estabilizadores Progress Technology mejoran dr\u00e1sticamente la maniobrabilidad. \u00bfC\u00f3mo lo consiguen? Minimizan el \"\u00e1ngulo de inclinaci\u00f3n\" de la carrocer\u00eda, que afecta a la tracci\u00f3n y hace que algunos de los neum\u00e1ticos exteriores se salgan de la carretera.<br \/>\nLos estabilizadores deportivos sustituyen a los peque\u00f1os estabilizadores y casquillos de goma originales por barras de aleaci\u00f3n de acero de mayor di\u00e1metro y casquillos de poliuretano m\u00e1s duros. M\u00e1s \"rigidez de balanceo\" significa menos \"inclinaci\u00f3n\" o \"balanceo\" y los neum\u00e1ticos permanecen m\u00e1s planos y mejor conectados a la carretera. Las zonas de contacto de los neum\u00e1ticos, m\u00e1s grandes y estables, proporcionan m\u00e1s agarre, control y confianza al piloto.<\/p>\n<p>El ajuste de la suspensi\u00f3n con barras estabilizadoras m\u00e1s grandes y\/o ajustables es una forma sencilla y eficaz de mejorar el equilibrio de la suspensi\u00f3n y minimizar el subviraje excesivo tan com\u00fan en los veh\u00edculos modernos.<br \/>\nLas barras estabilizadoras Progress se conforman en fr\u00edo utilizando equipos de plegado CNC de precisi\u00f3n. Tanto los extremos cortados con l\u00e1ser como los mecanizados con CNC de los estabilizadores se sueldan con MIG utilizando fijaciones de precisi\u00f3n para un ajuste exacto.<br \/>\nTodas las barras estabilizadoras Progress se desarrollan y fabrican en EE.UU.<\/p>\n<p>&nbsp;<\/p>\n<p><strong>Propiedades:<\/strong><\/p>\n<ul>\n<li>Curvado en fr\u00edo en modernos sistemas CNC de tres ejes<\/li>\n<li>De acero aleado<\/li>\n<li>Los extremos prefabricados de la barra y los anillos laterales est\u00e1n soldados con MIG para garantizar un ajuste exacto<\/li>\n<li>Fabricado en EE.UU.<\/li>\n<li>Estabilidad direccional mejorada con vientos cruzados<\/li>\n<li>Mejor control del veh\u00edculo al arrastrar remolques<\/li>\n<li>No ajustable<\/li>\n<li>Di\u00e1metro: 1,00\u2033 (25 mm)<\/li>\n<li>Incluye casquillos de poliuretano y lubricante<\/li>\n<li>Juntas finales incluidas: No<\/li>\n<li>Se adapta a veh\u00edculos con altura OEM dentro de +\/- 2,0\u2033.<\/li>\n<li>Todos los estabilizadores est\u00e1n recubiertos de polvo en color gris metalizado.<\/li>\n<\/ul>\n<p>&nbsp;<\/p>\n<p><strong>Adecuado para:<\/strong><\/p>\n<table width=\"498\">\n<tbody>\n<tr>\n<td width=\"114\"><strong>Marca<\/strong><\/td>\n<td width=\"121\"><strong>Modelo<\/strong><\/td>\n<td width=\"122\"><strong>Motor<\/strong><\/td>\n<td width=\"141\"><strong>A\u00f1o de construcci\u00f3n<\/strong><\/td>\n<\/tr>\n<tr>\n<td width=\"114\">RAM<\/td>\n<td width=\"121\">1500<\/td>\n<td width=\"122\">3.0 EcoDiesel<\/td>\n<td width=\"141\">2014-2018<\/td>\n<\/tr>\n<tr>\n<td width=\"114\">RAM<\/td>\n<td>1500 Classic<\/td>\n<td width=\"122\">3.0 EcoDiesel<\/td>\n<td>2019<\/td>\n<\/tr>\n<tr>\n<td width=\"114\">RAM<\/td>\n<td width=\"121\">1500<\/td>\n<td width=\"122\">3.0 EcoDiesel<\/td>\n<td width=\"141\">2020-2023<\/td>\n<\/tr>\n<tr>\n<td width=\"114\">RAM<\/td>\n<td width=\"121\">1500<\/td>\n<td width=\"122\">3.6<\/td>\n<td width=\"141\">2013-2018<\/td>\n<\/tr>\n<tr>\n<td width=\"114\">RAM<\/td>\n<td width=\"121\">1500<\/td>\n<td width=\"122\">3.6<\/td>\n<td width=\"141\">2019-2024<\/td>\n<\/tr>\n<tr>\n<td width=\"114\">RAM<\/td>\n<td>1500 Classic<\/td>\n<td width=\"122\">3.6<\/td>\n<td>2019-2024<\/td>\n<\/tr>\n<tr>\n<td width=\"114\">RAM<\/td>\n<td width=\"121\">1500<\/td>\n<td width=\"122\">5.7<\/td>\n<td width=\"141\">2011-2014<\/td>\n<\/tr>\n<tr>\n<td width=\"114\">RAM<\/td>\n<td width=\"121\">1500<\/td>\n<td width=\"122\">5.7<\/td>\n<td width=\"141\">2019-2024<\/td>\n<\/tr>\n<tr>\n<td width=\"114\">RAM<\/td>\n<td>1500 Classic<\/td>\n<td width=\"122\">5.7<\/td>\n<td>2019-2024<\/td>\n<\/tr>\n<\/tbody>\n<\/table>\n<p>S\u00f3lo apto para veh\u00edculos con altura OEM dentro de +\/- 2,0\u2033.<\/p>\n<p>&nbsp;<\/p>\n<p><strong>Volumen de suministro:<\/strong><\/p>\n<ul>\n<li>Estabilizador trasero<\/li>\n<li>Tomas de corriente<\/li>\n<\/ul>","protected":false},"excerpt":{"rendered":"<p>Progress Technology Performance Stabilisator (Hinterachse) f\u00fcr RAM 3.0 EcoDiesel, 3.6 und 5.7 &nbsp; Progress Technology Stabilisatoren verbessern das Fahrverhalten drastisch.<\/p>","protected":false},"featured_media":68286387,"comment_status":"open","ping_status":"closed","template":"","meta":{"_acf_changed":false},"product_brand":[],"product_cat":[4792,19414,4793,19684,1519,5014],"product_tag":[475,4791,743,318,3893,798,222,4789,86,3896,3898,3894,767,769,3891,3899,3889,3890],"class_list":{"0":"post-68286072","1":"product","2":"type-product","3":"status-publish","4":"has-post-thumbnail","6":"product_cat-1500-ecodiesel-fahrwerk","7":"product_cat-1500-ecodiesel-2020-2023-fahrwerk","8":"product_cat-1500-36-fahrwerk","9":"product_cat-1500-36-dt-fahrwerk","10":"product_cat-1500-57-2009-2018-classic-fahrwerk","11":"product_cat-1500-57-dt-fahrwerk","12":"product_tag-475","13":"product_tag-22-1810-000","14":"product_tag-fahrwerk","15":"product_tag-federn","16":"product_tag-federung","17":"product_tag-hinten","18":"product_tag-kit","19":"product_tag-progress-technology","20":"product_tag-ram","21":"product_tag-roll","22":"product_tag-rollbar","23":"product_tag-rollneigung","24":"product_tag-stabi","25":"product_tag-stabilisator","26":"product_tag-stabilisatoren","27":"product_tag-sway","28":"product_tag-sway-bar","29":"product_tag-swaybar","31":"first","32":"onbackorder","33":"taxable","34":"shipping-taxable","35":"purchasable","36":"product-type-simple"},"bundled_by":[],"bundle_stock_status":"onbackorder","bundle_stock_quantity":0,"bundle_virtual":false,"bundle_layout":"","bundle_add_to_cart_form_location":"","bundle_editable_in_cart":false,"bundle_sold_individually_context":"","bundle_item_grouping":"","bundle_min_size":"","bundle_max_size":"","bundle_price":[],"bundled_items":[],"bundle_sell_ids":[],"exclude_global_add_ons":[],"addons":[],"acf":[],"_links":{"self":[{"href":"https:\/\/kraftwerk-shop.cc\/es\/wp-json\/wp\/v2\/product\/68286072","targetHints":{"allow":["GET"]}}],"collection":[{"href":"https:\/\/kraftwerk-shop.cc\/es\/wp-json\/wp\/v2\/product"}],"about":[{"href":"https:\/\/kraftwerk-shop.cc\/es\/wp-json\/wp\/v2\/types\/product"}],"replies":[{"embeddable":true,"href":"https:\/\/kraftwerk-shop.cc\/es\/wp-json\/wp\/v2\/comments?post=68286072"}],"version-history":[{"count":0,"href":"https:\/\/kraftwerk-shop.cc\/es\/wp-json\/wp\/v2\/product\/68286072\/revisions"}],"wp:featuredmedia":[{"embeddable":true,"href":"https:\/\/kraftwerk-shop.cc\/es\/wp-json\/wp\/v2\/media\/68286387"}],"wp:attachment":[{"href":"https:\/\/kraftwerk-shop.cc\/es\/wp-json\/wp\/v2\/media?parent=68286072"}],"wp:term":[{"taxonomy":"product_brand","embeddable":true,"href":"https:\/\/kraftwerk-shop.cc\/es\/wp-json\/wp\/v2\/product_brand?post=68286072"},{"taxonomy":"product_cat","embeddable":true,"href":"https:\/\/kraftwerk-shop.cc\/es\/wp-json\/wp\/v2\/product_cat?post=68286072"},{"taxonomy":"product_tag","embeddable":true,"href":"https:\/\/kraftwerk-shop.cc\/es\/wp-json\/wp\/v2\/product_tag?post=68286072"}],"curies":[{"name":"wp","href":"https:\/\/api.w.org\/{rel}","templated":true}]}}