{"id":68286085,"date":"2023-03-11T19:41:28","date_gmt":"2023-03-11T18:41:28","guid":{"rendered":"https:\/\/kraftwerk-shop.cc\/?post_type=product&#038;p=68286085"},"modified":"2025-05-31T15:50:04","modified_gmt":"2025-05-31T13:50:04","slug":"progress-technology-estabilizadores-corvette-c7","status":"publish","type":"product","link":"https:\/\/kraftwerk-shop.cc\/es\/produkt\/progress-technology-stabilisatoren-corvette-c7\/","title":{"rendered":"Estabilizadores Progress Technology Corvette C7"},"content":{"rendered":"<h1>Progress Technology Estabilizadores de alto rendimiento (delantero + trasero) para Chevrolet Corvette C7<\/h1>\n<p>&nbsp;<\/p>\n<p>Los estabilizadores Progress Technology mejoran dr\u00e1sticamente la maniobrabilidad. \u00bfC\u00f3mo lo consiguen? Minimizan el \"\u00e1ngulo de inclinaci\u00f3n\" de la carrocer\u00eda, que afecta a la tracci\u00f3n y hace que algunos de los neum\u00e1ticos exteriores se salgan de la carretera.<br \/>\nLos estabilizadores deportivos sustituyen a los peque\u00f1os estabilizadores y casquillos de goma originales por barras de aleaci\u00f3n de acero de mayor di\u00e1metro y casquillos de poliuretano m\u00e1s duros. M\u00e1s \"rigidez de balanceo\" significa menos \"inclinaci\u00f3n\" o \"balanceo\" y los neum\u00e1ticos permanecen m\u00e1s planos y mejor conectados a la carretera. Las zonas de contacto de los neum\u00e1ticos, m\u00e1s grandes y estables, proporcionan m\u00e1s agarre, control y confianza al piloto.<\/p>\n<p>El ajuste de la suspensi\u00f3n con barras estabilizadoras m\u00e1s grandes y\/o ajustables es una forma sencilla y eficaz de mejorar el equilibrio de la suspensi\u00f3n y minimizar el subviraje excesivo tan com\u00fan en los veh\u00edculos modernos.<br \/>\nLas barras estabilizadoras Progress se conforman en fr\u00edo utilizando equipos de plegado CNC de precisi\u00f3n. Tanto los extremos cortados con l\u00e1ser como los mecanizados con CNC de los estabilizadores se sueldan con MIG utilizando fijaciones de precisi\u00f3n para un ajuste exacto.<br \/>\nTodas las barras estabilizadoras Progress se desarrollan y fabrican en EE.UU.<\/p>\n<p>&nbsp;<\/p>\n<p><strong>Propiedades:<\/strong><\/p>\n<ul>\n<li>Curvado en fr\u00edo en modernos sistemas CNC de tres ejes<\/li>\n<li>De acero aleado<\/li>\n<li>Los extremos prefabricados de la barra y los anillos laterales est\u00e1n soldados con MIG para garantizar un ajuste exacto<\/li>\n<li>Dise\u00f1o exclusivo del casquillo de poliuretano<\/li>\n<li>Material de montaje completo e instrucciones incluidas<\/li>\n<li>Fabricado en EE.UU.<\/li>\n<li>Rango de ajuste: 3 orificios<\/li>\n<li>Tama\u00f1o delantero: 31,8 mm (1,250\u2033)<\/li>\n<li>Tama\u00f1o trasero: 33,3 mm (1,312\u2033) ajustable<\/li>\n<li>Juntas finales incluidas: No<\/li>\n<li>Todos los estabilizadores est\u00e1n recubiertos de polvo en color gris metalizado.<\/li>\n<\/ul>\n<p>&nbsp;<\/p>\n<p><strong>Adecuado para:<\/strong><\/p>\n<table width=\"790\">\n<tbody>\n<tr>\n<td width=\"178\"><strong>A\u00f1o de construcci\u00f3n<\/strong><\/td>\n<td width=\"226\"><strong>Marca<\/strong><\/td>\n<td width=\"214\"><strong>Modelo<\/strong><\/td>\n<td width=\"172\"><strong>Motor<\/strong><\/td>\n<\/tr>\n<tr>\n<td width=\"178\">2014-2019<\/td>\n<td width=\"226\">Chevrolet<\/td>\n<td width=\"214\">Corvette (C7) Stingray<\/td>\n<td width=\"172\">V8 6.2L<\/td>\n<\/tr>\n<\/tbody>\n<\/table>\n<div class=\"product-teaser\">\n<p><strong>Nota:<\/strong> Para veh\u00edculos que <strong>no<\/strong> est\u00e1n equipados con un estabilizador trasero, se requieren piezas adicionales para la instalaci\u00f3n con el fin de montar el estabilizador trasero. Estas piezas no est\u00e1n incluidas en el volumen de suministro.<\/p>\n<p>Las referencias GM necesarias son<\/p>\n<ul>\n<li>(2) 22945601<\/li>\n<li>(4) 11516078<\/li>\n<li>(2) 20959449<\/li>\n<li>(4) 11588742<\/li>\n<\/ul>\n<p>&nbsp;<\/p>\n<\/div>\n<p><strong>Volumen de suministro:<\/strong><\/p>\n<ul>\n<li>Estabilizador delantero<\/li>\n<li>Estabilizador trasero<\/li>\n<li>Tomas de corriente<\/li>\n<li>Instrucciones de instalaci\u00f3n en alem\u00e1n (Descargar)<\/li>\n<\/ul>","protected":false},"excerpt":{"rendered":"<p>Barras estabilizadoras de alto rendimiento Progress Technology (delantera + trasera) para C7 Chevrolet Corvette Las barras estabilizadoras Progress Technology mejoran dr\u00e1sticamente la maniobrabilidad. Como<\/p>","protected":false},"featured_media":68286462,"comment_status":"open","ping_status":"closed","template":"","meta":{"_acf_changed":false},"product_brand":[],"product_cat":[3130],"product_tag":[4795,3888,3087,189,281,743,798,222,4789,3894,767,769,3891,3583,3899,3889,3890,831,841],"class_list":{"0":"post-68286085","1":"product","2":"type-product","3":"status-publish","4":"has-post-thumbnail","6":"product_cat-corvette-c7-fahrwerk","7":"product_tag-63-0481","8":"product_tag-anti-roll","9":"product_tag-c7","10":"product_tag-chevrolet","11":"product_tag-corvette","12":"product_tag-fahrwerk","13":"product_tag-hinten","14":"product_tag-kit","15":"product_tag-progress-technology","16":"product_tag-rollneigung","17":"product_tag-stabi","18":"product_tag-stabilisator","19":"product_tag-stabilisatoren","20":"product_tag-stingray","21":"product_tag-sway","22":"product_tag-sway-bar","23":"product_tag-swaybar","24":"product_tag-verstellbar","25":"product_tag-vorne","26":"product_shipping_class-paket-l","28":"first","29":"onbackorder","30":"taxable","31":"shipping-taxable","32":"purchasable","33":"product-type-simple"},"bundled_by":[],"bundle_stock_status":"onbackorder","bundle_stock_quantity":0,"bundle_virtual":false,"bundle_layout":"","bundle_add_to_cart_form_location":"","bundle_editable_in_cart":false,"bundle_sold_individually_context":"","bundle_item_grouping":"","bundle_min_size":"","bundle_max_size":"","bundle_price":[],"bundled_items":[],"bundle_sell_ids":[],"exclude_global_add_ons":[],"addons":[],"acf":[],"_links":{"self":[{"href":"https:\/\/kraftwerk-shop.cc\/es\/wp-json\/wp\/v2\/product\/68286085","targetHints":{"allow":["GET"]}}],"collection":[{"href":"https:\/\/kraftwerk-shop.cc\/es\/wp-json\/wp\/v2\/product"}],"about":[{"href":"https:\/\/kraftwerk-shop.cc\/es\/wp-json\/wp\/v2\/types\/product"}],"replies":[{"embeddable":true,"href":"https:\/\/kraftwerk-shop.cc\/es\/wp-json\/wp\/v2\/comments?post=68286085"}],"version-history":[{"count":0,"href":"https:\/\/kraftwerk-shop.cc\/es\/wp-json\/wp\/v2\/product\/68286085\/revisions"}],"wp:featuredmedia":[{"embeddable":true,"href":"https:\/\/kraftwerk-shop.cc\/es\/wp-json\/wp\/v2\/media\/68286462"}],"wp:attachment":[{"href":"https:\/\/kraftwerk-shop.cc\/es\/wp-json\/wp\/v2\/media?parent=68286085"}],"wp:term":[{"taxonomy":"product_brand","embeddable":true,"href":"https:\/\/kraftwerk-shop.cc\/es\/wp-json\/wp\/v2\/product_brand?post=68286085"},{"taxonomy":"product_cat","embeddable":true,"href":"https:\/\/kraftwerk-shop.cc\/es\/wp-json\/wp\/v2\/product_cat?post=68286085"},{"taxonomy":"product_tag","embeddable":true,"href":"https:\/\/kraftwerk-shop.cc\/es\/wp-json\/wp\/v2\/product_tag?post=68286085"}],"curies":[{"name":"wp","href":"https:\/\/api.w.org\/{rel}","templated":true}]}}