{"id":68286265,"date":"2023-03-13T14:13:07","date_gmt":"2023-03-13T13:13:07","guid":{"rendered":"https:\/\/kraftwerk-shop.cc\/?post_type=product&#038;p=68286265"},"modified":"2026-02-15T00:00:52","modified_gmt":"2026-02-14T23:00:52","slug":"ford-performance-m-5200-m8eba-mustang-gt","status":"publish","type":"product","link":"https:\/\/kraftwerk-shop.cc\/es\/produkt\/ford-performance-m-5200-m8eba-mustang-gt\/","title":{"rendered":"Ford Sistema de escape de alto rendimiento para Ford Mustang GT 5.0"},"content":{"rendered":"<h1>Ford Sistema de escape Performance Cat-Back M-5200-M8EBA adecuado para Mustang GT 5.0 (S550)<\/h1>\n<p>Este sistema de escape de rendimiento Ford est\u00e1 ajustado y dise\u00f1ado para dar a su veh\u00edculo el m\u00e1ximo rendimiento. Cada secci\u00f3n del tubo est\u00e1 doblada uniformemente para aumentar el flujo de escape. El silenciador trasero est\u00e1 dise\u00f1ado para dar a su veh\u00edculo un sonido agresivo y gutural de alto rendimiento y minimizar la contrapresi\u00f3n.<\/p>\n<p>La instalaci\u00f3n es sencilla y no requiere soldaduras ni perforaciones en el veh\u00edculo. Cada sistema utiliza los puntos de montaje existentes.<\/p>\n<p>&nbsp;<\/p>\n<p><strong>Adecuado para:<\/strong><\/p>\n<table width=\"530\">\n<tbody>\n<tr>\n<td width=\"141\">Ford<\/td>\n<td width=\"116\">Mustang<\/td>\n<td width=\"176\">GT 5.0L<\/td>\n<td width=\"97\">2018-2023<\/td>\n<\/tr>\n<\/tbody>\n<\/table>\n<p>&nbsp;<\/p>\n<p><strong>Volumen de suministro<\/strong><\/p>\n<ul>\n<li>Ford Sistema de escape Performance M-5200-M8EBA<\/li>\n<li>Abrazaderas<\/li>\n<\/ul>\n<p>&nbsp;<\/p>\n<p>Ford Racing (Ford Performance) es una divisi\u00f3n de tuning y motorsport de Ford con productos de alta calidad para las camionetas Ford Mustang Shelby GT350\/GT500, Ford GT, (S197, S297, S550) y F-150. Estos productos est\u00e1n \u00f3ptimamente fabricados y son de muy buena calidad.<\/p>","protected":false},"excerpt":{"rendered":"<p>2018-2023<\/p>","protected":false},"featured_media":68286268,"comment_status":"open","ping_status":"closed","template":"","meta":{"_acf_changed":false},"product_brand":[],"product_cat":[4033],"product_tag":[1035,546,2245,692,2786,917,4786,4625,4785,3962,2934,36,4813,1044,3872,4787,4587,4783,2899,3055,4784,673],"class_list":{"0":"post-68286265","1":"product","2":"type-product","3":"status-publish","4":"has-post-thumbnail","6":"product_cat-mustang-50-gt-abgasanlage","7":"product_tag-abgasanlage","8":"product_tag-auspuff","9":"product_tag-auspuffanlage","10":"product_tag-ersatzteil","11":"product_tag-exhaust","12":"product_tag-ford","13":"product_tag-ford-exhaust","14":"product_tag-ford-performance","15":"product_tag-ford-racing","16":"product_tag-gt-5-0","17":"product_tag-harder","18":"product_tag-kraftwerk","19":"product_tag-m-5200-m8eba","20":"product_tag-mittelschalldaempfer","21":"product_tag-mustang","22":"product_tag-mustang-exhaust","23":"product_tag-mustang-gt","24":"product_tag-s550","25":"product_tag-schalldaempfer","26":"product_tag-sportabgasanlage","27":"product_tag-x-pipe","28":"product_tag-zubehoer","30":"first","31":"onbackorder","32":"taxable","33":"shipping-taxable","34":"purchasable","35":"product-type-simple"},"bundled_by":[],"bundle_stock_status":"onbackorder","bundle_stock_quantity":0,"bundle_virtual":false,"bundle_layout":"","bundle_add_to_cart_form_location":"","bundle_editable_in_cart":false,"bundle_sold_individually_context":"","bundle_item_grouping":"","bundle_min_size":"","bundle_max_size":"","bundle_price":[],"bundled_items":[],"bundle_sell_ids":[],"exclude_global_add_ons":[],"addons":[],"acf":[],"_links":{"self":[{"href":"https:\/\/kraftwerk-shop.cc\/es\/wp-json\/wp\/v2\/product\/68286265","targetHints":{"allow":["GET"]}}],"collection":[{"href":"https:\/\/kraftwerk-shop.cc\/es\/wp-json\/wp\/v2\/product"}],"about":[{"href":"https:\/\/kraftwerk-shop.cc\/es\/wp-json\/wp\/v2\/types\/product"}],"replies":[{"embeddable":true,"href":"https:\/\/kraftwerk-shop.cc\/es\/wp-json\/wp\/v2\/comments?post=68286265"}],"version-history":[{"count":0,"href":"https:\/\/kraftwerk-shop.cc\/es\/wp-json\/wp\/v2\/product\/68286265\/revisions"}],"wp:featuredmedia":[{"embeddable":true,"href":"https:\/\/kraftwerk-shop.cc\/es\/wp-json\/wp\/v2\/media\/68286268"}],"wp:attachment":[{"href":"https:\/\/kraftwerk-shop.cc\/es\/wp-json\/wp\/v2\/media?parent=68286265"}],"wp:term":[{"taxonomy":"product_brand","embeddable":true,"href":"https:\/\/kraftwerk-shop.cc\/es\/wp-json\/wp\/v2\/product_brand?post=68286265"},{"taxonomy":"product_cat","embeddable":true,"href":"https:\/\/kraftwerk-shop.cc\/es\/wp-json\/wp\/v2\/product_cat?post=68286265"},{"taxonomy":"product_tag","embeddable":true,"href":"https:\/\/kraftwerk-shop.cc\/es\/wp-json\/wp\/v2\/product_tag?post=68286265"}],"curies":[{"name":"wp","href":"https:\/\/api.w.org\/{rel}","templated":true}]}}