{"id":68286283,"date":"2023-03-13T22:20:28","date_gmt":"2023-03-13T21:20:28","guid":{"rendered":"https:\/\/kraftwerk-shop.cc\/?post_type=product&#038;p=68286283"},"modified":"2026-02-15T00:51:38","modified_gmt":"2026-02-14T23:51:38","slug":"borla-s-type-11933-sistema-de-escape-axle-back-chevrolet-camaro-2-0","status":"publish","type":"product","link":"https:\/\/kraftwerk-shop.cc\/es\/produkt\/borla-s-type-11933-axle-back-auspuffanlage-chevrolet-camaro-2-0\/","title":{"rendered":"Sistema de escape BORLA S-Type Axle-Back para Chevrolet Camaro 2.0"},"content":{"rendered":"<h1>BORLA S-Type 11933 Axle-Back Sistema de escape de alto rendimiento para Chevrolet Camaro 2.0 de 2016 a 2023<\/h1>\n<p>&nbsp;<\/p>\n<p>El sonido profundo y carnoso es m\u00e1s fuerte que el del sistema de escape est\u00e1ndar del Chevrolet Camaro SS y acent\u00faa el car\u00e1cter del motor.<br \/>\nAunque no est\u00e1 autorizado, el sonido no es tan alto como para causar problemas.<\/p>\n<p><strong>El sistema de escape S-Type es la intermedia de las tres variantes de sonido Borla.<\/strong><\/p>\n<p>Durante el desarrollo de este sistema de escape, el dise\u00f1o aerodin\u00e1mico y gasodin\u00e1mico fue la primera prioridad, seguido de la ingenier\u00eda de sonido.<br \/>\nEste elaborado enfoque, que rara vez se practica en la industria, significa que la potencia y el par motor no se sacrifican por el sonido, sino que se armonizan entre s\u00ed.<br \/>\nEste es el logro especial de Borla. No siempre es reconocible a primera vista, pero eso es lo que marca la gran diferencia entre la mediocridad y la brillantez t\u00e9cnica.<\/p>\n<p>En muchos otros sistemas de escape, los costes de desarrollo se mantienen bajos y s\u00f3lo se presta atenci\u00f3n al sonido. Como resultado, estos sistemas a menudo suenan bien, pero provocan una p\u00e9rdida de potencia y, por tanto, no merecen realmente el calificativo de \"escape deportivo\".<\/p>\n<p>Debe ser consciente de ello. Con este conocimiento, usted puede tomar una decisi\u00f3n informada a favor o en contra de un sistema de escape deportivo en particular.<\/p>\n<p>Los sistemas de escape deportivos Borla se fabrican con acero inoxidable de alta aleaci\u00f3n de la serie T304 de acuerdo con la norma americana AISI.<\/p>\n<p>&nbsp;<\/p>\n<table border=\"0\" width=\"513\" cellspacing=\"0\" cellpadding=\"0\">\n<colgroup>\n<col \/>\n<col \/> <\/colgroup>\n<tbody>\n<tr>\n<td style=\"height: 21px; width: 223px;\" height=\"21\">Tipo de escape<\/td>\n<td style=\"width: 291px;\">Eje trasero<\/td>\n<\/tr>\n<tr>\n<td style=\"height: 21px; width: 223px;\" height=\"21\">Di\u00e1metro del tubo<\/td>\n<td style=\"width: 291px;\">2,25 pulgadas a 2,75 pulgadas<\/td>\n<\/tr>\n<tr>\n<td style=\"height: 21px; width: 223px;\" height=\"21\">Tubo de escape<\/td>\n<td>Salida trasera dividida simple<\/td>\n<\/tr>\n<\/tbody>\n<\/table>\n<p><img decoding=\"async\" class=\"ep-gadget epgadget-externalvideo\" style=\"max-width: 100%; display: block; margin-bottom: 10px; width: 201px; height: 111px;\" title=\"Aplicaci\u00f3n\" src=\"data:image\/png;base64,iVBORw0KGgoAAAANSUhEUgAAAAEAAAABCAQAAAC1HAwCAAAAC0lEQVR4nGP6zwAAAgcBApocMXEAAAAASUVORK5CYII=\" alt=\"Aplicaci\u00f3n\" data-ep-gadget=\"{&quot;options&quot;:{&quot;width&quot;:560,&quot;height&quot;:315,&quot;provider&quot;:&quot;youtube&quot;,&quot;id&quot;:&quot;1o0HzNx8JqM&quot;},&quot;alias&quot;:&quot;externalvideo&quot;,&quot;cartridge&quot;:&quot;externalcontent&quot;}\" \/><\/p>","protected":false},"excerpt":{"rendered":"<p>2016-2023<\/p>","protected":false},"featured_media":68286285,"comment_status":"open","ping_status":"closed","template":"","meta":{"_acf_changed":false},"product_brand":[17170],"product_cat":[4956,3024],"product_tag":[2309,250,251,252,419,420,2066,1049,1046,1035,1036,546,1037,1032,2443,191,1047,189,190,429,1043,1039,1042,1050,532,529,441,20273,1040,898,1044,1033,1045,1041,547,1034,1038,291,233],"class_list":{"0":"post-68286283","1":"product","2":"type-product","3":"status-publish","4":"has-post-thumbnail","6":"product_brand-borla","7":"product_cat-camaro-20-2016-2024-abgasanlage","8":"product_cat-nicht-nach-eu","9":"product_tag-2309","10":"product_tag-250","11":"product_tag-251","12":"product_tag-252","13":"product_tag-419","14":"product_tag-420","15":"product_tag-2066","16":"product_tag-1049","17":"product_tag-abe","18":"product_tag-abgasanlage","19":"product_tag-abgassystem","20":"product_tag-auspuff","21":"product_tag-auspuffsystem","22":"product_tag-borla","23":"product_tag-borla-exhaust","24":"product_tag-camaro","25":"product_tag-cat-back","26":"product_tag-chevrolet","27":"product_tag-chevy","28":"product_tag-deutschland","29":"product_tag-endrohr","30":"product_tag-endschalldaempfer","31":"product_tag-endtopf","32":"product_tag-gen6","33":"product_tag-kat","34":"product_tag-katalysator","35":"product_tag-kaufen","36":"product_tag-keintuev","37":"product_tag-laut","38":"product_tag-lt1","39":"product_tag-mittelschalldaempfer","40":"product_tag-s-type","41":"product_tag-sound","42":"product_tag-sport","43":"product_tag-sportauspuff","44":"product_tag-sportauspuffanlage","45":"product_tag-sportendschalldaempfer","46":"product_tag-ss","47":"product_tag-tuning","48":"product_shipping_class-spedition-1","50":"first","51":"onbackorder","52":"taxable","53":"shipping-taxable","54":"purchasable","55":"product-type-simple"},"bundled_by":[],"bundle_stock_status":"onbackorder","bundle_stock_quantity":0,"bundle_virtual":false,"bundle_layout":"","bundle_add_to_cart_form_location":"","bundle_editable_in_cart":false,"bundle_sold_individually_context":"","bundle_item_grouping":"","bundle_min_size":"","bundle_max_size":"","bundle_price":[],"bundled_items":[],"bundle_sell_ids":[],"exclude_global_add_ons":[],"addons":[],"acf":[],"_links":{"self":[{"href":"https:\/\/kraftwerk-shop.cc\/es\/wp-json\/wp\/v2\/product\/68286283","targetHints":{"allow":["GET"]}}],"collection":[{"href":"https:\/\/kraftwerk-shop.cc\/es\/wp-json\/wp\/v2\/product"}],"about":[{"href":"https:\/\/kraftwerk-shop.cc\/es\/wp-json\/wp\/v2\/types\/product"}],"replies":[{"embeddable":true,"href":"https:\/\/kraftwerk-shop.cc\/es\/wp-json\/wp\/v2\/comments?post=68286283"}],"version-history":[{"count":0,"href":"https:\/\/kraftwerk-shop.cc\/es\/wp-json\/wp\/v2\/product\/68286283\/revisions"}],"wp:featuredmedia":[{"embeddable":true,"href":"https:\/\/kraftwerk-shop.cc\/es\/wp-json\/wp\/v2\/media\/68286285"}],"wp:attachment":[{"href":"https:\/\/kraftwerk-shop.cc\/es\/wp-json\/wp\/v2\/media?parent=68286283"}],"wp:term":[{"taxonomy":"product_brand","embeddable":true,"href":"https:\/\/kraftwerk-shop.cc\/es\/wp-json\/wp\/v2\/product_brand?post=68286283"},{"taxonomy":"product_cat","embeddable":true,"href":"https:\/\/kraftwerk-shop.cc\/es\/wp-json\/wp\/v2\/product_cat?post=68286283"},{"taxonomy":"product_tag","embeddable":true,"href":"https:\/\/kraftwerk-shop.cc\/es\/wp-json\/wp\/v2\/product_tag?post=68286283"}],"curies":[{"name":"wp","href":"https:\/\/api.w.org\/{rel}","templated":true}]}}