{"id":68286844,"date":"2023-03-31T20:26:41","date_gmt":"2023-03-31T18:26:41","guid":{"rendered":"https:\/\/kraftwerk-shop.cc\/?post_type=product&#038;p=68286844"},"modified":"2026-02-15T00:49:01","modified_gmt":"2026-02-14T23:49:01","slug":"pedalbox-tuning-chevrolet-cadillac","status":"publish","type":"product","link":"https:\/\/kraftwerk-shop.cc\/es\/produkt\/pedalbox-tuning-chevrolet-cadillac\/","title":{"rendered":"Pedal Commander para Chevrolet, Cadillac, Buick, Vanderhall"},"content":{"rendered":"<h1 class=\"h2 product-single__title\">Caja de sintonizaci\u00f3n del pedal del acelerador PC49 de Pedal Commander se adapta a Chevrolet, Cadillac, Buick, Vanderhall<\/h1>\n<div class=\"product-single__description rte\">\n<p>&nbsp;<\/p>\n<p>Se trata de una caja de sintonizaci\u00f3n inteligente del pedal del acelerador que no interviene en la gesti\u00f3n del motor, sino que se limita a conmutar entre el pedal del acelerador y la palanca del acelerador.<\/p>\n<ul>\n<li>Funci\u00f3n Plug and Play: el veh\u00edculo vuelve a estar listo para su uso en pocos minutos, sin necesidad de conocimientos especializados.<\/li>\n<li>La garant\u00eda de su veh\u00edculo permanece intacta, no se trata de una puesta a punto del motor.<\/li>\n<li>Se controla mediante los botones del dispositivo o a trav\u00e9s de la aplicaci\u00f3n Pedal Commander de su smartphone.<\/li>\n<\/ul>\n<p>Puedes elegir entre cuatro modos de conducci\u00f3n diferentes (ECO, CITY, SPORT y SPORT+).<\/p>\n<ul>\n<li><strong>ECO-MODE:<\/strong> Es el modo m\u00e1s id\u00f3neo para condiciones meteorol\u00f3gicas y del terreno adversas. Hace que la respuesta del acelerador sea la m\u00e1s segura. El uso continuado del modo Eco ayuda a ahorrar combustible.<\/li>\n<li><strong>MODO CIUDAD:<\/strong>\u00a0Este es el modo m\u00e1s similar a la respuesta del acelerador est\u00e1ndar.<\/li>\n<li><strong>MODO DEPORTE:<\/strong>\u00a0Este modo garantiza una experiencia de conducci\u00f3n animada.<\/li>\n<li><strong>MODO DEPORTE<\/strong>Tambi\u00e9n puede definirse como un modo de carrera.<\/li>\n<\/ul>\n<\/div>\n<p>&nbsp;<\/p>\n<p><strong>Adecuado para:<\/strong><\/p>\n<table width=\"749\">\n<tbody>\n<tr>\n<td width=\"262\"><strong>Marca <\/strong><\/td>\n<td width=\"158\"><strong>Modelo<br \/>\n<\/strong><\/td>\n<td width=\"134\"><strong>Variante<\/strong><\/td>\n<td width=\"112\"><strong>Motor<\/strong><\/td>\n<td width=\"83\"><strong>A\u00f1o de construcci\u00f3n<\/strong><\/td>\n<\/tr>\n<tr>\n<td width=\"262\">Cadillac<\/td>\n<td width=\"158\">CT6<\/td>\n<td width=\"134\">1\u00aa generaci\u00f3n<\/td>\n<td width=\"112\">2.0, 3.0, 3.6, 4.2<\/td>\n<td width=\"83\">2016 \u2013<\/td>\n<\/tr>\n<tr>\n<td width=\"262\">Cadillac<\/td>\n<td width=\"158\">CTS<\/td>\n<td width=\"134\">3\u00aa generaci\u00f3n<\/td>\n<td width=\"112\">2.0, 3.0, 3.6, 6.2<\/td>\n<td width=\"83\">2014-2019<\/td>\n<\/tr>\n<tr>\n<td width=\"262\">Chevrolet<\/td>\n<td width=\"158\">Camaro<\/td>\n<td width=\"134\">6\u00aa generaci\u00f3n<\/td>\n<td width=\"112\">2.0 Turbo, 3.6, 6.2<\/td>\n<td width=\"83\">2016 \u2013<\/td>\n<\/tr>\n<tr>\n<td width=\"262\">Chevrolet<\/td>\n<td width=\"158\">Corvette<\/td>\n<td width=\"134\">C8 - 8\u00aa generaci\u00f3n<\/td>\n<td width=\"112\">6.2<\/td>\n<td width=\"83\">2020 \u2013<\/td>\n<\/tr>\n<tr>\n<td width=\"262\">Chevrolet<\/td>\n<td width=\"158\">Corvette<\/td>\n<td width=\"134\">C7 - 7\u00aa generaci\u00f3n<\/td>\n<td width=\"112\">6.2<\/td>\n<td width=\"83\">2014-2019<\/td>\n<\/tr>\n<\/tbody>\n<\/table>\n<p>&nbsp;<\/p>\n<p><a href=\"https:\/\/kraftwerk-shop.cc\/wp-content\/uploads\/2023\/03\/Pedal_Commander_PC49_Fahrzeugliste.pdf\" target=\"_blank\" rel=\"noopener\"><strong>Descargar la lista completa de veh\u00edculos Pedal Commander PC49<\/strong><\/a><\/p>\n<p>&nbsp;<\/p>\n<p><iframe loading=\"lazy\" title=\"Caja de sintonizaci\u00f3n del pedal del acelerador \/ controlador de respuesta del acelerador de Pedal Commander\" src=\"https:\/\/www.youtube.com\/embed\/q3iPV2YuwXU\" width=\"882\" height=\"496\" frameborder=\"0\" allowfullscreen=\"allowfullscreen\"><\/iframe><\/p>","protected":false},"excerpt":{"rendered":"<p>Caja de sintonizaci\u00f3n del pedal del acelerador PC49 de Pedal Commander para Chevrolet, Cadillac, Buick y Vanderhall Esta es una caja de sintonizaci\u00f3n inteligente para Chevrolet, Cadillac, Buick y Vanderhall.<\/p>","protected":false},"featured_media":68286850,"comment_status":"open","ping_status":"closed","template":"","meta":{"_acf_changed":false},"product_brand":[],"product_cat":[4954,5233,3083,3135,3144],"product_tag":[1203,4845,4869,278,191,189,281,4012,1204,4864,4842,4844,2934,4871,4872,4841,4843,4879,186,4865,4873,4874,4601,4868,4870],"class_list":{"0":"post-68286844","1":"product","2":"type-product","3":"status-publish","4":"has-post-thumbnail","6":"product_cat-camaro-20-2016-2024","7":"product_cat-camaro-36-2016-2024","8":"product_cat-camaro-62-2016-zubehoer","9":"product_cat-corvette-c7-zubehoer","10":"product_cat-corvette-c8-zubehoer","11":"product_tag-ats","12":"product_tag-bluetooth","13":"product_tag-buick","14":"product_tag-cadillac","15":"product_tag-camaro","16":"product_tag-chevrolet","17":"product_tag-corvette","18":"product_tag-ct6","19":"product_tag-cts","20":"product_tag-gasannahmeregler","21":"product_tag-gaspedal","22":"product_tag-gaspedaltuning","23":"product_tag-harder","24":"product_tag-lacrosse","25":"product_tag-malibu","26":"product_tag-padal-box","27":"product_tag-pedal-commander","28":"product_tag-pedalbox","29":"product_tag-performance","30":"product_tag-powerbox","31":"product_tag-spark","32":"product_tag-speedster","33":"product_tag-throttle","34":"product_tag-throttle-booster","35":"product_tag-vanderhall","37":"first","38":"outofstock","39":"taxable","40":"shipping-taxable","41":"purchasable","42":"product-type-simple"},"bundled_by":[],"bundle_stock_status":"outofstock","bundle_stock_quantity":0,"bundle_virtual":false,"bundle_layout":"","bundle_add_to_cart_form_location":"","bundle_editable_in_cart":false,"bundle_sold_individually_context":"","bundle_item_grouping":"","bundle_min_size":"","bundle_max_size":"","bundle_price":[],"bundled_items":[],"bundle_sell_ids":[],"exclude_global_add_ons":[],"addons":[],"acf":[],"_links":{"self":[{"href":"https:\/\/kraftwerk-shop.cc\/es\/wp-json\/wp\/v2\/product\/68286844","targetHints":{"allow":["GET"]}}],"collection":[{"href":"https:\/\/kraftwerk-shop.cc\/es\/wp-json\/wp\/v2\/product"}],"about":[{"href":"https:\/\/kraftwerk-shop.cc\/es\/wp-json\/wp\/v2\/types\/product"}],"replies":[{"embeddable":true,"href":"https:\/\/kraftwerk-shop.cc\/es\/wp-json\/wp\/v2\/comments?post=68286844"}],"version-history":[{"count":0,"href":"https:\/\/kraftwerk-shop.cc\/es\/wp-json\/wp\/v2\/product\/68286844\/revisions"}],"wp:featuredmedia":[{"embeddable":true,"href":"https:\/\/kraftwerk-shop.cc\/es\/wp-json\/wp\/v2\/media\/68286850"}],"wp:attachment":[{"href":"https:\/\/kraftwerk-shop.cc\/es\/wp-json\/wp\/v2\/media?parent=68286844"}],"wp:term":[{"taxonomy":"product_brand","embeddable":true,"href":"https:\/\/kraftwerk-shop.cc\/es\/wp-json\/wp\/v2\/product_brand?post=68286844"},{"taxonomy":"product_cat","embeddable":true,"href":"https:\/\/kraftwerk-shop.cc\/es\/wp-json\/wp\/v2\/product_cat?post=68286844"},{"taxonomy":"product_tag","embeddable":true,"href":"https:\/\/kraftwerk-shop.cc\/es\/wp-json\/wp\/v2\/product_tag?post=68286844"}],"curies":[{"name":"wp","href":"https:\/\/api.w.org\/{rel}","templated":true}]}}