{"id":68287245,"date":"2023-04-12T11:28:06","date_gmt":"2023-04-12T09:28:06","guid":{"rendered":"https:\/\/kraftwerk-shop.cc\/?post_type=product&#038;p=68287245"},"modified":"2026-02-15T00:43:23","modified_gmt":"2026-02-14T23:43:23","slug":"pedalera-pc29-chrysler-dodge-jeep","status":"publish","type":"product","link":"https:\/\/kraftwerk-shop.cc\/es\/produkt\/pedalbox-pc29-chrysler-dodge-jeep\/","title":{"rendered":"Pedal Commander para Chrysler, Dodge, Jeep"},"content":{"rendered":"<h1 class=\"h2 product-single__title\">Caja de sintonizaci\u00f3n del pedal del acelerador PC29 de Pedal Commander para Chrysler, Dodge, Jeep, Kia, Mitsubishi<\/h1>\n<div class=\"product-single__description rte\">\n<p>&nbsp;<\/p>\n<p>Se trata de una caja de sintonizaci\u00f3n inteligente del pedal del acelerador que no interviene en la gesti\u00f3n del motor, sino que se limita a conmutar entre el pedal del acelerador y la palanca del acelerador.<\/p>\n<ul>\n<li>Funci\u00f3n Plug and Play: el veh\u00edculo vuelve a estar listo para su uso en pocos minutos, sin necesidad de conocimientos especializados.<\/li>\n<li>La garant\u00eda de su veh\u00edculo permanece intacta, no se trata de una puesta a punto del motor.<\/li>\n<li>Se controla mediante los botones del dispositivo o a trav\u00e9s de la aplicaci\u00f3n Pedal Commander de su smartphone.<\/li>\n<\/ul>\n<p>Puedes elegir entre cuatro modos de conducci\u00f3n diferentes (ECO, CITY, SPORT y SPORT+).<\/p>\n<ul>\n<li><strong>ECO-MODE:<\/strong> Es el modo m\u00e1s id\u00f3neo para condiciones meteorol\u00f3gicas y del terreno adversas. Hace que la respuesta del acelerador sea la m\u00e1s segura. El uso continuado del modo Eco ayuda a ahorrar combustible.<\/li>\n<li><strong>MODO CIUDAD:<\/strong>\u00a0Este es el modo m\u00e1s similar a la respuesta del acelerador est\u00e1ndar.<\/li>\n<li><strong>MODO DEPORTE:<\/strong>\u00a0Este modo garantiza una experiencia de conducci\u00f3n animada.<\/li>\n<li><strong>MODO DEPORTE<\/strong>Tambi\u00e9n puede definirse como un modo de carrera.<\/li>\n<\/ul>\n<\/div>\n<p>&nbsp;<\/p>\n<p><strong>Adecuado para:<\/strong><\/p>\n<table width=\"749\">\n<tbody>\n<tr>\n<td width=\"262\"><strong>Marca <\/strong><\/td>\n<td width=\"158\"><strong>Modelo<br \/>\n<\/strong><\/td>\n<td width=\"134\"><strong>Variante<\/strong><\/td>\n<td width=\"112\"><strong>Motor<\/strong><\/td>\n<td width=\"83\"><strong>A\u00f1o de construcci\u00f3n<\/strong><\/td>\n<\/tr>\n<tr>\n<td width=\"262\">Chrysler<\/td>\n<td width=\"158\">200<\/td>\n<td width=\"134\">1\u00aa generaci\u00f3n<\/td>\n<td width=\"112\">2.4, 3.6<\/td>\n<td width=\"83\">2011-2014<\/td>\n<\/tr>\n<tr>\n<td width=\"262\">Chrysler<\/td>\n<td width=\"158\">Sebring<\/td>\n<td width=\"134\">JS<\/td>\n<td width=\"112\">2.0, 2.5, 3.5<\/td>\n<td width=\"83\">2007-2010<\/td>\n<\/tr>\n<tr>\n<td width=\"262\">Dodge<\/td>\n<td width=\"158\">Avenger<\/td>\n<td width=\"134\">JS<\/td>\n<td width=\"112\">2.4, 2.7, 3.5, 3.6<\/td>\n<td width=\"83\">2008-2014<\/td>\n<\/tr>\n<tr>\n<td width=\"262\">Dodge<\/td>\n<td width=\"158\">Caliber<\/td>\n<td width=\"134\">PM-MK<\/td>\n<td width=\"112\">1.8, 2.0, 2.4<\/td>\n<td width=\"83\">2007-2012<\/td>\n<\/tr>\n<tr>\n<td width=\"262\">Dodge<\/td>\n<td width=\"158\">Journey<\/td>\n<td width=\"134\">JC<\/td>\n<td width=\"112\">2.4, 2.7, 3.5, 3.6<\/td>\n<td width=\"83\">2009-2020<\/td>\n<\/tr>\n<tr>\n<td width=\"262\">Jeep<\/td>\n<td width=\"158\">Compass<\/td>\n<td width=\"134\">MK49<\/td>\n<td width=\"112\">2.0, 2.4<\/td>\n<td width=\"83\">2007-2017<\/td>\n<\/tr>\n<tr>\n<td width=\"262\">Jeep<\/td>\n<td width=\"158\">Patriot<\/td>\n<td width=\"134\">MK74<\/td>\n<td width=\"112\">2.0, 2.4<\/td>\n<td width=\"83\">2007-2017<\/td>\n<\/tr>\n<tr>\n<td width=\"262\">Kia<\/td>\n<td width=\"158\">Alma<\/td>\n<td width=\"134\">2\u00aa generaci\u00f3n<\/td>\n<td width=\"112\">1.6, 1.6 Turbo, 2.0, El\u00e9ctrico<\/td>\n<td width=\"83\">2014-2019<\/td>\n<\/tr>\n<tr>\n<td width=\"262\">Mitsubishi<\/td>\n<td width=\"158\">Lancer<\/td>\n<td width=\"134\">9\u00aa generaci\u00f3n<\/td>\n<td width=\"112\">2.0, 2.0 Turbo, 2.4<\/td>\n<td width=\"83\">2008-2017<\/td>\n<\/tr>\n<tr>\n<td width=\"262\">Mitsubishi<\/td>\n<td width=\"158\">Outlander<\/td>\n<td width=\"134\">GF<\/td>\n<td width=\"112\">2.0, 2.4, 3.0<\/td>\n<td width=\"83\">2014-2018<\/td>\n<\/tr>\n<tr>\n<td width=\"262\">Mitsubishi<\/td>\n<td width=\"158\">Outlander<\/td>\n<td width=\"134\">CW-ZG-ZH<\/td>\n<td width=\"112\">2.4<\/td>\n<td width=\"83\">2007-2012<\/td>\n<\/tr>\n<tr>\n<td width=\"262\">Mitsubishi<\/td>\n<td width=\"158\">Outlander<\/td>\n<td width=\"134\">CW-ZG-ZH<\/td>\n<td width=\"112\">3.0<\/td>\n<td width=\"83\">2010-2013<\/td>\n<\/tr>\n<tr>\n<td width=\"262\">Mitsubishi<\/td>\n<td width=\"158\">Outlander Sport<\/td>\n<td width=\"134\">GA-XA-XB-XC-XD<\/td>\n<td width=\"112\">2.0, 2.4<\/td>\n<td width=\"83\">2011 \u2013<\/td>\n<\/tr>\n<\/tbody>\n<\/table>\n<p><iframe loading=\"lazy\" title=\"Caja de sintonizaci\u00f3n del pedal del acelerador \/ controlador de respuesta del acelerador de Pedal Commander\" src=\"https:\/\/www.youtube.com\/embed\/q3iPV2YuwXU\" width=\"882\" height=\"496\" frameborder=\"0\" allowfullscreen=\"allowfullscreen\"><\/iframe><\/p>","protected":false},"excerpt":{"rendered":"<p>Caja de sintonizaci\u00f3n del pedal del acelerador PC29 de Pedal Commander para Chrysler, Dodge, Jeep, Kia, Mitsubishi Se trata de un inteligente<\/p>","protected":false},"featured_media":68287251,"comment_status":"open","ping_status":"closed","template":"","meta":{"_acf_changed":false},"product_brand":[],"product_cat":[1440,2647,1500,1504],"product_tag":[4420,167,4845,574,515,48,677,49,4864,4842,4844,2934,50,678,4945,4948,4862,4949,4841,684,4946,4843,4879,186,4865,682,4947,4601,4868,233,4889],"class_list":{"0":"post-68287245","1":"product","2":"type-product","3":"status-publish","4":"has-post-thumbnail","6":"product_cat-sebring-zubehoer","7":"product_cat-avenger-motor","8":"product_cat-compass-zubehoer","9":"product_cat-patriot-zubehoer","10":"product_tag-4420","11":"product_tag-avenger","12":"product_tag-bluetooth","13":"product_tag-caliber","14":"product_tag-chiptuning","15":"product_tag-chrysler","16":"product_tag-compass","17":"product_tag-dodge","18":"product_tag-gasannahmeregler","19":"product_tag-gaspedal","20":"product_tag-gaspedaltuning","21":"product_tag-harder","22":"product_tag-jeep","23":"product_tag-journey","24":"product_tag-kia","25":"product_tag-lancer","26":"product_tag-mitsubishi","27":"product_tag-outlander","28":"product_tag-padal-box","29":"product_tag-patriot","30":"product_tag-pc29","31":"product_tag-pedal-commander","32":"product_tag-pedalbox","33":"product_tag-performance","34":"product_tag-powerbox","35":"product_tag-sebring","36":"product_tag-soul","37":"product_tag-throttle","38":"product_tag-throttle-booster","39":"product_tag-tuning","40":"product_tag-tuningbox","41":"product_shipping_class-deutschlandohne","43":"first","44":"outofstock","45":"taxable","46":"shipping-taxable","47":"purchasable","48":"product-type-simple"},"bundled_by":[],"bundle_stock_status":"outofstock","bundle_stock_quantity":0,"bundle_virtual":false,"bundle_layout":"","bundle_add_to_cart_form_location":"","bundle_editable_in_cart":false,"bundle_sold_individually_context":"","bundle_item_grouping":"","bundle_min_size":"","bundle_max_size":"","bundle_price":[],"bundled_items":[],"bundle_sell_ids":[],"exclude_global_add_ons":[],"addons":[],"acf":[],"_links":{"self":[{"href":"https:\/\/kraftwerk-shop.cc\/es\/wp-json\/wp\/v2\/product\/68287245","targetHints":{"allow":["GET"]}}],"collection":[{"href":"https:\/\/kraftwerk-shop.cc\/es\/wp-json\/wp\/v2\/product"}],"about":[{"href":"https:\/\/kraftwerk-shop.cc\/es\/wp-json\/wp\/v2\/types\/product"}],"replies":[{"embeddable":true,"href":"https:\/\/kraftwerk-shop.cc\/es\/wp-json\/wp\/v2\/comments?post=68287245"}],"version-history":[{"count":0,"href":"https:\/\/kraftwerk-shop.cc\/es\/wp-json\/wp\/v2\/product\/68287245\/revisions"}],"wp:featuredmedia":[{"embeddable":true,"href":"https:\/\/kraftwerk-shop.cc\/es\/wp-json\/wp\/v2\/media\/68287251"}],"wp:attachment":[{"href":"https:\/\/kraftwerk-shop.cc\/es\/wp-json\/wp\/v2\/media?parent=68287245"}],"wp:term":[{"taxonomy":"product_brand","embeddable":true,"href":"https:\/\/kraftwerk-shop.cc\/es\/wp-json\/wp\/v2\/product_brand?post=68287245"},{"taxonomy":"product_cat","embeddable":true,"href":"https:\/\/kraftwerk-shop.cc\/es\/wp-json\/wp\/v2\/product_cat?post=68287245"},{"taxonomy":"product_tag","embeddable":true,"href":"https:\/\/kraftwerk-shop.cc\/es\/wp-json\/wp\/v2\/product_tag?post=68287245"}],"curies":[{"name":"wp","href":"https:\/\/api.w.org\/{rel}","templated":true}]}}