{"id":68288331,"date":"2023-05-01T14:19:05","date_gmt":"2023-05-01T12:19:05","guid":{"rendered":"https:\/\/kraftwerk-shop.cc\/?post_type=product&#038;p=68288331"},"modified":"2026-02-20T20:12:38","modified_gmt":"2026-02-20T19:12:38","slug":"whipple-aceite-para-compresores-compresor-de-3-litros","status":"publish","type":"product","link":"https:\/\/kraftwerk-shop.cc\/es\/produkt\/whipple-kompressoroel-3-liter-kompressor\/","title":{"rendered":"Aceite para compresores Whipple de 3,0 litros"},"content":{"rendered":"<h1>Aceite para compresores Whipple de 3,0 litros<\/h1>\n<p>&nbsp;<\/p>\n<p>El aceite para compresores Whipple es un lubricante especialmente formulado para su uso en compresores Whipple de 3,0 litros. Es un aceite sint\u00e9tico de alta viscosidad y excelente estabilidad t\u00e9rmica que protege el compresor a altas velocidades y temperaturas.<\/p>\n<p>El aceite Whipple Supercharger proporciona una excelente lubricaci\u00f3n a todas las piezas m\u00f3viles del compresor, incluidos el rotor y el alojamiento de los cojinetes. Reduce la fricci\u00f3n y el desgaste, lo que aumenta la vida \u00fatil del compresor. Adem\u00e1s, es resistente a la oxidaci\u00f3n y la corrosi\u00f3n, lo que garantiza una vida \u00fatil m\u00e1s larga.<\/p>\n<p>Este aceite ha sido especialmente desarrollado y probado para su uso en compresores Whipple de 3 litros con el fin de garantizar un rendimiento y una vida \u00fatil \u00f3ptimos. Cumple los estrictos requisitos de Whipple Performance y es un componente importante para el mantenimiento y cuidado de su compresor.<\/p>\n<p>&nbsp;<\/p>\n<ul>\n<li>Aceite para compresores Whipple, 120 ml con tap\u00f3n para verter f\u00e1cilmente<\/li>\n<li>Recomendado para compresores Whipple 3.0<\/li>\n<li>Relleno preciso de la cantidad necesaria<\/li>\n<\/ul>","protected":false},"excerpt":{"rendered":"<p>Aceite para compresores Whipple para compresores de 3,0 litros El aceite para compresores Whipple es un lubricante especialmente formulado y dise\u00f1ado para su uso en<\/p>","protected":false},"featured_media":68288434,"comment_status":"open","ping_status":"closed","template":"","meta":{"_acf_changed":false},"product_brand":[19061],"product_cat":[2509,4979,2529,1794,2508,2528,2585,1792,2511,5158,2551,2709,1795,2553,2708,2552,2510,2554,4804,2555,2556,2669,2557,1513,5015,2701],"product_tag":[89,242,1393,406,655,246,376],"class_list":{"0":"post-68288331","1":"product","2":"type-product","3":"status-publish","4":"has-post-thumbnail","6":"product_brand-whipple","7":"product_cat-300c-57-2005-2010-kompressor","8":"product_cat-300c-57-2011-2023-kompressor","9":"product_cat-300c-61-kompressor","10":"product_cat-300c-64-kompressor","11":"product_cat-challenger-57-kompressor","12":"product_cat-challenger-61-kompressor","13":"product_cat-challenger-hellcat-kompressor","14":"product_cat-challenger-64-kompressor","15":"product_cat-charger-57-kompressor","16":"product_cat-charger-57-2011-2023-kompressor","17":"product_cat-charger-61-kompressor","18":"product_cat-charger-hellcat-kompressor","19":"product_cat-charger-64-kompressor","20":"product_cat-durango-57-kompressor","21":"product_cat-durango-hellcat-kompressor","22":"product_cat-durango-64-kompressor","23":"product_cat-magnum-57-kompressor","24":"product_cat-magnum-61-kompressor","25":"product_cat-grand-cherokee-57-2005-2010-kompressor","26":"product_cat-grand-cherokee-57-2011-2021-kompressor","27":"product_cat-grand-cherokee-61-kompressor","28":"product_cat-trackhawk-kompressor","29":"product_cat-grand-cherokee-64-kompressor","30":"product_cat-1500-57-2009-2018-classic-kompressor","31":"product_cat-1500-57-dt-kompressor","32":"product_cat-trx-kompressor","33":"product_tag-3-0","34":"product_tag-kompressor","35":"product_tag-kompressoroel","36":"product_tag-oel","37":"product_tag-oelwechsel","38":"product_tag-supercharger","39":"product_tag-whipple","41":"first","42":"instock","43":"taxable","44":"shipping-taxable","45":"purchasable","46":"product-type-simple"},"bundled_by":[],"bundle_stock_status":"instock","bundle_stock_quantity":2,"bundle_virtual":false,"bundle_layout":"","bundle_add_to_cart_form_location":"","bundle_editable_in_cart":false,"bundle_sold_individually_context":"","bundle_item_grouping":"","bundle_min_size":"","bundle_max_size":"","bundle_price":[],"bundled_items":[],"bundle_sell_ids":[],"exclude_global_add_ons":[],"addons":[],"acf":[],"_links":{"self":[{"href":"https:\/\/kraftwerk-shop.cc\/es\/wp-json\/wp\/v2\/product\/68288331","targetHints":{"allow":["GET"]}}],"collection":[{"href":"https:\/\/kraftwerk-shop.cc\/es\/wp-json\/wp\/v2\/product"}],"about":[{"href":"https:\/\/kraftwerk-shop.cc\/es\/wp-json\/wp\/v2\/types\/product"}],"replies":[{"embeddable":true,"href":"https:\/\/kraftwerk-shop.cc\/es\/wp-json\/wp\/v2\/comments?post=68288331"}],"version-history":[{"count":0,"href":"https:\/\/kraftwerk-shop.cc\/es\/wp-json\/wp\/v2\/product\/68288331\/revisions"}],"wp:featuredmedia":[{"embeddable":true,"href":"https:\/\/kraftwerk-shop.cc\/es\/wp-json\/wp\/v2\/media\/68288434"}],"wp:attachment":[{"href":"https:\/\/kraftwerk-shop.cc\/es\/wp-json\/wp\/v2\/media?parent=68288331"}],"wp:term":[{"taxonomy":"product_brand","embeddable":true,"href":"https:\/\/kraftwerk-shop.cc\/es\/wp-json\/wp\/v2\/product_brand?post=68288331"},{"taxonomy":"product_cat","embeddable":true,"href":"https:\/\/kraftwerk-shop.cc\/es\/wp-json\/wp\/v2\/product_cat?post=68288331"},{"taxonomy":"product_tag","embeddable":true,"href":"https:\/\/kraftwerk-shop.cc\/es\/wp-json\/wp\/v2\/product_tag?post=68288331"}],"curies":[{"name":"wp","href":"https:\/\/api.w.org\/{rel}","templated":true}]}}