{"id":68288447,"date":"2023-05-06T15:08:08","date_gmt":"2023-05-06T13:08:08","guid":{"rendered":"https:\/\/kraftwerk-shop.cc\/?post_type=product&#038;p=68288447"},"modified":"2026-02-15T00:46:49","modified_gmt":"2026-02-14T23:46:49","slug":"kit-compresor-whipple-chevrolet-camaro-lt1","status":"publish","type":"product","link":"https:\/\/kraftwerk-shop.cc\/es\/produkt\/whipple-kompressorkit-chevrolet-camaro-lt1\/","title":{"rendered":"Kit compresor Whipple Chevrolet Camaro 6.2 LT1"},"content":{"rendered":"<h1>El sistema de compresor m\u00e1s grande, eficiente y potente para Chevrolet Camaro 6.2 LT1 (2016 - 2022)<\/h1>\n<p>&nbsp;<\/p>\n<p>El nuevo sistema de sobrealimentaci\u00f3n Whipple Gen 5 para el Chevrolet Camaro 6.2 LT1 es el sistema de sobrealimentaci\u00f3n m\u00e1s potente disponible actualmente para su Chevrolet Camaro. No debe confundirse con el Gen 3 o 4, este supercargador totalmente nuevo ofrece una eficiencia l\u00edder en la industria desde el ralent\u00ed hasta la velocidad m\u00e1xima. Los cojinetes, engranajes, rotores y carcasa optimizados garantizan que el nuevo sobrealimentador funcione m\u00e1s r\u00e1pido, durante m\u00e1s tiempo y de forma m\u00e1s segura, a la vez que produce m\u00e1s potencia que cualquier otro sobrealimentador jam\u00e1s construido. El nuevo Gen 5 presenta una combinaci\u00f3n de rotores 3\/4 totalmente nueva en comparaci\u00f3n con la anterior combinaci\u00f3n de rotores 3\/5, una voluta de 285 grados en comparaci\u00f3n con la anterior voluta de 270 grados, una nueva campana de admisi\u00f3n, un puerto de salida optimizado y un di\u00e1metro mayor en comparaci\u00f3n con la longitud para una mayor eficiencia.<\/p>\n<p>&nbsp;<\/p>\n<p><strong>Propiedades:<\/strong><\/p>\n<ul>\n<li>El sistema compresor m\u00e1s potente del mercado<\/li>\n<li>Refrigerador de aire de sobrealimentaci\u00f3n doble patentado, sistema de refrigeraci\u00f3n de aire de sobrealimentaci\u00f3n doble<\/li>\n<li>Sistema de intercooler con dos entradas y dos salidas para aumentar la capacidad de flujo<\/li>\n<li>Bomba de agua Bosch para el sistema de refrigeraci\u00f3n del aire de sobrealimentaci\u00f3n con gran caudal para una potencia de refrigeraci\u00f3n sin concesiones<\/li>\n<li>Sistema de bypass con intercooler para reducir el golpeteo del tubo de escape<\/li>\n<li>Sobrealimentador Whipple de doble tornillo W185ax (3,0 litros) con admisi\u00f3n frontal, que supera significativamente los sistemas de ra\u00edces de los competidores con 1,9 y 2,3 litros.<\/li>\n<li>30% m\u00e1s volumen que el Eaton\u2122 2300 2.3L<\/li>\n<li>13% m\u00e1s volumen que el Eaton\u2122 2650 2.65L<\/li>\n<li>Sistema probado de 10 correas acanaladas con polea tensora ajustable<\/li>\n<li>Amortiguador de vibraciones ATI aprobado por la NHRA<\/li>\n<li>Entrada Crusher\u2122 integrada para una m\u00e1xima capacidad de flujo de aire.<\/li>\n<li>La entrada redonda integrada Crusher\u2122 de 120 mm supera a las entradas m\u00e1s peque\u00f1as de 90 y 93 mm que se encuentran en otros sistemas basados en Eaton<\/li>\n<li>Toma redonda integrada Crusher\u2122 de 120 mm para cuerpos de mariposa opcionales de 102, 103, 105, 108, 112, 115 y 120 mm.<\/li>\n<li>Sistema de aceite independiente y sobredimensionado para reducir dr\u00e1sticamente la temperatura del aceite incluso en las condiciones m\u00e1s exigentes.<\/li>\n<li>Curva de par plana para una aceleraci\u00f3n incre\u00edble<\/li>\n<li>Intercambiador de calor sobredimensionado para temperaturas de agua incre\u00edbles en el intercooler<\/li>\n<li>Cabe bajo el cap\u00f3 sin modificaciones<\/li>\n<li>No requiere modificaciones internas<\/li>\n<li>Los kits se suministran completos con todas las piezas y materiales de fijaci\u00f3n necesarios para la instalaci\u00f3n<\/li>\n<li>Cableado plug-and-play con conexiones macho y hembra<\/li>\n<li>Conectores r\u00e1pidos OEM para una instalaci\u00f3n sencilla, sin feas conexiones de lat\u00f3n o acero en el compresor<\/li>\n<li>Disponible en negro, pulido o en cualquier color personalizado (con recargo).<\/li>\n<li>F\u00e1cil de actualizar<\/li>\n<\/ul>\n<p>&nbsp;<\/p>\n<p><strong>Adecuado para:<\/strong><\/p>\n<table width=\"437\">\n<tbody>\n<tr>\n<td width=\"83\"><strong>Marca<\/strong><\/td>\n<td width=\"122\"><strong>Modelo<\/strong><\/td>\n<td width=\"136\"><strong>Motor<\/strong><\/td>\n<td width=\"96\"><strong>A\u00f1o de construcci\u00f3n<\/strong><\/td>\n<\/tr>\n<tr>\n<td>Chevrolet<\/td>\n<td>Camaro<\/td>\n<td>6.2 LT1<\/td>\n<td>2016-2022<\/td>\n<\/tr>\n<\/tbody>\n<\/table>\n<p>&nbsp;<\/p>\n<p>&nbsp;<\/p>\n<p><strong>Acerca de Whipple<\/strong><\/p>\n<p>Whipple Superchargers\u2122 ha sido pionero y precursor de los compresores de doble tornillo desde 1987.<br \/>\nCon m\u00e1s de 30 a\u00f1os de experiencia en estos sobrealimentadores, el equipo Whipple ha desarrollado los sistemas de sobrealimentaci\u00f3n de doble tornillo refrigerados por aire de carga m\u00e1s potentes disponibles en la actualidad para los motores V8 Chevrolet.<br \/>\nEl nuevo sistema Whipple ofrece m\u00e1s potencia que cualquier otro sistema compresor del mercado.<br \/>\nEs completo hasta 100% y fue desarrollado para motores de serie, pero tiene suficientes reservas para lograr resultados a\u00fan mejores con motores muy modificados.<\/p>","protected":false},"excerpt":{"rendered":"<p>Das gr\u00f6\u00dfte, effizienteste und leistungsf\u00e4higste Kompressorsystem f\u00fcr Chevrolet Camaro 6.2 LT1 (2016 &#8211; 2022) &nbsp; Das brandneue Whipple Gen 5<\/p>","protected":false},"featured_media":68288459,"comment_status":"open","ping_status":"closed","template":"","meta":{"_acf_changed":false},"product_brand":[19061],"product_cat":[3080,3024],"product_tag":[101,191,189,190,1050,20273,242,244,243,36,898,246,233,245,376,6811],"class_list":{"0":"post-68288447","1":"product","2":"type-product","3":"status-publish","4":"has-post-thumbnail","6":"product_brand-whipple","7":"product_cat-camaro-62-2016-kompressor","8":"product_cat-nicht-nach-eu","9":"product_tag-6-2","10":"product_tag-camaro","11":"product_tag-chevrolet","12":"product_tag-chevy","13":"product_tag-gen6","14":"product_tag-keintuev","15":"product_tag-kompressor","16":"product_tag-kompressorkit","17":"product_tag-kompressorumbau","18":"product_tag-kraftwerk","19":"product_tag-lt1","20":"product_tag-supercharger","21":"product_tag-tuning","22":"product_tag-umbaukit","23":"product_tag-whipple","24":"product_tag-whipple5","25":"product_shipping_class-spedition-1","27":"first","28":"onbackorder","29":"taxable","30":"shipping-taxable","31":"purchasable","32":"product-type-simple"},"bundled_by":[],"bundle_stock_status":"onbackorder","bundle_stock_quantity":0,"bundle_virtual":false,"bundle_layout":"","bundle_add_to_cart_form_location":"","bundle_editable_in_cart":false,"bundle_sold_individually_context":"","bundle_item_grouping":"","bundle_min_size":"","bundle_max_size":"","bundle_price":[],"bundled_items":[],"bundle_sell_ids":[],"exclude_global_add_ons":[],"addons":[],"acf":[],"_links":{"self":[{"href":"https:\/\/kraftwerk-shop.cc\/es\/wp-json\/wp\/v2\/product\/68288447","targetHints":{"allow":["GET"]}}],"collection":[{"href":"https:\/\/kraftwerk-shop.cc\/es\/wp-json\/wp\/v2\/product"}],"about":[{"href":"https:\/\/kraftwerk-shop.cc\/es\/wp-json\/wp\/v2\/types\/product"}],"replies":[{"embeddable":true,"href":"https:\/\/kraftwerk-shop.cc\/es\/wp-json\/wp\/v2\/comments?post=68288447"}],"version-history":[{"count":0,"href":"https:\/\/kraftwerk-shop.cc\/es\/wp-json\/wp\/v2\/product\/68288447\/revisions"}],"wp:featuredmedia":[{"embeddable":true,"href":"https:\/\/kraftwerk-shop.cc\/es\/wp-json\/wp\/v2\/media\/68288459"}],"wp:attachment":[{"href":"https:\/\/kraftwerk-shop.cc\/es\/wp-json\/wp\/v2\/media?parent=68288447"}],"wp:term":[{"taxonomy":"product_brand","embeddable":true,"href":"https:\/\/kraftwerk-shop.cc\/es\/wp-json\/wp\/v2\/product_brand?post=68288447"},{"taxonomy":"product_cat","embeddable":true,"href":"https:\/\/kraftwerk-shop.cc\/es\/wp-json\/wp\/v2\/product_cat?post=68288447"},{"taxonomy":"product_tag","embeddable":true,"href":"https:\/\/kraftwerk-shop.cc\/es\/wp-json\/wp\/v2\/product_tag?post=68288447"}],"curies":[{"name":"wp","href":"https:\/\/api.w.org\/{rel}","templated":true}]}}