{"id":68289177,"date":"2023-05-21T01:22:55","date_gmt":"2023-05-20T23:22:55","guid":{"rendered":"https:\/\/kraftwerk-shop.cc\/?post_type=product&#038;p=68289177"},"modified":"2026-02-15T00:49:03","modified_gmt":"2026-02-14T23:49:03","slug":"soportes-de-motor-300c-challenger-charger-magnum","status":"publish","type":"product","link":"https:\/\/kraftwerk-shop.cc\/es\/produkt\/motorlager-300c-challenger-charger-magnum\/","title":{"rendered":"Soportes de motor 300C, Challenger, Charger, Magnum 5.7 &amp; 6.1"},"content":{"rendered":"<h1>Soporte de motor \/ soporte de motor para Chrysler 300C, Dodge Challenger, Charger y Magnum 5.7 &amp; 6.1<\/h1>\n<p>&nbsp;<\/p>\n<p>Los soportes de motor, tambi\u00e9n conocidos como soportes de motor, tienen la tarea de mantener el motor de su Chrysler 300C, Dodge Challenger, Charger o Magnum con motor 5.7 o 6.1 Hemi en su lugar.<\/p>\n<p>Los soportes del motor consisten en componentes met\u00e1licos o de caucho-metal que son capaces de mantener el motor estable y seguro a la vez que absorben las vibraciones y los golpes.<br \/>\nSi los soportes del motor est\u00e1n da\u00f1ados o desgastados, pueden producirse vibraciones y sacudidas desagradables en el motor. Esto no s\u00f3lo puede ser desagradable para el conductor, sino que tambi\u00e9n puede perjudicar el rendimiento y la seguridad del veh\u00edculo.<\/p>\n<p>&nbsp;<\/p>\n<p><strong>N\u00fameros de comparaci\u00f3n Mopar:<\/strong>\u00a04578046AC, 4578046AD, 4578046AE, 4578046AF<\/p>\n<p>&nbsp;<\/p>\n<p>&nbsp;<\/p>\n<p><strong>Adecuado para:<\/strong><\/p>\n<table width=\"402\">\n<tbody>\n<tr>\n<td width=\"83\"><strong>Marca<\/strong><\/td>\n<td width=\"153\"><strong>Modelo<\/strong><\/td>\n<td width=\"83\"><strong>Motor<\/strong><\/td>\n<td width=\"83\"><strong>A\u00f1o de construcci\u00f3n<\/strong><\/td>\n<\/tr>\n<tr>\n<td width=\"83\">Chrysler<\/td>\n<td width=\"153\">300C<\/td>\n<td width=\"83\">5.7<\/td>\n<td width=\"83\">2005-2010<\/td>\n<\/tr>\n<tr>\n<td width=\"83\">Chrysler<\/td>\n<td width=\"153\">300C<\/td>\n<td width=\"83\">6.1<\/td>\n<td width=\"83\">2005-2010<\/td>\n<\/tr>\n<tr>\n<td width=\"83\">Dodge<\/td>\n<td width=\"153\">Challenger<\/td>\n<td width=\"83\">5.7<\/td>\n<td width=\"83\">2008-2010<\/td>\n<\/tr>\n<tr>\n<td width=\"83\">Dodge<\/td>\n<td width=\"153\">Challenger<\/td>\n<td width=\"83\">6.1<\/td>\n<td width=\"83\">2008-2010<\/td>\n<\/tr>\n<tr>\n<td width=\"83\">Dodge<\/td>\n<td width=\"153\">Charger<\/td>\n<td width=\"83\">5.7<\/td>\n<td width=\"83\">2005-2010<\/td>\n<\/tr>\n<tr>\n<td width=\"83\">Dodge<\/td>\n<td width=\"153\">Charger<\/td>\n<td width=\"83\">6.1<\/td>\n<td width=\"83\">2005-2010<\/td>\n<\/tr>\n<tr>\n<td width=\"83\">Dodge<\/td>\n<td width=\"153\">Magnum<\/td>\n<td width=\"83\">5.7<\/td>\n<td width=\"83\">2005-2008<\/td>\n<\/tr>\n<tr>\n<td width=\"83\">Dodge<\/td>\n<td width=\"153\">Magnum<\/td>\n<td width=\"83\">6.1<\/td>\n<td width=\"83\">2006-2008<\/td>\n<\/tr>\n<\/tbody>\n<\/table>\n<p>&nbsp;<\/p>","protected":false},"excerpt":{"rendered":"<p>2005-2010<\/p>","protected":false},"featured_media":68289181,"comment_status":"open","ping_status":"closed","template":"","meta":{"_acf_changed":false},"product_brand":[],"product_cat":[6710,6685,6730,6690,6715,6695,8094,6699],"product_tag":[18334,18335,18336,18337,52,5063,5064,5065,5066,91,92,365,54,53,48,536,49,3853,3854,126,36,3426,55,3766,3764,1056,164],"class_list":{"0":"post-68289177","1":"product","2":"type-product","3":"status-publish","4":"has-post-thumbnail","6":"product_cat-300c-57-2005-2010-dichtungen-hardware","7":"product_cat-300c-61-dichtungen-hardware","8":"product_cat-challenger-57-dichtungen-hardware","9":"product_cat-challenger-61-dichtungen-hardware","10":"product_cat-charger-57-dichtungen-hardware","11":"product_cat-charger-61-dichtungen-hardware","12":"product_cat-magnum-57-dichtungen-hardware","13":"product_cat-magnum-61-dichtungen-hardware","14":"product_tag-04578046ac","15":"product_tag-04578046ad","16":"product_tag-04578046ae","17":"product_tag-04578046af","18":"product_tag-300c","19":"product_tag-4578046ac","20":"product_tag-4578046ad","21":"product_tag-4578046ae","22":"product_tag-4578046af","23":"product_tag-5-7","24":"product_tag-6-1","25":"product_tag-cam","26":"product_tag-challenger","27":"product_tag-charger","28":"product_tag-chrysler","29":"product_tag-chrysler-300c","30":"product_tag-dodge","31":"product_tag-dodge-challenger","32":"product_tag-dodge-charger","33":"product_tag-hemi","34":"product_tag-kraftwerk","35":"product_tag-lager","36":"product_tag-magnum","37":"product_tag-motorhalterung","38":"product_tag-motorlager","39":"product_tag-srt-8","40":"product_tag-srt8","42":"first","43":"instock","44":"taxable","45":"shipping-taxable","46":"purchasable","47":"product-type-simple"},"bundled_by":[],"bundle_stock_status":"instock","bundle_stock_quantity":2,"bundle_virtual":false,"bundle_layout":"","bundle_add_to_cart_form_location":"","bundle_editable_in_cart":false,"bundle_sold_individually_context":"","bundle_item_grouping":"","bundle_min_size":"","bundle_max_size":"","bundle_price":[],"bundled_items":[],"bundle_sell_ids":[],"exclude_global_add_ons":[],"addons":[],"acf":[],"_links":{"self":[{"href":"https:\/\/kraftwerk-shop.cc\/es\/wp-json\/wp\/v2\/product\/68289177","targetHints":{"allow":["GET"]}}],"collection":[{"href":"https:\/\/kraftwerk-shop.cc\/es\/wp-json\/wp\/v2\/product"}],"about":[{"href":"https:\/\/kraftwerk-shop.cc\/es\/wp-json\/wp\/v2\/types\/product"}],"replies":[{"embeddable":true,"href":"https:\/\/kraftwerk-shop.cc\/es\/wp-json\/wp\/v2\/comments?post=68289177"}],"version-history":[{"count":0,"href":"https:\/\/kraftwerk-shop.cc\/es\/wp-json\/wp\/v2\/product\/68289177\/revisions"}],"wp:featuredmedia":[{"embeddable":true,"href":"https:\/\/kraftwerk-shop.cc\/es\/wp-json\/wp\/v2\/media\/68289181"}],"wp:attachment":[{"href":"https:\/\/kraftwerk-shop.cc\/es\/wp-json\/wp\/v2\/media?parent=68289177"}],"wp:term":[{"taxonomy":"product_brand","embeddable":true,"href":"https:\/\/kraftwerk-shop.cc\/es\/wp-json\/wp\/v2\/product_brand?post=68289177"},{"taxonomy":"product_cat","embeddable":true,"href":"https:\/\/kraftwerk-shop.cc\/es\/wp-json\/wp\/v2\/product_cat?post=68289177"},{"taxonomy":"product_tag","embeddable":true,"href":"https:\/\/kraftwerk-shop.cc\/es\/wp-json\/wp\/v2\/product_tag?post=68289177"}],"curies":[{"name":"wp","href":"https:\/\/api.w.org\/{rel}","templated":true}]}}