{"id":68289188,"date":"2023-05-21T11:10:10","date_gmt":"2023-05-21T09:10:10","guid":{"rendered":"https:\/\/kraftwerk-shop.cc\/?post_type=product&#038;p=68289188"},"modified":"2026-03-23T11:57:49","modified_gmt":"2026-03-23T10:57:49","slug":"cojinete-caja-de-cambios-300c-challenger-charger-magnum-viper","status":"publish","type":"product","link":"https:\/\/kraftwerk-shop.cc\/es\/produkt\/getriebelager-300c-challenger-charger-magnum-viper\/","title":{"rendered":"Cojinete de la caja de cambios Chrysler 300C, Dodge Challenger, Charger, Magnum &amp; Viper"},"content":{"rendered":"<h1>Cojinete de caja de cambios para Chrysler 300C, Dodge Challenger, Charger, Magnum y Viper<\/h1>\n<p>&nbsp;<\/p>\n<p>Este rodamiento para cajas de cambios se caracteriza por su extraordinaria estabilidad, amortiguaci\u00f3n de vibraciones y durabilidad para satisfacer todos los requisitos.<\/p>\n<p>&nbsp;<\/p>\n<ul>\n<li>Especialmente desarrollado para soportar las cargas y vibraciones de la caja de cambios<\/li>\n<li>Minimiza eficazmente las vibraciones y el ruido en el sistema de transmisi\u00f3n. Esto garantiza un funcionamiento suave y reduce el desgaste de otros componentes.<\/li>\n<li>Ajuste preciso para una transmisi\u00f3n de potencia \u00f3ptima y una baja p\u00e9rdida de energ\u00eda<\/li>\n<li>soporta las cargas m\u00e1s elevadas y ofrece una excelente resistencia a los golpes, incluso en condiciones extremas, y contribuye a prolongar la vida \u00fatil de su caja de cambios<\/li>\n<li>El rodamiento de la caja de cambios es f\u00e1cil de instalar y se adapta perfectamente al entorno de la caja de cambios existente<\/li>\n<\/ul>\n<p>&nbsp;<\/p>\n<p><strong>N\u00fameros de comparaci\u00f3n Mopar:<\/strong> 4578061AC, 4578061AD, 4578061AE, 4578063AC, 4578063AD, 4578063AE, 68084746AA, 68084747AA, 68084749AB, 68092519AA<\/p>\n<p>&nbsp;<\/p>\n<p>&nbsp;<\/p>\n<p><strong>Adecuado para:<\/strong><\/p>\n<table width=\"343\">\n<tbody>\n<tr>\n<td width=\"83\"><strong>Marca<\/strong><\/td>\n<td width=\"83\"><strong>Modelo<\/strong><\/td>\n<td width=\"94\"><strong>Motor<\/strong><\/td>\n<td width=\"83\"><strong>A\u00f1o de construcci\u00f3n<\/strong><\/td>\n<\/tr>\n<tr>\n<td width=\"83\">Chrysler<\/td>\n<td width=\"83\">300C<\/td>\n<td width=\"94\">3.5<\/td>\n<td width=\"83\">2005-2010<\/td>\n<\/tr>\n<tr>\n<td width=\"83\">Chrysler<\/td>\n<td width=\"83\">300C<\/td>\n<td width=\"94\">3.6<\/td>\n<td width=\"83\">2011-2023<\/td>\n<\/tr>\n<tr>\n<td width=\"83\">Chrysler<\/td>\n<td width=\"83\">300C<\/td>\n<td width=\"94\">5.7<\/td>\n<td width=\"83\">2005-2023<\/td>\n<\/tr>\n<tr>\n<td width=\"83\">Chrysler<\/td>\n<td width=\"83\">300C<\/td>\n<td width=\"94\">6.1<\/td>\n<td width=\"83\">2008-2010<\/td>\n<\/tr>\n<tr>\n<td width=\"83\">Chrysler<\/td>\n<td width=\"83\">300C<\/td>\n<td width=\"94\">6.4<\/td>\n<td width=\"83\">2011-2014<\/td>\n<\/tr>\n<tr>\n<td width=\"83\">Dodge<\/td>\n<td width=\"83\">Challenger<\/td>\n<td width=\"94\">3.5<\/td>\n<td width=\"83\">2009-2010<\/td>\n<\/tr>\n<tr>\n<td width=\"83\">Dodge<\/td>\n<td width=\"83\">Challenger<\/td>\n<td width=\"94\">3.6<\/td>\n<td width=\"83\">2011-2023<\/td>\n<\/tr>\n<tr>\n<td width=\"83\">Dodge<\/td>\n<td width=\"83\">Challenger<\/td>\n<td width=\"94\">5.7<\/td>\n<td width=\"83\">2008-2023<\/td>\n<\/tr>\n<tr>\n<td width=\"83\">Dodge<\/td>\n<td width=\"83\">Challenger<\/td>\n<td width=\"94\">6.1<\/td>\n<td width=\"83\">2008-2010<\/td>\n<\/tr>\n<tr>\n<td width=\"83\">Dodge<\/td>\n<td width=\"83\">Challenger<\/td>\n<td width=\"94\">6.2<\/td>\n<td width=\"83\">2015-2023<\/td>\n<\/tr>\n<tr>\n<td width=\"83\">Dodge<\/td>\n<td width=\"83\">Challenger<\/td>\n<td width=\"94\">6.4<\/td>\n<td width=\"83\">2011-2023<\/td>\n<\/tr>\n<tr>\n<td width=\"83\">Dodge<\/td>\n<td width=\"83\">Charger<\/td>\n<td width=\"94\">3.5<\/td>\n<td width=\"83\">2006-2010<\/td>\n<\/tr>\n<tr>\n<td width=\"83\">Dodge<\/td>\n<td width=\"83\">Charger<\/td>\n<td width=\"94\">3.6<\/td>\n<td width=\"83\">2011-2023<\/td>\n<\/tr>\n<tr>\n<td width=\"83\">Dodge<\/td>\n<td width=\"83\">Charger<\/td>\n<td width=\"94\">5.7<\/td>\n<td width=\"83\">2006-2023<\/td>\n<\/tr>\n<tr>\n<td width=\"83\">Dodge<\/td>\n<td width=\"83\">Charger<\/td>\n<td width=\"94\">6.1<\/td>\n<td width=\"83\">2008-2010<\/td>\n<\/tr>\n<tr>\n<td width=\"83\">Dodge<\/td>\n<td width=\"83\">Charger<\/td>\n<td width=\"94\">6.2<\/td>\n<td width=\"83\">2015-2023<\/td>\n<\/tr>\n<tr>\n<td width=\"83\">Dodge<\/td>\n<td width=\"83\">Charger<\/td>\n<td width=\"94\">6.4<\/td>\n<td width=\"83\">2011-2023<\/td>\n<\/tr>\n<tr>\n<td width=\"83\">Dodge<\/td>\n<td width=\"83\">Magnum<\/td>\n<td width=\"94\">3.5<\/td>\n<td width=\"83\">2005-2008<\/td>\n<\/tr>\n<tr>\n<td width=\"83\">Dodge<\/td>\n<td width=\"83\">Magnum<\/td>\n<td width=\"94\">5.7<\/td>\n<td width=\"83\">2005-2008<\/td>\n<\/tr>\n<tr>\n<td width=\"83\">Dodge<\/td>\n<td width=\"83\">Magnum<\/td>\n<td width=\"94\">6.1<\/td>\n<td width=\"83\">2008<\/td>\n<\/tr>\n<tr>\n<td>Dodge<\/td>\n<td>Viper<\/td>\n<td>8.4<\/td>\n<td>2013-2017<\/td>\n<\/tr>\n<\/tbody>\n<\/table>","protected":false},"excerpt":{"rendered":"<p>Getriebelager f\u00fcr Chrysler 300C, Dodge Challenger, Charger, Magnum\u00a0 und Viper &nbsp; Dieses Getriebelager zeichnet sich aus durch herausragende Stabilit\u00e4t, Schwingungsd\u00e4mpfung<\/p>","protected":false},"featured_media":68289195,"comment_status":"open","ping_status":"closed","template":"","meta":{"_acf_changed":false},"product_brand":[],"product_cat":[1557,1565,1573,4978,1581,1589,2572,1670,1678,1686,1694,1702,1597,1605,1613,5157,1621,1629,1637,1710,1718,1726,8072],"product_tag":[18328,18329,18330,18331,18332,18333,88,169,52,5070,5071,5072,5073,5074,5075,91,92,101,93,5076,5077,5078,5079,1114,54,53,48,536,49,3853,3854,115,5069,5068,5067,100,126,36,3426,55,170,96,1056,164,559],"class_list":{"0":"post-68289188","1":"product","2":"type-product","3":"status-publish","4":"has-post-thumbnail","6":"product_cat-300c-35-getriebe","7":"product_cat-300c-36-getriebe","8":"product_cat-300c-57-2005-2010-getriebe","9":"product_cat-300c-57-2011-2023-getriebe","10":"product_cat-300c-61-getriebe","11":"product_cat-300c-64-getriebe","12":"product_cat-challenger-35-getriebe","13":"product_cat-challenger-36-getriebe","14":"product_cat-challenger-57-getriebe","15":"product_cat-challenger-61-getriebe","16":"product_cat-challenger-hellcat-getriebe","17":"product_cat-challenger-64-getriebe","18":"product_cat-charger-35-getriebe","19":"product_cat-charger-36-getriebe","20":"product_cat-charger-57-getriebe","21":"product_cat-charger-57-2011-2023-getriebe","22":"product_cat-charger-61-getriebe","23":"product_cat-charger-hellcat-getriebe","24":"product_cat-charger-64-getriebe","25":"product_cat-magnum-35-getriebe","26":"product_cat-magnum-57-getriebe","27":"product_cat-magnum-61-getriebe","28":"product_cat-viper-84-getriebe","29":"product_tag-04578061ac","30":"product_tag-04578061ad","31":"product_tag-04578061ae","32":"product_tag-04578063ac","33":"product_tag-04578063ad","34":"product_tag-04578063ae","35":"product_tag-3-5","36":"product_tag-3-6","37":"product_tag-300c","38":"product_tag-4578061ac","39":"product_tag-4578061ad","40":"product_tag-4578061ae","41":"product_tag-4578063ac","42":"product_tag-4578063ad","43":"product_tag-4578063ae","44":"product_tag-5-7","45":"product_tag-6-1","46":"product_tag-6-2","47":"product_tag-6-4","48":"product_tag-68084746aa","49":"product_tag-68084747aa","50":"product_tag-68084749ab","51":"product_tag-68092519aa","52":"product_tag-8-4","53":"product_tag-challenger","54":"product_tag-charger","55":"product_tag-chrysler","56":"product_tag-chrysler-300c","57":"product_tag-dodge","58":"product_tag-dodge-challenger","59":"product_tag-dodge-charger","60":"product_tag-getriebe","61":"product_tag-getriebehalter","62":"product_tag-getriebehalterung","63":"product_tag-getriebelager","64":"product_tag-hellcat","65":"product_tag-hemi","66":"product_tag-kraftwerk","67":"product_tag-lager","68":"product_tag-magnum","69":"product_tag-pentastar","70":"product_tag-srt","71":"product_tag-srt-8","72":"product_tag-srt8","73":"product_tag-viper","75":"first","76":"instock","77":"taxable","78":"shipping-taxable","79":"purchasable","80":"product-type-simple"},"bundled_by":[],"bundle_stock_status":"instock","bundle_stock_quantity":3,"bundle_virtual":false,"bundle_layout":"","bundle_add_to_cart_form_location":"","bundle_editable_in_cart":false,"bundle_sold_individually_context":"","bundle_item_grouping":"","bundle_min_size":"","bundle_max_size":"","bundle_price":[],"bundled_items":[],"bundle_sell_ids":[],"exclude_global_add_ons":[],"addons":[],"acf":[],"_links":{"self":[{"href":"https:\/\/kraftwerk-shop.cc\/es\/wp-json\/wp\/v2\/product\/68289188","targetHints":{"allow":["GET"]}}],"collection":[{"href":"https:\/\/kraftwerk-shop.cc\/es\/wp-json\/wp\/v2\/product"}],"about":[{"href":"https:\/\/kraftwerk-shop.cc\/es\/wp-json\/wp\/v2\/types\/product"}],"replies":[{"embeddable":true,"href":"https:\/\/kraftwerk-shop.cc\/es\/wp-json\/wp\/v2\/comments?post=68289188"}],"version-history":[{"count":0,"href":"https:\/\/kraftwerk-shop.cc\/es\/wp-json\/wp\/v2\/product\/68289188\/revisions"}],"wp:featuredmedia":[{"embeddable":true,"href":"https:\/\/kraftwerk-shop.cc\/es\/wp-json\/wp\/v2\/media\/68289195"}],"wp:attachment":[{"href":"https:\/\/kraftwerk-shop.cc\/es\/wp-json\/wp\/v2\/media?parent=68289188"}],"wp:term":[{"taxonomy":"product_brand","embeddable":true,"href":"https:\/\/kraftwerk-shop.cc\/es\/wp-json\/wp\/v2\/product_brand?post=68289188"},{"taxonomy":"product_cat","embeddable":true,"href":"https:\/\/kraftwerk-shop.cc\/es\/wp-json\/wp\/v2\/product_cat?post=68289188"},{"taxonomy":"product_tag","embeddable":true,"href":"https:\/\/kraftwerk-shop.cc\/es\/wp-json\/wp\/v2\/product_tag?post=68289188"}],"curies":[{"name":"wp","href":"https:\/\/api.w.org\/{rel}","templated":true}]}}