{"id":68289229,"date":"2023-05-21T22:12:18","date_gmt":"2023-05-21T20:12:18","guid":{"rendered":"https:\/\/kraftwerk-shop.cc\/?post_type=product&#038;p=68289229"},"modified":"2026-02-15T00:51:38","modified_gmt":"2026-02-14T23:51:38","slug":"radiador-de-aluminio-mishimoto-corvette-c7","status":"publish","type":"product","link":"https:\/\/kraftwerk-shop.cc\/es\/produkt\/mishimoto-aluminiumkuehler-corvette-c7\/","title":{"rendered":"Radiador de aluminio Mishimoto Corvette C7"},"content":{"rendered":"<h1>Radiador de aluminio Mishimoto para Chevrolet Corvette C7 Stingray y Z06<\/h1>\n<p>&nbsp;<\/p>\n<p>El radiador de aluminio Mishimoto para el chasis C7 Corvette est\u00e1 dise\u00f1ado para superar al radiador de f\u00e1brica y durar toda la vida a pleno gas y en el uso diario.<br \/>\nConvierte tu Corvette de sus fr\u00e1giles dep\u00f3sitos finales de pl\u00e1stico del radiador a un robusto dise\u00f1o de aluminio totalmente soldado.<br \/>\nNo vuelva a preocuparse por pl\u00e1sticos agrietados o fugas en los latiguillos que le dejen tirado al borde de la carretera o pongan fin a su jornada en pista antes de tiempo.<br \/>\nEl radiador Mishimoto C7 est\u00e1 hecho completamente de aluminio y tiene una superficie aumentada en 56 %, as\u00ed como una mayor capacidad de refrigerante.<br \/>\nEst\u00e1 dise\u00f1ado para soportar incluso las condiciones m\u00e1s duras.<br \/>\nLas entradas y salidas mecanizadas mediante CNC garantizan una sujeci\u00f3n segura de las mangueras sin fugas.<br \/>\nComo cada radiador Mishimoto, este radiador es una soluci\u00f3n directa, por lo que la instalaci\u00f3n es tan f\u00e1cil como quitar la pieza de f\u00e1brica e instalar su nuevo radiador de aluminio Mishimoto.<\/p>\n<p>&nbsp;<\/p>\n<p><strong>Propiedades:<\/strong><\/p>\n<ul>\n<li>Ajuste directo para Corvette C7 Stingray y Z06<\/li>\n<li>Construcci\u00f3n totalmente de aluminio con duraderas cajas de refrigerante soldadas con TIG<\/li>\n<li>N\u00facleo de aluminio soldado de doble fila y 2\u2033 de grosor que garantiza temperaturas ideales del refrigerante en carretera y en circuito<\/li>\n<li>Aumenta el volumen del n\u00facleo en 38 % para una mayor eficiencia de refrigeraci\u00f3n<\/li>\n<li>Incluye tap\u00f3n de drenaje magn\u00e9tico para recoger las impurezas\/fragmentos met\u00e1licos del sistema de refrigeraci\u00f3n<\/li>\n<\/ul>\n<p>&nbsp;<\/p>\n<p><strong>Adecuado para:<\/strong><\/p>\n<table width=\"776\">\n<tbody>\n<tr>\n<td width=\"178\"><strong>A\u00f1o de construcci\u00f3n<\/strong><\/td>\n<td width=\"226\"><strong>Marca<\/strong><\/td>\n<td width=\"120\"><strong>Modelo<\/strong><\/td>\n<td width=\"172\"><strong>Variante<\/strong><\/td>\n<td width=\"80\"><strong>Motor<\/strong><\/td>\n<\/tr>\n<tr>\n<td width=\"178\">2014-2019<\/td>\n<td width=\"226\">Chevrolet<\/td>\n<td width=\"120\">Corvette<\/td>\n<td width=\"172\">(C7) Stingray<\/td>\n<td width=\"80\">V8 6.2L<\/td>\n<\/tr>\n<tr>\n<td width=\"178\">2015-2019<\/td>\n<td width=\"226\">Chevrolet<\/td>\n<td width=\"120\">Corvette<\/td>\n<td width=\"172\">(C7) Z06<\/td>\n<td width=\"80\">V8 6.2L<\/td>\n<\/tr>\n<\/tbody>\n<\/table>\n<p>&nbsp;<\/p>\n<p><iframe loading=\"lazy\" title=\"Corvette Radiador C7 Performance\" width=\"500\" height=\"281\" src=\"https:\/\/www.youtube.com\/embed\/eVm69zYqKps?feature=oembed\" frameborder=\"0\" allow=\"accelerometer; autoplay; clipboard-write; encrypted-media; gyroscope; picture-in-picture; web-share\" referrerpolicy=\"strict-origin-when-cross-origin\" allowfullscreen><\/iframe><\/p>\n<p>&nbsp;<\/p>","protected":false},"excerpt":{"rendered":"<p>Radiador de aluminio Mishimoto para Chevrolet Corvette C7 Stingray y Z06 El radiador de aluminio Mishimoto para el chasis Corvette C7 es tan<\/p>","protected":false},"featured_media":68289233,"comment_status":"open","ping_status":"closed","template":"","meta":{"_acf_changed":false},"product_brand":[18924],"product_cat":[5082],"product_tag":[101,4533,3087,189,190,281,405,269,274,5083,4534,3583,216,3736,283],"class_list":{"0":"post-68289229","1":"product","2":"type-product","3":"status-publish","4":"has-post-thumbnail","6":"product_brand-mishimoto","7":"product_cat-corvette-c7-kuehlung","8":"product_tag-6-2","9":"product_tag-aluminiumkuehler","10":"product_tag-c7","11":"product_tag-chevrolet","12":"product_tag-chevy","13":"product_tag-corvette","14":"product_tag-kuehler","15":"product_tag-kuehlwasser","16":"product_tag-mishimoto","17":"product_tag-mmrad-c7-14","18":"product_tag-motorkuehler","19":"product_tag-stingray","20":"product_tag-upgrade","21":"product_tag-wasserkuehler","22":"product_tag-z06","23":"product_shipping_class-paket-l","25":"first","26":"onbackorder","27":"taxable","28":"shipping-taxable","29":"purchasable","30":"product-type-simple"},"bundled_by":[],"bundle_stock_status":"onbackorder","bundle_stock_quantity":0,"bundle_virtual":false,"bundle_layout":"","bundle_add_to_cart_form_location":"","bundle_editable_in_cart":false,"bundle_sold_individually_context":"","bundle_item_grouping":"","bundle_min_size":"","bundle_max_size":"","bundle_price":[],"bundled_items":[],"bundle_sell_ids":[],"exclude_global_add_ons":[],"addons":[],"acf":[],"_links":{"self":[{"href":"https:\/\/kraftwerk-shop.cc\/es\/wp-json\/wp\/v2\/product\/68289229","targetHints":{"allow":["GET"]}}],"collection":[{"href":"https:\/\/kraftwerk-shop.cc\/es\/wp-json\/wp\/v2\/product"}],"about":[{"href":"https:\/\/kraftwerk-shop.cc\/es\/wp-json\/wp\/v2\/types\/product"}],"replies":[{"embeddable":true,"href":"https:\/\/kraftwerk-shop.cc\/es\/wp-json\/wp\/v2\/comments?post=68289229"}],"version-history":[{"count":0,"href":"https:\/\/kraftwerk-shop.cc\/es\/wp-json\/wp\/v2\/product\/68289229\/revisions"}],"wp:featuredmedia":[{"embeddable":true,"href":"https:\/\/kraftwerk-shop.cc\/es\/wp-json\/wp\/v2\/media\/68289233"}],"wp:attachment":[{"href":"https:\/\/kraftwerk-shop.cc\/es\/wp-json\/wp\/v2\/media?parent=68289229"}],"wp:term":[{"taxonomy":"product_brand","embeddable":true,"href":"https:\/\/kraftwerk-shop.cc\/es\/wp-json\/wp\/v2\/product_brand?post=68289229"},{"taxonomy":"product_cat","embeddable":true,"href":"https:\/\/kraftwerk-shop.cc\/es\/wp-json\/wp\/v2\/product_cat?post=68289229"},{"taxonomy":"product_tag","embeddable":true,"href":"https:\/\/kraftwerk-shop.cc\/es\/wp-json\/wp\/v2\/product_tag?post=68289229"}],"curies":[{"name":"wp","href":"https:\/\/api.w.org\/{rel}","templated":true}]}}