{"id":68289246,"date":"2023-05-21T23:37:12","date_gmt":"2023-05-21T21:37:12","guid":{"rendered":"https:\/\/kraftwerk-shop.cc\/?post_type=product&#038;p=68289246"},"modified":"2026-03-06T12:43:54","modified_gmt":"2026-03-06T11:43:54","slug":"mishimoto-racing-termostato-corvette-c7","status":"publish","type":"product","link":"https:\/\/kraftwerk-shop.cc\/es\/produkt\/mishimoto-racing-thermostat-corvette-c7\/","title":{"rendered":"Mishimoto Racing termostato Corvette C7"},"content":{"rendered":"<h1>Termostato Mishimoto 82 grados para Chevrolet Corvette C7 Stingray, Grand Sport y Z06<\/h1>\n<p>&nbsp;<\/p>\n<p>Si su Vette corre un poco caliente, baje la temperatura con un termostato de 82 grados.<\/p>\n<p>Mishimoto ha desarrollado un termostato especialmente para el C7 Corvette Stingray, Grand Sport y Z06.<br \/>\nEl termostato encaja perfectamente en su alojamiento de termostato OEM y garantiza una mejor refrigeraci\u00f3n de su motor. Recomendado para veh\u00edculos que circulan en climas c\u00e1lidos o en tr\u00e1fico de parada y arranque.<br \/>\nUna vez que el motor est\u00e1 completamente caliente, el termostato Viper se abre a una temperatura m\u00e1s baja que el termostato est\u00e1ndar, permitiendo que el refrigerante fluya a trav\u00e9s del motor m\u00e1s r\u00e1pidamente, reduciendo las temperaturas del motor y manteni\u00e9ndolo m\u00e1s fr\u00edo, mejorando la fiabilidad a largo plazo de los componentes de refrigeraci\u00f3n de su veh\u00edculo.<\/p>\n<p>La instalaci\u00f3n es sencilla y s\u00f3lo requiere la sustituci\u00f3n de la antigua unidad OEM y la instalaci\u00f3n del nuevo termostato.<br \/>\nLa instalaci\u00f3n puede realizarse con herramientas sencillas y s\u00f3lo requiere una habilidad manual moderada.<\/p>\n<p>Recomendado para veh\u00edculos de carretera que requieren un poco m\u00e1s de refrigeraci\u00f3n.<\/p>\n<p>&nbsp;<\/p>\n<p><strong>Adecuado para:<\/strong><\/p>\n<table width=\"776\">\n<tbody>\n<tr>\n<td width=\"178\"><strong>A\u00f1o de construcci\u00f3n<\/strong><\/td>\n<td width=\"226\"><strong>Marca<\/strong><\/td>\n<td width=\"120\"><strong>Modelo<\/strong><\/td>\n<td width=\"172\"><strong>Variante<\/strong><\/td>\n<td width=\"80\"><strong>Motor<\/strong><\/td>\n<\/tr>\n<tr>\n<td width=\"178\">2014-2019<\/td>\n<td width=\"226\">Chevrolet<\/td>\n<td width=\"120\">Corvette<\/td>\n<td width=\"172\">(C7) Stingray<\/td>\n<td width=\"80\">V8 6.2L<\/td>\n<\/tr>\n<tr>\n<td width=\"178\">2015-2019<\/td>\n<td width=\"226\">Chevrolet<\/td>\n<td width=\"120\">Corvette<\/td>\n<td width=\"172\">(C7) Z06<\/td>\n<td width=\"80\">V8 6.2L<\/td>\n<\/tr>\n<\/tbody>\n<\/table>\n<p>&nbsp;<\/p>\n<p>&nbsp;<\/p>","protected":false},"excerpt":{"rendered":"<p>82 grados<\/p>","protected":false},"featured_media":68289249,"comment_status":"open","ping_status":"closed","template":"","meta":{"_acf_changed":false},"product_brand":[18924],"product_cat":[5082],"product_tag":[295,101,296,5085,4533,3087,189,190,281,266,405,269,274,5084,4534,3583,267,216,3736,283],"class_list":{"0":"post-68289246","1":"product","2":"type-product","3":"status-publish","4":"has-post-thumbnail","6":"product_brand-mishimoto","7":"product_cat-corvette-c7-kuehlung","8":"product_tag-295","9":"product_tag-6-2","10":"product_tag-296","11":"product_tag-82-grad","12":"product_tag-aluminiumkuehler","13":"product_tag-c7","14":"product_tag-chevrolet","15":"product_tag-chevy","16":"product_tag-corvette","17":"product_tag-grad","18":"product_tag-kuehler","19":"product_tag-kuehlwasser","20":"product_tag-mishimoto","21":"product_tag-mmts-vet-180","22":"product_tag-motorkuehler","23":"product_tag-stingray","24":"product_tag-thermostat","25":"product_tag-upgrade","26":"product_tag-wasserkuehler","27":"product_tag-z06","29":"first","30":"instock","31":"taxable","32":"shipping-taxable","33":"purchasable","34":"product-type-simple"},"bundled_by":[],"bundle_stock_status":"instock","bundle_stock_quantity":2,"bundle_virtual":false,"bundle_layout":"","bundle_add_to_cart_form_location":"","bundle_editable_in_cart":false,"bundle_sold_individually_context":"","bundle_item_grouping":"","bundle_min_size":"","bundle_max_size":"","bundle_price":[],"bundled_items":[],"bundle_sell_ids":[],"exclude_global_add_ons":[],"addons":[],"acf":[],"_links":{"self":[{"href":"https:\/\/kraftwerk-shop.cc\/es\/wp-json\/wp\/v2\/product\/68289246","targetHints":{"allow":["GET"]}}],"collection":[{"href":"https:\/\/kraftwerk-shop.cc\/es\/wp-json\/wp\/v2\/product"}],"about":[{"href":"https:\/\/kraftwerk-shop.cc\/es\/wp-json\/wp\/v2\/types\/product"}],"replies":[{"embeddable":true,"href":"https:\/\/kraftwerk-shop.cc\/es\/wp-json\/wp\/v2\/comments?post=68289246"}],"version-history":[{"count":0,"href":"https:\/\/kraftwerk-shop.cc\/es\/wp-json\/wp\/v2\/product\/68289246\/revisions"}],"wp:featuredmedia":[{"embeddable":true,"href":"https:\/\/kraftwerk-shop.cc\/es\/wp-json\/wp\/v2\/media\/68289249"}],"wp:attachment":[{"href":"https:\/\/kraftwerk-shop.cc\/es\/wp-json\/wp\/v2\/media?parent=68289246"}],"wp:term":[{"taxonomy":"product_brand","embeddable":true,"href":"https:\/\/kraftwerk-shop.cc\/es\/wp-json\/wp\/v2\/product_brand?post=68289246"},{"taxonomy":"product_cat","embeddable":true,"href":"https:\/\/kraftwerk-shop.cc\/es\/wp-json\/wp\/v2\/product_cat?post=68289246"},{"taxonomy":"product_tag","embeddable":true,"href":"https:\/\/kraftwerk-shop.cc\/es\/wp-json\/wp\/v2\/product_tag?post=68289246"}],"curies":[{"name":"wp","href":"https:\/\/api.w.org\/{rel}","templated":true}]}}