{"id":68289486,"date":"2023-06-04T13:40:49","date_gmt":"2023-06-04T11:40:49","guid":{"rendered":"https:\/\/kraftwerk-shop.cc\/?post_type=product&#038;p=68289486"},"modified":"2026-03-06T12:43:53","modified_gmt":"2026-03-06T11:43:53","slug":"mishimoto-racing-termostato-camaro","status":"publish","type":"product","link":"https:\/\/kraftwerk-shop.cc\/es\/produkt\/mishimoto-racing-thermostat-camaro\/","title":{"rendered":"Mishimoto Racing termostato Camaro SS"},"content":{"rendered":"<h1>Termostato Mishimoto 82 grados para Chevrolet Camaro LT1<\/h1>\n<p>&nbsp;<\/p>\n<p>Si su Camaro funciona un poco caliente, baje la temperatura con un termostato de 82 grados.<\/p>\n<p>Mishimoto ha desarrollado un termostato especialmente para el Chevrolet Camaro LT1.<br \/>\nEl termostato encaja perfectamente en su alojamiento de termostato OEM y garantiza una mejor refrigeraci\u00f3n de su motor. Recomendado para veh\u00edculos que circulan en climas c\u00e1lidos o en tr\u00e1fico de parada y arranque.<br \/>\nUna vez que el motor est\u00e1 completamente caliente, el termostato Viper se abre a una temperatura m\u00e1s baja que el termostato est\u00e1ndar, permitiendo que el refrigerante fluya a trav\u00e9s del motor m\u00e1s r\u00e1pidamente, reduciendo las temperaturas del motor y manteni\u00e9ndolo m\u00e1s fr\u00edo, mejorando la fiabilidad a largo plazo de los componentes de refrigeraci\u00f3n de su veh\u00edculo.<\/p>\n<p>La instalaci\u00f3n es sencilla y s\u00f3lo requiere la sustituci\u00f3n de la antigua unidad OEM y la instalaci\u00f3n del nuevo termostato.<br \/>\nLa instalaci\u00f3n puede realizarse con herramientas sencillas y s\u00f3lo requiere una habilidad manual moderada.<\/p>\n<p>Recomendado para veh\u00edculos de carretera que requieren un poco m\u00e1s de refrigeraci\u00f3n.<\/p>\n<p>&nbsp;<\/p>\n<p><strong>Adecuado para:<\/strong><\/p>\n<table width=\"408\">\n<tbody>\n<tr>\n<td width=\"126\"><strong>A\u00f1o de construcci\u00f3n<\/strong><\/td>\n<td width=\"116\"><strong>Marca<\/strong><\/td>\n<td width=\"102\"><strong>Modelo<\/strong><\/td>\n<td width=\"64\"><strong>Motor<\/strong><\/td>\n<\/tr>\n<tr>\n<td>2016-2023<\/td>\n<td>Chevrolet<\/td>\n<td>Camaro<\/td>\n<td>6.2 LT1<\/td>\n<\/tr>\n<\/tbody>\n<\/table>\n<p>&nbsp;<\/p>\n<p><strong>\u00a0<\/strong><\/p>\n<p>&nbsp;<\/p>\n<p>&nbsp;<\/p>","protected":false},"excerpt":{"rendered":"<p>82 grados<\/p>","protected":false},"featured_media":68289490,"comment_status":"open","ping_status":"closed","template":"","meta":{"_acf_changed":false},"product_brand":[18924],"product_cat":[5145],"product_tag":[295,101,296,5085,4533,191,189,190,266,405,269,898,274,4534,3583,267,216,3736,283],"class_list":{"0":"post-68289486","1":"product","2":"type-product","3":"status-publish","4":"has-post-thumbnail","6":"product_brand-mishimoto","7":"product_cat-camaro-62-2016-kuehlung","8":"product_tag-295","9":"product_tag-6-2","10":"product_tag-296","11":"product_tag-82-grad","12":"product_tag-aluminiumkuehler","13":"product_tag-camaro","14":"product_tag-chevrolet","15":"product_tag-chevy","16":"product_tag-grad","17":"product_tag-kuehler","18":"product_tag-kuehlwasser","19":"product_tag-lt1","20":"product_tag-mishimoto","21":"product_tag-motorkuehler","22":"product_tag-stingray","23":"product_tag-thermostat","24":"product_tag-upgrade","25":"product_tag-wasserkuehler","26":"product_tag-z06","28":"first","29":"instock","30":"taxable","31":"shipping-taxable","32":"purchasable","33":"product-type-simple"},"bundled_by":[],"bundle_stock_status":"instock","bundle_stock_quantity":2,"bundle_virtual":false,"bundle_layout":"","bundle_add_to_cart_form_location":"","bundle_editable_in_cart":false,"bundle_sold_individually_context":"","bundle_item_grouping":"","bundle_min_size":"","bundle_max_size":"","bundle_price":[],"bundled_items":[],"bundle_sell_ids":[],"exclude_global_add_ons":[],"addons":[],"acf":[],"_links":{"self":[{"href":"https:\/\/kraftwerk-shop.cc\/es\/wp-json\/wp\/v2\/product\/68289486","targetHints":{"allow":["GET"]}}],"collection":[{"href":"https:\/\/kraftwerk-shop.cc\/es\/wp-json\/wp\/v2\/product"}],"about":[{"href":"https:\/\/kraftwerk-shop.cc\/es\/wp-json\/wp\/v2\/types\/product"}],"replies":[{"embeddable":true,"href":"https:\/\/kraftwerk-shop.cc\/es\/wp-json\/wp\/v2\/comments?post=68289486"}],"version-history":[{"count":0,"href":"https:\/\/kraftwerk-shop.cc\/es\/wp-json\/wp\/v2\/product\/68289486\/revisions"}],"wp:featuredmedia":[{"embeddable":true,"href":"https:\/\/kraftwerk-shop.cc\/es\/wp-json\/wp\/v2\/media\/68289490"}],"wp:attachment":[{"href":"https:\/\/kraftwerk-shop.cc\/es\/wp-json\/wp\/v2\/media?parent=68289486"}],"wp:term":[{"taxonomy":"product_brand","embeddable":true,"href":"https:\/\/kraftwerk-shop.cc\/es\/wp-json\/wp\/v2\/product_brand?post=68289486"},{"taxonomy":"product_cat","embeddable":true,"href":"https:\/\/kraftwerk-shop.cc\/es\/wp-json\/wp\/v2\/product_cat?post=68289486"},{"taxonomy":"product_tag","embeddable":true,"href":"https:\/\/kraftwerk-shop.cc\/es\/wp-json\/wp\/v2\/product_tag?post=68289486"}],"curies":[{"name":"wp","href":"https:\/\/api.w.org\/{rel}","templated":true}]}}