{"id":68290122,"date":"2023-06-15T13:22:36","date_gmt":"2023-06-15T11:22:36","guid":{"rendered":"https:\/\/kraftwerk-shop.cc\/?post_type=product&#038;p=68290122"},"modified":"2026-02-15T00:54:12","modified_gmt":"2026-02-14T23:54:12","slug":"mbrp-s5538blk-escape-deportivo-gladiator","status":"publish","type":"product","link":"https:\/\/kraftwerk-shop.cc\/es\/produkt\/mbrp-s5538blk-sportauspuff-gladiator\/","title":{"rendered":"MBRP S5538BLK Race Profile Jeep Gladiator Cat-Back sistema de escape"},"content":{"rendered":"<h1>MBRP S5538BLK Escape deportivo Cat-Back Dual Performance para Jeep Gladiator<\/h1>\n<p>&nbsp;<\/p>\n<p>Los sistemas de escape de alto rendimiento Black Series de MBRP ofrecen una calidad y un aspecto excepcionales. El revestimiento negro se recomienda para las zonas de conducci\u00f3n que no est\u00e1n expuestos a la sal y otros productos qu\u00edmicos en la carretera.<\/p>\n<p><strong>Dise\u00f1ado para el rendimiento<\/strong><\/p>\n<p>Los sistemas de escape MBRP se construyen para maximizar el flujo de gases de escape y minimizar las temperaturas de los gases de escape. Cada sistema se construye con los est\u00e1ndares m\u00e1s exigentes.<\/p>\n<p>&nbsp;<\/p>\n<p><strong>Instalaci\u00f3n sencilla<\/strong><\/p>\n<p>La instalaci\u00f3n de los sistemas MBRP es tan divertida como montar su Wrangler. Gracias al dise\u00f1o atornillado que no requiere soldaduras, la instalaci\u00f3n se completa en una hora y media o dos horas. Todo se ajusta directamente a la percha OEM de su veh\u00edculo.<\/p>\n<p>&nbsp;<\/p>\n<p><strong>Sonido y estilo<\/strong><\/p>\n<p>El rendimiento es una buena cosa, pero en MBRP creemos que la apariencia y el sonido son igual de importantes. Cada sistema de escape de rendimiento MBRP ha sido especialmente ajustado para obtener el mejor sonido de su Gladiator. Con el logotipo en relieve y el dise\u00f1o distintivo, no hay duda de que usted tiene el escape de rendimiento m\u00e1s caliente en el camino - MBRP.<\/p>\n<p>&nbsp;<\/p>\n<p>&nbsp;<\/p>\n<p><strong>El MBRP S5538BLK Cat Back sistema de escape se ajusta a los siguientes modelos:<\/strong><\/p>\n<table width=\"449\">\n<tbody>\n<tr>\n<td width=\"115\"><strong>Marca<\/strong><\/td>\n<td width=\"145\"><strong>Modelo<\/strong><\/td>\n<td width=\"106\"><strong>Motor<\/strong><\/td>\n<td width=\"83\"><strong>A\u00f1o de construcci\u00f3n<\/strong><\/td>\n<\/tr>\n<tr>\n<td>Jeep<\/td>\n<td>Gladiator<\/td>\n<td>3.6 V6<\/td>\n<td>2020 - 2023<\/td>\n<\/tr>\n<\/tbody>\n<\/table>\n<p>&nbsp;<\/p>\n<p><iframe loading=\"lazy\" title=\"Escape deportivo MBRP S5538BLK para Jeep Gladiator 3.6 V6\" src=\"https:\/\/www.youtube.com\/embed\/ZuLgBl2sfF8\" width=\"882\" height=\"496\" frameborder=\"0\" allowfullscreen=\"allowfullscreen\"><\/iframe><\/p>","protected":false},"excerpt":{"rendered":"<p>2020-2023<\/p>","protected":false},"featured_media":68290126,"comment_status":"open","ping_status":"closed","template":"","meta":{"_acf_changed":false},"product_brand":[17169],"product_cat":[3009,3024],"product_tag":[420,2066,2373,4526,169,1046,1035,1036,546,1037,1047,2210,1043,1039,1042,2786,2217,2934,50,532,529,20273,1040,2208,2931,6924,1044,1181,5198,547,1034,1038,2215,233,2139,198,2137],"class_list":{"0":"post-68290122","1":"product","2":"type-product","3":"status-publish","4":"has-post-thumbnail","6":"product_brand-mbrp","7":"product_cat-gladiator-36-abgasanlage","8":"product_cat-nicht-nach-eu","9":"product_tag-420","10":"product_tag-2066","11":"product_tag-2373","12":"product_tag-4526","13":"product_tag-3-6","14":"product_tag-abe","15":"product_tag-abgasanlage","16":"product_tag-abgassystem","17":"product_tag-auspuff","18":"product_tag-auspuffsystem","19":"product_tag-cat-back","20":"product_tag-catback","21":"product_tag-endrohr","22":"product_tag-endschalldaempfer","23":"product_tag-endtopf","24":"product_tag-exhaust","25":"product_tag-gladiator","26":"product_tag-harder","27":"product_tag-jeep","28":"product_tag-kat","29":"product_tag-katalysator","30":"product_tag-keintuev","31":"product_tag-laut","32":"product_tag-lauter","33":"product_tag-mbrp","34":"product_tag-mbrp10","35":"product_tag-mittelschalldaempfer","36":"product_tag-race","37":"product_tag-s5538blk","38":"product_tag-sportauspuff","39":"product_tag-sportauspuffanlage","40":"product_tag-sportendschalldaempfer","41":"product_tag-street","42":"product_tag-tuning","43":"product_tag-tuev","44":"product_tag-v6","45":"product_tag-zulassung","46":"product_shipping_class-spedition-1","48":"first","49":"onbackorder","50":"taxable","51":"shipping-taxable","52":"purchasable","53":"product-type-simple"},"bundled_by":[],"bundle_stock_status":"onbackorder","bundle_stock_quantity":0,"bundle_virtual":false,"bundle_layout":"","bundle_add_to_cart_form_location":"","bundle_editable_in_cart":false,"bundle_sold_individually_context":"","bundle_item_grouping":"","bundle_min_size":"","bundle_max_size":"","bundle_price":[],"bundled_items":[],"bundle_sell_ids":[],"exclude_global_add_ons":[],"addons":[],"acf":[],"_links":{"self":[{"href":"https:\/\/kraftwerk-shop.cc\/es\/wp-json\/wp\/v2\/product\/68290122","targetHints":{"allow":["GET"]}}],"collection":[{"href":"https:\/\/kraftwerk-shop.cc\/es\/wp-json\/wp\/v2\/product"}],"about":[{"href":"https:\/\/kraftwerk-shop.cc\/es\/wp-json\/wp\/v2\/types\/product"}],"replies":[{"embeddable":true,"href":"https:\/\/kraftwerk-shop.cc\/es\/wp-json\/wp\/v2\/comments?post=68290122"}],"version-history":[{"count":0,"href":"https:\/\/kraftwerk-shop.cc\/es\/wp-json\/wp\/v2\/product\/68290122\/revisions"}],"wp:featuredmedia":[{"embeddable":true,"href":"https:\/\/kraftwerk-shop.cc\/es\/wp-json\/wp\/v2\/media\/68290126"}],"wp:attachment":[{"href":"https:\/\/kraftwerk-shop.cc\/es\/wp-json\/wp\/v2\/media?parent=68290122"}],"wp:term":[{"taxonomy":"product_brand","embeddable":true,"href":"https:\/\/kraftwerk-shop.cc\/es\/wp-json\/wp\/v2\/product_brand?post=68290122"},{"taxonomy":"product_cat","embeddable":true,"href":"https:\/\/kraftwerk-shop.cc\/es\/wp-json\/wp\/v2\/product_cat?post=68290122"},{"taxonomy":"product_tag","embeddable":true,"href":"https:\/\/kraftwerk-shop.cc\/es\/wp-json\/wp\/v2\/product_tag?post=68290122"}],"curies":[{"name":"wp","href":"https:\/\/api.w.org\/{rel}","templated":true}]}}