{"id":68290223,"date":"2023-06-24T14:09:34","date_gmt":"2023-06-24T12:09:34","guid":{"rendered":"https:\/\/kraftwerk-shop.cc\/?post_type=product&#038;p=68290223"},"modified":"2026-03-26T14:04:49","modified_gmt":"2026-03-26T13:04:49","slug":"tornillo-biela-mopar-6509243aa","status":"publish","type":"product","link":"https:\/\/kraftwerk-shop.cc\/es\/produkt\/mopar-pleuelschraube-6509243aa\/","title":{"rendered":"Perno de biela Mopar (6509243AA)"},"content":{"rendered":"<h1>Perno de biela original Mopar 6509243AA para Chrysler, Dodge, Jeep, RAM 6.1, 6.2 y 6.4<\/h1>\n<p>&nbsp;<\/p>\n<p><strong>N\u00famero de pieza Mopar:<\/strong> 6509243AA<br \/>\n<strong>Reemplazado:<\/strong>\u00a0<span class=\"list-value\">6508245AA<\/span><\/p>\n<p><span class=\"list-value description_body\"><strong>Tama\u00f1o:<\/strong> M10x1,00\u00d745,75<br \/>\n<\/span><\/p>\n<p>&nbsp;<\/p>\n<p><strong>Adecuado para:<\/strong><\/p>\n<table width=\"972\">\n<tbody>\n<tr>\n<td width=\"80\"><strong>A\u00f1o de construcci\u00f3n<\/strong><\/td>\n<td width=\"80\"><strong>Marca<\/strong><\/td>\n<td width=\"121\"><strong>Modelo<\/strong><\/td>\n<td width=\"493\"><strong>Versi\u00f3n<\/strong><\/td>\n<td width=\"198\"><strong>Motor<\/strong><\/td>\n<\/tr>\n<tr>\n<td width=\"80\">2025<\/td>\n<td width=\"80\">Ram<\/td>\n<td width=\"121\">2500<\/td>\n<td width=\"493\">Big Horn, Laramie, Limited, Limited Longhorn, Lone Star, Power Wagon, Rebel, Tradesman<\/td>\n<td width=\"198\">6.4L<\/td>\n<\/tr>\n<tr>\n<td width=\"80\">2025<\/td>\n<td width=\"80\">Ram<\/td>\n<td width=\"121\">3500<\/td>\n<td width=\"493\">Big Horn, Laramie, Limited, Limited Longhorn, Tradesman<\/td>\n<td width=\"198\">6.4L<\/td>\n<\/tr>\n<tr>\n<td width=\"80\">2024<\/td>\n<td width=\"80\">Dodge<\/td>\n<td width=\"121\">Durango<\/td>\n<td width=\"493\">SRT 392, SRT 392 Plus, SRT 392 Premium<\/td>\n<td width=\"198\">6.4L<\/td>\n<\/tr>\n<tr>\n<td width=\"80\">2024<\/td>\n<td width=\"80\">Ram<\/td>\n<td width=\"121\">2500<\/td>\n<td width=\"493\">Big Horn, Laramie, Limited, Limited Longhorn, Lone Star, Power Wagon, Rebel, Tradesman<\/td>\n<td width=\"198\">6.4L<\/td>\n<\/tr>\n<tr>\n<td width=\"80\">2024<\/td>\n<td width=\"80\">Ram<\/td>\n<td width=\"121\">3500<\/td>\n<td width=\"493\">Big Horn, Laramie, Limited, Limited Longhorn, SLT, Tradesman<\/td>\n<td width=\"198\">6.4L<\/td>\n<\/tr>\n<tr>\n<td width=\"80\">2023<\/td>\n<td width=\"80\">Chrysler<\/td>\n<td width=\"121\">300<\/td>\n<td width=\"493\">C<\/td>\n<td width=\"198\">6.4L<\/td>\n<\/tr>\n<tr>\n<td width=\"80\">2023<\/td>\n<td width=\"80\">Dodge<\/td>\n<td width=\"121\">Challenger<\/td>\n<td width=\"493\">R\/T Scat Pack, R\/T Scat Pack Widebody<\/td>\n<td width=\"198\">6.4L<\/td>\n<\/tr>\n<tr>\n<td width=\"80\">2023<\/td>\n<td width=\"80\">Dodge<\/td>\n<td width=\"121\">Charger<\/td>\n<td width=\"493\">Scat Pack, Scat Pack Widebody<\/td>\n<td width=\"198\">6.4L<\/td>\n<\/tr>\n<tr>\n<td width=\"80\">2023<\/td>\n<td width=\"80\">Dodge<\/td>\n<td width=\"121\">Durango<\/td>\n<td width=\"493\">SRT 392, SRT 392 Plus, SRT 392 Premium<\/td>\n<td width=\"198\">6.4L<\/td>\n<\/tr>\n<tr>\n<td width=\"80\">2023<\/td>\n<td width=\"80\">Jeep<\/td>\n<td width=\"121\">Grand Wagoneer<\/td>\n<td width=\"493\">Base, Obsidian, Series II, Series III, Series III Obsidian<\/td>\n<td width=\"198\">6.4L<\/td>\n<\/tr>\n<tr>\n<td width=\"80\">2023<\/td>\n<td width=\"80\">Ram<\/td>\n<td width=\"121\">2500<\/td>\n<td width=\"493\">Big Horn, Laramie, Limited, Limited Longhorn, Lone Star, Power Wagon, Rebel, Tradesman<\/td>\n<td width=\"198\">6.4L<\/td>\n<\/tr>\n<tr>\n<td width=\"80\">2023<\/td>\n<td width=\"80\">Ram<\/td>\n<td width=\"121\">3500<\/td>\n<td width=\"493\">Big Horn, Laramie, Limited, Limited Longhorn, SLT, Tradesman<\/td>\n<td width=\"198\">6.4L<\/td>\n<\/tr>\n<tr>\n<td width=\"80\">2022<\/td>\n<td width=\"80\">Dodge<\/td>\n<td width=\"121\">Challenger<\/td>\n<td width=\"493\">R\/T Scat Pack, R\/T Scat Pack Widebody<\/td>\n<td width=\"198\">6.4L<\/td>\n<\/tr>\n<tr>\n<td width=\"80\">2022<\/td>\n<td width=\"80\">Dodge<\/td>\n<td width=\"121\">Charger<\/td>\n<td width=\"493\">Scat Pack, Scat Pack Widebody<\/td>\n<td width=\"198\">6.4L<\/td>\n<\/tr>\n<tr>\n<td width=\"80\">2022<\/td>\n<td width=\"80\">Dodge<\/td>\n<td width=\"121\">Durango<\/td>\n<td width=\"493\">SRT 392<\/td>\n<td width=\"198\">6.4L<\/td>\n<\/tr>\n<tr>\n<td width=\"80\">2022<\/td>\n<td width=\"80\">Jeep<\/td>\n<td width=\"121\">Grand Wagoneer<\/td>\n<td width=\"493\">Obsidian, Series I, Series II, Series III<\/td>\n<td width=\"198\">6.4L<\/td>\n<\/tr>\n<tr>\n<td width=\"80\">2022<\/td>\n<td width=\"80\">Jeep<\/td>\n<td width=\"121\">Wrangler<\/td>\n<td width=\"493\">Unlimited Rubicon 392<\/td>\n<td width=\"198\">6.4L<\/td>\n<\/tr>\n<tr>\n<td width=\"80\">2022<\/td>\n<td width=\"80\">Ram<\/td>\n<td width=\"121\">2500<\/td>\n<td width=\"493\">Big Horn, Laramie, Limited, Limited Longhorn, Lone Star, Power Wagon, Tradesman<\/td>\n<td width=\"198\">6.4L<\/td>\n<\/tr>\n<tr>\n<td width=\"80\">2022<\/td>\n<td width=\"80\">Ram<\/td>\n<td width=\"121\">3500<\/td>\n<td width=\"493\">Big Horn, Laramie, Limited, Limited Longhorn, Lone Star, SLT, Tradesman<\/td>\n<td width=\"198\">6.4L<\/td>\n<\/tr>\n<tr>\n<td width=\"80\">2021<\/td>\n<td width=\"80\">Dodge<\/td>\n<td width=\"121\">Challenger<\/td>\n<td width=\"493\">R\/T Scat Pack, R\/T Scat Pack Widebody<\/td>\n<td width=\"198\">6.4L<\/td>\n<\/tr>\n<tr>\n<td width=\"80\">2021<\/td>\n<td width=\"80\">Dodge<\/td>\n<td width=\"121\">Charger<\/td>\n<td width=\"493\">Scat Pack<\/td>\n<td width=\"198\">6.4L<\/td>\n<\/tr>\n<tr>\n<td width=\"80\">2021<\/td>\n<td width=\"80\">Dodge<\/td>\n<td width=\"121\">Durango<\/td>\n<td width=\"493\">SRT<\/td>\n<td width=\"198\">6.4L<\/td>\n<\/tr>\n<tr>\n<td width=\"80\">2021<\/td>\n<td width=\"80\">Jeep<\/td>\n<td width=\"121\">Grand Cherokee<\/td>\n<td width=\"493\">SRT<\/td>\n<td width=\"198\">6.4L<\/td>\n<\/tr>\n<tr>\n<td width=\"80\">2021<\/td>\n<td width=\"80\">Jeep<\/td>\n<td width=\"121\">Wrangler<\/td>\n<td width=\"493\">Unlimited Rubicon 392<\/td>\n<td width=\"198\">6.4L<\/td>\n<\/tr>\n<tr>\n<td width=\"80\">2021<\/td>\n<td width=\"80\">Ram<\/td>\n<td width=\"121\">2500<\/td>\n<td width=\"493\">Big Horn, Laramie, Limited, Limited Longhorn, Lone Star, Power Wagon, Tradesman<\/td>\n<td width=\"198\">6.4L<\/td>\n<\/tr>\n<tr>\n<td width=\"80\">2021<\/td>\n<td width=\"80\">Ram<\/td>\n<td width=\"121\">3500<\/td>\n<td width=\"493\">Big Horn, Laramie, Limited, Limited Longhorn, Lone Star, SLT, Tradesman<\/td>\n<td width=\"198\">6.4L<\/td>\n<\/tr>\n<tr>\n<td width=\"80\">2020<\/td>\n<td width=\"80\">Dodge<\/td>\n<td width=\"121\">Challenger<\/td>\n<td width=\"493\">R\/T Scat Pack, R\/T Scat Pack Widebody<\/td>\n<td width=\"198\">6.4L<\/td>\n<\/tr>\n<tr>\n<td width=\"80\">2020<\/td>\n<td width=\"80\">Dodge<\/td>\n<td width=\"121\">Charger<\/td>\n<td width=\"493\">Scat Pack<\/td>\n<td width=\"198\">6.4L<\/td>\n<\/tr>\n<tr>\n<td width=\"80\">2020<\/td>\n<td width=\"80\">Dodge<\/td>\n<td width=\"121\">Durango<\/td>\n<td width=\"493\">SRT<\/td>\n<td width=\"198\">6.4L<\/td>\n<\/tr>\n<tr>\n<td width=\"80\">2020<\/td>\n<td width=\"80\">Jeep<\/td>\n<td width=\"121\">Grand Cherokee<\/td>\n<td width=\"493\">SRT<\/td>\n<td width=\"198\">6.4L<\/td>\n<\/tr>\n<tr>\n<td width=\"80\">2020<\/td>\n<td width=\"80\">Ram<\/td>\n<td width=\"121\">2500<\/td>\n<td width=\"493\">Big Horn, Laramie, Laramie Longhorn, Limited, Lone Star, Power Wagon, Tradesman<\/td>\n<td width=\"198\">6.4L<\/td>\n<\/tr>\n<tr>\n<td width=\"80\">2020<\/td>\n<td width=\"80\">Ram<\/td>\n<td width=\"121\">3500<\/td>\n<td width=\"493\">Laramie, Laramie Longhorn, Limited, SLT, Tradesman<\/td>\n<td width=\"198\">6.4L<\/td>\n<\/tr>\n<tr>\n<td width=\"80\">2019<\/td>\n<td width=\"80\">Dodge<\/td>\n<td width=\"121\">Challenger<\/td>\n<td width=\"493\">R\/T Scat Pack, R\/T Scat Pack Widebody<\/td>\n<td width=\"198\">6.4L<\/td>\n<\/tr>\n<tr>\n<td width=\"80\">2019<\/td>\n<td width=\"80\">Dodge<\/td>\n<td width=\"121\">Charger<\/td>\n<td width=\"493\">Scat Pack<\/td>\n<td width=\"198\">6.4L<\/td>\n<\/tr>\n<tr>\n<td width=\"80\">2019<\/td>\n<td width=\"80\">Dodge<\/td>\n<td width=\"121\">Durango<\/td>\n<td width=\"493\">SRT<\/td>\n<td width=\"198\">6.4L<\/td>\n<\/tr>\n<tr>\n<td width=\"80\">2019<\/td>\n<td width=\"80\">Jeep<\/td>\n<td width=\"121\">Grand Cherokee<\/td>\n<td width=\"493\">SRT<\/td>\n<td width=\"198\">6.4L<\/td>\n<\/tr>\n<tr>\n<td width=\"80\">2019<\/td>\n<td width=\"80\">Ram<\/td>\n<td width=\"121\">2500<\/td>\n<td width=\"493\">Big Horn, Laramie, Laramie Longhorn, Limited, Lone Star, Power Wagon, Tradesman<\/td>\n<td width=\"198\">6.4L<\/td>\n<\/tr>\n<tr>\n<td width=\"80\">2019<\/td>\n<td width=\"80\">Ram<\/td>\n<td width=\"121\">3500<\/td>\n<td width=\"493\">Big Horn, Laramie, Laramie Longhorn, Limited, Lone Star, SLT, Tradesman<\/td>\n<td width=\"198\">6.4L<\/td>\n<\/tr>\n<tr>\n<td width=\"80\">2018<\/td>\n<td width=\"80\">Dodge<\/td>\n<td width=\"121\">Challenger<\/td>\n<td width=\"493\">R\/T Scat Pack, SRT 392, T\/A 392<\/td>\n<td width=\"198\">6.4L<\/td>\n<\/tr>\n<tr>\n<td width=\"80\">2018<\/td>\n<td width=\"80\">Dodge<\/td>\n<td width=\"121\">Charger<\/td>\n<td width=\"493\">R\/T Scat Pack, SRT 392<\/td>\n<td width=\"198\">6.4L<\/td>\n<\/tr>\n<tr>\n<td width=\"80\">2018<\/td>\n<td width=\"80\">Dodge<\/td>\n<td width=\"121\">Durango<\/td>\n<td width=\"493\">SRT<\/td>\n<td width=\"198\">6.4L<\/td>\n<\/tr>\n<tr>\n<td width=\"80\">2018<\/td>\n<td width=\"80\">Jeep<\/td>\n<td width=\"121\">Grand Cherokee<\/td>\n<td width=\"493\">SRT<\/td>\n<td width=\"198\">6.4L<\/td>\n<\/tr>\n<tr>\n<td width=\"80\">2018<\/td>\n<td width=\"80\">Ram<\/td>\n<td width=\"121\">2500<\/td>\n<td width=\"493\">Big Horn, Laramie, Laramie Longhorn, Limited, Power Wagon, SLT, Tradesman<\/td>\n<td width=\"198\">6.4L<\/td>\n<\/tr>\n<tr>\n<td width=\"80\">2018<\/td>\n<td width=\"80\">Ram<\/td>\n<td width=\"121\">3500<\/td>\n<td width=\"493\">Big Horn, Laramie, Laramie Longhorn, Limited, SLT, Tradesman<\/td>\n<td width=\"198\">6.4L<\/td>\n<\/tr>\n<tr>\n<td width=\"80\">2017<\/td>\n<td width=\"80\">Dodge<\/td>\n<td width=\"121\">Challenger<\/td>\n<td width=\"493\">R\/T Scat Pack, SRT 392, SRT Hellcat, T\/A 392<\/td>\n<td width=\"198\">6.2L, 6.4L<\/td>\n<\/tr>\n<tr>\n<td width=\"80\">2017<\/td>\n<td width=\"80\">Dodge<\/td>\n<td width=\"121\">Charger<\/td>\n<td width=\"493\">R\/T Scat Pack, SRT 392, SRT Hellcat<\/td>\n<td width=\"198\">6.2L, 6.4L<\/td>\n<\/tr>\n<tr>\n<td width=\"80\">2017<\/td>\n<td width=\"80\">Jeep<\/td>\n<td width=\"121\">Grand Cherokee<\/td>\n<td width=\"493\">SRT<\/td>\n<td width=\"198\">6.4L<\/td>\n<\/tr>\n<tr>\n<td width=\"80\">2017<\/td>\n<td width=\"80\">Ram<\/td>\n<td width=\"121\">2500<\/td>\n<td width=\"493\">Big Horn, Laramie, Laramie Longhorn, Limited, Power Wagon, SLT, Tradesman<\/td>\n<td width=\"198\">6.4L<\/td>\n<\/tr>\n<tr>\n<td width=\"80\">2017<\/td>\n<td width=\"80\">Ram<\/td>\n<td width=\"121\">3500<\/td>\n<td width=\"493\">Big Horn, Laramie, Laramie Longhorn, Limited, Lone Star, SLT, Tradesman<\/td>\n<td width=\"198\">6.4L<\/td>\n<\/tr>\n<tr>\n<td width=\"80\">2016<\/td>\n<td width=\"80\">Dodge<\/td>\n<td width=\"121\">Challenger<\/td>\n<td width=\"493\">392 Hemi Scat Pack Shaker, R\/T Scat Pack, SRT 392, SRT Hellcat<\/td>\n<td width=\"198\">6.2L, 6.4L<\/td>\n<\/tr>\n<tr>\n<td width=\"80\">2016<\/td>\n<td width=\"80\">Dodge<\/td>\n<td width=\"121\">Charger<\/td>\n<td width=\"493\">R\/T Scat Pack, SRT 392, SRT Hellcat<\/td>\n<td width=\"198\">6.2L, 6.4L<\/td>\n<\/tr>\n<tr>\n<td width=\"80\">2016<\/td>\n<td width=\"80\">Jeep<\/td>\n<td width=\"121\">Grand Cherokee<\/td>\n<td width=\"493\">SRT<\/td>\n<td width=\"198\">6.4L<\/td>\n<\/tr>\n<tr>\n<td width=\"80\">2016<\/td>\n<td width=\"80\">Ram<\/td>\n<td width=\"121\">2500<\/td>\n<td width=\"493\">Big Horn, Laramie, Laramie Longhorn, Limited, Outdoorsman, Power Wagon, SLT, Tradesman<\/td>\n<td width=\"198\">6.4L<\/td>\n<\/tr>\n<tr>\n<td width=\"80\">2016<\/td>\n<td width=\"80\">Ram<\/td>\n<td width=\"121\">3500<\/td>\n<td width=\"493\">Big Horn, Laramie, Laramie Longhorn, Limited, SLT, Tradesman<\/td>\n<td width=\"198\">6.4L<\/td>\n<\/tr>\n<tr>\n<td width=\"80\">2015<\/td>\n<td width=\"80\">Dodge<\/td>\n<td width=\"121\">Challenger<\/td>\n<td width=\"493\">SRT 392, SRT Hellcat, Scat Pack<\/td>\n<td width=\"198\">6.2L, 6.4L<\/td>\n<\/tr>\n<tr>\n<td width=\"80\">2015<\/td>\n<td width=\"80\">Dodge<\/td>\n<td width=\"121\">Charger<\/td>\n<td width=\"493\">R\/T Scat Pack, SRT 392, SRT Hellcat<\/td>\n<td width=\"198\">6.2L, 6.4L<\/td>\n<\/tr>\n<tr>\n<td width=\"80\">2015<\/td>\n<td width=\"80\">Jeep<\/td>\n<td width=\"121\">Grand Cherokee<\/td>\n<td width=\"493\">SRT<\/td>\n<td width=\"198\">6.4L<\/td>\n<\/tr>\n<tr>\n<td width=\"80\">2015<\/td>\n<td width=\"80\">Ram<\/td>\n<td width=\"121\">2500<\/td>\n<td width=\"493\">Big Horn, Laramie, Laramie Limited, Laramie Longhorn, Lone Star, Outdoorsman, Power Wagon, SLT, Tradesman<\/td>\n<td width=\"198\">6.4L<\/td>\n<\/tr>\n<tr>\n<td width=\"80\">2015<\/td>\n<td width=\"80\">Ram<\/td>\n<td width=\"121\">3500<\/td>\n<td width=\"493\">Big Horn, Laramie, Laramie Longhorn, Lone Star, SLT, Tradesman<\/td>\n<td width=\"198\">6.4L<\/td>\n<\/tr>\n<tr>\n<td width=\"80\">2014<\/td>\n<td width=\"80\">Chrysler<\/td>\n<td width=\"121\">300<\/td>\n<td width=\"493\">SRT8<\/td>\n<td width=\"198\">6.4L<\/td>\n<\/tr>\n<tr>\n<td width=\"80\">2014<\/td>\n<td width=\"80\">Dodge<\/td>\n<td width=\"121\">Charger<\/td>\n<td width=\"493\">SRT8<\/td>\n<td width=\"198\">6.4L<\/td>\n<\/tr>\n<tr>\n<td width=\"80\">2014<\/td>\n<td width=\"80\">Jeep<\/td>\n<td width=\"121\">Grand Cherokee<\/td>\n<td width=\"493\">SRT<\/td>\n<td width=\"198\">6.4L<\/td>\n<\/tr>\n<tr>\n<td width=\"80\">2014<\/td>\n<td width=\"80\">Ram<\/td>\n<td width=\"121\">2500<\/td>\n<td width=\"493\">Big Horn, Laramie, Laramie Limited, Laramie Longhorn, Lone Star, Outdoorsman, Power Wagon, SLT, Tradesman<\/td>\n<td width=\"198\">6.4L<\/td>\n<\/tr>\n<tr>\n<td width=\"80\">2014<\/td>\n<td width=\"80\">Ram<\/td>\n<td width=\"121\">3500<\/td>\n<td width=\"493\">Big Horn, Laramie, Laramie Longhorn, Lone Star, SLT, Tradesman<\/td>\n<td width=\"198\">6.4L<\/td>\n<\/tr>\n<tr>\n<td width=\"80\">2013<\/td>\n<td width=\"80\">Chrysler<\/td>\n<td width=\"121\">300<\/td>\n<td width=\"493\">SRT8, SRT8 Core<\/td>\n<td width=\"198\">6.4L<\/td>\n<\/tr>\n<tr>\n<td width=\"80\">2013<\/td>\n<td width=\"80\">Dodge<\/td>\n<td width=\"121\">Challenger<\/td>\n<td width=\"493\">SRT8<\/td>\n<td width=\"198\">6.4L<\/td>\n<\/tr>\n<tr>\n<td width=\"80\">2013<\/td>\n<td width=\"80\">Dodge<\/td>\n<td width=\"121\">Charger<\/td>\n<td width=\"493\">SRT8<\/td>\n<td width=\"198\">6.4L<\/td>\n<\/tr>\n<tr>\n<td width=\"80\">2013<\/td>\n<td width=\"80\">Jeep<\/td>\n<td width=\"121\">Grand Cherokee<\/td>\n<td width=\"493\">SRT8<\/td>\n<td width=\"198\">6.4L<\/td>\n<\/tr>\n<tr>\n<td width=\"80\">2012<\/td>\n<td width=\"80\">Chrysler<\/td>\n<td width=\"121\">300<\/td>\n<td width=\"493\">SRT8<\/td>\n<td width=\"198\">6.4L<\/td>\n<\/tr>\n<tr>\n<td width=\"80\">2012<\/td>\n<td width=\"80\">Dodge<\/td>\n<td width=\"121\">Challenger<\/td>\n<td width=\"493\">SRT8<\/td>\n<td width=\"198\">6.4L<\/td>\n<\/tr>\n<tr>\n<td width=\"80\">2012<\/td>\n<td width=\"80\">Dodge<\/td>\n<td width=\"121\">Charger<\/td>\n<td width=\"493\">SRT8<\/td>\n<td width=\"198\">6.4L<\/td>\n<\/tr>\n<tr>\n<td width=\"80\">2012<\/td>\n<td width=\"80\">Jeep<\/td>\n<td width=\"121\">Grand Cherokee<\/td>\n<td width=\"493\">SRT8<\/td>\n<td width=\"198\">6.4L<\/td>\n<\/tr>\n<tr>\n<td width=\"80\">2011<\/td>\n<td width=\"80\">Dodge<\/td>\n<td width=\"121\">Challenger<\/td>\n<td width=\"493\">SRT8<\/td>\n<td width=\"198\">6.4L<\/td>\n<\/tr>\n<tr>\n<td width=\"80\">2010<\/td>\n<td width=\"80\">Chrysler<\/td>\n<td width=\"121\">300<\/td>\n<td width=\"493\">C SRT8<\/td>\n<td width=\"198\">6.1L<\/td>\n<\/tr>\n<tr>\n<td width=\"80\">2010<\/td>\n<td width=\"80\">Dodge<\/td>\n<td width=\"121\">Challenger<\/td>\n<td width=\"493\">SRT8<\/td>\n<td width=\"198\">6.1L<\/td>\n<\/tr>\n<tr>\n<td width=\"80\">2010<\/td>\n<td width=\"80\">Dodge<\/td>\n<td width=\"121\">Charger<\/td>\n<td width=\"493\">SRT8<\/td>\n<td width=\"198\">6.1L<\/td>\n<\/tr>\n<tr>\n<td width=\"80\">2010<\/td>\n<td width=\"80\">Jeep<\/td>\n<td width=\"121\">Grand Cherokee<\/td>\n<td width=\"493\">SRT8<\/td>\n<td width=\"198\">6.1L<\/td>\n<\/tr>\n<tr>\n<td width=\"80\">2009<\/td>\n<td width=\"80\">Chrysler<\/td>\n<td width=\"121\">300<\/td>\n<td width=\"493\">C SRT8<\/td>\n<td width=\"198\">6.1L<\/td>\n<\/tr>\n<tr>\n<td width=\"80\">2009<\/td>\n<td width=\"80\">Dodge<\/td>\n<td width=\"121\">Challenger<\/td>\n<td width=\"493\">SRT8<\/td>\n<td width=\"198\">6.1L<\/td>\n<\/tr>\n<tr>\n<td width=\"80\">2009<\/td>\n<td width=\"80\">Dodge<\/td>\n<td width=\"121\">Charger<\/td>\n<td width=\"493\">SRT8<\/td>\n<td width=\"198\">6.1L<\/td>\n<\/tr>\n<tr>\n<td width=\"80\">2009<\/td>\n<td width=\"80\">Jeep<\/td>\n<td width=\"121\">Grand Cherokee<\/td>\n<td width=\"493\">SRT8<\/td>\n<td width=\"198\">6.1L<\/td>\n<\/tr>\n<tr>\n<td width=\"80\">2008<\/td>\n<td width=\"80\">Dodge<\/td>\n<td width=\"121\">Challenger<\/td>\n<td width=\"493\">SRT8<\/td>\n<td width=\"198\">6.1L<\/td>\n<\/tr>\n<tr>\n<td width=\"80\">2008<\/td>\n<td width=\"80\">Jeep<\/td>\n<td width=\"121\">Grand Cherokee<\/td>\n<td width=\"493\">SRT8<\/td>\n<td width=\"198\">6.1L<\/td>\n<\/tr>\n<tr>\n<td width=\"80\">2007<\/td>\n<td width=\"80\">Chrysler<\/td>\n<td width=\"121\">300<\/td>\n<td width=\"493\">C SRT8<\/td>\n<td width=\"198\">6.1L<\/td>\n<\/tr>\n<tr>\n<td width=\"80\">2007<\/td>\n<td width=\"80\">Dodge<\/td>\n<td width=\"121\">Charger<\/td>\n<td width=\"493\">SRT8<\/td>\n<td width=\"198\">6.1L<\/td>\n<\/tr>\n<tr>\n<td width=\"80\">2007<\/td>\n<td width=\"80\">Dodge<\/td>\n<td width=\"121\">Magnum<\/td>\n<td width=\"493\">SRT8<\/td>\n<td width=\"198\">6.1L<\/td>\n<\/tr>\n<tr>\n<td width=\"80\">2007<\/td>\n<td width=\"80\">Jeep<\/td>\n<td width=\"121\">Grand Cherokee<\/td>\n<td width=\"493\">SRT8<\/td>\n<td width=\"198\">6.1L<\/td>\n<\/tr>\n<tr>\n<td width=\"80\">2006<\/td>\n<td width=\"80\">Dodge<\/td>\n<td width=\"121\">Charger<\/td>\n<td width=\"493\">SRT8<\/td>\n<td width=\"198\">6.1L<\/td>\n<\/tr>\n<tr>\n<td width=\"80\">2006<\/td>\n<td width=\"80\">Dodge<\/td>\n<td width=\"121\">Magnum<\/td>\n<td width=\"493\">SRT8<\/td>\n<td width=\"198\">6.1L<\/td>\n<\/tr>\n<tr>\n<td width=\"80\">2006<\/td>\n<td width=\"80\">Jeep<\/td>\n<td width=\"121\">Grand Cherokee<\/td>\n<td width=\"493\">SRT8<\/td>\n<td width=\"198\">6.1L<\/td>\n<\/tr>\n<\/tbody>\n<\/table>\n<p>&nbsp;<\/p>\n<h4>\u00bfPor qu\u00e9 elegir recambios originales Mopar?<\/h4>\n<p><strong>Ajuste perfecto y calidad superior:<\/strong> Los recambios originales Mopar se fabrican siguiendo las estrictas especificaciones del fabricante, lo que significa que encajan perfectamente en su veh\u00edculo. Esto no solo garantiza una instalaci\u00f3n sencilla, sino tambi\u00e9n un funcionamiento y una seguridad \u00f3ptimos.<\/p>\n<p><strong>Fiabilidad y durabilidad:<\/strong> Mediante el uso de materiales de alta calidad y estrictos controles de calidad, los recambios Mopar garantizan que su veh\u00edculo funcione de forma fiable incluso en condiciones extremas. Est\u00e1n dise\u00f1ados para durar y maximizar el rendimiento de su veh\u00edculo.<\/p>\n<p>&nbsp;<\/p>","protected":false},"excerpt":{"rendered":"<p>Pieza original Mopar<\/p>","protected":false},"featured_media":68290390,"comment_status":"open","ping_status":"closed","template":"","meta":{"_acf_changed":false},"product_brand":[16270],"product_cat":[6684,6490,6689,6659,6484,6694,6664,6495,6669,6500,6698,6703,6674,6505,6510,6679],"product_tag":[92,101,93,5208,5209,48,536,49,3853,3854,63,50,4425,7712,31,7221,34,410,5210,64,96,1056,164,38],"class_list":{"0":"post-68290223","1":"product","2":"type-product","3":"status-publish","4":"has-post-thumbnail","6":"product_brand-mopar","7":"product_cat-300c-61-kurbelwelle-kolben","8":"product_cat-300c-64-kurbelwelle-kolben","9":"product_cat-challenger-61-kurbelwelle-kolben","10":"product_cat-challenger-hellcat-kurbelwelle-kolben","11":"product_cat-challenger-64-kurbelwelle-kolben","12":"product_cat-charger-61-kurbelwelle-kolben","13":"product_cat-charger-hellcat-kurbelwelle-kolben","14":"product_cat-charger-64-kurbelwelle-kolben","15":"product_cat-durango-hellcat-kurbelwelle-kolben","16":"product_cat-durango-64-kurbelwelle-kolben","17":"product_cat-magnum-61-kurbelwelle-kolben","18":"product_cat-grand-cherokee-61-kurbelwelle-kolben","19":"product_cat-trackhawk-kurbelwelle-kolben","20":"product_cat-grand-cherokee-64-kurbelwelle-kolben","21":"product_cat-wrangler-64-kurbelwelle-kolben","22":"product_cat-trx-kurbelwelle-kolben","23":"product_tag-6-1","24":"product_tag-6-2","25":"product_tag-6-4","26":"product_tag-6508245aa","27":"product_tag-6509243aa","28":"product_tag-chrysler","29":"product_tag-chrysler-300c","30":"product_tag-dodge","31":"product_tag-dodge-challenger","32":"product_tag-dodge-charger","33":"product_tag-ersatzteile","34":"product_tag-jeep","35":"product_tag-jeep-grand-cherokee","36":"product_tag-m10x1-00x45-75","37":"product_tag-mopar","38":"product_tag-mopar10","39":"product_tag-original","40":"product_tag-pleuel","41":"product_tag-pleuelschraube","42":"product_tag-reparatur","43":"product_tag-srt","44":"product_tag-srt-8","45":"product_tag-srt8","46":"product_tag-teile","48":"first","49":"instock","50":"taxable","51":"shipping-taxable","52":"purchasable","53":"product-type-simple"},"bundled_by":[],"bundle_stock_status":"instock","bundle_stock_quantity":32,"bundle_virtual":false,"bundle_layout":"","bundle_add_to_cart_form_location":"","bundle_editable_in_cart":false,"bundle_sold_individually_context":"","bundle_item_grouping":"","bundle_min_size":"","bundle_max_size":"","bundle_price":[],"bundled_items":[],"bundle_sell_ids":[],"exclude_global_add_ons":[],"addons":[],"acf":[],"_links":{"self":[{"href":"https:\/\/kraftwerk-shop.cc\/es\/wp-json\/wp\/v2\/product\/68290223","targetHints":{"allow":["GET"]}}],"collection":[{"href":"https:\/\/kraftwerk-shop.cc\/es\/wp-json\/wp\/v2\/product"}],"about":[{"href":"https:\/\/kraftwerk-shop.cc\/es\/wp-json\/wp\/v2\/types\/product"}],"replies":[{"embeddable":true,"href":"https:\/\/kraftwerk-shop.cc\/es\/wp-json\/wp\/v2\/comments?post=68290223"}],"version-history":[{"count":0,"href":"https:\/\/kraftwerk-shop.cc\/es\/wp-json\/wp\/v2\/product\/68290223\/revisions"}],"wp:featuredmedia":[{"embeddable":true,"href":"https:\/\/kraftwerk-shop.cc\/es\/wp-json\/wp\/v2\/media\/68290390"}],"wp:attachment":[{"href":"https:\/\/kraftwerk-shop.cc\/es\/wp-json\/wp\/v2\/media?parent=68290223"}],"wp:term":[{"taxonomy":"product_brand","embeddable":true,"href":"https:\/\/kraftwerk-shop.cc\/es\/wp-json\/wp\/v2\/product_brand?post=68290223"},{"taxonomy":"product_cat","embeddable":true,"href":"https:\/\/kraftwerk-shop.cc\/es\/wp-json\/wp\/v2\/product_cat?post=68290223"},{"taxonomy":"product_tag","embeddable":true,"href":"https:\/\/kraftwerk-shop.cc\/es\/wp-json\/wp\/v2\/product_tag?post=68290223"}],"curies":[{"name":"wp","href":"https:\/\/api.w.org\/{rel}","templated":true}]}}