{"id":68290306,"date":"2023-06-20T12:42:39","date_gmt":"2023-06-20T10:42:39","guid":{"rendered":"https:\/\/kraftwerk-shop.cc\/?post_type=product&#038;p=68290306"},"modified":"2026-02-15T00:45:25","modified_gmt":"2026-02-14T23:45:25","slug":"mbrp-s7033409-escape-chevrolet-camaro","status":"publish","type":"product","link":"https:\/\/kraftwerk-shop.cc\/es\/produkt\/mbrp-s7033409-auspuff-chevrolet-camaro\/","title":{"rendered":"MBRP S7033409 Sistema de escape serie Race Chevrolet Camaro V8 6.2"},"content":{"rendered":"<h1>MBRP S7033409 Escape deportivo serie Race para Chevrolet Camaro V8 6.2<\/h1>\n<p>&nbsp;<\/p>\n<p>El escape deportivo MBRP libera todo el potencial de potencia y par de su veh\u00edculo y asegura que su RAM sea m\u00e1s r\u00e1pido, m\u00e1s suave y m\u00e1s ruidoso en la carretera.<\/p>\n<p>Cada sistema de escape MBRP est\u00e1 ajustado y dise\u00f1ado para dar a su veh\u00edculo el m\u00e1ximo rendimiento. Fabricado en acero aluminizado de alta resistencia. Cada secci\u00f3n del tubo est\u00e1 curvada uniformemente para aumentar el flujo de escape. El silenciador trasero est\u00e1 dise\u00f1ado para dar a su veh\u00edculo un sonido \u00f3ptimo y minimizar la contrapresi\u00f3n.<\/p>\n<p>La instalaci\u00f3n del sistema de escape MBRP es simple y no requiere soldadura o perforaci\u00f3n en su veh\u00edculo. Cada sistema utiliza los puntos de montaje existentes.<\/p>\n<p>La serie Race proporciona a su Camaro un sonido agresivo, robusto y ruidoso de coche estadounidense.<\/p>\n<p>&nbsp;<\/p>\n<p>&nbsp;<\/p>\n<p>El sistema de escape MBRP S7033409 Race Series 3\u2033 cat-back se adapta a los siguientes modelos:<\/p>\n<table width=\"449\">\n<tbody>\n<tr>\n<td width=\"115\"><strong>Marca<\/strong><\/td>\n<td width=\"145\"><strong>Modelo<\/strong><\/td>\n<td width=\"106\"><strong>Motor<\/strong><\/td>\n<td width=\"83\"><strong>A\u00f1o de construcci\u00f3n<\/strong><\/td>\n<\/tr>\n<tr>\n<td>Chevrolet<\/td>\n<td>Camaro Coup\u00e9 (no descapotable)<\/td>\n<td>6.2 V8 , <strong>con <\/strong>Funci\u00f3n NPP (sigue siendo la misma para este sistema de escape) <strong>no<\/strong> recibir)<\/td>\n<td>2017-2023<\/td>\n<\/tr>\n<\/tbody>\n<\/table>\n<p>&nbsp;<\/p>\n<p><iframe loading=\"lazy\" title=\"Escape MBRP Performance\" src=\"https:\/\/www.youtube.com\/embed\/iFTl7hvtz-c\" width=\"882\" height=\"496\" frameborder=\"0\" allowfullscreen=\"allowfullscreen\"><\/iframe><\/p>","protected":false},"excerpt":{"rendered":"<p>2017-2023<\/p>","protected":false},"featured_media":68290311,"comment_status":"open","ping_status":"closed","template":"","meta":{"_acf_changed":false},"product_brand":[17169],"product_cat":[3024,3073],"product_tag":[251,252,419,420,2066,2373,4526,1035,1036,546,1037,191,1047,2210,189,1039,1042,2786,2934,532,529,20273,1040,2208,2931,6924,1044,5218,547,1034,1038,2215,194],"class_list":{"0":"post-68290306","1":"product","2":"type-product","3":"status-publish","4":"has-post-thumbnail","6":"product_brand-mbrp","7":"product_cat-nicht-nach-eu","8":"product_cat-camaro-62-2016-abgasanlage","9":"product_tag-251","10":"product_tag-252","11":"product_tag-419","12":"product_tag-420","13":"product_tag-2066","14":"product_tag-2373","15":"product_tag-4526","16":"product_tag-abgasanlage","17":"product_tag-abgassystem","18":"product_tag-auspuff","19":"product_tag-auspuffsystem","20":"product_tag-camaro","21":"product_tag-cat-back","22":"product_tag-catback","23":"product_tag-chevrolet","24":"product_tag-endschalldaempfer","25":"product_tag-endtopf","26":"product_tag-exhaust","27":"product_tag-harder","28":"product_tag-kat","29":"product_tag-katalysator","30":"product_tag-keintuev","31":"product_tag-laut","32":"product_tag-lauter","33":"product_tag-mbrp","34":"product_tag-mbrp10","35":"product_tag-mittelschalldaempfer","36":"product_tag-s7033409","37":"product_tag-sportauspuff","38":"product_tag-sportauspuffanlage","39":"product_tag-sportendschalldaempfer","40":"product_tag-street","41":"product_tag-v8","42":"product_shipping_class-spedition-1","44":"first","45":"onbackorder","46":"taxable","47":"shipping-taxable","48":"purchasable","49":"product-type-simple"},"bundled_by":[],"bundle_stock_status":"onbackorder","bundle_stock_quantity":0,"bundle_virtual":false,"bundle_layout":"","bundle_add_to_cart_form_location":"","bundle_editable_in_cart":false,"bundle_sold_individually_context":"","bundle_item_grouping":"","bundle_min_size":"","bundle_max_size":"","bundle_price":[],"bundled_items":[],"bundle_sell_ids":[],"exclude_global_add_ons":[],"addons":[],"acf":[],"_links":{"self":[{"href":"https:\/\/kraftwerk-shop.cc\/es\/wp-json\/wp\/v2\/product\/68290306","targetHints":{"allow":["GET"]}}],"collection":[{"href":"https:\/\/kraftwerk-shop.cc\/es\/wp-json\/wp\/v2\/product"}],"about":[{"href":"https:\/\/kraftwerk-shop.cc\/es\/wp-json\/wp\/v2\/types\/product"}],"replies":[{"embeddable":true,"href":"https:\/\/kraftwerk-shop.cc\/es\/wp-json\/wp\/v2\/comments?post=68290306"}],"version-history":[{"count":0,"href":"https:\/\/kraftwerk-shop.cc\/es\/wp-json\/wp\/v2\/product\/68290306\/revisions"}],"wp:featuredmedia":[{"embeddable":true,"href":"https:\/\/kraftwerk-shop.cc\/es\/wp-json\/wp\/v2\/media\/68290311"}],"wp:attachment":[{"href":"https:\/\/kraftwerk-shop.cc\/es\/wp-json\/wp\/v2\/media?parent=68290306"}],"wp:term":[{"taxonomy":"product_brand","embeddable":true,"href":"https:\/\/kraftwerk-shop.cc\/es\/wp-json\/wp\/v2\/product_brand?post=68290306"},{"taxonomy":"product_cat","embeddable":true,"href":"https:\/\/kraftwerk-shop.cc\/es\/wp-json\/wp\/v2\/product_cat?post=68290306"},{"taxonomy":"product_tag","embeddable":true,"href":"https:\/\/kraftwerk-shop.cc\/es\/wp-json\/wp\/v2\/product_tag?post=68290306"}],"curies":[{"name":"wp","href":"https:\/\/api.w.org\/{rel}","templated":true}]}}