{"id":68290788,"date":"2023-07-24T12:08:17","date_gmt":"2023-07-24T10:08:17","guid":{"rendered":"https:\/\/kraftwerk-shop.cc\/?post_type=product&#038;p=68290788"},"modified":"2026-03-11T12:54:22","modified_gmt":"2026-03-11T11:54:22","slug":"mbrp-s7038blk-escape-chevrolet-camaro","status":"publish","type":"product","link":"https:\/\/kraftwerk-shop.cc\/es\/produkt\/mbrp-s7038blk-auspuff-chevrolet-camaro\/","title":{"rendered":"MBRP S7038BLK Race Profile sistema de escape Chevrolet Camaro V6 3.6, 2.0 Turbo"},"content":{"rendered":"<h1>MBRP sistema de escape Chevrolet Camaro V6 3.6, 2.0 Turbo<\/h1>\n<p>&nbsp;<\/p>\n<p>El escape deportivo MBRP libera todo el potencial de potencia y par de su veh\u00edculo y asegura que su RAM sea m\u00e1s r\u00e1pido, m\u00e1s suave y m\u00e1s ruidoso en la carretera.<\/p>\n<p>Cada sistema de escape MBRP est\u00e1 ajustado y dise\u00f1ado para dar a su veh\u00edculo el m\u00e1ximo rendimiento. Fabricado en acero aluminizado de alta resistencia. Cada secci\u00f3n del tubo est\u00e1 curvada uniformemente para aumentar el flujo de escape. El silenciador trasero est\u00e1 dise\u00f1ado para dar a su veh\u00edculo un sonido \u00f3ptimo y minimizar la contrapresi\u00f3n.<\/p>\n<p>La instalaci\u00f3n del silenciador MBRP es simple y no requiere soldadura o perforaci\u00f3n en su veh\u00edculo. Cada sistema utiliza los puntos de montaje existentes.<\/p>\n<p>&nbsp;<\/p>\n<p>El silenciador trasero MBRP S7038BLK 2.5 pulgadas Race Profile se adapta a los siguientes modelos:<\/p>\n<table width=\"449\">\n<tbody>\n<tr>\n<td width=\"115\"><strong>Marca<\/strong><\/td>\n<td width=\"145\"><strong>Modelo<\/strong><\/td>\n<td width=\"106\"><strong>Motor<\/strong><\/td>\n<td width=\"83\"><strong>A\u00f1o de construcci\u00f3n<\/strong><\/td>\n<\/tr>\n<tr>\n<td>Chevrolet<\/td>\n<td>Camaro<\/td>\n<td>3,6 (sin funci\u00f3n NPP)<\/td>\n<td>2016-2023<\/td>\n<\/tr>\n<tr>\n<td>Chevrolet<\/td>\n<td>Camaro<\/td>\n<td>2.0 Turbo<\/td>\n<td>2016-2023<\/td>\n<\/tr>\n<\/tbody>\n<\/table>\n<p>&nbsp;<\/p>","protected":false},"excerpt":{"rendered":"<p>2016-2023<\/p>","protected":false},"featured_media":68290806,"comment_status":"open","ping_status":"closed","template":"","meta":{"_acf_changed":false},"product_brand":[17169],"product_cat":[3024,4956,5235],"product_tag":[4375,5232,169,1046,1035,1036,546,1037,191,189,662,1039,1042,2786,2934,532,529,20273,2211,1040,2208,2931,6924,1044,1181,5231,1045,1041,547,1034,1038,233,198,2137],"class_list":{"0":"post-68290788","1":"product","2":"type-product","3":"status-publish","4":"has-post-thumbnail","6":"product_brand-mbrp","7":"product_cat-nicht-nach-eu","8":"product_cat-camaro-20-2016-2024-abgasanlage","9":"product_cat-camaro-36-2016-2024-abgasanlage","10":"product_tag-2-0-turbo","11":"product_tag-2-0t","12":"product_tag-3-6","13":"product_tag-abe","14":"product_tag-abgasanlage","15":"product_tag-abgassystem","16":"product_tag-auspuff","17":"product_tag-auspuffsystem","18":"product_tag-camaro","19":"product_tag-chevrolet","20":"product_tag-edelstahl","21":"product_tag-endschalldaempfer","22":"product_tag-endtopf","23":"product_tag-exhaust","24":"product_tag-harder","25":"product_tag-kat","26":"product_tag-katalysator","27":"product_tag-keintuev","28":"product_tag-klang","29":"product_tag-laut","30":"product_tag-lauter","31":"product_tag-mbrp","32":"product_tag-mbrp10","33":"product_tag-mittelschalldaempfer","34":"product_tag-race","35":"product_tag-s7038blk","36":"product_tag-sound","37":"product_tag-sport","38":"product_tag-sportauspuff","39":"product_tag-sportauspuffanlage","40":"product_tag-sportendschalldaempfer","41":"product_tag-tuning","42":"product_tag-v6","43":"product_tag-zulassung","44":"product_shipping_class-paket-xl","46":"first","47":"onbackorder","48":"taxable","49":"shipping-taxable","50":"purchasable","51":"product-type-simple"},"bundled_by":[],"bundle_stock_status":"onbackorder","bundle_stock_quantity":0,"bundle_virtual":false,"bundle_layout":"","bundle_add_to_cart_form_location":"","bundle_editable_in_cart":false,"bundle_sold_individually_context":"","bundle_item_grouping":"","bundle_min_size":"","bundle_max_size":"","bundle_price":[],"bundled_items":[],"bundle_sell_ids":[],"exclude_global_add_ons":[],"addons":[],"acf":[],"_links":{"self":[{"href":"https:\/\/kraftwerk-shop.cc\/es\/wp-json\/wp\/v2\/product\/68290788","targetHints":{"allow":["GET"]}}],"collection":[{"href":"https:\/\/kraftwerk-shop.cc\/es\/wp-json\/wp\/v2\/product"}],"about":[{"href":"https:\/\/kraftwerk-shop.cc\/es\/wp-json\/wp\/v2\/types\/product"}],"replies":[{"embeddable":true,"href":"https:\/\/kraftwerk-shop.cc\/es\/wp-json\/wp\/v2\/comments?post=68290788"}],"version-history":[{"count":0,"href":"https:\/\/kraftwerk-shop.cc\/es\/wp-json\/wp\/v2\/product\/68290788\/revisions"}],"wp:featuredmedia":[{"embeddable":true,"href":"https:\/\/kraftwerk-shop.cc\/es\/wp-json\/wp\/v2\/media\/68290806"}],"wp:attachment":[{"href":"https:\/\/kraftwerk-shop.cc\/es\/wp-json\/wp\/v2\/media?parent=68290788"}],"wp:term":[{"taxonomy":"product_brand","embeddable":true,"href":"https:\/\/kraftwerk-shop.cc\/es\/wp-json\/wp\/v2\/product_brand?post=68290788"},{"taxonomy":"product_cat","embeddable":true,"href":"https:\/\/kraftwerk-shop.cc\/es\/wp-json\/wp\/v2\/product_cat?post=68290788"},{"taxonomy":"product_tag","embeddable":true,"href":"https:\/\/kraftwerk-shop.cc\/es\/wp-json\/wp\/v2\/product_tag?post=68290788"}],"curies":[{"name":"wp","href":"https:\/\/api.w.org\/{rel}","templated":true}]}}