{"id":68291308,"date":"2023-08-16T14:40:28","date_gmt":"2023-08-16T12:40:28","guid":{"rendered":"https:\/\/kraftwerk-shop.cc\/?post_type=product&#038;p=68291308"},"modified":"2026-03-12T14:02:54","modified_gmt":"2026-03-12T13:02:54","slug":"paragon-reibringe-grand-cherokee-trackhawk-durango-hellcat","status":"publish","type":"product","link":"https:\/\/kraftwerk-shop.cc\/es\/produkt\/paragon-reibringe-grand-cherokee-trackhawk-durango-hellcat\/","title":{"rendered":"Anillos de fricci\u00f3n Paragon Performance Grand Cherokee Trackhawk &amp; Durango Hellcat"},"content":{"rendered":"<h1>Anillos de fricci\u00f3n Paragon Performance para Jeep Grand Cherokee 6.2 Trackhawk y Dodge Durango 6.2 Hellcat (eje delantero)<\/h1>\n<p>&nbsp;<\/p>\n<p>Estos anillos de fricci\u00f3n son recambios directos para los discos de freno Paragon Performance de 2 piezas y tambi\u00e9n para los discos de freno originales de Jeep Trackhawk y Durango Hellcat.<\/p>\n<p>Los anillos de fricci\u00f3n Paragon Performance ofrecen una frenada superior y una eficiencia de refrigeraci\u00f3n optimizada para el uso en pista. La aleta de ventilaci\u00f3n direccional crea succi\u00f3n y turbulencia y canaliza el aire fr\u00edo a trav\u00e9s del disco de freno para mejorar la disipaci\u00f3n del calor y aumentar la resistencia al agrietamiento en condiciones de pista dif\u00edciles.<\/p>\n<p>Los anillos de fricci\u00f3n est\u00e1n fabricados con CM-250, una aleaci\u00f3n especial de fundici\u00f3n con un alto contenido de carbono, que garantiza un agarre \u00f3ptimo, propiedades t\u00e9rmicas, resistencia a altas temperaturas y durabilidad.<br \/>\nLos anillos del disco de freno est\u00e1n tratados t\u00e9rmicamente para reducir las tensiones en el disco de freno y evitar as\u00ed deformaciones y vibraciones.<br \/>\nA continuaci\u00f3n, se mecanizan con un tratamiento de superficie CBN de \u00faltima generaci\u00f3n para garantizar un mejor rodaje con las pastillas de freno nuevas.<\/p>\n<p>Las vibraciones se reducen, ya que la excentricidad lateral del disco de freno se mantiene en 0,03 mm y el equilibrado en 2 gramos.<br \/>\nTodos los anillos de fricci\u00f3n han sido sometidos a estrictos controles y pruebas de calidad para garantizar que los discos de freno son aptos para el uso previsto.<br \/>\nEl dise\u00f1o en dos partes permite que el disco de freno se expanda t\u00e9rmicamente al tiempo que minimiza la deformaci\u00f3n y garantiza que el disco de freno est\u00e9 centrado en relaci\u00f3n con las pastillas de freno.<br \/>\nUn disco de freno ranurado mejora la estabilidad de frenado al mantener limpia la superficie de contacto y disipar el calor y los gases generados cuando las pastillas de freno entran en contacto con el disco de freno.<br \/>\nLos discos de freno ranurados tienen una ventaja decisiva sobre los discos de freno desnudos en condiciones de humedad o lluvia, ya que evitan la formaci\u00f3n de pel\u00edculas de agua entre la pastilla y el disco de freno.<\/p>\n<p>Debido al elevado peso del veh\u00edculo y a la falta de refrigeraci\u00f3n eficaz de los frenos, no son infrecuentes las grietas prematuras en los discos de freno de serie tras su uso en circuito o en condiciones de uso intensivo.<br \/>\nLos discos de freno Paragon Performance pueden ser una soluci\u00f3n eficaz a este problema y, al mismo tiempo, mejorar el tacto del pedal y la modulaci\u00f3n de los frenos.<\/p>\n<p>&nbsp;<\/p>\n<p><strong>Propiedades:<\/strong><\/p>\n<ul>\n<li>Aletas de ventilaci\u00f3n direccionales para un rendimiento de refrigeraci\u00f3n \u00f3ptimo, funciona hasta 30 % m\u00e1s fr\u00edo que los discos de freno O.E. y aumenta la eficiencia de refrigeraci\u00f3n hasta 30%.<\/li>\n<li>Construcci\u00f3n totalmente flotante de 2 piezas<\/li>\n<li>Minimiza el desgaste de los frenos y las vibraciones en viajes largos<\/li>\n<li>400 mm de di\u00e1metro<\/li>\n<\/ul>\n<p>&nbsp;<\/p>\n<p><strong>Volumen de suministro:<\/strong><\/p>\n<ul>\n<li>Un par (2 piezas) de anillos de fricci\u00f3n Paragon Performance de 400 mm x 36 mm<\/li>\n<li>Material de fijaci\u00f3n (bobinas de acero inoxidable, tornillos, tuercas)<\/li>\n<li>Instrucciones detalladas de instalaci\u00f3n (alem\u00e1n)<\/li>\n<\/ul>\n<p>&nbsp;<\/p>\n<p>&nbsp;<\/p>\n<p><strong>N\u00fameros de comparaci\u00f3n Mopar<\/strong>: 68305562AA, 68305562AB<\/p>\n<p>&nbsp;<\/p>\n<p><strong>Adecuado para:<\/strong><\/p>\n<table width=\"403\">\n<tbody>\n<tr>\n<td width=\"67\">Dodge<\/td>\n<td width=\"116\">Durango<\/td>\n<td width=\"123\">6.2 Hellcat<\/td>\n<td width=\"97\">2021-2026<\/td>\n<\/tr>\n<tr>\n<td width=\"67\">Jeep<\/td>\n<td width=\"116\">Grand Cherokee<\/td>\n<td width=\"123\">6,2 Trackhawk<\/td>\n<td width=\"97\">2018-2021<\/td>\n<\/tr>\n<\/tbody>\n<\/table>\n<p>&nbsp;<\/p>\n<p>El precio se refiere a 2 anillos de fricci\u00f3n (un par).<\/p>","protected":false},"excerpt":{"rendered":"<p>Anillos de fricci\u00f3n de 400 mm, (1 par)<\/p>","protected":false},"featured_media":68291317,"comment_status":"open","ping_status":"closed","template":"","meta":{"_acf_changed":false},"product_brand":[17982],"product_cat":[17930,17963],"product_tag":[252,419,420,2066,2373,4526,2758,2759,2757,2756,940,4582,795,796,10807,49,95,4443,692,56,100,50,4426,36,31,4627,4628,794,4580,797,96,102,842,841,673],"class_list":{"0":"post-68291308","1":"product","2":"type-product","3":"status-publish","4":"has-post-thumbnail","6":"product_brand-paragon-performance","7":"product_cat-durango-hellcat-bremsscheiben-vorne","8":"product_cat-trackhawk-bremsscheiben-vorne","9":"product_tag-252","10":"product_tag-419","11":"product_tag-420","12":"product_tag-2066","13":"product_tag-2373","14":"product_tag-4526","15":"product_tag-400-mm","16":"product_tag-400mm","17":"product_tag-68305562aa","18":"product_tag-68305562ab","19":"product_tag-aftermarket","20":"product_tag-bobbins","21":"product_tag-bremse","22":"product_tag-bremsscheibe","23":"product_tag-bremsscheiben-fuer-jeep-trackhawk","24":"product_tag-dodge","25":"product_tag-durango","26":"product_tag-durango-hellcat","27":"product_tag-ersatzteil","28":"product_tag-grand-cherokee","29":"product_tag-hellcat","30":"product_tag-jeep","31":"product_tag-jeep-trackhawk","32":"product_tag-kraftwerk","33":"product_tag-mopar","34":"product_tag-paragon","35":"product_tag-paragon-performance","36":"product_tag-premium","37":"product_tag-reibring","38":"product_tag-sportbremsscheibe","39":"product_tag-srt","40":"product_tag-trackhawk","41":"product_tag-vorderachse","42":"product_tag-vorne","43":"product_tag-zubehoer","45":"first","46":"onbackorder","47":"taxable","48":"shipping-taxable","49":"purchasable","50":"product-type-simple"},"bundled_by":[],"bundle_stock_status":"onbackorder","bundle_stock_quantity":0,"bundle_virtual":false,"bundle_layout":"","bundle_add_to_cart_form_location":"","bundle_editable_in_cart":false,"bundle_sold_individually_context":"","bundle_item_grouping":"","bundle_min_size":"","bundle_max_size":"","bundle_price":[],"bundled_items":[],"bundle_sell_ids":[],"exclude_global_add_ons":[],"addons":[],"acf":[],"_links":{"self":[{"href":"https:\/\/kraftwerk-shop.cc\/es\/wp-json\/wp\/v2\/product\/68291308","targetHints":{"allow":["GET"]}}],"collection":[{"href":"https:\/\/kraftwerk-shop.cc\/es\/wp-json\/wp\/v2\/product"}],"about":[{"href":"https:\/\/kraftwerk-shop.cc\/es\/wp-json\/wp\/v2\/types\/product"}],"replies":[{"embeddable":true,"href":"https:\/\/kraftwerk-shop.cc\/es\/wp-json\/wp\/v2\/comments?post=68291308"}],"version-history":[{"count":0,"href":"https:\/\/kraftwerk-shop.cc\/es\/wp-json\/wp\/v2\/product\/68291308\/revisions"}],"wp:featuredmedia":[{"embeddable":true,"href":"https:\/\/kraftwerk-shop.cc\/es\/wp-json\/wp\/v2\/media\/68291317"}],"wp:attachment":[{"href":"https:\/\/kraftwerk-shop.cc\/es\/wp-json\/wp\/v2\/media?parent=68291308"}],"wp:term":[{"taxonomy":"product_brand","embeddable":true,"href":"https:\/\/kraftwerk-shop.cc\/es\/wp-json\/wp\/v2\/product_brand?post=68291308"},{"taxonomy":"product_cat","embeddable":true,"href":"https:\/\/kraftwerk-shop.cc\/es\/wp-json\/wp\/v2\/product_cat?post=68291308"},{"taxonomy":"product_tag","embeddable":true,"href":"https:\/\/kraftwerk-shop.cc\/es\/wp-json\/wp\/v2\/product_tag?post=68291308"}],"curies":[{"name":"wp","href":"https:\/\/api.w.org\/{rel}","templated":true}]}}