{"id":68291501,"date":"2021-09-15T16:39:07","date_gmt":"2021-09-15T14:39:07","guid":{"rendered":"https:\/\/kraftwerk-shop.cc\/?post_type=product&#038;p=68291501"},"modified":"2026-02-15T00:51:05","modified_gmt":"2026-02-14T23:51:05","slug":"ventilacion-tapa-valvulas-57-hemi-64-srt","status":"publish","type":"product","link":"https:\/\/kraftwerk-shop.cc\/es\/produkt\/ventildeckelentlueftung-57-hemi-64-srt\/","title":{"rendered":"Respiradero de la tapa de v\u00e1lvulas 5.7 Hemi 6.1 SRT8 y 6.4 SRT (negro)"},"content":{"rendered":"<h1>Respiradero de tapa de v\u00e1lvula abierta para Chrysler, Dodge y Jeep 5.7 Hemi, 6.1 SRT8 y 6.4 SRT, filtro con tapa negra<\/h1>\n<p>&nbsp;<\/p>\n<p>El respiradero de la tapa de la v\u00e1lvula puede instalarse simplemente en lugar del tap\u00f3n de llenado de aceite sin necesidad de realizar ninguna modificaci\u00f3n en el veh\u00edculo. Esto permite una ventilaci\u00f3n eficaz del c\u00e1rter y garantiza as\u00ed un funcionamiento \u00f3ptimo del motor.<br \/>\nGracias a esta soluci\u00f3n, es posible sustituir el tap\u00f3n de llenado de aceite por el respiradero de la tapa de la v\u00e1lvula sin tener que realizar ninguna modificaci\u00f3n adicional en el veh\u00edculo. Se trata de una soluci\u00f3n pr\u00e1ctica y eficaz para optimizar el uso del respiradero de la tapa de v\u00e1lvulas en los modelos con motores 5.7 Hemi, 6.1 SRT8 y 6.4 SRT.<\/p>\n<p>La parte inferior del respiradero est\u00e1 mecanizada mediante CNC a partir de aluminio billet para un ajuste preciso, y la junta t\u00f3rica de silicona incluida est\u00e1 especialmente dise\u00f1ada para evitar fugas de aceite por la parte inferior del respiradero.<br \/>\nLa base del filtro est\u00e1 micromecanizada para proteger la superficie y darle un buen aspecto, y se puede pulir f\u00e1cilmente a mano hasta conseguir un aspecto de espejo.<br \/>\nEl elemento filtrante extra\u00edble es un elemento reutilizable de alta calidad de S &amp; B Filters y se sujeta firmemente en la base del filtro mediante una ranura de retenci\u00f3n especialmente fabricada en la parte superior de la base del filtro.<\/p>\n<p>El prop\u00f3sito de esta ventilaci\u00f3n de la tapa de la v\u00e1lvula es evitar la acumulaci\u00f3n de presi\u00f3n no deseada en el c\u00e1rter y garantizar la m\u00e1xima circulaci\u00f3n de aire ambiente en el c\u00e1rter con el fin de reducir las temperaturas del aceite.<br \/>\nLa instalaci\u00f3n de este respiradero contribuye a prolongar la vida \u00fatil del aceite del motor y reduce el riesgo de que fallen las juntas del motor debido a una presi\u00f3n excesiva del c\u00e1rter.<br \/>\nEsta ventilaci\u00f3n reduce la eficacia del sistema PCV del veh\u00edculo y no cumple la normativa sobre emisiones.<\/p>\n<p>&nbsp;<\/p>\n<p><strong>\u00a0<\/strong><\/p>\n<p><strong>Adecuado para estos modelos con tap\u00f3n de llenado de aceite con rosca de tornillo:<\/strong><\/p>\n<table width=\"529\">\n<tbody>\n<tr>\n<td width=\"115\"><strong>Marca<\/strong><\/td>\n<td width=\"145\"><strong>Modelo<\/strong><\/td>\n<td width=\"106\"><strong>Motor<\/strong><\/td>\n<td width=\"163\"><strong>A\u00f1o de construcci\u00f3n<\/strong><\/td>\n<\/tr>\n<tr>\n<td width=\"115\">Chrysler<\/td>\n<td width=\"145\">300C<\/td>\n<td width=\"106\">5.7<\/td>\n<td width=\"163\">2005-2023<\/td>\n<\/tr>\n<tr>\n<td width=\"115\">Chrysler<\/td>\n<td width=\"145\">300C<\/td>\n<td width=\"106\">6.1<\/td>\n<td width=\"163\">2005-2010<\/td>\n<\/tr>\n<tr>\n<td width=\"115\">Chrysler<\/td>\n<td width=\"145\">300C<\/td>\n<td width=\"106\">6.4<\/td>\n<td width=\"163\">2012-2023<\/td>\n<\/tr>\n<tr>\n<td width=\"115\">Dodge<\/td>\n<td width=\"145\">Challenger<\/td>\n<td width=\"106\">5.7<\/td>\n<td width=\"163\">2008-2023<\/td>\n<\/tr>\n<tr>\n<td width=\"115\">Dodge<\/td>\n<td width=\"145\">Challenger<\/td>\n<td width=\"106\">6.1<\/td>\n<td width=\"163\">2008-2010<\/td>\n<\/tr>\n<tr>\n<td width=\"115\">Dodge<\/td>\n<td width=\"145\">Challenger<\/td>\n<td width=\"106\">6.4<\/td>\n<td width=\"163\">2011-2023<\/td>\n<\/tr>\n<tr>\n<td width=\"115\">Dodge<\/td>\n<td width=\"145\">Charger<\/td>\n<td width=\"106\">5.7<\/td>\n<td width=\"163\">2005-2023<\/td>\n<\/tr>\n<tr>\n<td width=\"115\">Dodge<\/td>\n<td width=\"145\">Charger<\/td>\n<td width=\"106\">6.1<\/td>\n<td width=\"163\">2005-2010<\/td>\n<\/tr>\n<tr>\n<td width=\"115\">Dodge<\/td>\n<td width=\"145\">Charger<\/td>\n<td width=\"106\">6.4<\/td>\n<td width=\"163\">2011-2023<\/td>\n<\/tr>\n<tr>\n<td width=\"115\">Dodge<\/td>\n<td width=\"145\">Durango<\/td>\n<td width=\"106\">5.7<\/td>\n<td width=\"163\">2013-2025<\/td>\n<\/tr>\n<tr>\n<td width=\"115\">Dodge<\/td>\n<td width=\"145\">Durango<\/td>\n<td width=\"106\">6.4<\/td>\n<td width=\"163\">2018-2024<\/td>\n<\/tr>\n<tr>\n<td width=\"115\">Dodge<\/td>\n<td width=\"145\">Magnum<\/td>\n<td width=\"106\">5.7<\/td>\n<td width=\"163\">2005-2008<\/td>\n<\/tr>\n<tr>\n<td width=\"115\">Dodge<\/td>\n<td width=\"145\">Magnum<\/td>\n<td width=\"106\">6.1<\/td>\n<td width=\"163\">2006-2008<\/td>\n<\/tr>\n<tr>\n<td width=\"115\">Jeep<\/td>\n<td width=\"145\">Commander<\/td>\n<td width=\"106\">5.7<\/td>\n<td width=\"163\">2006-2010<\/td>\n<\/tr>\n<tr>\n<td width=\"115\">Jeep<\/td>\n<td width=\"145\">Grand Cherokee<\/td>\n<td width=\"106\">5.7<\/td>\n<td width=\"163\">2005 - 2021<\/td>\n<\/tr>\n<tr>\n<td width=\"115\">Jeep<\/td>\n<td width=\"145\">Grand Cherokee<\/td>\n<td width=\"106\">6.1<\/td>\n<td width=\"163\">2005-2010<\/td>\n<\/tr>\n<tr>\n<td width=\"115\">Jeep<\/td>\n<td width=\"145\">Grand Cherokee<\/td>\n<td width=\"106\">6.4<\/td>\n<td width=\"163\">2011-2021<\/td>\n<\/tr>\n<\/tbody>\n<\/table>\n<p>\u00a1No apto para 6.2 Hellcat!<\/p>","protected":false},"excerpt":{"rendered":"<p>Offene Ventildeckelentl\u00fcftung f\u00fcr Chrysler, Dodge und Jeep 5.7 Hemi, 6.1 SRT8 und 6.4 SRT, Filter mit schwarzem Deckel &nbsp; Die<\/p>","protected":false},"featured_media":68299220,"comment_status":"open","ping_status":"closed","template":"","meta":{"_acf_changed":false},"product_brand":[19068],"product_cat":[6708,6723,6683,6488,6728,6688,6483,6713,6733,6693,6493,6738,6498,1715,6697,19348,6718,6743,6702,6503,6508],"product_tag":[52,91,92,54,53,48,536,94,49,3853,3854,155,56,50,4425,3505,84,55,157,148,153,154,156],"class_list":{"0":"post-68291501","1":"product","2":"type-product","3":"status-publish","4":"has-post-thumbnail","6":"product_brand-kraftwerk","7":"product_cat-300c-57-2005-2010-nockenwelle-ventiltrieb","8":"product_cat-300c-57-2011-2023-nockenwelle-ventiltrieb","9":"product_cat-300c-61-nockenwelle-ventiltrieb","10":"product_cat-300c-64-nockenwelle-ventiltrieb","11":"product_cat-challenger-57-nockenwelle-ventiltrieb","12":"product_cat-challenger-61-nockenwelle-ventiltrieb","13":"product_cat-challenger-64-nockenwelle-ventiltrieb","14":"product_cat-charger-57-nockenwelle-ventiltrieb","15":"product_cat-charger-57-2011-2023-nockenwelle-ventiltrieb","16":"product_cat-charger-61-nockenwelle-ventiltrieb","17":"product_cat-charger-64-nockenwelle-ventiltrieb","18":"product_cat-durango-57-nockenwelle-ventiltrieb","19":"product_cat-durango-64-nockenwelle-ventiltrieb","20":"product_cat-magnum-57-motor","21":"product_cat-magnum-61-nockenwelle-ventiltrieb","22":"product_cat-commander-57-nockenwelle-ventiltrieb","23":"product_cat-grand-cherokee-57-2005-2010-nockenwelle-ventiltrieb","24":"product_cat-grand-cherokee-57-2011-2021-nockenwelle-ventiltrieb","25":"product_cat-grand-cherokee-61-nockenwelle-ventiltrieb","26":"product_cat-grand-cherokee-64-nockenwelle-ventiltrieb","27":"product_cat-wrangler-64-nockenwelle-ventiltrieb","28":"product_tag-300c","29":"product_tag-5-7","30":"product_tag-6-1","31":"product_tag-challenger","32":"product_tag-charger","33":"product_tag-chrysler","34":"product_tag-chrysler-300c","35":"product_tag-commander","36":"product_tag-dodge","37":"product_tag-dodge-challenger","38":"product_tag-dodge-charger","39":"product_tag-entlueftung","40":"product_tag-grand-cherokee","41":"product_tag-jeep","42":"product_tag-jeep-grand-cherokee","43":"product_tag-kurbelgehaeuse","44":"product_tag-kurbelgehaeuseentlueftung","45":"product_tag-magnum","46":"product_tag-metco","47":"product_tag-schwarz","48":"product_tag-valve-cover-breather","49":"product_tag-ventildeckel","50":"product_tag-ventildeckelentlueftung","51":"product_shipping_class-deutschlandohne","53":"first","54":"outofstock","55":"taxable","56":"shipping-taxable","57":"purchasable","58":"product-type-simple"},"bundled_by":[],"bundle_stock_status":"outofstock","bundle_stock_quantity":0,"bundle_virtual":false,"bundle_layout":"","bundle_add_to_cart_form_location":"","bundle_editable_in_cart":false,"bundle_sold_individually_context":"","bundle_item_grouping":"","bundle_min_size":"","bundle_max_size":"","bundle_price":[],"bundled_items":[],"bundle_sell_ids":[],"exclude_global_add_ons":[],"addons":[],"acf":[],"_links":{"self":[{"href":"https:\/\/kraftwerk-shop.cc\/es\/wp-json\/wp\/v2\/product\/68291501","targetHints":{"allow":["GET"]}}],"collection":[{"href":"https:\/\/kraftwerk-shop.cc\/es\/wp-json\/wp\/v2\/product"}],"about":[{"href":"https:\/\/kraftwerk-shop.cc\/es\/wp-json\/wp\/v2\/types\/product"}],"replies":[{"embeddable":true,"href":"https:\/\/kraftwerk-shop.cc\/es\/wp-json\/wp\/v2\/comments?post=68291501"}],"version-history":[{"count":0,"href":"https:\/\/kraftwerk-shop.cc\/es\/wp-json\/wp\/v2\/product\/68291501\/revisions"}],"wp:featuredmedia":[{"embeddable":true,"href":"https:\/\/kraftwerk-shop.cc\/es\/wp-json\/wp\/v2\/media\/68299220"}],"wp:attachment":[{"href":"https:\/\/kraftwerk-shop.cc\/es\/wp-json\/wp\/v2\/media?parent=68291501"}],"wp:term":[{"taxonomy":"product_brand","embeddable":true,"href":"https:\/\/kraftwerk-shop.cc\/es\/wp-json\/wp\/v2\/product_brand?post=68291501"},{"taxonomy":"product_cat","embeddable":true,"href":"https:\/\/kraftwerk-shop.cc\/es\/wp-json\/wp\/v2\/product_cat?post=68291501"},{"taxonomy":"product_tag","embeddable":true,"href":"https:\/\/kraftwerk-shop.cc\/es\/wp-json\/wp\/v2\/product_tag?post=68291501"}],"curies":[{"name":"wp","href":"https:\/\/api.w.org\/{rel}","templated":true}]}}