{"id":68292751,"date":"2023-09-24T12:44:40","date_gmt":"2023-09-24T10:44:40","guid":{"rendered":"https:\/\/kraftwerk-shop.cc\/?post_type=product&#038;p=68292751"},"modified":"2026-02-15T01:06:38","modified_gmt":"2026-02-15T00:06:38","slug":"afe-54-13078r-wrangler-gladiator-36","status":"publish","type":"product","link":"https:\/\/kraftwerk-shop.cc\/es\/produkt\/afe-54-13078r-wrangler-gladiator-36\/","title":{"rendered":"Filtro de aire deportivo aFe Magnum FORCE Stage-2 Wrangler JL &amp; Gladiator 3.6"},"content":{"rendered":"<h1>aFe POWER\u00a0<span class=\"bold\">54-13078R<\/span> Magnum Sistema de admisi\u00f3n de aire fr\u00edo FORCE Stage-2 Pro 5R para Jeep Wrangler JL y Gladiator 3.6<\/h1>\n<p>&nbsp;<\/p>\n<p><strong>Filtro de aire grande<\/strong><br \/>\nEl filtro de aire de 8 pulgadas de generosas dimensiones permite un flujo de aire significativamente mayor que el filtro est\u00e1ndar.<br \/>\nEl elemento filtrante del aire consta de 5 capas de material filtrante de algod\u00f3n de malla progresivamente m\u00e1s apretada, que se humedece con un aceite filtrante especial y puede lavarse. Esto maximiza la capacidad y el rendimiento del filtro.<\/p>\n<p><strong>Colector de admisi\u00f3n<\/strong><br \/>\nTubo de admisi\u00f3n de pl\u00e1stico negro para un mejor aislamiento t\u00e9rmico y una mayor eficiencia.<\/p>\n<p><strong>Carcasa \u00fanica de una sola pieza<\/strong><br \/>\nEl filtro de aire s\u00f3lido incluido est\u00e1 rodeado por una carcasa de pol\u00edmero XLPE (polietileno reticulado) que minimiza el aire caliente del motor para obtener el m\u00e1ximo rendimiento. Su dise\u00f1o abierto permite ver f\u00e1cilmente el filtro de aire y ofrece un sonido agresivo del sistema de admisi\u00f3n.<br \/>\nLa toma de aire de f\u00e1brica se fusiona directamente con la caja de aire y crea un efecto de aire de ariete. El dise\u00f1o abierto permite una f\u00e1cil visi\u00f3n del filtro de aire y ofrece un sonido de admisi\u00f3n agresivo.<\/p>\n<p><strong>Material de instalaci\u00f3n de alta calidad<\/strong><br \/>\nLas abrazaderas de tornillo sin fin de acero inoxidable y la manguera de silicona reforzada garantizan estabilidad y durabilidad, as\u00ed como una instalaci\u00f3n f\u00e1cil y segura.<\/p>\n<p>&nbsp;<\/p>\n<p><strong>detalles<\/strong><\/p>\n<p>- 52% m\u00e1s caudal que el filtro de aire est\u00e1ndar<br \/>\n- El dise\u00f1o abierto acent\u00faa el filtro de aire y garantiza un ruido de admisi\u00f3n agresivo<br \/>\n- Filtro de aire Pro 10R preengrasado, lavable y reutilizable para un rendimiento m\u00e1ximo<br \/>\n- Ajuste perfecto, no es necesario taladrar ni cortar las piezas originales<\/p>\n<p>&nbsp;<\/p>\n<p><strong>Adecuado para:<\/strong><\/p>\n<table width=\"528\">\n<tbody>\n<tr>\n<td width=\"130\"><strong>A\u00f1o de construcci\u00f3n<\/strong><\/td>\n<td width=\"83\"><strong>Marca<\/strong><\/td>\n<td width=\"146\"><strong>Modelo<\/strong><\/td>\n<td width=\"169\"><strong>Motor<\/strong><\/td>\n<\/tr>\n<tr>\n<td width=\"130\">2020-2023<\/td>\n<td width=\"83\">Jeep<\/td>\n<td width=\"146\">Gladiator JT<\/td>\n<td width=\"169\">V6 3.6L<\/td>\n<\/tr>\n<tr>\n<td width=\"130\">2018-2023<\/td>\n<td width=\"83\">Jeep<\/td>\n<td width=\"146\">Wrangler JL<\/td>\n<td width=\"169\">V6 3.6L<\/td>\n<\/tr>\n<tr>\n<td width=\"130\">2020-2023<\/td>\n<td width=\"83\">Jeep<\/td>\n<td width=\"146\">Wrangler JL<\/td>\n<td width=\"169\">V6 3.6L<\/td>\n<\/tr>\n<\/tbody>\n<\/table>\n<p>&nbsp;<\/p>","protected":false},"excerpt":{"rendered":"<p>2018-2023<\/p>","protected":false},"featured_media":68292757,"comment_status":"open","ping_status":"closed","template":"","meta":{"_acf_changed":false},"product_brand":[16879],"product_cat":[3008,2946],"product_tag":[169,6346,16880,498,2441,826,824,825,2217,50,903,20273,57,859,500,230,175],"class_list":{"0":"post-68292751","1":"product","2":"type-product","3":"status-publish","4":"has-post-thumbnail","6":"product_brand-afe-power","7":"product_cat-gladiator-36-ansaugung","8":"product_cat-wrangler-36-ansaugung","9":"product_tag-3-6","10":"product_tag-54-13078r","11":"product_tag-advanced-flow-engineering","12":"product_tag-afe","13":"product_tag-afe-power","14":"product_tag-ansaugung","15":"product_tag-cai","16":"product_tag-cold-air-intake","17":"product_tag-gladiator","18":"product_tag-jeep","19":"product_tag-jl","20":"product_tag-keintuev","21":"product_tag-luftfilter","22":"product_tag-magnum-force","23":"product_tag-sportluftfilter","24":"product_tag-stage-2","25":"product_tag-wrangler","27":"first","28":"onbackorder","29":"taxable","30":"shipping-taxable","31":"purchasable","32":"product-type-simple"},"bundled_by":[],"bundle_stock_status":"onbackorder","bundle_stock_quantity":0,"bundle_virtual":false,"bundle_layout":"","bundle_add_to_cart_form_location":"","bundle_editable_in_cart":false,"bundle_sold_individually_context":"","bundle_item_grouping":"","bundle_min_size":"","bundle_max_size":"","bundle_price":[],"bundled_items":[],"bundle_sell_ids":[],"exclude_global_add_ons":[],"addons":[],"acf":[],"_links":{"self":[{"href":"https:\/\/kraftwerk-shop.cc\/es\/wp-json\/wp\/v2\/product\/68292751","targetHints":{"allow":["GET"]}}],"collection":[{"href":"https:\/\/kraftwerk-shop.cc\/es\/wp-json\/wp\/v2\/product"}],"about":[{"href":"https:\/\/kraftwerk-shop.cc\/es\/wp-json\/wp\/v2\/types\/product"}],"replies":[{"embeddable":true,"href":"https:\/\/kraftwerk-shop.cc\/es\/wp-json\/wp\/v2\/comments?post=68292751"}],"version-history":[{"count":0,"href":"https:\/\/kraftwerk-shop.cc\/es\/wp-json\/wp\/v2\/product\/68292751\/revisions"}],"wp:featuredmedia":[{"embeddable":true,"href":"https:\/\/kraftwerk-shop.cc\/es\/wp-json\/wp\/v2\/media\/68292757"}],"wp:attachment":[{"href":"https:\/\/kraftwerk-shop.cc\/es\/wp-json\/wp\/v2\/media?parent=68292751"}],"wp:term":[{"taxonomy":"product_brand","embeddable":true,"href":"https:\/\/kraftwerk-shop.cc\/es\/wp-json\/wp\/v2\/product_brand?post=68292751"},{"taxonomy":"product_cat","embeddable":true,"href":"https:\/\/kraftwerk-shop.cc\/es\/wp-json\/wp\/v2\/product_cat?post=68292751"},{"taxonomy":"product_tag","embeddable":true,"href":"https:\/\/kraftwerk-shop.cc\/es\/wp-json\/wp\/v2\/product_tag?post=68292751"}],"curies":[{"name":"wp","href":"https:\/\/api.w.org\/{rel}","templated":true}]}}