{"id":68293130,"date":"2023-09-30T17:35:56","date_gmt":"2023-09-30T15:35:56","guid":{"rendered":"https:\/\/kraftwerk-shop.cc\/?post_type=product&#038;p=68293130"},"modified":"2026-02-15T01:07:53","modified_gmt":"2026-02-15T00:07:53","slug":"jba-colectores-srt-hellcat","status":"publish","type":"product","link":"https:\/\/kraftwerk-shop.cc\/es\/produkt\/jba-shorty-kruemmer-srt-hellcat\/","title":{"rendered":"JBA Shorty colector para SRT y Hellcat"},"content":{"rendered":"<h1>JBA 1-7\/8 Shorty colector para Chrysler 300C SRT, Dodge Challenger y Charger SRT y Hellcat<\/h1>\n<p>&nbsp;<\/p>\n<p>Los colectores JBA Shorty son una de las mejores mejoras de rendimiento disponibles para su veh\u00edculo.<br \/>\nLos colectores JBA Shorty son significativamente menos restrictivos que los colectores est\u00e1ndar de su veh\u00edculo y aumentan el rendimiento y la eficiencia del motor.<br \/>\nEl dise\u00f1o shorty original de JBA es una evoluci\u00f3n del antiguo colector longtube.<br \/>\nLos nuevos colectores cortos proporcionan los aumentos de alto rendimiento que otros fabricantes s\u00f3lo consiguen con colectores de tubo largo.<br \/>\nEst\u00e1n fabricados en robusto acero inoxidable y pueden soportar tanto las tensiones de las carreras como las de la conducci\u00f3n diaria.<\/p>\n<p>Con gran capacidad de carga y tecnolog\u00eda innovadora, como el colector JBA Firecone, los colectores Shorty de JBA son capaces de producir m\u00e1s potencia que cualquier otro colector Shorty del mercado.<\/p>\n<p>Cada sistema incluye materiales de fijaci\u00f3n de alta calidad e instrucciones detalladas para una instalaci\u00f3n profesional sin fugas.<\/p>\n<p>&nbsp;<\/p>\n<ul>\n<li style=\"list-style-type: none;\">\n<ul>\n<li>Tubos primarios de acero inoxidable doblados de 1 5\/8\u2033.<br \/>\n- mejor flujo, durabilidad, mejor comportamiento de respuesta<\/li>\n<li>Innovador colector JBA Firecone<br \/>\n- Tecnolog\u00eda probada en competici\u00f3n para obtener el m\u00e1ximo rendimiento<\/li>\n<li>Conexiones de f\u00e1brica<br \/>\n- Instalaci\u00f3n m\u00e1s sencilla<\/li>\n<li>C\u00fapulas de colector extragruesas<br \/>\n- Sin alabeos como con los colectores de calidad inferior, sin fugas<\/li>\n<li>Insignia JBA<br \/>\n- aut\u00e9ntica calidad JBA<\/li>\n<li>Bridas mecanizadas de 3\/8\u2033 de grosor<br \/>\n- Resiste la deformaci\u00f3n, evita las fugas y facilita la instalaci\u00f3n<\/li>\n<li>Aperturas de escape sobredimensionadas<br \/>\n- Mayor caudal, permite ajustar la apertura de la culata<\/li>\n<li>Disponible con revestimiento opcional<br \/>\n- Metal-cer\u00e1mica pulida, mayor protecci\u00f3n contra la corrosi\u00f3n, barrera t\u00e9rmica para temperaturas m\u00e1s bajas bajo el cap\u00f3.<\/li>\n<\/ul>\n<\/li>\n<\/ul>\n<p>&nbsp;<\/p>\n<p><strong>Adecuado para:<\/strong><\/p>\n<table width=\"437\">\n<tbody>\n<tr>\n<td width=\"83\"><strong>Marca<\/strong><\/td>\n<td width=\"122\"><strong>Modelo<\/strong><\/td>\n<td width=\"136\"><strong>Motor<\/strong><\/td>\n<td width=\"96\"><strong>A\u00f1o de construcci\u00f3n<\/strong><\/td>\n<\/tr>\n<tr>\n<td width=\"83\">Chrysler<\/td>\n<td width=\"122\">300C<\/td>\n<td>6.4<\/td>\n<td width=\"96\">2012-2023<\/td>\n<\/tr>\n<tr>\n<td width=\"83\">Dodge<\/td>\n<td width=\"122\">Challenger<\/td>\n<td width=\"136\">6.2 Hellcat<\/td>\n<td width=\"96\">2015-2023<\/td>\n<\/tr>\n<tr>\n<td width=\"83\">Dodge<\/td>\n<td width=\"122\">Challenger<\/td>\n<td>6.4<\/td>\n<td width=\"96\">2011-2023<\/td>\n<\/tr>\n<tr>\n<td width=\"83\">Dodge<\/td>\n<td width=\"122\">Charger<\/td>\n<td width=\"136\">6.2 Hellcat<\/td>\n<td width=\"96\">2015-2023<\/td>\n<\/tr>\n<tr>\n<td width=\"83\">Dodge<\/td>\n<td width=\"122\">Charger<\/td>\n<td>6.4<\/td>\n<td width=\"96\">2011-2023<\/td>\n<\/tr>\n<\/tbody>\n<\/table>\n<p>&nbsp;<\/p>","protected":false},"excerpt":{"rendered":"<p>2011-2023<\/p>","protected":false},"featured_media":68292772,"comment_status":"open","ping_status":"closed","template":"","meta":{"_acf_changed":false},"product_brand":[17175],"product_cat":[6583,6594,6521,6597,6559],"product_tag":[6347,3624,52,217,101,93,1035,546,3626,54,53,48,536,49,3853,3854,692,543,549,100,126,3625,3630,532,20273,550,34,186,3369,3368,3340,3055,547,96],"class_list":{"0":"post-68293130","1":"product","2":"type-product","3":"status-publish","4":"has-post-thumbnail","6":"product_brand-jba","7":"product_cat-300c-64-abgaskruemmer-katalysatoren","8":"product_cat-challenger-hellcat-abgaskruemmer-katalysatoren","9":"product_cat-challenger-64-abgaskruemmer-katalysatoren","10":"product_cat-charger-hellcat-abgaskruemmer-katalysatoren","11":"product_cat-charger-64-abgaskruemmer-katalysatoren","12":"product_tag-1968s","13":"product_tag-1968sjs","14":"product_tag-300c","15":"product_tag-217","16":"product_tag-6-2","17":"product_tag-6-4","18":"product_tag-abgasanlage","19":"product_tag-auspuff","20":"product_tag-cat4ward","21":"product_tag-challenger","22":"product_tag-charger","23":"product_tag-chrysler","24":"product_tag-chrysler-300c","25":"product_tag-dodge","26":"product_tag-dodge-challenger","27":"product_tag-dodge-charger","28":"product_tag-ersatzteil","29":"product_tag-faecherkruemmer","30":"product_tag-header","31":"product_tag-hellcat","32":"product_tag-hemi","33":"product_tag-jba","34":"product_tag-jbaperformance","35":"product_tag-kat","36":"product_tag-keintuev","37":"product_tag-kruemmer","38":"product_tag-original","39":"product_tag-performance","40":"product_tag-short-tube","41":"product_tag-shorties","42":"product_tag-shorty","43":"product_tag-sportabgasanlage","44":"product_tag-sportauspuff","45":"product_tag-srt","46":"product_shipping_class-paket-l","48":"first","49":"onbackorder","50":"taxable","51":"shipping-taxable","52":"purchasable","53":"product-type-variable"},"bundled_by":[],"bundle_stock_status":"onbackorder","bundle_stock_quantity":0,"bundle_virtual":false,"bundle_layout":"","bundle_add_to_cart_form_location":"","bundle_editable_in_cart":false,"bundle_sold_individually_context":"","bundle_item_grouping":"","bundle_min_size":"","bundle_max_size":"","bundle_price":[],"bundled_items":[],"bundle_sell_ids":[],"exclude_global_add_ons":[],"addons":[],"acf":[],"_links":{"self":[{"href":"https:\/\/kraftwerk-shop.cc\/es\/wp-json\/wp\/v2\/product\/68293130","targetHints":{"allow":["GET"]}}],"collection":[{"href":"https:\/\/kraftwerk-shop.cc\/es\/wp-json\/wp\/v2\/product"}],"about":[{"href":"https:\/\/kraftwerk-shop.cc\/es\/wp-json\/wp\/v2\/types\/product"}],"replies":[{"embeddable":true,"href":"https:\/\/kraftwerk-shop.cc\/es\/wp-json\/wp\/v2\/comments?post=68293130"}],"version-history":[{"count":0,"href":"https:\/\/kraftwerk-shop.cc\/es\/wp-json\/wp\/v2\/product\/68293130\/revisions"}],"wp:featuredmedia":[{"embeddable":true,"href":"https:\/\/kraftwerk-shop.cc\/es\/wp-json\/wp\/v2\/media\/68292772"}],"wp:attachment":[{"href":"https:\/\/kraftwerk-shop.cc\/es\/wp-json\/wp\/v2\/media?parent=68293130"}],"wp:term":[{"taxonomy":"product_brand","embeddable":true,"href":"https:\/\/kraftwerk-shop.cc\/es\/wp-json\/wp\/v2\/product_brand?post=68293130"},{"taxonomy":"product_cat","embeddable":true,"href":"https:\/\/kraftwerk-shop.cc\/es\/wp-json\/wp\/v2\/product_cat?post=68293130"},{"taxonomy":"product_tag","embeddable":true,"href":"https:\/\/kraftwerk-shop.cc\/es\/wp-json\/wp\/v2\/product_tag?post=68293130"}],"curies":[{"name":"wp","href":"https:\/\/api.w.org\/{rel}","templated":true}]}}